{"id":530,"date":"2016-07-25T23:51:43","date_gmt":"2016-07-25T23:51:43","guid":{"rendered":"http:\/\/www.straightforex.com\/es\/?page_id=530"},"modified":"2016-08-03T02:54:01","modified_gmt":"2016-08-03T02:54:01","slug":"no-usar-administracion-del-capital","status":"publish","type":"page","link":"http:\/\/www.straightforex.com\/es\/curso-basico-de-forex\/por-que-es-tan-dificil-tener-exito-en-los-mercados\/no-usar-administracion-del-capital\/","title":{"rendered":"No usar Administraci\u00f3n del Capital"},"content":{"rendered":"<p>La administraci\u00f3n del capital (AC) o administraci\u00f3n del dinero (AD) es una de las partes m\u00e1s esenciales en lo que se refiere a operar exitosamente el mercado Forex. El objetivo principal de la AC es evitar el riesgo de perder toda nuestra cuenta. Una de las causas m\u00e1s comunes por las que los operadores pierden sus cuentas es no usar ninguna t\u00e9cnica de AC.<\/p>\n<p>La AC b\u00e1sicamente responde la siguiente pregunta: \u00bfCu\u00e1nto voy a arriesgar en mi pr\u00f3xima operaci\u00f3n? La AC nos dice que tan grande va a ser nuestra pr\u00f3xima posici\u00f3n. <\/p>\n<p>La mayor\u00eda de los operadores se enfocan del lado de las ganancias y se olvidan por completo de lado de riesgo. En otras palabras, piensan que la operaci\u00f3n es ganadora antes de siquiera entrar al mercado y no toman en cuenta las consecuencias de la operaci\u00f3n en caso de que las cosas no salgan como lo pensaron. Pero recuerda, cada operaci\u00f3n es estad\u00edsticamente independiente, aunque el resultado de una serie de operaciones puede ser predecible, no hay manera de saber cual es el resultado re operaciones individuales.<\/p>\n<p><strong>Los mejores sistemas o estrategias hacen operaciones correctas alrededor del 60 o 70% de las veces.<\/strong> De cada 10 operaciones, hay una posibilidad de que 3 o 4 operaciones sean perdidas. Si no tenemos cuidado en estas 3 o 4 operaciones, podemos terminar perdiendo mes tras mes o peor aun, perdiendo nuestras cuentas de operaci\u00f3n.<\/p>\n<p>Nunca vamos a saber que operaci\u00f3n va a ser ganadora y cual perdedora, nunca, entonces siempre debemos aplicar la AC en todas nuestras transacciones sin importar lo que pensamos del resultado de nuestra operaci\u00f3n. <\/p>\n<p>Aun con un sistema que tiene operaciones ganadoras el 90% de las veces, podemos terminar perdiendo dinero si no aplicamos t\u00e9cnicas de AC.<\/p>\n<p>La AC tambi\u00e9n nos ayuda de lado de las ganancias, cuando aplicamos t\u00e9cnicas efectivas de AC nos podemos beneficiar del crecimiento geom\u00e9trico de nuestra cuenta. Mientras nuestra cuenta crezca, vamos a hacer operaciones mayores de acuerdo con la t\u00e9cnica de AC aplicada.<\/p>\n<h3>Hecho Verdadero<\/h3>\n<p> Si no tenemos un sistema que tenga operaciones ganadoras el 100% de las veces, debemos utilizar t\u00e9cnicas de AC (esto significa que siempre la debes usar porque no existen sistemas o estrategias con dadas caracter\u00edsticas) sin importar el tama\u00f1o de la cuenta de operaci\u00f3n. Nunca vamos a saber el resultado de nuestra pr\u00f3xima transacci\u00f3n. De hecho, si no usamos la AC tu pr\u00f3xima transacci\u00f3n puede ser tambi\u00e9n tu \u00faltima transacci\u00f3n. El usa AC no es una opci\u00f3n es una necesidad si queremos alcanzar nuestros objetivos. Necesitamos hacer todo lo posible para poder hacer transacciones ma\u00f1ana, la pr\u00f3xima semana, mes o a\u00f1o. Si quieres seguir operando por mucho tiempo, debes aplicar t\u00e9cnicas de administraci\u00f3n del dinero.<\/p>\n","protected":false},"excerpt":{"rendered":"<p>La administraci\u00f3n del capital (AC) o administraci\u00f3n del dinero (AD) es una de las partes m\u00e1s esenciales en lo que se refiere a operar exitosamente el mercado Forex. El objetivo principal de la AC es evitar el riesgo de perder toda nuestra cuenta. Una de las causas m\u00e1s comunes por las que los operadores pierden [&hellip;]<\/p>\n","protected":false},"author":1,"featured_media":0,"parent":518,"menu_order":6,"comment_status":"open","ping_status":"closed","template":"","meta":{"footnotes":""},"class_list":["post-530","page","type-page","status-publish","hentry"],"_links":{"self":[{"href":"http:\/\/www.straightforex.com\/es\/wp-json\/wp\/v2\/pages\/530","targetHints":{"allow":["GET"]}}],"collection":[{"href":"http:\/\/www.straightforex.com\/es\/wp-json\/wp\/v2\/pages"}],"about":[{"href":"http:\/\/www.straightforex.com\/es\/wp-json\/wp\/v2\/types\/page"}],"author":[{"embeddable":true,"href":"http:\/\/www.straightforex.com\/es\/wp-json\/wp\/v2\/users\/1"}],"replies":[{"embeddable":true,"href":"http:\/\/www.straightforex.com\/es\/wp-json\/wp\/v2\/comments?post=530"}],"version-history":[{"count":2,"href":"http:\/\/www.straightforex.com\/es\/wp-json\/wp\/v2\/pages\/530\/revisions"}],"predecessor-version":[{"id":940,"href":"http:\/\/www.straightforex.com\/es\/wp-json\/wp\/v2\/pages\/530\/revisions\/940"}],"up":[{"embeddable":true,"href":"http:\/\/www.straightforex.com\/es\/wp-json\/wp\/v2\/pages\/518"}],"wp:attachment":[{"href":"http:\/\/www.straightforex.com\/es\/wp-json\/wp\/v2\/media?parent=530"}],"curies":[{"name":"wp","href":"https:\/\/api.w.org\/{rel}","templated":true}]}}