{"id":528,"date":"2016-07-25T23:51:01","date_gmt":"2016-07-25T23:51:01","guid":{"rendered":"http:\/\/www.straightforex.com\/es\/?page_id=528"},"modified":"2016-08-03T02:53:22","modified_gmt":"2016-08-03T02:53:22","slug":"no-tener-una-estrategia","status":"publish","type":"page","link":"http:\/\/www.straightforex.com\/es\/curso-basico-de-forex\/por-que-es-tan-dificil-tener-exito-en-los-mercados\/no-tener-una-estrategia\/","title":{"rendered":"No tener una estrategia"},"content":{"rendered":"<p>Algunos operadores toman decisiones sin seguir una metodolog\u00eda, estrategia o sistema. Imag\u00ednese en un viaje, intenta llegar a la frontera \u00e9ste de su pa\u00eds, si no estudias la ruta que vas a tomar, donde descansar o si ni siquiera sabe que ciudades o poblados va a atravesar, probablemente termine en la costa oeste de su pa\u00eds o en la norte. De otra manera, si sabe que ruta va a tomar y los poblados que va a encontrar, va a saber que hizo algo malo si se encuentra en un poblado que no marc\u00f3 cuando plan\u00f3 el viaje. En este punto puede revisar tu ruta, darse vuelta y dirigirse a la ruta correcta.<\/p>\n<p>Lo mismo pasa al operar el mercado. Si no usamos un sistema o estrategia no vamos a saber que es lo que estamos haciendo mal, hasta que nuestra cuenta de operaci\u00f3n este en peligro de desaparecer y sea un poco tarde para darnos cuenta.<\/p>\n<p>No podemos ingresar al mercado por la simple raz\u00f3n de que \u201cpensamos\u201d o \u201ccreemos\u201d que el mercado va ir para abajo o arriba. Necesitamos un plan de acci\u00f3n o estrategia, esta nos va a decir cuando debemos ingresar y cuando salir del mercado.<\/p>\n<p>Imagine a un operador al final del mes, su cuenta se incremento exponencialmente, ha tenido el mejor mes. Entonces ella decide revisar sus operaciones que hizo durante el mes. Al revisar los resultados, se da cuenta de que no hay manera de replicar los resultados obtenidos durante el mes porque todos ellos no se basaron en alguna estrategia o sistema espec\u00edfico, dicho de otra manera, entro casi \u201caleatoriamente\u201d, en pocas palabras tuvo suerte. Y lo mismo pasar\u00eda si todo va mal, no va a poder determinar cuales son las causas del mal periodo en el que esta pasando porque no esta siguiendo una metodolog\u00eda. <\/p>\n<p>Lo mas importante de tener una estrategia es que todas las reglas son preestablecidas, las hicimos cuando no hab\u00eda dinero de por medio o alguna posici\u00f3n en juego. As\u00ed nos aseguramos de que todas las decisiones que tomemos basados en nuestro sistema van a ser las mejores decisiones que podamos tomar. Estas decisiones no est\u00e1n \u201cnubladas\u201d por las barreras psicol\u00f3gicas (miedo, avaricia, etc.) que encontramos cuando hay dinero real de por medio.<\/p>\n<h3>Hecho Verdadero<\/h3>\n<p> Necesitamos una estrategia o metodolog\u00eda. Esto nos va a ayudar a verificar que cosas estamos haciendo bien o mal, as\u00ed como guiarnos durante el periodo de nuestra operaci\u00f3n. Todos cometemos errores de vez en cuando, pero reconocerlos nos da la oportunidad de estudiarlos y hacer lo que se pueda para no cometer el mismo error.<\/p>\n","protected":false},"excerpt":{"rendered":"<p>Algunos operadores toman decisiones sin seguir una metodolog\u00eda, estrategia o sistema. Imag\u00ednese en un viaje, intenta llegar a la frontera \u00e9ste de su pa\u00eds, si no estudias la ruta que vas a tomar, donde descansar o si ni siquiera sabe que ciudades o poblados va a atravesar, probablemente termine en la costa oeste de su [&hellip;]<\/p>\n","protected":false},"author":1,"featured_media":0,"parent":518,"menu_order":5,"comment_status":"open","ping_status":"closed","template":"","meta":{"footnotes":""},"class_list":["post-528","page","type-page","status-publish","hentry"],"_links":{"self":[{"href":"http:\/\/www.straightforex.com\/es\/wp-json\/wp\/v2\/pages\/528","targetHints":{"allow":["GET"]}}],"collection":[{"href":"http:\/\/www.straightforex.com\/es\/wp-json\/wp\/v2\/pages"}],"about":[{"href":"http:\/\/www.straightforex.com\/es\/wp-json\/wp\/v2\/types\/page"}],"author":[{"embeddable":true,"href":"http:\/\/www.straightforex.com\/es\/wp-json\/wp\/v2\/users\/1"}],"replies":[{"embeddable":true,"href":"http:\/\/www.straightforex.com\/es\/wp-json\/wp\/v2\/comments?post=528"}],"version-history":[{"count":2,"href":"http:\/\/www.straightforex.com\/es\/wp-json\/wp\/v2\/pages\/528\/revisions"}],"predecessor-version":[{"id":939,"href":"http:\/\/www.straightforex.com\/es\/wp-json\/wp\/v2\/pages\/528\/revisions\/939"}],"up":[{"embeddable":true,"href":"http:\/\/www.straightforex.com\/es\/wp-json\/wp\/v2\/pages\/518"}],"wp:attachment":[{"href":"http:\/\/www.straightforex.com\/es\/wp-json\/wp\/v2\/media?parent=528"}],"curies":[{"name":"wp","href":"https:\/\/api.w.org\/{rel}","templated":true}]}}