{"id":526,"date":"2016-07-25T23:49:50","date_gmt":"2016-07-25T23:49:50","guid":{"rendered":"http:\/\/www.straightforex.com\/es\/?page_id=526"},"modified":"2016-08-03T02:52:51","modified_gmt":"2016-08-03T02:52:51","slug":"no-tener-un-plan-de-negocios","status":"publish","type":"page","link":"http:\/\/www.straightforex.com\/es\/curso-basico-de-forex\/por-que-es-tan-dificil-tener-exito-en-los-mercados\/no-tener-un-plan-de-negocios\/","title":{"rendered":"No tener un plan de negocios"},"content":{"rendered":"<p>Si cualquier persona descubriera una oportunidad de negocio incre\u00edble, con pocos competidores y una demanda enorme por un producto, \u00bfQu\u00e9 es lo mas seguro que esta persona hiciera? Probablemente planeara mucho antes de incursionar en el negocio, como la mayor\u00eda de las personas que abren negocios o mejor dicho, como las personas que tienen negocios exitosos. <\/p>\n<p>En el proceso de planeaci\u00f3n, la persona probablemente descubra cosas que la hubieran metido en problemas si las hubiera ignorado. Y esto es exactamente lo que hace un plan de negocios: te prepara para los posibles problemas que puedas encontrar en tu negocio.<\/p>\n<p>Me pregunto entonces \u00bfQu\u00e9 es lo que pasa cuando una persona incursiona en el mercado Forex? \u00bfPorque es que los operadores incursionan pensando que van a tener \u00e9xito en un periodo corto de tiempo sin planear o trazar sus objetivos? Probablemente adivin\u00f3, la mayor\u00eda de los operadores piensan \u201cporque deber\u00eda planear algo cuando me pudiera estar haciendo rico cada minuto, hagamos el plan despu\u00e9s.\u201d Llegan al mercado con expectativas no reales que piensan que el \u00e9xito se va a dar en semanas.<\/p>\n<p>Entonces, \u00bfQu\u00e9 es lo que un buen plan de negocios puede hacer por m\u00ed? Nos prepara para cualquier incontinencia que podamos tener durante nuestra carrera como operadores, y lo m\u00e1s probable es que tengamos muchas.<\/p>\n<p>Toma por ejemplo, \u00bfQu\u00e9 pasar\u00eda si nuestra estrategia nos se\u00f1ala 10 operaciones con perdida seguidas? \u00bfDejar\u00eda de operar el mercado Forex?, o \u00bfcambiaria de estrategia? O \u00bfredise\u00f1ar\u00eda su estrategia pensando en que las condiciones del mercado han cambiado? Nuestro plan debe contestar estas y otras preguntas clave para manejar nuestro negocio.<\/p>\n<h3>Hecho Verdadero<\/h3>\n<p> Operar el mercado Forex o cualquier otro mercado financiero debe ser tratado como un negocio, no un pasatiempo. Vamos a tener altibajos y debemos estar preparados para enfrentarlos con madurez y objetividad.<\/p>\n<p>La parte m\u00e1s importante de un plan de negocio es que las decisiones, observaciones y l\u00edmites que fijamos en nuestro plan fueron pensados y analizados objetivamente antes de incursionar en el mercado, ten\u00edamos nuestros pies en la tierra cuando tomamos esas decisiones. Vas a saber que al confiar en nuestro plan, siempre vamos a tomar la decisi\u00f3n correcta. Si encontramos altibajos durante nuestra carrera como operadores, tu sentido com\u00fan va a tratar de \u201cenga\u00f1arte\u201d, va a intentar hacerte saber que las cosas est\u00e1n bien, y si en estos casos no tenemos un plan de negocio bien dise\u00f1ado, puede ser el comienzo del fin de tu carrera como operador.<\/p>\n","protected":false},"excerpt":{"rendered":"<p>Si cualquier persona descubriera una oportunidad de negocio incre\u00edble, con pocos competidores y una demanda enorme por un producto, \u00bfQu\u00e9 es lo mas seguro que esta persona hiciera? Probablemente planeara mucho antes de incursionar en el negocio, como la mayor\u00eda de las personas que abren negocios o mejor dicho, como las personas que tienen negocios [&hellip;]<\/p>\n","protected":false},"author":1,"featured_media":0,"parent":518,"menu_order":4,"comment_status":"open","ping_status":"closed","template":"","meta":{"footnotes":""},"class_list":["post-526","page","type-page","status-publish","hentry"],"_links":{"self":[{"href":"http:\/\/www.straightforex.com\/es\/wp-json\/wp\/v2\/pages\/526","targetHints":{"allow":["GET"]}}],"collection":[{"href":"http:\/\/www.straightforex.com\/es\/wp-json\/wp\/v2\/pages"}],"about":[{"href":"http:\/\/www.straightforex.com\/es\/wp-json\/wp\/v2\/types\/page"}],"author":[{"embeddable":true,"href":"http:\/\/www.straightforex.com\/es\/wp-json\/wp\/v2\/users\/1"}],"replies":[{"embeddable":true,"href":"http:\/\/www.straightforex.com\/es\/wp-json\/wp\/v2\/comments?post=526"}],"version-history":[{"count":2,"href":"http:\/\/www.straightforex.com\/es\/wp-json\/wp\/v2\/pages\/526\/revisions"}],"predecessor-version":[{"id":938,"href":"http:\/\/www.straightforex.com\/es\/wp-json\/wp\/v2\/pages\/526\/revisions\/938"}],"up":[{"embeddable":true,"href":"http:\/\/www.straightforex.com\/es\/wp-json\/wp\/v2\/pages\/518"}],"wp:attachment":[{"href":"http:\/\/www.straightforex.com\/es\/wp-json\/wp\/v2\/media?parent=526"}],"curies":[{"name":"wp","href":"https:\/\/api.w.org\/{rel}","templated":true}]}}