{"id":524,"date":"2016-07-25T23:49:06","date_gmt":"2016-07-25T23:49:06","guid":{"rendered":"http:\/\/www.straightforex.com\/es\/?page_id=524"},"modified":"2016-08-03T02:52:21","modified_gmt":"2016-08-03T02:52:21","slug":"buscando-emociones-fuertes","status":"publish","type":"page","link":"http:\/\/www.straightforex.com\/es\/curso-basico-de-forex\/por-que-es-tan-dificil-tener-exito-en-los-mercados\/buscando-emociones-fuertes\/","title":{"rendered":"Buscando emociones fuertes"},"content":{"rendered":"<p>Algunos otros operadores son atra\u00eddos al mercado de divisas y otros mercados financieros por las emociones. Y al decir verdad, si es muy emocionante. Pero si esta es la raz\u00f3n principal por la que sigue interesado en operar el mercado de divisas, tarde o temprano va a descubrir la aventura m\u00e1s cara que pudo encontrar en su vida.<\/p>\n<p>Al principio todo es la emoci\u00f3n, pero a medida que pasa el tiempo y los operadores se involucran mas en el proceso de la operaci\u00f3n del mercado, se dan cuenta que no es tan f\u00e1cil como pensaron y toda la emoci\u00f3n se diluye y se convierte en una obsesi\u00f3n. En esta fase, \u00fanicamente el 5% de los operadores siguen pensando que operar el mercado sigue siendo emocionante. <\/p>\n<p>Cr\u00e9anme, no hay nada menos emocionante que perder dinero mes tras mes, y esto le pasa al 90% de los operadores.<\/p>\n<p>Estoy de acuerdo en que se piense en el mercado como algo emocionante, no hay nada de malo en esto, mientras no sea la raz\u00f3n principal por la que deseas operar el mercado Forex.<\/p>\n<p>Hay otras actividades que le pueden ofrecer emoci\u00f3n y que son mucho m\u00e1s baratas que operar el mercado. Anal\u00edcelo, porque si operamos bajo esta premisa, nos podemos encontrar con una aventura muy, pero muy cara.<\/p>\n<h3>Hecho Verdadero<\/h3>\n<p> Si, operar el mercado Forex es emocionante, pero no debe ser la raz\u00f3n principal por el cual queremos operar o estamos operando. Piensa en esta reflexi\u00f3n, de otra manera vas a descubrir una aventura muy amarga.<\/p>\n","protected":false},"excerpt":{"rendered":"<p>Algunos otros operadores son atra\u00eddos al mercado de divisas y otros mercados financieros por las emociones. Y al decir verdad, si es muy emocionante. Pero si esta es la raz\u00f3n principal por la que sigue interesado en operar el mercado de divisas, tarde o temprano va a descubrir la aventura m\u00e1s cara que pudo encontrar [&hellip;]<\/p>\n","protected":false},"author":1,"featured_media":0,"parent":518,"menu_order":3,"comment_status":"open","ping_status":"closed","template":"","meta":{"footnotes":""},"class_list":["post-524","page","type-page","status-publish","hentry"],"_links":{"self":[{"href":"http:\/\/www.straightforex.com\/es\/wp-json\/wp\/v2\/pages\/524","targetHints":{"allow":["GET"]}}],"collection":[{"href":"http:\/\/www.straightforex.com\/es\/wp-json\/wp\/v2\/pages"}],"about":[{"href":"http:\/\/www.straightforex.com\/es\/wp-json\/wp\/v2\/types\/page"}],"author":[{"embeddable":true,"href":"http:\/\/www.straightforex.com\/es\/wp-json\/wp\/v2\/users\/1"}],"replies":[{"embeddable":true,"href":"http:\/\/www.straightforex.com\/es\/wp-json\/wp\/v2\/comments?post=524"}],"version-history":[{"count":2,"href":"http:\/\/www.straightforex.com\/es\/wp-json\/wp\/v2\/pages\/524\/revisions"}],"predecessor-version":[{"id":937,"href":"http:\/\/www.straightforex.com\/es\/wp-json\/wp\/v2\/pages\/524\/revisions\/937"}],"up":[{"embeddable":true,"href":"http:\/\/www.straightforex.com\/es\/wp-json\/wp\/v2\/pages\/518"}],"wp:attachment":[{"href":"http:\/\/www.straightforex.com\/es\/wp-json\/wp\/v2\/media?parent=524"}],"curies":[{"name":"wp","href":"https:\/\/api.w.org\/{rel}","templated":true}]}}