{"id":522,"date":"2016-07-25T23:48:03","date_gmt":"2016-07-25T23:48:03","guid":{"rendered":"http:\/\/www.straightforex.com\/es\/?page_id=522"},"modified":"2016-08-03T02:51:44","modified_gmt":"2016-08-03T02:51:44","slug":"buscando-dinero-facil","status":"publish","type":"page","link":"http:\/\/www.straightforex.com\/es\/curso-basico-de-forex\/por-que-es-tan-dificil-tener-exito-en-los-mercados\/buscando-dinero-facil\/","title":{"rendered":"Buscando dinero f\u00e1cil"},"content":{"rendered":"<p>Desafortunadamente muchas personas son atra\u00eddas al mercado Forex por esta raz\u00f3n. Todo esto por la publicidad de:<\/p>\n<p><i class=\"uk-theme-icon-check uk-margin-small-top\"><\/i>   <strong>Brokers<\/strong>, mostrando o tratando de ense\u00f1ar lo f\u00e1cil que es operar y hacer dinero al instante en el mercado Forex.<br \/>\n<i class=\"uk-theme-icon-check uk-margin-small-top\"><\/i>   <strong>Proveedores de se\u00f1ales<\/strong>, ofreciendo las mejores se\u00f1ales que lo van a hacer millonario de manera instant\u00e1nea. <\/p>\n<h5>\u00bfEs f\u00e1cil operar? <\/h5>\n<p>Si, es verdad, todos lo podemos hacer, hacer una operaci\u00f3n o transacci\u00f3n es muy f\u00e1cil, solo esta a un clic de distancia. <\/p>\n<h5>\u00bfEs f\u00e1cil hacer dinero? <\/h5>\n<p>Tengo que reconocer que esto tambi\u00e9n es cierto, es f\u00e1cil hacer dinero. Cualquier persona sin conocimiento pudiera hacer una transacci\u00f3n ganadora con un poco de suerte. Lo que no te dicen es que es m\u00e1s f\u00e1cil aun perder dinero por el spread que pagamos al ingresar una operaci\u00f3n.<\/p>\n<p>Lo que es importante mencionar es que no puede hacer su vida, y depender de su suerte para generar ingreso. Para hacer una vida operando el mercado Forex necesita ser <strong>CONSISTENTE<\/strong>, y cr\u00e9ame, esto no es nada f\u00e1cil. Ser consistentemente exitoso significa que despu\u00e9s de muchos periodos de operaci\u00f3n el operador tiene ingresos basados en una estrategia. \u00danicamente el 5% de los operadores alcanzan este objetivo. En pocas palabras, es posible pero de ninguna manera es f\u00e1cil.<\/p>\n<h5>\u00bfEs posible que un proveedor de se\u00f1ales nos haga ricos? <\/h5>\n<p>No lo creo. En este negocio no hay certidumbre, de hecho ning\u00fan (proveedor de se\u00f1ales) le va a importar si pierde dinero. Y el \u00fanico responsable de perder ese dinero va a hacer el operador que hizo las transacciones.<\/p>\n<p>En este negocio no hay atajos, nadie nos va a hacer ricos m\u00e1s que nosotros mismos. \u00bfC\u00f3mo vamos a lograrlo? Trabajando duro. Es la \u00fanica manera en la que se puede alcanzar el \u00e9xito operando el mercado Forex. <\/p>\n<p>A dem\u00e1s, \u00bfQu\u00e9 es lo que vamos a obtener si seguimos las recomendaciones de alguien m\u00e1s? Nada. Seguir ciegamente las recomendaciones de otros individuos no te va a dar conocimiento, experiencia ni nada. Esto porque no vas a saber las razones de tras de cada operaci\u00f3n, de hecho ni siquiera vas a saber si las se\u00f1ales vienen del mismo sistema. Podr\u00e1s hacer dinero si las se\u00f1ales son buenas, pero d\u00e9jame preguntarte esto, \u00bfvas a depender del operador de se\u00f1ales por el resto de tu vida? No lo creo.<\/p>\n<p>Entonces, al final, vas a perder conocimiento y experiencia que hubieras tenido si hubieras intentado operar por tu cuenta y m\u00e1s importante: tiempo.<\/p>\n<h3>Hecho Verdadero<\/h3>\n<p> No hay una manera de convertirse en un operador consistente de manera r\u00e1pida y f\u00e1cil. No hay atajos, y la \u00fanica manera de alcanzar el \u00e9xito es trabajando duro, con disciplina, conocimiento del mercado, experiencia, tomando \u00fanicamente riesgos calculados y otras caracter\u00edsticas que vas a aprender durante el curso.<\/p>\n","protected":false},"excerpt":{"rendered":"<p>Desafortunadamente muchas personas son atra\u00eddas al mercado Forex por esta raz\u00f3n. Todo esto por la publicidad de: Brokers, mostrando o tratando de ense\u00f1ar lo f\u00e1cil que es operar y hacer dinero al instante en el mercado Forex. Proveedores de se\u00f1ales, ofreciendo las mejores se\u00f1ales que lo van a hacer millonario de manera instant\u00e1nea. \u00bfEs f\u00e1cil [&hellip;]<\/p>\n","protected":false},"author":1,"featured_media":0,"parent":518,"menu_order":2,"comment_status":"open","ping_status":"closed","template":"","meta":{"footnotes":""},"class_list":["post-522","page","type-page","status-publish","hentry"],"_links":{"self":[{"href":"http:\/\/www.straightforex.com\/es\/wp-json\/wp\/v2\/pages\/522","targetHints":{"allow":["GET"]}}],"collection":[{"href":"http:\/\/www.straightforex.com\/es\/wp-json\/wp\/v2\/pages"}],"about":[{"href":"http:\/\/www.straightforex.com\/es\/wp-json\/wp\/v2\/types\/page"}],"author":[{"embeddable":true,"href":"http:\/\/www.straightforex.com\/es\/wp-json\/wp\/v2\/users\/1"}],"replies":[{"embeddable":true,"href":"http:\/\/www.straightforex.com\/es\/wp-json\/wp\/v2\/comments?post=522"}],"version-history":[{"count":2,"href":"http:\/\/www.straightforex.com\/es\/wp-json\/wp\/v2\/pages\/522\/revisions"}],"predecessor-version":[{"id":936,"href":"http:\/\/www.straightforex.com\/es\/wp-json\/wp\/v2\/pages\/522\/revisions\/936"}],"up":[{"embeddable":true,"href":"http:\/\/www.straightforex.com\/es\/wp-json\/wp\/v2\/pages\/518"}],"wp:attachment":[{"href":"http:\/\/www.straightforex.com\/es\/wp-json\/wp\/v2\/media?parent=522"}],"curies":[{"name":"wp","href":"https:\/\/api.w.org\/{rel}","templated":true}]}}