{"id":520,"date":"2016-07-25T23:46:04","date_gmt":"2016-07-25T23:46:04","guid":{"rendered":"http:\/\/www.straightforex.com\/es\/?page_id=520"},"modified":"2016-08-03T02:50:51","modified_gmt":"2016-08-03T02:50:51","slug":"la-busqueda-del-santo-grial","status":"publish","type":"page","link":"http:\/\/www.straightforex.com\/es\/curso-basico-de-forex\/por-que-es-tan-dificil-tener-exito-en-los-mercados\/la-busqueda-del-santo-grial\/","title":{"rendered":"La B\u00fasqueda del Santo Grial"},"content":{"rendered":"<p>Muchos operadores pasan a\u00f1os buscando el santo grial para operar el mercado Forex, el indicador t\u00e9cnico m\u00e1gico o combinaciones de indicadores que los va a hacer ricos y que es \u00fanicamente conocido por unos cuantos operadores.<\/p>\n<h3>La verdad es que NO existe el Santo Grial<\/h3>\n<p>No hay un indicador o estrategia que nos vaya a hacer ricos de manera sencilla. Los mejores operadores no tienen el santo grial, no es su estrategia lo que los hace operadores exitosos, sino tienen otras caracter\u00edsticas como disciplina, paciencia, trabajan duro, tomen riesgos calculados, operan consistentemente basados en una estrategia (no tiene que ser LA ESTRATEGIA PERFECTA), siguen su plan al pie de la letra, ellos saben que nunca van a parar de aprender y tienen sus mentes abiertas a cualquier posibilidad, y lo mas importante, han aceptado el riesgo que implica ser un operador de mercado, saben que son tomadores de riesgo.<\/p>\n<h5>\u00bfPor qu\u00e9 no hay santo grial en el Forex?<\/h5>\n<p>Porque el mercado cambia. El mercado nunca se comporta de la misma manera, cada momento es \u00fanico, los patrones de comportamiento solo son similares. Si cada patr\u00f3n de comportamiento es \u00fanico, entonces el resultado de cada uno de ellos es estad\u00edsticamente independiente. Por el hecho de que cada momento del mercado es \u00fanico, todos los indicadores o estrategias fallan en alg\u00fan momento en el tiempo. <\/p>\n<p>Los dos errores m\u00e1s comunes en lo que se refiere a este tema son:<\/p>\n<p><i class=\"uk-theme-icon-check uk-margin-small-top\"><\/i>   Muchos operadores prueban estrategias e indicadores y luego los dejan de usar solo porque fallaron unas veces. Nunca les dan el tiempo para probar una estrategia o indicador efectivamente.<\/p>\n<p><i class=\"uk-theme-icon-check uk-margin-small-top\"><\/i>   Otro error com\u00fan que los operadores hacen es empezar con una estrategia sencilla. Cuando falla, le incorporan un indicador que los hubiera mantenido fuera de una particular operaci\u00f3n. Luego la estrategia falla de nuevo y le a\u00f1aden otro indicador m\u00e1s. Al final, terminan con un sistema o estrategia bien complicada que es muy dif\u00edcil de operar. Lego dejan toda la estrategia y empiezan de nuevo con otros indicadores.<\/p>\n<p>El factor importante en estas acciones es la p\u00e9rdida de tiempo que se tiene con estas pr\u00e1cticas. Algunos operadores, como ya lo mencionamos, se la pasan toda una vida tratando de encontrar lo que no existe: el santo grial.<\/p>\n<h3>Hecho Verdadero<\/h3>\n<p> No existe el santo grial de los operadores. No es sabio intentar encontrar el sistema o indicadores que nunca te van a hacer perder, porque perder en algunas operaciones es parte de este negocio, como comprar materia prima en la industria manufacturera. En lugar de buscar el santo grial, puedes concentrarte en un indicador o sistema que te va a mantener dentro del mercado cuando ocurren buenos movimientos, con una buena administraci\u00f3n del dinero las probabilidades se vuelan a nuestro favor.<\/p>\n","protected":false},"excerpt":{"rendered":"<p>Muchos operadores pasan a\u00f1os buscando el santo grial para operar el mercado Forex, el indicador t\u00e9cnico m\u00e1gico o combinaciones de indicadores que los va a hacer ricos y que es \u00fanicamente conocido por unos cuantos operadores. La verdad es que NO existe el Santo Grial No hay un indicador o estrategia que nos vaya a [&hellip;]<\/p>\n","protected":false},"author":1,"featured_media":0,"parent":518,"menu_order":1,"comment_status":"open","ping_status":"closed","template":"","meta":{"footnotes":""},"class_list":["post-520","page","type-page","status-publish","hentry"],"_links":{"self":[{"href":"http:\/\/www.straightforex.com\/es\/wp-json\/wp\/v2\/pages\/520","targetHints":{"allow":["GET"]}}],"collection":[{"href":"http:\/\/www.straightforex.com\/es\/wp-json\/wp\/v2\/pages"}],"about":[{"href":"http:\/\/www.straightforex.com\/es\/wp-json\/wp\/v2\/types\/page"}],"author":[{"embeddable":true,"href":"http:\/\/www.straightforex.com\/es\/wp-json\/wp\/v2\/users\/1"}],"replies":[{"embeddable":true,"href":"http:\/\/www.straightforex.com\/es\/wp-json\/wp\/v2\/comments?post=520"}],"version-history":[{"count":3,"href":"http:\/\/www.straightforex.com\/es\/wp-json\/wp\/v2\/pages\/520\/revisions"}],"predecessor-version":[{"id":935,"href":"http:\/\/www.straightforex.com\/es\/wp-json\/wp\/v2\/pages\/520\/revisions\/935"}],"up":[{"embeddable":true,"href":"http:\/\/www.straightforex.com\/es\/wp-json\/wp\/v2\/pages\/518"}],"wp:attachment":[{"href":"http:\/\/www.straightforex.com\/es\/wp-json\/wp\/v2\/media?parent=520"}],"curies":[{"name":"wp","href":"https:\/\/api.w.org\/{rel}","templated":true}]}}