{"id":518,"date":"2016-07-25T23:44:36","date_gmt":"2016-07-25T23:44:36","guid":{"rendered":"http:\/\/www.straightforex.com\/es\/?page_id=518"},"modified":"2016-07-26T16:25:52","modified_gmt":"2016-07-26T16:25:52","slug":"por-que-es-tan-dificil-tener-exito-en-los-mercados","status":"publish","type":"page","link":"http:\/\/www.straightforex.com\/es\/curso-basico-de-forex\/por-que-es-tan-dificil-tener-exito-en-los-mercados\/","title":{"rendered":"\u00bfPor qu\u00e9 es tan dif\u00edcil tener \u00e9xito en los mercados?"},"content":{"rendered":"<p>La mayor\u00eda de los brokers est\u00e1n de acuerdo en que el 90% de los operadores del mercado Forex pierden dinero, 5% se quedan tablas y \u00fanicamente el 5% de ellos tienen ingresos constantes. Estas estad\u00edsticas no son muy animadoras para nosotros los operadores, pero esta es la realidad.<\/p>\n<p>Las buenas noticias acerca de estas estad\u00edsticas es que los errores que causan esta alta tasa de fracaso son comunes, y nosotros los hemos identificado.<\/p>\n<p>Algunos de estos errores se dan porque muchos operadores son atra\u00eddos al mercado Forex por las razones incorrectas y otros porque fracasan en seguir unos lineamientos preestablecidos. <\/p>\n<p>Estar al tanto de estos errores comunes y aprender a tomar los pasos necesarios para lidiar con ellos pone las probabilidades de nuestro lado:<\/p>\n<p>Los temas que se van a tratar en esta secci\u00f3n son los siguientes:<\/p>\n<h3><a href=\"http:\/\/www.straightforex.com\/es\/curso-basico-de-forex\/por-que-es-tan-dificil-tener-exito-en-los-mercados\/la-busqueda-del-santo-grial\/\">Secci\u00f3n II: En b\u00fasqueda del Santo Grial<\/a><\/h3>\n<p> Algunos operadores se la pasan tratando de encontrar el sistema o estrategia perfecta y se olvidan de la verdadera clave del \u00e9xito. <\/p>\n<h3><a href=\"http:\/\/www.straightforex.com\/es\/curso-basico-de-forex\/por-que-es-tan-dificil-tener-exito-en-los-mercados\/buscando-dinero-facil\/\">Secci\u00f3n III: Buscando Dinero F\u00e1cil<\/a><\/h3>\n<p> Operar exitosamente no es una tarea f\u00e1cil, se puede lograr pero requiere de mucho trabajo.<\/p>\n<h3><a href=\"http:\/\/www.straightforex.com\/es\/curso-basico-de-forex\/por-que-es-tan-dificil-tener-exito-en-los-mercados\/buscando-emociones-fuertes\/\">Secci\u00f3n IV: Buscando Emociones Fuertes<\/a><\/h3>\n<p> existen muchas emociones al ser un operador del mercado de divisas, pero al tener p\u00e9rdida tras p\u00e9rdida deja de ser emocionante. <\/p>\n<h3><a href=\"http:\/\/www.straightforex.com\/es\/curso-basico-de-forex\/por-que-es-tan-dificil-tener-exito-en-los-mercados\/no-tener-un-plan-de-negocios\/\">Secci\u00f3n V: No tener un plan de negocios<\/a><\/h3>\n<p> Un plan de negocios es como un mapa que nos va diciendo cuando las cosas van bien o mal. <\/p>\n<h3><a href=\"http:\/\/www.straightforex.com\/es\/curso-basico-de-forex\/por-que-es-tan-dificil-tener-exito-en-los-mercados\/no-tener-una-estrategia\/\">Secci\u00f3n VI: No tener una estrategia<\/a><\/h3>\n<p> Nuestro trabajo como operadores es generar ganancias consistentes, la \u00fanica manera de generarlas es a trav\u00e9s de una estrategia.<\/p>\n<h3><a href=\"http:\/\/www.straightforex.com\/es\/curso-basico-de-forex\/por-que-es-tan-dificil-tener-exito-en-los-mercados\/no-usar-administracion-del-capital\/\">Secci\u00f3n VII: No usar Administraci\u00f3n del Capital<\/a><\/h3>\n<p> Estas t\u00e9cnicas nos ayudan a evitar el riesgo de ruina pero al mismo tiempo ayudan al crecimiento geom\u00e9trico de nuestras ganancias.<\/p>\n<h3><a href=\"http:\/\/www.straightforex.com\/es\/curso-basico-de-forex\/por-que-es-tan-dificil-tener-exito-en-los-mercados\/no-tener-disciplina\/\">Secci\u00f3n VIII: No tener disciplina<\/a><\/h3>\n<p> Tener una estrategia y un plan de negocios no es suficiente, necesitamos seguir nuestras reglas!<\/p>\n<h3><a href=\"http:\/\/www.straightforex.com\/es\/curso-basico-de-forex\/por-que-es-tan-dificil-tener-exito-en-los-mercados\/no-estar-al-tanto-de-la-naturaleza-humana\/\">Secci\u00f3n IX: No estar al tanto de la Naturaleza Humana<\/a><\/h3>\n<p> Algunos comportamientos que pueden ser l\u00f3gicos en otras \u00e1reas de nuestra vida pueden ser fatales en la operaci\u00f3n del Forex. <\/p>\n<h3><a href=\"http:\/\/www.straightforex.com\/es\/curso-basico-de-forex\/por-que-es-tan-dificil-tener-exito-en-los-mercados\/no-estar-preparado-psicologicamente\/\">Secci\u00f3n X: No estar preparado Psicol\u00f3gicamente<\/a><\/h3>\n<p> Estar al tanto de las barreras psicol\u00f3gicas es una ventaja muy importante. <\/p>\n<h3><a href=\"http:\/\/www.straightforex.com\/es\/curso-basico-de-forex\/por-que-es-tan-dificil-tener-exito-en-los-mercados\/resumen-por-que-es-tan-dificil-tener-exito-en-los-mercados\/\">Resumen<\/a><\/h3>\n<p> Breve resumen de toda la lecci\u00f3n<\/p>\n","protected":false},"excerpt":{"rendered":"<p>La mayor\u00eda de los brokers est\u00e1n de acuerdo en que el 90% de los operadores del mercado Forex pierden dinero, 5% se quedan tablas y \u00fanicamente el 5% de ellos tienen ingresos constantes. Estas estad\u00edsticas no son muy animadoras para nosotros los operadores, pero esta es la realidad. Las buenas noticias acerca de estas estad\u00edsticas [&hellip;]<\/p>\n","protected":false},"author":1,"featured_media":0,"parent":139,"menu_order":8,"comment_status":"open","ping_status":"closed","template":"","meta":{"footnotes":""},"class_list":["post-518","page","type-page","status-publish","hentry"],"_links":{"self":[{"href":"http:\/\/www.straightforex.com\/es\/wp-json\/wp\/v2\/pages\/518","targetHints":{"allow":["GET"]}}],"collection":[{"href":"http:\/\/www.straightforex.com\/es\/wp-json\/wp\/v2\/pages"}],"about":[{"href":"http:\/\/www.straightforex.com\/es\/wp-json\/wp\/v2\/types\/page"}],"author":[{"embeddable":true,"href":"http:\/\/www.straightforex.com\/es\/wp-json\/wp\/v2\/users\/1"}],"replies":[{"embeddable":true,"href":"http:\/\/www.straightforex.com\/es\/wp-json\/wp\/v2\/comments?post=518"}],"version-history":[{"count":3,"href":"http:\/\/www.straightforex.com\/es\/wp-json\/wp\/v2\/pages\/518\/revisions"}],"predecessor-version":[{"id":566,"href":"http:\/\/www.straightforex.com\/es\/wp-json\/wp\/v2\/pages\/518\/revisions\/566"}],"up":[{"embeddable":true,"href":"http:\/\/www.straightforex.com\/es\/wp-json\/wp\/v2\/pages\/139"}],"wp:attachment":[{"href":"http:\/\/www.straightforex.com\/es\/wp-json\/wp\/v2\/media?parent=518"}],"curies":[{"name":"wp","href":"https:\/\/api.w.org\/{rel}","templated":true}]}}