{"id":506,"date":"2016-07-25T23:20:54","date_gmt":"2016-07-25T23:20:54","guid":{"rendered":"http:\/\/www.straightforex.com\/es\/?page_id=506"},"modified":"2016-07-26T16:25:52","modified_gmt":"2016-07-26T16:25:52","slug":"resumen-desarrollo-de-tu-sistema","status":"publish","type":"page","link":"http:\/\/www.straightforex.com\/es\/curso-basico-de-forex\/desarrollo-de-tu-sistema\/resumen-desarrollo-de-tu-sistema\/","title":{"rendered":"Resumen: Desarrollo de tu Sistema"},"content":{"rendered":"<p>Aseg\u00farate de comprender lo siguientes:<\/p>\n<p>Ahora es el tiempo de crear tu sistema. <\/p>\n<p>Sigue las reglas que detallamos en esta lecci\u00f3n. Va a tomarte algo de tiempo para llegar a la versi\u00f3n final, porque seguramente vas a tener que ir haciendo cambios con el tiempo, para asegurarte que est\u00e1s c\u00f3modo(a) con el sistema. <\/p>\n<p>Tambi\u00e9n vas a necesitar probarlo en tiempo real, porque as\u00ed es la mejor manera de ver sus resultados y asegurarte de que se ajusta a tu perfil de riesgo! <\/p>\n<p>Buena suerte! <\/p>\n","protected":false},"excerpt":{"rendered":"<p>Aseg\u00farate de comprender lo siguientes: Ahora es el tiempo de crear tu sistema. Sigue las reglas que detallamos en esta lecci\u00f3n. Va a tomarte algo de tiempo para llegar a la versi\u00f3n final, porque seguramente vas a tener que ir haciendo cambios con el tiempo, para asegurarte que est\u00e1s c\u00f3modo(a) con el sistema. Tambi\u00e9n vas [&hellip;]<\/p>\n","protected":false},"author":1,"featured_media":0,"parent":489,"menu_order":8,"comment_status":"open","ping_status":"closed","template":"","meta":{"footnotes":""},"class_list":["post-506","page","type-page","status-publish","hentry"],"_links":{"self":[{"href":"http:\/\/www.straightforex.com\/es\/wp-json\/wp\/v2\/pages\/506","targetHints":{"allow":["GET"]}}],"collection":[{"href":"http:\/\/www.straightforex.com\/es\/wp-json\/wp\/v2\/pages"}],"about":[{"href":"http:\/\/www.straightforex.com\/es\/wp-json\/wp\/v2\/types\/page"}],"author":[{"embeddable":true,"href":"http:\/\/www.straightforex.com\/es\/wp-json\/wp\/v2\/users\/1"}],"replies":[{"embeddable":true,"href":"http:\/\/www.straightforex.com\/es\/wp-json\/wp\/v2\/comments?post=506"}],"version-history":[{"count":1,"href":"http:\/\/www.straightforex.com\/es\/wp-json\/wp\/v2\/pages\/506\/revisions"}],"predecessor-version":[{"id":507,"href":"http:\/\/www.straightforex.com\/es\/wp-json\/wp\/v2\/pages\/506\/revisions\/507"}],"up":[{"embeddable":true,"href":"http:\/\/www.straightforex.com\/es\/wp-json\/wp\/v2\/pages\/489"}],"wp:attachment":[{"href":"http:\/\/www.straightforex.com\/es\/wp-json\/wp\/v2\/media?parent=506"}],"curies":[{"name":"wp","href":"https:\/\/api.w.org\/{rel}","templated":true}]}}