{"id":504,"date":"2016-07-25T23:17:52","date_gmt":"2016-07-25T23:17:52","guid":{"rendered":"http:\/\/www.straightforex.com\/es\/?page_id=504"},"modified":"2016-07-26T16:25:52","modified_gmt":"2016-07-26T16:25:52","slug":"algunos-puntos-que-debe-tomar-en-consideracion","status":"publish","type":"page","link":"http:\/\/www.straightforex.com\/es\/curso-basico-de-forex\/desarrollo-de-tu-sistema\/algunos-puntos-que-debe-tomar-en-consideracion\/","title":{"rendered":"Algunos puntos que debe tomar en consideraci\u00f3n"},"content":{"rendered":"<p>Vamos a repasar algunos puntos que tiene que tomar en consideraci\u00f3n cuando desarrolle su sistema.<\/p>\n<p>1. Siempre sea esc\u00e9ptico acerca de sus ideas, conc\u00e9ntrese en los resultados. A veces parece f\u00e1cil encontrar oportunidades, lo que es dif\u00edcil es obtener ganancias de ellas. El rendimiento debe ser medido en los resultados de operaciones, no en lo que \u201chubiera pasado\u201d.<\/p>\n<p>2. Hay ocasiones en las que puede perder aun cuando siga su sistema. Las perdidas son parte de este negocio y no hay manera de evitarlas, necesitamos aprender a perder. Entonces si ha seguido su sistema al 100% y pierde una posici\u00f3n, \u00a1cel\u00e9brelo! La \u00fanica manera de generar ganancias consistentes es siguiendo rigurosamente su sistema.<\/p>\n<p>3. Algunas veces al operar con grandes posiciones podemos perder el control de nuestras emociones. No sea muy agresivo en sus posiciones y siga un plan de administraci\u00f3n del capital.<\/p>\n<p>4. Trate de entender porque su sistema funciona, de esta manera va a obtener m\u00e1s confianza en el.<\/p>\n<p>5. Siempre va a haber un indicador que haya se\u00f1alizado que no tomara una posici\u00f3n en la que tom\u00f3 p\u00e9rdidas. Recuerde que su sistema no fue dise\u00f1ado para ganar todas las posiciones, sino para ganar la mayor\u00eda de ellas. <\/p>\n<p>6. Cuando finalmente cree su sistema, descr\u00edbalo en t\u00e9rminos simples y l\u00f3gicos. Si un ni\u00f1o de 15 a\u00f1os tiene problemas trat\u00e1ndolo de seguir entonces algo puede estar mal en su sistema. <\/p>\n<p>7. Use de 1 a 3 indicadores solamente: un indicador para determinar la tendencia y uno o dos para confirmar sus entradas y salidas del mercado. Mientras m\u00e1s indicadores uses en su sistema se hace mas complicado. La mayor\u00eda de las veces \u201cmientras mas simple sea el sistema va a tener mejor rendimiento\u201d. Tambi\u00e9n intente usar indicadores de distinta naturaleza, no utilice dos indicadores que midan exactamente la misma condici\u00f3n del mercado.<\/p>\n<p>8. Pruebe su sistema en muestras grandes de operaciones en tiempo real (aproximadamente 50 operaciones) y en varias condiciones del mercado, de esta manera va a verificar en que condiciones de mercado el sistema va a generar mejores resultados.<\/p>\n<p>9. Si decide operar muchas divisas, utilice divisas que no est\u00e9n correlacionadas. Por ejemplo, si hace dos operaciones: compra de euros y libras esterlinas, lo mas seguro es que obtenga el mismo resultado en las dos operaciones, esto eleva su riesgo al doble. Opere la que parezca m\u00e1s alcista (en caso de compra) o bajista (en caso de venta). <\/p>\n<p>10. \u00bfOperaciones en anuncios fundamentales? Determine si va a mantener abiertas sus posiciones durante eventos fundamentales. Si esta operando en el corto plazo seguro estar\u00e1 dejando poco espacio para tu nivel de stop, un anuncio importante puede activar este nivel sac\u00e1ndolo de la posici\u00f3n en p\u00e9rdidas. <\/p>\n<p>11. Cuando tenga una operaci\u00f3n abierta, abra su mente a todas las posibilidades, muchas veces no vemos o ignoramos evidencia en contra de nuestra operaci\u00f3n abierta.<\/p>\n","protected":false},"excerpt":{"rendered":"<p>Vamos a repasar algunos puntos que tiene que tomar en consideraci\u00f3n cuando desarrolle su sistema. 1. Siempre sea esc\u00e9ptico acerca de sus ideas, conc\u00e9ntrese en los resultados. A veces parece f\u00e1cil encontrar oportunidades, lo que es dif\u00edcil es obtener ganancias de ellas. El rendimiento debe ser medido en los resultados de operaciones, no en lo [&hellip;]<\/p>\n","protected":false},"author":1,"featured_media":0,"parent":489,"menu_order":7,"comment_status":"open","ping_status":"closed","template":"","meta":{"footnotes":""},"class_list":["post-504","page","type-page","status-publish","hentry"],"_links":{"self":[{"href":"http:\/\/www.straightforex.com\/es\/wp-json\/wp\/v2\/pages\/504","targetHints":{"allow":["GET"]}}],"collection":[{"href":"http:\/\/www.straightforex.com\/es\/wp-json\/wp\/v2\/pages"}],"about":[{"href":"http:\/\/www.straightforex.com\/es\/wp-json\/wp\/v2\/types\/page"}],"author":[{"embeddable":true,"href":"http:\/\/www.straightforex.com\/es\/wp-json\/wp\/v2\/users\/1"}],"replies":[{"embeddable":true,"href":"http:\/\/www.straightforex.com\/es\/wp-json\/wp\/v2\/comments?post=504"}],"version-history":[{"count":1,"href":"http:\/\/www.straightforex.com\/es\/wp-json\/wp\/v2\/pages\/504\/revisions"}],"predecessor-version":[{"id":505,"href":"http:\/\/www.straightforex.com\/es\/wp-json\/wp\/v2\/pages\/504\/revisions\/505"}],"up":[{"embeddable":true,"href":"http:\/\/www.straightforex.com\/es\/wp-json\/wp\/v2\/pages\/489"}],"wp:attachment":[{"href":"http:\/\/www.straightforex.com\/es\/wp-json\/wp\/v2\/media?parent=504"}],"curies":[{"name":"wp","href":"https:\/\/api.w.org\/{rel}","templated":true}]}}