{"id":502,"date":"2016-07-25T23:16:44","date_gmt":"2016-07-25T23:16:44","guid":{"rendered":"http:\/\/www.straightforex.com\/es\/?page_id=502"},"modified":"2016-07-26T16:25:52","modified_gmt":"2016-07-26T16:25:52","slug":"que-es-lo-que-sigue","status":"publish","type":"page","link":"http:\/\/www.straightforex.com\/es\/curso-basico-de-forex\/desarrollo-de-tu-sistema\/que-es-lo-que-sigue\/","title":{"rendered":"Operaci\u00f3n en Demo vs Real"},"content":{"rendered":"<p>En esta secci\u00f3n vamos a revisar algunos pasos que necesitamos seguir antes de empezar a arriesgar nuestro dinero aplicando nuestro sistema.<\/p>\n<h3>Paso 1<\/h3>\n<p>Lo primero que tenemos que hacer es probar nuestro sistema en una cuenta demo. La mayor\u00eda de los broker nos permiten hacer operaciones un cuentas demo con dinero virtual. Esta es una excelente opci\u00f3n porque no hay dinero en riesgo. En esta etapa nos vamos a dar cuenta si la estrategia funciona para nosotros, si el sistema se ajusta a nuestra personalidad. Si nos sentimos c\u00f3modos operando el sistema entonces vamos por el buen camino y podemos tener buenos resultados en etapas posteriores. \u00bfCu\u00e1nto tiempo debemos probar nuestro sistema? Var\u00eda, depende de la frecuencia de se\u00f1ales que genera nuestro sistema. De lo que si estamos seguros es de que no debe ir un paso mas adelante hasta que tengamos resultados positivos consistentemente en esta etapa. Podemos tardar meses pero recuerde que tenemos que ser pacientes. <\/p>\n<p>Por el otro lado si no tenemos resultados consistentes en esta etapa le sugerimos re-dise\u00f1ar su sistema o estrategia porque lo mas seguro es que en etapas posteriores tampoco tenga resultados consistentes.<\/p>\n<p>Debe ser honesto usted mismo, necesita tomar todas y cada una de las se\u00f1ales que genere su sistema, no solo las que \u201cpens\u00f3\u201d que iban a tener un resultado positivo, de otra manera, va a tener problemas en las siguientes etapas.<\/p>\n<p>Bien, por ahora obtuvo resultados consistentes en una cuenta demo. Algunos pensamos que es hora de arriesgar nuestra cuenta real operando lotes est\u00e1ndar. No, no, no. Existe una gran diferencia entre operar en una cuenta demo y una cuenta real. La diferencia mas importante radica en las emociones (miedo, avaricia, esperanza, etc.) estas barreras psicol\u00f3gicas est\u00e1n presentes en todas las decisiones tomadas por operadores est\u00e1n operando con cuentas reales. En mi opini\u00f3n estos factores psicol\u00f3gicos son lo que separa a los operadores consistentes de aquellos que no generan ganancias. <\/p>\n<h3>Paso 2<\/h3>\n<p>El siguiente paso esta dise\u00f1ado para manejar nuestras emociones as\u00ed como para confirmar los resultados obtenidos en una etapa anterior (resultados consistentes en una cuenta demo). En esta etapa va a operar el mercado con una cuenta real con fondos limitados. Algunos brokers incluso permiten hacer operaciones con lotes estandarizados. Esto significa que puede operar cualquier cantidad de dinero (incluso centavos). Otros brokers permiten que operes en mini-lotes o micro lotes. Lo que es importantes que las emociones de las que hemos estado hablando solamente est\u00e1n presentes cuando hay dinero de por medio. En esta etapa va a verificar si en realidad se siente c\u00f3modo operando el sistema. Si es capaz de reproducir los resultados obtenidos en la etapa anterior, entonces esta listo para pasar a la siguiente etapa. Si no lo hizo, entonces probablemente necesite hacer algunos cambios a su sistema o incluso desarrollar uno nuevo, existe la posibilidad de que su sistema nunca se ajust\u00f3 a su personalidad. Si fue capaz de replicar los resultados de la etapa anterior entonces es posible que pueda hacerlo en la siguiente etapa. Recuerde que tiene que ser honesto consigo mismo y necesita hacer las cosas bien.<\/p>\n<h3>Paso 3<\/h3>\n<p>La \u00faltima etapa es operar en una cuenta con fondos suficientes. Si est\u00e1 en esta etapa, y ha pasado satisfactoriamente las dos etapas anteriores, entonces es hora de intentarlo, ya tiene la confianza necesaria para operar exitosamente el mercado, pues ha producido resultados positivos en etapas anteriores. Existen muchas razones para creer que lo va a lograr en esta etapa. Muy pocos operadores fallan en esta etapa si han cursado las \u00faltimas dos con \u00e9xito.<\/p>\n<p>Recuerde que la \u00fanica manera que conseguir resultados consistentes usando tu sistema es comprendiendo los siguientes conceptos:<\/p>\n<h5>1. Incertidumbre del mercado<\/h5>\n<p> Cada momento en el mercado es \u00fanico, solo existen patrones similares no id\u00e9nticos, por lo tanto el resultado de cada patr\u00f3n no es previsible. Lo interesante es que no necesitamos saber que es lo que va a pasar en el mercado para hacer dinero, solo necesitamos tomar TODAS las se\u00f1ales que genere nuestro sistema, y en el largo plazo, las probabilidades van a hacer su trabajo.<\/p>\n<h5>2. Conf\u00ede y comprom\u00e9tase con su sistema<\/h5>\n<p> Cre\u00f3 un sistema, sabe que tiene una ventaja (mayor probabilidad que el mercado vaya a una direcci\u00f3n sobre otra) cuando nos da una se\u00f1al sabemos que existen mas altas probabilidades de que el mercado vaya en la direcci\u00f3n de nuestra se\u00f1al, lo \u00fanico que tenemos que hacer es seguir nuestro sistema. Tome TODAS las se\u00f1ales que genere su sistema, es la \u00fanica manera en que va a tener confianza para operar el sistema que desarroll\u00f3. Y cr\u00e9ame, la confianza es un aspecto fundamental para operar exitosamente el mercado. Si pas\u00f3 por todas las etapas satisfactoriamente y lleg\u00f3 al \u00faltimo tenga confianza en usted mismo y en su sistema, produjo buenos resultados en el pasado, si continua sigui\u00e9ndolo rigurosamente, lo m\u00e1s seguro es que genere ganancias en la \u00faltima etapa. <\/p>\n","protected":false},"excerpt":{"rendered":"<p>En esta secci\u00f3n vamos a revisar algunos pasos que necesitamos seguir antes de empezar a arriesgar nuestro dinero aplicando nuestro sistema. Paso 1 Lo primero que tenemos que hacer es probar nuestro sistema en una cuenta demo. La mayor\u00eda de los broker nos permiten hacer operaciones un cuentas demo con dinero virtual. Esta es una [&hellip;]<\/p>\n","protected":false},"author":1,"featured_media":0,"parent":489,"menu_order":5,"comment_status":"open","ping_status":"closed","template":"","meta":{"footnotes":""},"class_list":["post-502","page","type-page","status-publish","hentry"],"_links":{"self":[{"href":"http:\/\/www.straightforex.com\/es\/wp-json\/wp\/v2\/pages\/502","targetHints":{"allow":["GET"]}}],"collection":[{"href":"http:\/\/www.straightforex.com\/es\/wp-json\/wp\/v2\/pages"}],"about":[{"href":"http:\/\/www.straightforex.com\/es\/wp-json\/wp\/v2\/types\/page"}],"author":[{"embeddable":true,"href":"http:\/\/www.straightforex.com\/es\/wp-json\/wp\/v2\/users\/1"}],"replies":[{"embeddable":true,"href":"http:\/\/www.straightforex.com\/es\/wp-json\/wp\/v2\/comments?post=502"}],"version-history":[{"count":3,"href":"http:\/\/www.straightforex.com\/es\/wp-json\/wp\/v2\/pages\/502\/revisions"}],"predecessor-version":[{"id":564,"href":"http:\/\/www.straightforex.com\/es\/wp-json\/wp\/v2\/pages\/502\/revisions\/564"}],"up":[{"embeddable":true,"href":"http:\/\/www.straightforex.com\/es\/wp-json\/wp\/v2\/pages\/489"}],"wp:attachment":[{"href":"http:\/\/www.straightforex.com\/es\/wp-json\/wp\/v2\/media?parent=502"}],"curies":[{"name":"wp","href":"https:\/\/api.w.org\/{rel}","templated":true}]}}