{"id":500,"date":"2016-07-25T23:15:18","date_gmt":"2016-07-25T23:15:18","guid":{"rendered":"http:\/\/www.straightforex.com\/es\/?page_id=500"},"modified":"2016-07-26T16:25:52","modified_gmt":"2016-07-26T16:25:52","slug":"conceptualizacion-del-sistema","status":"publish","type":"page","link":"http:\/\/www.straightforex.com\/es\/curso-basico-de-forex\/desarrollo-de-tu-sistema\/conceptualizacion-del-sistema\/","title":{"rendered":"Conceptualizaci\u00f3n del Sistema"},"content":{"rendered":"<p>En esta secci\u00f3n vamos a revisar los pasos que tienes que tomar para crear un sistema exitoso.<\/p>\n<p>Una vez que haz escogido un estilo de operaci\u00f3n, escogido un sistema, sigue los siguientes pasos para crear tu sistema.<\/p>\n<h3>1. Movimientos Hist\u00f3ricos<\/h3>\n<p>Al ver los gr\u00e1ficos hist\u00f3ricos (en la temporalidad y concepto que hayas elegido) identifica movimientos sustanciales. Encuentre tantos como pueda para que tenga una muestra m\u00e1s amplia.<\/p>\n<h3>2. Setup<\/h3>\n<p>Encuentre lo que estos movimientos tienen en com\u00fan. Por ejemplo, puede ser que todos los movimiento ocurrieron despu\u00e9s de un periodo de consolidaci\u00f3n, o un indicador t\u00e9cnico pude haber estado por encima de 50, EMA(50) siempre estaba por debajo del mercado, el mercado fue rechazado por HOPS o LOPS, etc. El setup nos dice que condiciones tiene que haber presentes para ponerte atento en espera de la se\u00f1al. Cuando vea estas condiciones en el futuro va a tener que ponerte alerta porque existe una posibilidad de que su sistema le de una se\u00f1al. <\/p>\n<h3>3. Determine los puntos de entrada<\/h3>\n<p>Encuentre la se\u00f1al gatillo que este presente en la mayor\u00eda de los casos (va a ser imposible encontrar una se\u00f1al que este presente en todos los movimientos). Puede ser un cruce de MA, una lectura espec\u00edfica de un indicador, un patr\u00f3n de cambio de tendencia (velas) o puede ser una combinaci\u00f3n como un patr\u00f3n de cambio de tendencia cuando el indicador y el precio es rechazado de un nivel importante (LOPS, HOPS, PP, etc.) un cruce de MA cuando la lectura de un indicador esta en cierta condici\u00f3n, etc. Algunos puntos de entrada parecen excelentes a primera vista porque todav\u00eda no estamos considerando cuantas veces tenemos una se\u00f1al gatillo y el mercado no hace movimiento o se va en nuestra contra.<\/p>\n<h3>4. A\u00f1adir el Nivel de Toma de Perdidas (SL)<\/h3>\n<p>Determinar en que nivel vamos a tomar las p\u00e9rdidas en las transacciones cuando el mercado no se comporte como lo esper\u00e1bamos (lecci\u00f3n 9). <\/p>\n<h3>5. Nivel de toma de ganancia y otras salidas<\/h3>\n<p>Algunas veces nuestras posiciones no alcanzan ni el nivel de toma de ganancias ni el nivel de stop loss, en estos casos debes utilizar el mismo concepto para salir del mercado que el que utilizaste para entrar. Por ejemplo, si us\u00f3 una se\u00f1al de cruce de MA entonces un cruce en contra de nuestra transacci\u00f3n tambi\u00e9n nos da una se\u00f1al de salida (esto solamente si el set-up no esta presente para el lado opuesto, de otra manera tomar\u00edamos la se\u00f1al contraria). Si us\u00f3 patrones de cambio de tendencia entonces si el mercado forma un patr\u00f3n de cambio de tendencia en direcci\u00f3n opuesta a nuestra operaci\u00f3n entonces tambi\u00e9n se\u00f1ala nuestra salida del mercado. Tambi\u00e9n debemos elegir nuestros niveles de toma de ganancias (usar un RPR igual o mayor a 3:1).<\/p>\n<h3>6. Administraci\u00f3n de la posici\u00f3n<\/h3>\n<p>Determina si va a operar con m\u00faltiples lotes, si vamos a ejecutar trailing stops, etc.<\/p>\n<h3>7. Administraci\u00f3n del capital<\/h3>\n<p>Determinar la t\u00e9cnica de AC que vamos a utilizar en nuestra estrategia.<\/p>\n<h3>8. Probar el sistema<\/h3>\n<p>Necesitamos probar nuestra nueva estrategia o sistema en tiempo real.<\/p>\n","protected":false},"excerpt":{"rendered":"<p>En esta secci\u00f3n vamos a revisar los pasos que tienes que tomar para crear un sistema exitoso. Una vez que haz escogido un estilo de operaci\u00f3n, escogido un sistema, sigue los siguientes pasos para crear tu sistema. 1. Movimientos Hist\u00f3ricos Al ver los gr\u00e1ficos hist\u00f3ricos (en la temporalidad y concepto que hayas elegido) identifica movimientos [&hellip;]<\/p>\n","protected":false},"author":1,"featured_media":0,"parent":489,"menu_order":5,"comment_status":"open","ping_status":"closed","template":"","meta":{"footnotes":""},"class_list":["post-500","page","type-page","status-publish","hentry"],"_links":{"self":[{"href":"http:\/\/www.straightforex.com\/es\/wp-json\/wp\/v2\/pages\/500","targetHints":{"allow":["GET"]}}],"collection":[{"href":"http:\/\/www.straightforex.com\/es\/wp-json\/wp\/v2\/pages"}],"about":[{"href":"http:\/\/www.straightforex.com\/es\/wp-json\/wp\/v2\/types\/page"}],"author":[{"embeddable":true,"href":"http:\/\/www.straightforex.com\/es\/wp-json\/wp\/v2\/users\/1"}],"replies":[{"embeddable":true,"href":"http:\/\/www.straightforex.com\/es\/wp-json\/wp\/v2\/comments?post=500"}],"version-history":[{"count":1,"href":"http:\/\/www.straightforex.com\/es\/wp-json\/wp\/v2\/pages\/500\/revisions"}],"predecessor-version":[{"id":501,"href":"http:\/\/www.straightforex.com\/es\/wp-json\/wp\/v2\/pages\/500\/revisions\/501"}],"up":[{"embeddable":true,"href":"http:\/\/www.straightforex.com\/es\/wp-json\/wp\/v2\/pages\/489"}],"wp:attachment":[{"href":"http:\/\/www.straightforex.com\/es\/wp-json\/wp\/v2\/media?parent=500"}],"curies":[{"name":"wp","href":"https:\/\/api.w.org\/{rel}","templated":true}]}}