{"id":498,"date":"2016-07-25T23:13:51","date_gmt":"2016-07-25T23:13:51","guid":{"rendered":"http:\/\/www.straightforex.com\/es\/?page_id=498"},"modified":"2016-08-03T02:48:40","modified_gmt":"2016-08-03T02:48:40","slug":"conceptos-de-operacion","status":"publish","type":"page","link":"http:\/\/www.straightforex.com\/es\/curso-basico-de-forex\/desarrollo-de-tu-sistema\/conceptos-de-operacion\/","title":{"rendered":"Conceptos de Operaci\u00f3n"},"content":{"rendered":"<p>Escoger el concepto correcto es una parte importante al desarrollar nuestro sistema. No todos los conceptos son adecuados para todos los operadores. Algunos operadores se sienten mas a gusto operando en direcci\u00f3n de la tendencia, mientras otros se sienten a gusto operando en contra de ella. Esto tiene mucho que ver con la personalidad de cada uno de nosotros.<\/p>\n<p>No es inusual que los operadores hagan alguna combinaci\u00f3n de varios conceptos, algunos operadores utilizan conceptos distintos para diferentes condiciones de mercado (por ejemplo, tener alguna manera para determinar si el mercado se encuentra en tendencia o no, luego aplicar el sistema adecuado).<\/p>\n<h3>En Tendencia<\/h3>\n<p>Este concepto simplemente espera a que haya un movimiento significante y compra (o vende) con la esperanza de que el mercado contin\u00fae en tendencia para que pueda despu\u00e9s vender mas caro (o comprar mas barato). <\/p>\n<p>El operador debe utilizar una metodolog\u00eda sistem\u00e1tica para definir la tendencia del mercado. La efectividad con que el operador mida la tendencia va a determinar el rendimiento del sistema.<\/p>\n<h5>Ventajas:<\/h5>\n<p><i class=\"uk-theme-icon-check uk-margin-small-top\"><\/i>   Las operaciones en direcci\u00f3n de la tendencia tienen una alta probabilidad de \u00e9xito.<br \/>\n<i class=\"uk-theme-icon-check uk-margin-small-top\"><\/i>   Cuando una tendencia es detectada, las operaciones tienen grandes ganancias.<br \/>\n<i class=\"uk-theme-icon-check uk-margin-small-top\"><\/i>   Las operaciones en tendencia usualmente tienen una RPR muy alta.<\/p>\n<h5>Desventajas:<\/h5>\n<p><i class=\"uk-theme-icon-check uk-margin-small-top\"><\/i>   Se dice que el mercado esta en tendencia \u00fanicamente el 30% del tiempo<br \/>\n<i class=\"uk-theme-icon-check uk-margin-small-top\"><\/i>   Usualmente este tipo de sistemas tienen muy baja efectividad<br \/>\n<i class=\"uk-theme-icon-check uk-margin-small-top\"><\/i>   Este tipo de sistemas genera muchas se\u00f1ales falsas en periodos de consolidaci\u00f3n<\/p>\n<h5>Estrategias comunes:<\/h5>\n<p><i class=\"uk-theme-icon-check uk-margin-small-top\"><\/i>   <strong>Operaciones de rompimiento.<\/strong> Despu\u00e9s de un periodo de consolidaci\u00f3n los operadores compran en nuevos m\u00e1ximos o nuevos m\u00ednimos.<br \/>\n<i class=\"uk-theme-icon-check uk-margin-small-top\"><\/i>   <strong>Operaciones en retroceso<\/strong>. Operadores esperan a que el mercado retroceda para vender en niveles importantes (niveles Fibonacci, Banda superior o inferior de Bollinger, LOPS, HOPS, etc.)<br \/>\n<i class=\"uk-theme-icon-check uk-margin-small-top\"><\/i>   <strong>Estrategias de promedios m\u00f3viles<\/strong>. Algunos operadores usan estrategias con promedios m\u00f3viles como: cruce de MA, la posici\u00f3n del mercado en relaci\u00f3n al MA, etc.)<br \/>\n<i class=\"uk-theme-icon-check uk-margin-small-top\"><\/i>   <strong>Patrones gr\u00e1ficos<\/strong>. Operadores utilizan patrones como doble techo o piso, tri\u00e1ngulos, rect\u00e1ngulos, etc.<br \/>\n<i class=\"uk-theme-icon-check uk-margin-small-top\"><\/i>   <strong>Indicadores t\u00e9cnicos<\/strong>. Muchos indicadores t\u00e9cnicos pueden ser aplicados a este tipo de operaci\u00f3n (cruce de l\u00ednea del RSI, niveles extremos de CCI, etc.)<\/p>\n<h3>Operaciones en contra de la Tendencia<\/h3>\n<p>Este tipo de operaciones intenta obtener ganancias de cambios de tendencia a corto plazo o largo plazo. Los cambios de tendencia a corto plazo tambi\u00e9n se les llaman retrocesos. Esta estrategia intenta comprar barato cuando se forme un patr\u00f3n gr\u00e1fico de cambio de tendencia (en el caso de una tendencia bajista) o vender caro en un patr\u00f3n gr\u00e1fico de cambio de tendencia (en el caso de tendencia alcista).<\/p>\n<h5>Ventajas<\/h5>\n<p><i class=\"uk-theme-icon-check uk-margin-small-top\"><\/i>   Si la se\u00f1al es correcta, el precio de entrada de la operaci\u00f3n va a estar cerca del m\u00e1ximo (cuando vendemos) o del m\u00ednimo (cuando compramos).<br \/>\n<i class=\"uk-theme-icon-check uk-margin-small-top\"><\/i>   Usualmente se utilizan altos niveles de RPR para este concepto.<\/p>\n<h5>Desventajas<\/h5>\n<p><i class=\"uk-theme-icon-check uk-margin-small-top\"><\/i>   Las operaciones en contra de la tendencia tienen mas baja probabilidad de \u00e9xito.<br \/>\n<i class=\"uk-theme-icon-check uk-margin-small-top\"><\/i>   En algunas ocasiones tratar de encontrar el m\u00e1ximo absoluto o m\u00ednimo absoluto nos puede llevar a tener una efectividad muy pobre.<\/p>\n<h5>Estrategias comunes:<\/h5>\n<p><i class=\"uk-theme-icon-check uk-margin-small-top\"><\/i>   <strong>Patrones gr\u00e1ficos de cambio de tendencia<\/strong>. Doble techo y suelo, pies y hombros, y otros patrones de cambio de tendencia pueden ser usados.<br \/>\n<i class=\"uk-theme-icon-check uk-margin-small-top\"><\/i>   <strong>Operaci\u00f3n en divergencia<\/strong>. Al combinar este tipo de se\u00f1ales con el comportamiento del precio tiende a dar se\u00f1ales muy poderosas.<\/p>\n<h3>Operaciones en Consolidaci\u00f3n<\/h3>\n<p>Un periodo de consolidaci\u00f3n ocurre cuando la oferta se encuentra con la demanda de cierta divisa. Tambi\u00e9n se les llama periodos sin tendencia o rangos.<\/p>\n<h5>Ventajas:<\/h5>\n<p><i class=\"uk-theme-icon-check uk-margin-small-top\"><\/i>   Se dice que el mercado permanece en estado de consolidaci\u00f3n el 70% del tiempo<br \/>\n<i class=\"uk-theme-icon-check uk-margin-small-top\"><\/i>   Las \u00f3rdenes de toma de perdidas por lo general est\u00e1n muy cerca del precio de entrada.<\/p>\n<h5>Desventajas:<\/h5>\n<p><i class=\"uk-theme-icon-check uk-margin-small-top\"><\/i>   Usualmente cuando el mercado esta en consolidaci\u00f3n puede haber mucha volatilidad<br \/>\n<i class=\"uk-theme-icon-check uk-margin-small-top\"><\/i>   A veces el m\u00e1ximo y el m\u00ednimo de un rango no est\u00e1n bien definidos.<\/p>\n<h5>Estrategias comunes:<\/h5>\n<p><i class=\"uk-theme-icon-check uk-margin-small-top\"><\/i>   <strong>Estado de sobre compra\/venta<\/strong>. Los estoc\u00e1sticos son los que se\u00f1alan mejor este tipo de se\u00f1ales. La se\u00f1al se activa cuando esta en una situaci\u00f3n de sobre compra\/venta y regresa a territorio neutral.<br \/>\n<i class=\"uk-theme-icon-check uk-margin-small-top\"><\/i>   <strong>Comprar alrededor del suelo y vender alrededor del techo<\/strong>. Cuando se aplica esta t\u00e9cnica en combinaci\u00f3n con el comportamiento del precio suele dar se\u00f1ales muy efectivas.<\/p>\n<p>Si vamos a operar distintas condiciones del mercado entonces es recomendable utilizar diferentes estrategias para cada condici\u00f3n del mercado. La mayor\u00eda de las estrategias de tendencia fallan mucho en periodos de consolidaci\u00f3n y viceversa.<\/p>\n<p>Por ejemplo: Decide utilizar un MA para determinar la tendencia en el mercado. Entonces, cuando el mercado se encuentra en tendencia (precio por encima o por debajo del MA) va a usar una estrategia de tendencia. Y cuando el mercado no esta en tendencia (el MA es una l\u00ednea horizontal o muy cerca) entonces va a utilizar una estrategia dise\u00f1ada especialmente para periodos de consolidaci\u00f3n.<\/p>\n<p>Tambi\u00e9n, cuando usamos una estrategia en contra de la tendencia, por ejemplo un patr\u00f3n gr\u00e1fico como el doble techo, si es un patr\u00f3n v\u00e1lido y cambia la tendencia del mercado, entonces puedes usar una t\u00e9cnica de tendencia para salir del mercado para poder obtener ganancias de la mayor parte de la nueva tendencia.<\/p>\n","protected":false},"excerpt":{"rendered":"<p>Escoger el concepto correcto es una parte importante al desarrollar nuestro sistema. No todos los conceptos son adecuados para todos los operadores. Algunos operadores se sienten mas a gusto operando en direcci\u00f3n de la tendencia, mientras otros se sienten a gusto operando en contra de ella. Esto tiene mucho que ver con la personalidad de [&hellip;]<\/p>\n","protected":false},"author":1,"featured_media":0,"parent":489,"menu_order":4,"comment_status":"open","ping_status":"closed","template":"","meta":{"footnotes":""},"class_list":["post-498","page","type-page","status-publish","hentry"],"_links":{"self":[{"href":"http:\/\/www.straightforex.com\/es\/wp-json\/wp\/v2\/pages\/498","targetHints":{"allow":["GET"]}}],"collection":[{"href":"http:\/\/www.straightforex.com\/es\/wp-json\/wp\/v2\/pages"}],"about":[{"href":"http:\/\/www.straightforex.com\/es\/wp-json\/wp\/v2\/types\/page"}],"author":[{"embeddable":true,"href":"http:\/\/www.straightforex.com\/es\/wp-json\/wp\/v2\/users\/1"}],"replies":[{"embeddable":true,"href":"http:\/\/www.straightforex.com\/es\/wp-json\/wp\/v2\/comments?post=498"}],"version-history":[{"count":2,"href":"http:\/\/www.straightforex.com\/es\/wp-json\/wp\/v2\/pages\/498\/revisions"}],"predecessor-version":[{"id":933,"href":"http:\/\/www.straightforex.com\/es\/wp-json\/wp\/v2\/pages\/498\/revisions\/933"}],"up":[{"embeddable":true,"href":"http:\/\/www.straightforex.com\/es\/wp-json\/wp\/v2\/pages\/489"}],"wp:attachment":[{"href":"http:\/\/www.straightforex.com\/es\/wp-json\/wp\/v2\/media?parent=498"}],"curies":[{"name":"wp","href":"https:\/\/api.w.org\/{rel}","templated":true}]}}