{"id":496,"date":"2016-07-25T23:10:22","date_gmt":"2016-07-25T23:10:22","guid":{"rendered":"http:\/\/www.straightforex.com\/es\/?page_id=496"},"modified":"2016-08-03T02:47:13","modified_gmt":"2016-08-03T02:47:13","slug":"estilos-de-operacion","status":"publish","type":"page","link":"http:\/\/www.straightforex.com\/es\/curso-basico-de-forex\/desarrollo-de-tu-sistema\/estilos-de-operacion\/","title":{"rendered":"Estilos de Operaci\u00f3n"},"content":{"rendered":"<p>El tipo de estilo que decidas utilizar esta directamente correlacionado con el tiempo que puedes dedicarle a la operaci\u00f3n del mercado.<\/p>\n<h5>Estilos de Corto Plazo<\/h5>\n<p><i class=\"uk-theme-icon-check uk-margin-small-top\"><\/i>   Scalping<br \/>\n<i class=\"uk-theme-icon-check uk-margin-small-top\"><\/i>   Operaciones intrad\u00eda<\/p>\n<h5>Estilos de Largo Plazo<\/h5>\n<p><i class=\"uk-theme-icon-check uk-margin-small-top\"><\/i>   Operaciones swing<br \/>\n<i class=\"uk-theme-icon-check uk-margin-small-top\"><\/i>   Operaciones de posicionamiento<\/p>\n<h3>Scalping<\/h3>\n<h5>Caracter\u00edsticas:<\/h5>\n<p><i class=\"uk-theme-icon-check uk-margin-small-top\"><\/i>   Los operador abren y cierran posiciones en un periodo corto de tiempo, de segundos a minutos<br \/>\n<i class=\"uk-theme-icon-check uk-margin-small-top\"><\/i>   Los scalpers tienden a hacer muchas operaciones en un d\u00eda, algunos llegan a hacer hasta 100<br \/>\n<i class=\"uk-theme-icon-check uk-margin-small-top\"><\/i>   Buscan obtener peque\u00f1as ganancias en cada operaci\u00f3n (10, 5 o menos pips). Las p\u00e9rdidas tambi\u00e9n son m\u00ednimas.<br \/>\n<i class=\"uk-theme-icon-check uk-margin-small-top\"><\/i>   Estos operadores usualmente hacen operaciones grandes<br \/>\n<i class=\"uk-theme-icon-check uk-margin-small-top\"><\/i>   Los scalpers usualmente operan basados en la fuerza de un movimiento del mercado<\/p>\n<p>Tiempo que se requiere para operar una estrategia scalping: Estos operadores necesitan estar cerca de la pantalla por largas horas para vigilar las operaciones. Este tipo de estrategia tambi\u00e9n requiere de mucho tiempo de concentraci\u00f3n en el mercado.<\/p>\n<p><strong>Gr\u00e1ficos para operar<\/strong>: Generalmente operan en gr\u00e1ficos de 1 minuto<\/p>\n<h5>Ventajas<\/h5>\n<p><i class=\"uk-theme-icon-check uk-margin-small-top\"><\/i>   Riesgo m\u00ednimo por operaci\u00f3n<br \/>\n<i class=\"uk-theme-icon-check uk-margin-small-top\"><\/i>   Usualmente estos sistemas tienen alta efectividad<br \/>\n<i class=\"uk-theme-icon-check uk-margin-small-top\"><\/i>   No se requiere de an\u00e1lisis fundamental<br \/>\n<i class=\"uk-theme-icon-check uk-margin-small-top\"><\/i>   No hay riesgo por movimientos en los mercados fuera de las horas de operaci\u00f3n<br \/>\n<i class=\"uk-theme-icon-check uk-margin-small-top\"><\/i>   Por lo general existen muchas oportunidades cada d\u00eda<\/p>\n<h5>Desventajas<\/h5>\n<p><i class=\"uk-theme-icon-check uk-margin-small-top\"><\/i>   Niveles altos de estr\u00e9s emocional y presi\u00f3n psicol\u00f3gica<br \/>\n<i class=\"uk-theme-icon-check uk-margin-small-top\"><\/i>   Los brokers escogidos deben tener una ejecuci\u00f3n r\u00e1pida y consistente<br \/>\n<i class=\"uk-theme-icon-check uk-margin-small-top\"><\/i>   A la mayor\u00eda de los brokers no les gustan los scalpers (a veces los ponen en ejecuci\u00f3n manual: un empleado del broker acepta o rechaza las operaciones)<br \/>\n<i class=\"uk-theme-icon-check uk-margin-small-top\"><\/i>   Altos costos de transacci\u00f3n. Si un scalper hace 20 operaciones en el euro al d\u00eda y paga 3 pips de spread, va a pagar US$600 de puro spread en ese d\u00eda.<\/p>\n<h5>Estrategias comunes:<\/h5>\n<p><i class=\"uk-theme-icon-check uk-margin-small-top\"><\/i>   Estrategias de rompimiento &#8211; tratan de obtener ganancias de periodos de consolidaci\u00f3n de corto plazo (cuando ocurre el rompimiento entran al mercado)<br \/>\n<i class=\"uk-theme-icon-check uk-margin-small-top\"><\/i>   Retrocesos de importantes niveles de soporte, resistencia, HOPS, LOPS, etc.<br \/>\n<i class=\"uk-theme-icon-check uk-margin-small-top\"><\/i>   Operaci\u00f3n durante an\u00e1lisis fundamentales ( anuncio del desempleo de EU)<\/p>\n<h3>Operaciones Intrad\u00eda<\/h3>\n<h5>Caracter\u00edsticas:<\/h5>\n<p><i class=\"uk-theme-icon-check uk-margin-small-top\"><\/i>   Todas las operaciones se abren y cierran en el mismo d\u00eda, las operaciones duran de unos minutos a algunas horas.<br \/>\n<i class=\"uk-theme-icon-check uk-margin-small-top\"><\/i>   Este tipo de operaci\u00f3n requiere de un alto nivel de disciplina y paciencia para esperar al momento justo para entrar al mercado.<br \/>\n<i class=\"uk-theme-icon-check uk-margin-small-top\"><\/i>   La mayor\u00eda de estos operadores basan sus operaciones en an\u00e1lisis t\u00e9cnico.<br \/>\n<i class=\"uk-theme-icon-check uk-margin-small-top\"><\/i>   La frecuencia de operaciones puede ir de una a cinco operaciones al d\u00eda.<br \/>\n<i class=\"uk-theme-icon-check uk-margin-small-top\"><\/i>   Estos operadores tratan de capitalizarse de la tendencia del mismo d\u00eda.<\/p>\n<p>Tiempo que se requiere para operar una estrategia intrad\u00eda: estos operadores necesitan monitorear constantemente los mercados para encontrar los puntos de entrada y salida del mercado. No es recomendable para los operadores que  tienen un trabajo regular.<\/p>\n<p>Gr\u00e1ficos: de 5 a 30 minutos<\/p>\n<h5>Ventajas:<\/h5>\n<p><i class=\"uk-theme-icon-check uk-margin-small-top\"><\/i>   Potencial alto para obtener ganancias<br \/>\n<i class=\"uk-theme-icon-check uk-margin-small-top\"><\/i>   Los operadores intrad\u00eda pueden usar una buena RPR<br \/>\n<i class=\"uk-theme-icon-check uk-margin-small-top\"><\/i>   Pueden capitalizarse de tendencia de corto plazo<br \/>\n<i class=\"uk-theme-icon-check uk-margin-small-top\"><\/i>   No hay riesgo \u201covernight\u201d (comportamiento del mercado en la sesi\u00f3n asi\u00e1tica)<br \/>\n<i class=\"uk-theme-icon-check uk-margin-small-top\"><\/i>   Siempre hay otra oportunidad para hacer dinero en el mercado<\/p>\n<h5>Desventajas:<\/h5>\n<p><i class=\"uk-theme-icon-check uk-margin-small-top\"><\/i>   Requiere de un enfoque sistem\u00e1tico<br \/>\n<i class=\"uk-theme-icon-check uk-margin-small-top\"><\/i>   Se requiere de un alto nivel de disciplina y paciencia para operar intrad\u00eda<br \/>\n<i class=\"uk-theme-icon-check uk-margin-small-top\"><\/i>   Se necesitan usar distintas estrategias para diferentes condiciones del mercado<br \/>\n<i class=\"uk-theme-icon-check uk-margin-small-top\"><\/i>   Se requiere de monitoreo constante para anuncios fundamentales (pueden provocar un movimiento adverso del precio)<br \/>\n<i class=\"uk-theme-icon-check uk-margin-small-top\"><\/i>   Muchas veces hay mucho \u201cruido\u201d en el mercado intrad\u00eda.<\/p>\n<h5>Estrategias comunes:<\/h5>\n<p>Para este tipo de operaci\u00f3n hay un sinn\u00famero de estrategias que pueden ser usadas:<\/p>\n<p><i class=\"uk-theme-icon-check uk-margin-small-top\"><\/i>   Operar basados en patrones gr\u00e1ficos<br \/>\n<i class=\"uk-theme-icon-check uk-margin-small-top\"><\/i>   Basado en indicadores t\u00e9cnicos<br \/>\n<i class=\"uk-theme-icon-check uk-margin-small-top\"><\/i>   Basado en el comportamiento del precio<br \/>\n<i class=\"uk-theme-icon-check uk-margin-small-top\"><\/i>   Buscar niveles de rompimiento<br \/>\n<i class=\"uk-theme-icon-check uk-margin-small-top\"><\/i>   O buscar retrocesos para operar en direcci\u00f3n de la tendencia<br \/>\n<i class=\"uk-theme-icon-check uk-margin-small-top\"><\/i>   Operaciones en rango<\/p>\n<h3>Operaciones Swing<\/h3>\n<h5>Caracter\u00edsticas:<\/h5>\n<p><i class=\"uk-theme-icon-check uk-margin-small-top\"><\/i>   Las operaciones duran de dos a cinco d\u00edas<br \/>\n<i class=\"uk-theme-icon-check uk-margin-small-top\"><\/i>   Los operadores swing tratan de tomar ventaja de la tendencia a mediano plazo<br \/>\n<i class=\"uk-theme-icon-check uk-margin-small-top\"><\/i>   Las posiciones se mantienen abiertas durante toda las sesi\u00f3n<\/p>\n<p>Tiempo que se requiere para operar una estrategia swing: este tipo de operadores solo requieren de monitorear sus posiciones algunas veces al d\u00eda.<\/p>\n<p><strong>Gr\u00e1ficos<\/strong>: de 1 hora hasta 4 horas<\/p>\n<h5>Ventajas:<\/h5>\n<p><i class=\"uk-theme-icon-check uk-margin-small-top\"><\/i>   Mucho potencial de ganancias al intentar capitalizarse de tendencias de mediano plazo.<br \/>\n<i class=\"uk-theme-icon-check uk-margin-small-top\"><\/i>   Normalmente los operadores swing utilizan una RPR por arriba de 3:1<br \/>\n<i class=\"uk-theme-icon-check uk-margin-small-top\"><\/i>   Como las operaciones tienen mas espacios en sus \u00f3rdenes, normalmente no son atrapados por ruido intrad\u00eda.<br \/>\n<i class=\"uk-theme-icon-check uk-margin-small-top\"><\/i>   Bajos costos de transacci\u00f3n<br \/>\n<i class=\"uk-theme-icon-check uk-margin-small-top\"><\/i>   El estr\u00e9s emocional y las barreras psicol\u00f3gicas son menores que en operaciones intrad\u00eda.<\/p>\n<h5>Desventajas:<\/h5>\n<p><i class=\"uk-theme-icon-check uk-margin-small-top\"><\/i>   No hay manera de capitalizarse de la tendencia de corto plazo<br \/>\n<i class=\"uk-theme-icon-check uk-margin-small-top\"><\/i>   Un nivel alto de disciplina y paciencia se requiere para operar de esta manera<br \/>\n<i class=\"uk-theme-icon-check uk-margin-small-top\"><\/i>   Este tipo de sistemas usualmente tienen una efectividad baja<br \/>\n<i class=\"uk-theme-icon-check uk-margin-small-top\"><\/i>   Existe riesgo del mercado \u201covernight\u201d<\/p>\n<h5>Estrategias comunes:<\/h5>\n<p><i class=\"uk-theme-icon-check uk-margin-small-top\"><\/i>   Los operadores swing usualmente se enfocan mas en divisas que pagan inter\u00e9s.<br \/>\n<i class=\"uk-theme-icon-check uk-margin-small-top\"><\/i>   Operaciones basados en indicadores t\u00e9cnicos, patrones gr\u00e1ficos<br \/>\n<i class=\"uk-theme-icon-check uk-margin-small-top\"><\/i>   Operaciones en base al comportamiento del precio<br \/>\n<i class=\"uk-theme-icon-check uk-margin-small-top\"><\/i>   Estrategias de rompimiento<br \/>\n<i class=\"uk-theme-icon-check uk-margin-small-top\"><\/i>   Operaciones en retroceso de tendencias de mediano plazo<\/p>\n<h3>Operaciones de Posicionamiento<\/h3>\n<h5>Caracter\u00edsticas:<\/h5>\n<p><i class=\"uk-theme-icon-check uk-margin-small-top\"><\/i>   Las operaciones duran de unos d\u00edas a unas semanas o incluso meses<br \/>\n<i class=\"uk-theme-icon-check uk-margin-small-top\"><\/i>   Los operadores intentas determinar el movimiento del precio en el largo plazo<br \/>\n<i class=\"uk-theme-icon-check uk-margin-small-top\"><\/i>   Las posiciones son mantenidas abiertas durante las noches y fines de semana<\/p>\n<p>Tiempo que se requiere para operar una estrategia de posicionamiento: Los operadores requieren de monitorear sus posiciones una o dos veces al d\u00eda.<\/p>\n<p><strong>Gr\u00e1ficos:<\/strong> de 4 horas a gr\u00e1ficos diarios<\/p>\n<h5>Ventajas:<\/h5>\n<p><i class=\"uk-theme-icon-check uk-margin-small-top\"><\/i>   Potencial alto de ganancias<br \/>\n<i class=\"uk-theme-icon-check uk-margin-small-top\"><\/i>   Los operadores de posicionamiento pueden usar estrategias con una RPR muy alta (4:1, 5:1 o mayores)<br \/>\n<i class=\"uk-theme-icon-check uk-margin-small-top\"><\/i>   Los ruido de los movimientos intrad\u00eda por lo general no activan la toma de perdidas en las posiciones<br \/>\n<i class=\"uk-theme-icon-check uk-margin-small-top\"><\/i>   Costos de transacci\u00f3n muy bajos<br \/>\n<i class=\"uk-theme-icon-check uk-margin-small-top\"><\/i>   El nivel de estr\u00e9s emocional es muy bajo, las barreras psicol\u00f3gicas tambi\u00e9n son bajas.<\/p>\n<h5>Desventajas:<\/h5>\n<p><i class=\"uk-theme-icon-check uk-margin-small-top\"><\/i>   No se puede capitalizar de movimientos de corto plazo<br \/>\n<i class=\"uk-theme-icon-check uk-margin-small-top\"><\/i>   Un nivel alto de disciplina y paciencia se requiere para operar esta estrategia<br \/>\n<i class=\"uk-theme-icon-check uk-margin-small-top\"><\/i>   Este tipo de estrategia usualmente tienen un nivel de efectividad muy bajo<br \/>\n<i class=\"uk-theme-icon-check uk-margin-small-top\"><\/i>   Riesgo overnight<\/p>\n<h5>Estrategias comunes<\/h5>\n<p><i class=\"uk-theme-icon-check uk-margin-small-top\"><\/i>   Enfocarse \u00fanicamente en divisas que pagan inter\u00e9s<br \/>\n<i class=\"uk-theme-icon-check uk-margin-small-top\"><\/i>   Los niveles de Fibonacci tienden a ser muy efectivos en los gr\u00e1ficos de largo plazo.<br \/>\n<i class=\"uk-theme-icon-check uk-margin-small-top\"><\/i>   Operar basado en patrones gr\u00e1ficos, indicadores t\u00e9cnicos<br \/>\n<i class=\"uk-theme-icon-check uk-margin-small-top\"><\/i>   Estrategias que incorporan el comportamiento del precio<br \/>\n<i class=\"uk-theme-icon-check uk-margin-small-top\"><\/i>   Estrategias de rompimiento y de retrocesos<\/p>\n<h3>\u00bfQu\u00e9 estilo de operaci\u00f3n utilizar? <\/h3>\n<p>Todos los operadores tienen diferentes necesidades, recursos, tiempo y objetivos. Por eso es que no hay un estilo que pueda adecuarse a cualquier operador, necesitamos evaluar nuestra situaci\u00f3n y escoger de acuerdo a los resultado obtenidos.<\/p>\n<p>Por ejemplo, si tiene un trabajo regular un estilo swing o de posicionamiento es probablemente la mejor opci\u00f3n. Si no tiene otras actividades que realizar y tiene disponibilidad para ver los gr\u00e1ficos mucho tiempo entonces le convendr\u00eda una estilo intrad\u00eda.<\/p>\n<p>Tambi\u00e9n tome en consideraci\u00f3n que si le gusta operar basado en el an\u00e1lisis fundamental entonces una estrategia de mas largo plazo se va a adecuar m\u00e1s a su personalidad (estilo swing o de posicionamiento) ya que los cambios en la oferta y demanda tardan mas en reflejarse en los gr\u00e1ficos.<\/p>\n<p>Lo que sea que escoja, aseg\u00farese de que va de acuerdo a su personalidad y a sus objetivos de otra manera va a encontrar problemas al tratar de seguirlo.<\/p>\n","protected":false},"excerpt":{"rendered":"<p>El tipo de estilo que decidas utilizar esta directamente correlacionado con el tiempo que puedes dedicarle a la operaci\u00f3n del mercado. Estilos de Corto Plazo Scalping Operaciones intrad\u00eda Estilos de Largo Plazo Operaciones swing Operaciones de posicionamiento Scalping Caracter\u00edsticas: Los operador abren y cierran posiciones en un periodo corto de tiempo, de segundos a minutos [&hellip;]<\/p>\n","protected":false},"author":1,"featured_media":0,"parent":489,"menu_order":3,"comment_status":"open","ping_status":"closed","template":"","meta":{"footnotes":""},"class_list":["post-496","page","type-page","status-publish","hentry"],"_links":{"self":[{"href":"http:\/\/www.straightforex.com\/es\/wp-json\/wp\/v2\/pages\/496","targetHints":{"allow":["GET"]}}],"collection":[{"href":"http:\/\/www.straightforex.com\/es\/wp-json\/wp\/v2\/pages"}],"about":[{"href":"http:\/\/www.straightforex.com\/es\/wp-json\/wp\/v2\/types\/page"}],"author":[{"embeddable":true,"href":"http:\/\/www.straightforex.com\/es\/wp-json\/wp\/v2\/users\/1"}],"replies":[{"embeddable":true,"href":"http:\/\/www.straightforex.com\/es\/wp-json\/wp\/v2\/comments?post=496"}],"version-history":[{"count":3,"href":"http:\/\/www.straightforex.com\/es\/wp-json\/wp\/v2\/pages\/496\/revisions"}],"predecessor-version":[{"id":932,"href":"http:\/\/www.straightforex.com\/es\/wp-json\/wp\/v2\/pages\/496\/revisions\/932"}],"up":[{"embeddable":true,"href":"http:\/\/www.straightforex.com\/es\/wp-json\/wp\/v2\/pages\/489"}],"wp:attachment":[{"href":"http:\/\/www.straightforex.com\/es\/wp-json\/wp\/v2\/media?parent=496"}],"curies":[{"name":"wp","href":"https:\/\/api.w.org\/{rel}","templated":true}]}}