{"id":493,"date":"2016-07-25T23:04:26","date_gmt":"2016-07-25T23:04:26","guid":{"rendered":"http:\/\/www.straightforex.com\/es\/?page_id=493"},"modified":"2016-08-03T02:44:38","modified_gmt":"2016-08-03T02:44:38","slug":"tipos-de-sistemas","status":"publish","type":"page","link":"http:\/\/www.straightforex.com\/es\/curso-basico-de-forex\/desarrollo-de-tu-sistema\/tipos-de-sistemas\/","title":{"rendered":"Tipos de Sistemas"},"content":{"rendered":"<p>B\u00e1sicamente existen dos tipos de sistemas o estrategias: sistemas discrecionales y sistemas mec\u00e1nicos. Las se\u00f1ales que se producen en los sistemas mec\u00e1nicos principalmente se basan en indicadores t\u00e9cnicos (o patrones gr\u00e1ficos) aplic\u00e1ndolos de manera sistem\u00e1tica. <\/p>\n<p>Por el otro lado, los sistemas discrecionales usan la experiencia, intuici\u00f3n y se juzga cada momento para determinar las se\u00f1ales del mercado. <\/p>\n<p>\u00bfCu\u00e1l de estos dos enfoques proporciona mejores resultados? O mas importante \u00bfQu\u00e9 enfoque se adecua mas a tu personalidad?<\/p>\n<p>En esta secci\u00f3n trataremos de responder esas preguntas. Primero vamos a analizar las ventajas y desventajas acerca de cada enfoque.<\/p>\n<h3>Sistemas Mec\u00e1nicos<\/h3>\n<h5>Ventajas<\/h5>\n<p><i class=\"uk-theme-icon-check uk-margin-small-top\"><\/i>   Este tipo de sistemas puede ser automatizado y ser probado en datos pasados eficientemente (algunas plataformas te permiten correr tu sistema en una simulaci\u00f3n)<br \/>\n<i class=\"uk-theme-icon-check uk-margin-small-top\"><\/i>   Tienen reglas muy r\u00edgidas, existe o no existe una se\u00f1al.<br \/>\n<i class=\"uk-theme-icon-check uk-margin-small-top\"><\/i>   Los operadores mec\u00e1nicos son menos susceptibles a las emociones que los operadores discrecionales<\/p>\n<h5>Desventajas<\/h5>\n<p><i class=\"uk-theme-icon-check uk-margin-small-top\"><\/i>   La mayor\u00eda de los operadores hacen simulaciones incorrectas del sistema. Para tener resultados reales y consistentes se necesita informaci\u00f3n del precio cada segundo.<br \/>\n<i class=\"uk-theme-icon-check uk-margin-small-top\"><\/i>   El mercado Forex siempre esta cambiando. Las condiciones pueden ser similares, pero nunca son las mismas.<br \/>\n<i class=\"uk-theme-icon-check uk-margin-small-top\"><\/i>   Un sistema o estrategia que gener\u00f3 resultados consistentes en el pasado no quiere decir que va a generar resultados positivos en el futuro.<\/p>\n<h3>Sistemas Discrecionales<\/h3>\n<h5>Ventajas<\/h5>\n<p><i class=\"uk-theme-icon-check uk-margin-small-top\"><\/i>   Los sistemas discrecionales se adaptan f\u00e1cilmente a nuevas condiciones de mercado.<br \/>\n<i class=\"uk-theme-icon-check uk-margin-small-top\"><\/i>   Las decisiones se basan por parte en experiencia, los operadores aprender a ver que tipo de se\u00f1ales tienen m\u00e1s alta probabilidad de \u00e9xito.<\/p>\n<h5>Desventajas<\/h5>\n<p><i class=\"uk-theme-icon-check uk-margin-small-top\"><\/i>   No pueden ser probados en un simulador porque siempre hay una decisi\u00f3n que se tiene que tomar.<br \/>\n<i class=\"uk-theme-icon-check uk-margin-small-top\"><\/i>   Toma tiempo desarrollar la experiencia necesaria para operar exitosamente con un enfoque discrecional. En tempranas etapas puede ser muy peligroso para nuestra cuenta operar de esta manera.<\/p>\n<h5>\u00bfQu\u00e9 enfoque es mejor para el mercado Forex? <\/h5>\n<p>Es muy dif\u00edcil empezar a operar usando un sistema discrecional. Lo mas recomendable es empezar con un sistema mec\u00e1nico, y conforme obtiene m\u00e1s experiencia con un sistema en particular, va a reconocer las se\u00f1ales que tienen mas probabilidades de \u00e9xito, pero esto solo se puede obtener analizando en un diario las operaciones en un periodo largo de tiempo. No es algo que se obtiene de la noche a la ma\u00f1ana, por eso, enf\u00f3quese al principio en sistemas mec\u00e1nicos. Otro punto importante que tenemos que tomar en consideraci\u00f3n es la disciplina del operador. Si es un operador que encuentra dif\u00edcil seguir las se\u00f1ales, entonces le recomiendo enfocarse \u00fanicamente en sistemas mec\u00e1nicos, donde solo tome las transacciones que se\u00f1ale su sistema.<\/p>\n<p>Tambi\u00e9n si las barreras psicol\u00f3gicas que afectan a los operadores (miedo, avaricia, esperanza, etc.) lo ponen en situaciones no deseables, entonces tambi\u00e9n es recomendable que utilices sistemas mec\u00e1nicos porque solo necesita seguir lo que su sistema le esta indicando, compre, venda, cierre la operaci\u00f3n. No hay otra decisi\u00f3n que se tenga que tomar.<\/p>\n<p>Por el otro lado, si es un operador disciplinado y con experiencia, puede enfocarse en sistemas discrecionales. Sus ventajas ser\u00edan que este tipo de sistemas se adaptan a nuevas condiciones de mercado y puede cambiar sus operaciones cuando las condiciones del mercado cambien. <\/p>\n<p>Por ejemplo, usted fija su nivel de toma de ganancias en 60 pips en una operaci\u00f3n de compra, el mercado sube r\u00e1pidamente alcanzando 50 pips a su favor, tiene posibilidades de subir un poco m\u00e1s, permiti\u00e9ndole fijar una nueva toma de ganancias en 100 pips. Este tipo de decisiones son buenas cuando ya tiene algo de experiencia, pero pueden ser catastr\u00f3ficas si es un operador principiante. <\/p>\n<p>\u00bfEsto significa que los sistemas discrecionales no tienen reglas? No, esto es incorrecto. Operar basado en enfoques discrecionales quiere decir que una vez que el operador encuentra las condiciones para que se de una se\u00f1al (setup) el operador decide que es lo que va a hacer. Pero aun los operadores discrecionales necesitan ciertas reglas como el tama\u00f1o de la posici\u00f3n, condiciones que tienen que presentarse para pensar en una operaci\u00f3n, etc.<\/p>\n<p>Sin importar el enfoque que decidas usar existen muchos puntos que debes tomar en consideraci\u00f3n:<\/p>\n<p>1. Necesita asegurarse de que el sistema que desarrolle se ajuste a su personalidad como operador, de otra manera va a encontrar dif\u00edcil seguir su sistema.<\/p>\n<p>2. Necesita definir claramente las reglas y m\u00e1s importante necesita seguirlas rigurosamente.<\/p>\n<p>3. T\u00f3mese su tiempo para desarrollar el sistema adecuado para usted. No es f\u00e1cil y requiere de trabajo y tiempo, pero al final, si lo hace correctamente, probablemente va a obtener resultados positivos al operar el mercado.<\/p>\n<p>4. Antes de operar el mercado con su sistema necesita probarlo en una cuenta demo o una cuenta con fondos limitados.<\/p>\n","protected":false},"excerpt":{"rendered":"<p>B\u00e1sicamente existen dos tipos de sistemas o estrategias: sistemas discrecionales y sistemas mec\u00e1nicos. Las se\u00f1ales que se producen en los sistemas mec\u00e1nicos principalmente se basan en indicadores t\u00e9cnicos (o patrones gr\u00e1ficos) aplic\u00e1ndolos de manera sistem\u00e1tica. Por el otro lado, los sistemas discrecionales usan la experiencia, intuici\u00f3n y se juzga cada momento para determinar las se\u00f1ales [&hellip;]<\/p>\n","protected":false},"author":1,"featured_media":0,"parent":489,"menu_order":2,"comment_status":"open","ping_status":"closed","template":"","meta":{"footnotes":""},"class_list":["post-493","page","type-page","status-publish","hentry"],"_links":{"self":[{"href":"http:\/\/www.straightforex.com\/es\/wp-json\/wp\/v2\/pages\/493","targetHints":{"allow":["GET"]}}],"collection":[{"href":"http:\/\/www.straightforex.com\/es\/wp-json\/wp\/v2\/pages"}],"about":[{"href":"http:\/\/www.straightforex.com\/es\/wp-json\/wp\/v2\/types\/page"}],"author":[{"embeddable":true,"href":"http:\/\/www.straightforex.com\/es\/wp-json\/wp\/v2\/users\/1"}],"replies":[{"embeddable":true,"href":"http:\/\/www.straightforex.com\/es\/wp-json\/wp\/v2\/comments?post=493"}],"version-history":[{"count":4,"href":"http:\/\/www.straightforex.com\/es\/wp-json\/wp\/v2\/pages\/493\/revisions"}],"predecessor-version":[{"id":930,"href":"http:\/\/www.straightforex.com\/es\/wp-json\/wp\/v2\/pages\/493\/revisions\/930"}],"up":[{"embeddable":true,"href":"http:\/\/www.straightforex.com\/es\/wp-json\/wp\/v2\/pages\/489"}],"wp:attachment":[{"href":"http:\/\/www.straightforex.com\/es\/wp-json\/wp\/v2\/media?parent=493"}],"curies":[{"name":"wp","href":"https:\/\/api.w.org\/{rel}","templated":true}]}}