{"id":491,"date":"2016-07-25T23:01:35","date_gmt":"2016-07-25T23:01:35","guid":{"rendered":"http:\/\/www.straightforex.com\/es\/?page_id=491"},"modified":"2016-07-26T16:25:52","modified_gmt":"2016-07-26T16:25:52","slug":"como-crear-tu-sistema","status":"publish","type":"page","link":"http:\/\/www.straightforex.com\/es\/curso-basico-de-forex\/desarrollo-de-tu-sistema\/como-crear-tu-sistema\/","title":{"rendered":"C\u00f3mo crear tu sistema"},"content":{"rendered":"<p>Es importante desarrollar un sistema que se ajuste perfectamente a nuestra personalidad, de otra manera vamos a encontrar mucha dificultad al tratar de seguirlo rigurosamente. Entonces, \u00bfC\u00f3mo desarrollamos un sistema adecuado para m\u00ed? La \u00fanica manera de saberlo es desarrollar un sistema y operarlo en una cuenta demo en una muestra razonable de operaciones, si encuentra dif\u00edcil realizar las operaciones y seguir su sistema entonces lo mas probable es que no se ajuste a su personalidad.<\/p>\n<p>Esto ocurre usualmente cuando operamos con un sistema que no desarrollamos nosotros mismos. Entonces, no es recomendable empezar a operar un sistema en una cuenta real que nosotros no creamos. Siempre lo mejor es probarlo en una cuenta demo para asegurar que genera ganancias y que se ajuste a nuestra personalidad. De esta manera va a poder hacerle cambios si es necesario para que se ajuste a su personalidad. <\/p>\n<h5>Para crear un sistema \u00e9xitos necesitamos tomar en cuenta los siguientes puntos:<\/h5>\n<p>1. Tipos de sistemas<\/p>\n<p>2. Estilos de operaci\u00f3n<\/p>\n<p>3. Escoger un concepto de operaci\u00f3n<\/p>\n<p>4. Conceptualizaci\u00f3n el sistema<\/p>\n<p>5. Probar y operar el sistema<\/p>\n<p>Vamos a ver cada paso para realizar un sistema exitoso en esta lecci\u00f3n.<\/p>\n","protected":false},"excerpt":{"rendered":"<p>Es importante desarrollar un sistema que se ajuste perfectamente a nuestra personalidad, de otra manera vamos a encontrar mucha dificultad al tratar de seguirlo rigurosamente. Entonces, \u00bfC\u00f3mo desarrollamos un sistema adecuado para m\u00ed? La \u00fanica manera de saberlo es desarrollar un sistema y operarlo en una cuenta demo en una muestra razonable de operaciones, si [&hellip;]<\/p>\n","protected":false},"author":1,"featured_media":0,"parent":489,"menu_order":1,"comment_status":"open","ping_status":"closed","template":"","meta":{"footnotes":""},"class_list":["post-491","page","type-page","status-publish","hentry"],"_links":{"self":[{"href":"http:\/\/www.straightforex.com\/es\/wp-json\/wp\/v2\/pages\/491","targetHints":{"allow":["GET"]}}],"collection":[{"href":"http:\/\/www.straightforex.com\/es\/wp-json\/wp\/v2\/pages"}],"about":[{"href":"http:\/\/www.straightforex.com\/es\/wp-json\/wp\/v2\/types\/page"}],"author":[{"embeddable":true,"href":"http:\/\/www.straightforex.com\/es\/wp-json\/wp\/v2\/users\/1"}],"replies":[{"embeddable":true,"href":"http:\/\/www.straightforex.com\/es\/wp-json\/wp\/v2\/comments?post=491"}],"version-history":[{"count":1,"href":"http:\/\/www.straightforex.com\/es\/wp-json\/wp\/v2\/pages\/491\/revisions"}],"predecessor-version":[{"id":492,"href":"http:\/\/www.straightforex.com\/es\/wp-json\/wp\/v2\/pages\/491\/revisions\/492"}],"up":[{"embeddable":true,"href":"http:\/\/www.straightforex.com\/es\/wp-json\/wp\/v2\/pages\/489"}],"wp:attachment":[{"href":"http:\/\/www.straightforex.com\/es\/wp-json\/wp\/v2\/media?parent=491"}],"curies":[{"name":"wp","href":"https:\/\/api.w.org\/{rel}","templated":true}]}}