{"id":489,"date":"2016-07-25T23:00:23","date_gmt":"2016-07-25T23:00:23","guid":{"rendered":"http:\/\/www.straightforex.com\/es\/?page_id=489"},"modified":"2016-08-03T02:42:52","modified_gmt":"2016-08-03T02:42:52","slug":"desarrollo-de-tu-sistema","status":"publish","type":"page","link":"http:\/\/www.straightforex.com\/es\/curso-basico-de-forex\/desarrollo-de-tu-sistema\/","title":{"rendered":"Desarrollo de tu Sistema"},"content":{"rendered":"<p>En este punto, debe saber que es importante operar basado en un sistema o estrategia, de otra manera va a ser muy dif\u00edcil obtener ganancias consistentes del mercado Forex. Los sistemas nos muestran los puntos de entrada y salida del mercado, as\u00ed como otros aspectos importantes del mercado. <\/p>\n<p>Cuando desarrollamos un sistema buscamos ciertos movimientos en el mercado y que tipo de comportamiento del precio, se\u00f1al de indicador o patrones gr\u00e1ficos pudieron haber obtenido ganancias de ese movimiento. Luego creamos las reglas y cuando estas reglas est\u00e1n presentes en el futuro entonces se activa nuestra se\u00f1al de compra o venta. <\/p>\n<p>La mayor\u00eda de los sistemas se basan en patrones gr\u00e1ficos y se\u00f1ales de indicadores. Sin embargo, no debemos olvidar un aspecto importante: los patrones (ya sean gr\u00e1ficos o de indicadores t\u00e9cnicos) nunca son iguales, son solamente similares. Para que dos patrones sean exactamente iguales, los mismos operadores tienen que estar involucrados en los dos patrones, y no solo esto, sino que necesitan hacer exactamente lo mismo, necesitan tambi\u00e9n estar en el mismo estado de \u00e1nimo para se generen patrones id\u00e9nticos. Sabemos que esto es pr\u00e1cticamente imposible porque hay muchas variables que tienen que ser tomadas en cuenta, por ejemplo, cuantos operadores est\u00e1n esperando una se\u00f1al, cuantos operadores van a salir del mercado antes de lo planeado, cuantos de ellos van a tomar ganancias o perdidas parciales, etc.<\/p>\n<p>Esto nos dice que nunca existe certidumbre a cerca del resultado de una se\u00f1al de compra o venta. Sin embargo, aunque no sabemos el resultado de cada se\u00f1al individual sabemos que el resultado de un conjunto de se\u00f1ales puede ser previsible entonces si seguimos nuestro sistema al pie de la letra tenemos muchas mas posibilidades de \u00e9xito. Cuando nuestro sistema nos se\u00f1ala una operaci\u00f3n simplemente nos esta diciendo que las probabilidades de que el mercado se dirija en una direcci\u00f3n sobre otra, y en el largo plazo las probabilidades van a hacer su parte para que nos acerquemos al \u00e9xito en las operaciones.<\/p>\n<p><strong>Entonces sabemos dos cosas importantes:<\/strong><\/p>\n<p><i class=\"uk-theme-icon-check uk-margin-small-top\"><\/i>   No sabemos por adelantado el resultado de cada se\u00f1al<br \/>\n<i class=\"uk-theme-icon-check uk-margin-small-top\"><\/i>   Si seguimos nuestro sistema rigurosamente, al final, las probabilidades van a hacer su parte<\/p>\n<p>Lo que es interesante es que no necesitamos saber que es lo que va a pasar en cada operaci\u00f3n individual para hacer dinero en el mercado, lo \u00fanico que necesitamos es desarrollar un sistema bien planeado y seguirlo rigurosamente, al final, si hicimos y probamos bien el sistema, va a generar dinero.<\/p>\n<p>Pero antes de aplicar este conocimiento necesitamos desarrollar nuestro propio sistema. En esta lecci\u00f3n vamos a ver como desarrollar un sistema que se ajuste a nuestra personalidad.<\/p>\n<p><strong>Esta lecci\u00f3n esta estructurada de la siguiente manera:<\/strong><\/p>\n<h3><a href=\"http:\/\/www.straightforex.com\/es\/curso-basico-de-forex\/desarrollo-de-tu-sistema\/como-crear-tu-sistema\/\">Secci\u00f3n II: C\u00f3mo crear tu sistema<\/a><\/h3>\n<p> Informaci\u00f3n importante acerca de los sistemas de operaci\u00f3n.<\/p>\n<h3><a href=\"http:\/\/www.straightforex.com\/es\/curso-basico-de-forex\/desarrollo-de-tu-sistema\/tipos-de-sistemas\/\">Secci\u00f3n III: Tipos de Sistemas<\/a><\/h3>\n<p> Existen dos tipos de sistemas, revisaremos sus ventajas y desventajas.<\/p>\n<h3><a href=\"http:\/\/www.straightforex.com\/es\/curso-basico-de-forex\/desarrollo-de-tu-sistema\/estilos-de-operacion\/\">Secci\u00f3n IV: Estilos de Operaci\u00f3n<\/a><\/h3>\n<p> Revisaremos los estilos que puede adoptar para crear su sistema<\/p>\n<h3><a href=\"http:\/\/www.straightforex.com\/es\/curso-basico-de-forex\/desarrollo-de-tu-sistema\/conceptos-de-operacion\/\">Secci\u00f3n V: Conceptos de Operaci\u00f3n<\/a><\/h3>\n<p> No todos los conceptos encajan en todos los operadores, escoja el que mejor se ajuste a su personalidad.<\/p>\n<h3><a href=\"http:\/\/www.straightforex.com\/es\/curso-basico-de-forex\/desarrollo-de-tu-sistema\/conceptualizacion-del-sistema\/\">Secci\u00f3n VI: Conceptualizaci\u00f3n del Sistema<\/a><\/h3>\n<p> Despu\u00e9s de elegir los puntos anteriores, es tiempo de darle forma al sistema.<\/p>\n<h3><a href=\"http:\/\/www.straightforex.com\/es\/curso-basico-de-forex\/desarrollo-de-tu-sistema\/que-es-lo-que-sigue\/\">Secci\u00f3n VII: Operaci\u00f3n en Demo vs Real<\/a><\/h3>\n<p> Una vez que creamos nuestro sistema para en realidad saber si se ajusta a nuestra personalidad hay que seguir unos pasos.<\/p>\n<h3><a href=\"http:\/\/www.straightforex.com\/es\/curso-basico-de-forex\/desarrollo-de-tu-sistema\/algunos-puntos-que-debe-tomar-en-consideracion\/\">Secci\u00f3n VIII: Algunos puntos a tomar en cuenta<\/a><\/h3>\n<p> Antes de tomar cualquier acci\u00f3n tomas los siguientes puntos en consideraci\u00f3n.  <\/p>\n<h3><a href=\"http:\/\/www.straightforex.com\/es\/curso-basico-de-forex\/desarrollo-de-tu-sistema\/resumen-desarrollo-de-tu-sistema\/\">Resumen<\/a><\/h3>\n<p> Breve resumen de toda la lecci\u00f3n.<\/p>\n","protected":false},"excerpt":{"rendered":"<p>En este punto, debe saber que es importante operar basado en un sistema o estrategia, de otra manera va a ser muy dif\u00edcil obtener ganancias consistentes del mercado Forex. Los sistemas nos muestran los puntos de entrada y salida del mercado, as\u00ed como otros aspectos importantes del mercado. Cuando desarrollamos un sistema buscamos ciertos movimientos [&hellip;]<\/p>\n","protected":false},"author":1,"featured_media":0,"parent":139,"menu_order":7,"comment_status":"open","ping_status":"closed","template":"","meta":{"footnotes":""},"class_list":["post-489","page","type-page","status-publish","hentry"],"_links":{"self":[{"href":"http:\/\/www.straightforex.com\/es\/wp-json\/wp\/v2\/pages\/489","targetHints":{"allow":["GET"]}}],"collection":[{"href":"http:\/\/www.straightforex.com\/es\/wp-json\/wp\/v2\/pages"}],"about":[{"href":"http:\/\/www.straightforex.com\/es\/wp-json\/wp\/v2\/types\/page"}],"author":[{"embeddable":true,"href":"http:\/\/www.straightforex.com\/es\/wp-json\/wp\/v2\/users\/1"}],"replies":[{"embeddable":true,"href":"http:\/\/www.straightforex.com\/es\/wp-json\/wp\/v2\/comments?post=489"}],"version-history":[{"count":5,"href":"http:\/\/www.straightforex.com\/es\/wp-json\/wp\/v2\/pages\/489\/revisions"}],"predecessor-version":[{"id":928,"href":"http:\/\/www.straightforex.com\/es\/wp-json\/wp\/v2\/pages\/489\/revisions\/928"}],"up":[{"embeddable":true,"href":"http:\/\/www.straightforex.com\/es\/wp-json\/wp\/v2\/pages\/139"}],"wp:attachment":[{"href":"http:\/\/www.straightforex.com\/es\/wp-json\/wp\/v2\/media?parent=489"}],"curies":[{"name":"wp","href":"https:\/\/api.w.org\/{rel}","templated":true}]}}