{"id":473,"date":"2016-07-25T22:50:46","date_gmt":"2016-07-25T22:50:46","guid":{"rendered":"http:\/\/www.straightforex.com\/es\/?page_id=473"},"modified":"2016-08-03T02:42:04","modified_gmt":"2016-08-03T02:42:04","slug":"resumen-analisis-tecnico-parte-3","status":"publish","type":"page","link":"http:\/\/www.straightforex.com\/es\/curso-basico-de-forex\/analisis-tecnico-parte-3\/resumen-analisis-tecnico-parte-3\/","title":{"rendered":"Resumen: An\u00e1lisis T\u00e9cnico Parte 3"},"content":{"rendered":"<p>En esta lecci\u00f3n tenemos una secci\u00f3n para pensar: <\/p>\n<h3>Para Pensar 1<\/h3>\n<p> Como vemos la \u00faltima se\u00f1al de venta no prolifera, \u00bfC\u00f3mo pudimos haber evitado esta se\u00f1al?<\/p>\n<p>En esa gr\u00e1fica pudimos haber evitado tomar la se\u00f1al de venta (en p\u00e9rdida) tomando \u00fanicamente las operaciones en direcci\u00f3n de la tendencia. En el gr\u00e1fico se aprecia claramente la tendencia alcista, para esto podemos utilizar un promedio m\u00f3vil. Recuerde: las operaciones en direcci\u00f3n de la tendencia tienen siempre m\u00e1s alta probabilidad de \u00e9xito. <\/p>\n<p>Bien, ahora que ha le\u00eddo el material del curso  tomado el examen de la lecci\u00f3n, aseg\u00farese de comprender y\/o hacer lo siguiente: <\/p>\n<p><i class=\"uk-theme-icon-check uk-margin-small-top\"><\/i>   Revisa cada indicador, ins\u00e9rtalos en tus gr\u00e1ficos e identifica con que indicador te sientes m\u00e1s c\u00f3modo operando, intenta con muchos indicadores y recuerdea que cada uno de ellos puede ser usado de distinta manera, algunos para identificar la tendencia, otros como se\u00f1al gatillo, etc. Este ejercicio es importante porque probablemente vas a tener que usar algunos de ellos en la etapa del desarrollo de tu sistema.<br \/>\n<i class=\"uk-theme-icon-check uk-margin-small-top\"><\/i>   Tambi\u00e9n es muy importante entender todos los aspectos de los indicadores t\u00e9cnicos que es lo que se tiene que considerar al usarlos.<br \/>\n<i class=\"uk-theme-icon-check uk-margin-small-top\"><\/i>   Identifica la relaci\u00f3n que hay entre las distintas temporalidades y trata de llegar a una combinaci\u00f3n de temporalidades en las que vas a basar tus operaciones. <\/p>\n<p>Esta lecci\u00f3n es probablemente las m\u00e1s larga y t\u00e9cnica de todas, es probable que necesites algunos d\u00edas para entender esta lecci\u00f3n en su totalidad. <\/p>\n<p>Buen suerte!<\/p>\n","protected":false},"excerpt":{"rendered":"<p>En esta lecci\u00f3n tenemos una secci\u00f3n para pensar: Para Pensar 1 Como vemos la \u00faltima se\u00f1al de venta no prolifera, \u00bfC\u00f3mo pudimos haber evitado esta se\u00f1al? En esa gr\u00e1fica pudimos haber evitado tomar la se\u00f1al de venta (en p\u00e9rdida) tomando \u00fanicamente las operaciones en direcci\u00f3n de la tendencia. En el gr\u00e1fico se aprecia claramente la [&hellip;]<\/p>\n","protected":false},"author":1,"featured_media":0,"parent":405,"menu_order":13,"comment_status":"open","ping_status":"closed","template":"","meta":{"footnotes":""},"class_list":["post-473","page","type-page","status-publish","hentry"],"_links":{"self":[{"href":"http:\/\/www.straightforex.com\/es\/wp-json\/wp\/v2\/pages\/473","targetHints":{"allow":["GET"]}}],"collection":[{"href":"http:\/\/www.straightforex.com\/es\/wp-json\/wp\/v2\/pages"}],"about":[{"href":"http:\/\/www.straightforex.com\/es\/wp-json\/wp\/v2\/types\/page"}],"author":[{"embeddable":true,"href":"http:\/\/www.straightforex.com\/es\/wp-json\/wp\/v2\/users\/1"}],"replies":[{"embeddable":true,"href":"http:\/\/www.straightforex.com\/es\/wp-json\/wp\/v2\/comments?post=473"}],"version-history":[{"count":2,"href":"http:\/\/www.straightforex.com\/es\/wp-json\/wp\/v2\/pages\/473\/revisions"}],"predecessor-version":[{"id":927,"href":"http:\/\/www.straightforex.com\/es\/wp-json\/wp\/v2\/pages\/473\/revisions\/927"}],"up":[{"embeddable":true,"href":"http:\/\/www.straightforex.com\/es\/wp-json\/wp\/v2\/pages\/405"}],"wp:attachment":[{"href":"http:\/\/www.straightforex.com\/es\/wp-json\/wp\/v2\/media?parent=473"}],"curies":[{"name":"wp","href":"https:\/\/api.w.org\/{rel}","templated":true}]}}