{"id":464,"date":"2016-07-25T22:44:48","date_gmt":"2016-07-25T22:44:48","guid":{"rendered":"http:\/\/www.straightforex.com\/es\/?page_id=464"},"modified":"2016-08-03T02:40:28","modified_gmt":"2016-08-03T02:40:28","slug":"consideraciones-acerca-de-indicadores-tecnicos","status":"publish","type":"page","link":"http:\/\/www.straightforex.com\/es\/curso-basico-de-forex\/analisis-tecnico-parte-3\/consideraciones-acerca-de-indicadores-tecnicos\/","title":{"rendered":"Consideraciones de Indicadores T\u00e9cnicos"},"content":{"rendered":"<p><strong>Recuerda que algunos indicadores tienen mejores resultados cuando el mercado esta en tendencia mientras que otros tienen mejores resultados cuando el mercado no tiene tendencia o esta en rangos.<\/strong> <\/p>\n<p>Por esta raz\u00f3n necesitamos elegir diferentes indicadores para diferentes condiciones de mercado. Por ejemplo, podemos usar un oscilador para pronosticar techos y suelos en un mercado en rangos, pero una vez que el rango sea penetrado y se confirme una tendencia, podemos usar el CCI para tomar se\u00f1ales cuando el indicador alcanza valores extremos en direcci\u00f3n de la tendencia. <\/p>\n<p>Confiar en un solo indicador puede ser riesgoso, nos debemos de adaptar para las distintas condiciones del mercado, y usar preferiblemente distintos conceptos, por ejemplo, usar osciladores en combinaci\u00f3n con patrones de velas para obtener se\u00f1ales de operaci\u00f3n. <\/p>\n<p>El otro extremo tampoco es bueno, usar muchos indicadores puede ser perjudicial para nuestro rendimiento como operadores. Podemos terminar <strong>con un sistema o estrategia muy complicada que es muy dif\u00edcil de seguir.<\/strong> <\/p>\n<p>Recuerde tambi\u00e9n que no es recomendable tomar la decisi\u00f3n de compra o venta en base a alg\u00fan indicador t\u00e9cnico, la mayor\u00eda de ellos tienen un rezago y no le van a ayudar a tener un punto de entrada eficiente. <\/p>\n<p>Por ahora, estudia cada indicador y patr\u00f3n visto en esta lecci\u00f3n, trata de ver con cual te sientes mas c\u00f3modo o que combinaci\u00f3n pudiera <strong>ofrecer los mejores resultados para ti<\/strong>. <\/p>\n","protected":false},"excerpt":{"rendered":"<p>Recuerda que algunos indicadores tienen mejores resultados cuando el mercado esta en tendencia mientras que otros tienen mejores resultados cuando el mercado no tiene tendencia o esta en rangos. Por esta raz\u00f3n necesitamos elegir diferentes indicadores para diferentes condiciones de mercado. Por ejemplo, podemos usar un oscilador para pronosticar techos y suelos en un mercado [&hellip;]<\/p>\n","protected":false},"author":1,"featured_media":0,"parent":405,"menu_order":11,"comment_status":"open","ping_status":"closed","template":"","meta":{"footnotes":""},"class_list":["post-464","page","type-page","status-publish","hentry"],"_links":{"self":[{"href":"http:\/\/www.straightforex.com\/es\/wp-json\/wp\/v2\/pages\/464","targetHints":{"allow":["GET"]}}],"collection":[{"href":"http:\/\/www.straightforex.com\/es\/wp-json\/wp\/v2\/pages"}],"about":[{"href":"http:\/\/www.straightforex.com\/es\/wp-json\/wp\/v2\/types\/page"}],"author":[{"embeddable":true,"href":"http:\/\/www.straightforex.com\/es\/wp-json\/wp\/v2\/users\/1"}],"replies":[{"embeddable":true,"href":"http:\/\/www.straightforex.com\/es\/wp-json\/wp\/v2\/comments?post=464"}],"version-history":[{"count":2,"href":"http:\/\/www.straightforex.com\/es\/wp-json\/wp\/v2\/pages\/464\/revisions"}],"predecessor-version":[{"id":926,"href":"http:\/\/www.straightforex.com\/es\/wp-json\/wp\/v2\/pages\/464\/revisions\/926"}],"up":[{"embeddable":true,"href":"http:\/\/www.straightforex.com\/es\/wp-json\/wp\/v2\/pages\/405"}],"wp:attachment":[{"href":"http:\/\/www.straightforex.com\/es\/wp-json\/wp\/v2\/media?parent=464"}],"curies":[{"name":"wp","href":"https:\/\/api.w.org\/{rel}","templated":true}]}}