{"id":461,"date":"2016-07-25T22:39:52","date_gmt":"2016-07-25T22:39:52","guid":{"rendered":"http:\/\/www.straightforex.com\/es\/?page_id=461"},"modified":"2016-07-26T16:25:52","modified_gmt":"2016-07-26T16:25:52","slug":"puntos-pivote","status":"publish","type":"page","link":"http:\/\/www.straightforex.com\/es\/curso-basico-de-forex\/analisis-tecnico-parte-3\/puntos-pivote\/","title":{"rendered":"Puntos Pivote"},"content":{"rendered":"<p>Es bien \u00fatil tener un mapa en nuestras gr\u00e1ficas y poder ver en donde se encuentra el precio en relaci\u00f3n a sesiones anteriores. De esta manera podemos ver como se encuentra el sentimiento de los operadores e inversionistas en cualquier momento, tambi\u00e9n nos da una idea de que direcci\u00f3n puede tomar el mercado durante una sesi\u00f3n. Esta informaci\u00f3n nos ayuda a decidir de que lado hacer nuestras transacciones de compra o de venta. <\/p>\n<p>Los puntos pivote son una t\u00e9cnica muy popular desarrollada por los operadores de piso que nos ayudan a ver en donde se encuentra el mercado en relaci\u00f3n a sesiones anteriores.<\/p>\n<p>Como definici\u00f3n, un ponto pivote se refiere a un cambio de niveles o condici\u00f3n. Lo mismo aplica para el mercado Forex, el punto pivote es un punto en el que el sentimiento de los operadores e inversionistas cambia de alcista a bajista o viceversa. Si el mercado penetra este nivel para arriba, se dice entonces que el sentimiento es alcista y se espera que el mercado siga en esa tendencia. Por el otro lado, si este nivel es penetrado hacia abajo, se dice que el sentimiento es bajista y se espera que el mercado siga en esa tendencia. Tambi\u00e9n se espera que el punto pivote ofrezca cierta resistencia o soporte, y si el precio no puede romper este nivel, entonces se espera un cambio de tendencia o direcci\u00f3n del corto plazo. <\/p>\n<h3>\u00bfPor qu\u00e9 funcionan los puntos pivote?<\/h3>\n<p>Los PP funcionan porque muchos inversionistas y operadores (incluyendo operadores de bancos) los usan y conf\u00edan en ellos. Es bien sabido por la mayor\u00eda de los operadores que el PP en una importante medida de la fuerza o debilidad del mercado.<\/p>\n<p>Hay muchas maneras de llegar al c\u00e1lculo del PP. El m\u00e9todo que nosotros hemos encontrado mas efectivo es tomando el promedio del precio de cierre, precio m\u00e1ximo y m\u00ednimo de la sesi\u00f3n anterior.<\/p>\n<p>Punto Pivote (PP) = (Precio de cierre + m\u00e1ximo de la sesi\u00f3n + m\u00ednimo de la sesi\u00f3n)\/3<\/p>\n<p>Veamos un ejemplo,<\/p>\n<p>La informaci\u00f3n de la sesi\u00f3n anterior para el EUR\/USD es la siguiente:<\/p>\n<p>Precio de apertura: 1.2386<br \/>\nM\u00e1ximo: 1.2474<br \/>\nM\u00ednimo: 1.2376<br \/>\nPrecio de cierre: 1.2458<\/p>\n<p>Entonces el PP ser\u00eda: <\/p>\n<p>PP = (1.2474 + 1.2376 + 1.2458) \/ 3 = 1.2436<\/p>\n<h5>\u00bfQu\u00e9 nos dice este n\u00famero? <\/h5>\n<p>Simplemente nos dice que si el mercado esta operando por encima de el PP, los compradores est\u00e1n ganando la batalla empujando los precios hacia arriba. Y si el mercado esta operando por debajo del PP entonces los vendedores est\u00e1n ganando la batalla empujando a los precios hacia abajo. En los dos casos se espera que esta condici\u00f3n contin\u00fae hasta la pr\u00f3xima sesi\u00f3n.<\/p>\n<p>Ya que el mercado es un mercado de 24hrs (no hay precio de apertura d\u00eda a d\u00eda), esto ha provocado una batalla en decidir en que momentos debemos de tomar el precio de cierre el m\u00e1ximo y m\u00ednimo de cada sesi\u00f3n. Desde nuestro punto de vista, los tiempos que producen niveles mas efectivos es tomar el precio de apertura a la 00:00 GMT y el precio de cierre a las 23:59 GMT ( y los niveles m\u00e1ximos y m\u00ednimos dentro del mismo rango). <\/p>\n<p>Adem\u00e1s del c\u00e1lculo de los PP, hay otros niveles de soporte y resistencia que se calculan utilizando el PP como referencia:<\/p>\n<p><strong>Soporte 1 (S1)<\/strong> = (PP * 2) \u2013 H<br \/>\n<strong>Resistencia 1 (R1)<\/strong> = (PP * 2) &#8211; L<br \/>\n<strong>Soporte 2 (S2)<\/strong> = PP \u2013 (R1 \u2013 S1)<br \/>\n<strong>Resistencia 2 (R2)<\/strong> = R1 + (PP \u2013 S1)<\/p>\n<p>Donde, H se refiere al m\u00e1ximo de la sesi\u00f3n anterior y L al m\u00ednimo de la sesi\u00f3n anterior<\/p>\n<p>Continuando con el ejemplo anterior donde el PP es igual a 1.2436<\/p>\n<p>S1 = (1.2436 * 2) &#8211; 1.2474 = 1.2398<br \/>\nR1 = (1.2436 * 2) \u2013 1.2376 = 1.2496<br \/>\nR2 = 1.2496 + (1.2436 \u2013 1.2398) = 1.2338<br \/>\nS2 = 1.2436 \u2013 (1.2496 \u2013 1.2398) = 1.2534<\/p>\n<p>Se supone que estos niveles deben marcar niveles importantes de soporte y resistencia para la sesi\u00f3n en curso.<\/p>\n<p>En la siguiente gr\u00e1fica hemos calculado el PP y los niveles importantes de soporte y resistencia para Noviembre 27:<\/p>\n<p><img loading=\"lazy\" decoding=\"async\" src=\"http:\/\/www.straightforex.com\/es\/wp-content\/uploads\/chart35.gif\" alt=\"chart35\" width=\"673\" height=\"554\" class=\"alignnone size-full wp-image-462\" \/><\/p>\n<p>[Gr\u00e1fica 30]<\/p>\n<p>Como podemos ver en el gr\u00e1fico, R1 y S1 son niveles de resistencia y soporte muy importantes para el mercado. <\/p>\n<p>En el gr\u00e1fico que acabamos de ver, el PP fue calculado usando la informaci\u00f3n de la sesi\u00f3n anterior (ayer). Con esto pudimos ver niveles de soporte y resistencia intrad\u00eda. Pero tambi\u00e9n podemos usar los datos de la semana pasada o del mes pasado para determinar importantes niveles de mas largo plazo. Al hacer esto podemos percatarnos del sentimiento de los operadores e inversionistas para periodos m\u00e1s largos de tiempo. <\/p>\n<p>Tambi\u00e9n podemos ver niveles importantes de soporte y resistencia que podemos ver en la semana o mes. Calcular los PP semanales y mensuales es usado regularmente por operadores de m\u00e1s largo plazo, pero tambi\u00e9n nos da una buena idea de la tendencia de m\u00e1s largo plazo.<\/p>\n","protected":false},"excerpt":{"rendered":"<p>Es bien \u00fatil tener un mapa en nuestras gr\u00e1ficas y poder ver en donde se encuentra el precio en relaci\u00f3n a sesiones anteriores. De esta manera podemos ver como se encuentra el sentimiento de los operadores e inversionistas en cualquier momento, tambi\u00e9n nos da una idea de que direcci\u00f3n puede tomar el mercado durante una [&hellip;]<\/p>\n","protected":false},"author":1,"featured_media":0,"parent":405,"menu_order":10,"comment_status":"open","ping_status":"closed","template":"","meta":{"footnotes":""},"class_list":["post-461","page","type-page","status-publish","hentry"],"_links":{"self":[{"href":"http:\/\/www.straightforex.com\/es\/wp-json\/wp\/v2\/pages\/461","targetHints":{"allow":["GET"]}}],"collection":[{"href":"http:\/\/www.straightforex.com\/es\/wp-json\/wp\/v2\/pages"}],"about":[{"href":"http:\/\/www.straightforex.com\/es\/wp-json\/wp\/v2\/types\/page"}],"author":[{"embeddable":true,"href":"http:\/\/www.straightforex.com\/es\/wp-json\/wp\/v2\/users\/1"}],"replies":[{"embeddable":true,"href":"http:\/\/www.straightforex.com\/es\/wp-json\/wp\/v2\/comments?post=461"}],"version-history":[{"count":1,"href":"http:\/\/www.straightforex.com\/es\/wp-json\/wp\/v2\/pages\/461\/revisions"}],"predecessor-version":[{"id":463,"href":"http:\/\/www.straightforex.com\/es\/wp-json\/wp\/v2\/pages\/461\/revisions\/463"}],"up":[{"embeddable":true,"href":"http:\/\/www.straightforex.com\/es\/wp-json\/wp\/v2\/pages\/405"}],"wp:attachment":[{"href":"http:\/\/www.straightforex.com\/es\/wp-json\/wp\/v2\/media?parent=461"}],"curies":[{"name":"wp","href":"https:\/\/api.w.org\/{rel}","templated":true}]}}