{"id":448,"date":"2016-07-25T16:42:30","date_gmt":"2016-07-25T16:42:30","guid":{"rendered":"http:\/\/www.straightforex.com\/es\/?page_id=448"},"modified":"2016-07-26T16:25:52","modified_gmt":"2016-07-26T16:25:52","slug":"bandas-bollinger-bb","status":"publish","type":"page","link":"http:\/\/www.straightforex.com\/es\/curso-basico-de-forex\/analisis-tecnico-parte-3\/bandas-bollinger-bb\/","title":{"rendered":"Bandas Bollinger (BB)"},"content":{"rendered":"<p>Indicador desarrollado por John Bollinger. Este indicador consiste en tres elementos diferentes:<\/p>\n<p>&#8211; Un promedio m\u00f3vil en medio<br \/>\n&#8211; Una banda superior, calculada a\u00f1adi\u00e9ndole al promedio m\u00f3vil 2 desviaciones est\u00e1ndar.<br \/>\n&#8211; Una banda inferior, calculada rest\u00e1ndoles al promedio m\u00f3vil 2 desviaciones est\u00e1ndar.<\/p>\n<p>El principal objetivo de este indicador es medir la volatilidad del mercado en cualquier momento, relativo a los valores hist\u00f3ricos de cualquier par de divisa. <\/p>\n<h3>Usos de las Bandas Bollinger<\/h3>\n<h5>Uso No. 1 \u2013 BB como indicador de Volatilidad<\/h5>\n<p> Cuando las bandas superior e inferior se expanden indican que en periodos actuales hay m\u00e1s volatilidad que en periodos anteriores. Cuando las bandas se estrechan indican que la volatilidad en periodos actuales es menor que en periodos anteriores.<\/p>\n<p><img loading=\"lazy\" decoding=\"async\" src=\"http:\/\/www.straightforex.com\/es\/wp-content\/uploads\/chart24-1.gif\" alt=\"chart24\" width=\"800\" height=\"600\" class=\"alignnone size-full wp-image-450\" \/><\/p>\n<p>[Gr\u00e1fica 24]<\/p>\n<h5>Uso No. 2 \u2013 BB como niveles de soporte y resistencia<\/h5>\n<p> Muchas veces las bandas inferior y superior act\u00faan como niveles importantes de soporte y resistencia. Cuando esto sucede podemos hacer operaciones cuando el precio es rechazado por las bandas, o cuando el precio rompe con violencia las bandas. Este tipo de estilo de operaci\u00f3n es recomendado para los que gustan operar el mercado en retrocesos y bajo condiciones de rangos para hacer operaciones r\u00e1pidas. Por supuesto con la ayuda de otros indicadores para aumentar la efectividad de las se\u00f1ales.<\/p>\n<p><img loading=\"lazy\" decoding=\"async\" src=\"http:\/\/www.straightforex.com\/es\/wp-content\/uploads\/chart25-1.gif\" alt=\"chart25\" width=\"800\" height=\"600\" class=\"alignnone size-full wp-image-449\" \/><\/p>\n<p>[Gr\u00e1fica 25]<\/p>\n<p>Como siempre, las se\u00f1ales que son tomadas en direcci\u00f3n de la tendencia ofrecen mucha mas eficacia que aquellas que son tomadas en contra de la tendencia.<\/p>\n<p>La psicolog\u00eda detr\u00e1s de esta se\u00f1al es que, la mayor parte del tiempo el mercado va a estar dentro de las dos bandas. Cuando el mercado alcanza cualquiera de las bandas, va a tender a retroceder o cambiar de direcci\u00f3n si el mercado no tiene tendencia, ya que \u201cya ha alcanzado su desviaci\u00f3n normal\u201d. <\/p>\n","protected":false},"excerpt":{"rendered":"<p>Indicador desarrollado por John Bollinger. Este indicador consiste en tres elementos diferentes: &#8211; Un promedio m\u00f3vil en medio &#8211; Una banda superior, calculada a\u00f1adi\u00e9ndole al promedio m\u00f3vil 2 desviaciones est\u00e1ndar. &#8211; Una banda inferior, calculada rest\u00e1ndoles al promedio m\u00f3vil 2 desviaciones est\u00e1ndar. El principal objetivo de este indicador es medir la volatilidad del mercado en [&hellip;]<\/p>\n","protected":false},"author":1,"featured_media":0,"parent":405,"menu_order":7,"comment_status":"open","ping_status":"closed","template":"","meta":{"footnotes":""},"class_list":["post-448","page","type-page","status-publish","hentry"],"_links":{"self":[{"href":"http:\/\/www.straightforex.com\/es\/wp-json\/wp\/v2\/pages\/448","targetHints":{"allow":["GET"]}}],"collection":[{"href":"http:\/\/www.straightforex.com\/es\/wp-json\/wp\/v2\/pages"}],"about":[{"href":"http:\/\/www.straightforex.com\/es\/wp-json\/wp\/v2\/types\/page"}],"author":[{"embeddable":true,"href":"http:\/\/www.straightforex.com\/es\/wp-json\/wp\/v2\/users\/1"}],"replies":[{"embeddable":true,"href":"http:\/\/www.straightforex.com\/es\/wp-json\/wp\/v2\/comments?post=448"}],"version-history":[{"count":1,"href":"http:\/\/www.straightforex.com\/es\/wp-json\/wp\/v2\/pages\/448\/revisions"}],"predecessor-version":[{"id":451,"href":"http:\/\/www.straightforex.com\/es\/wp-json\/wp\/v2\/pages\/448\/revisions\/451"}],"up":[{"embeddable":true,"href":"http:\/\/www.straightforex.com\/es\/wp-json\/wp\/v2\/pages\/405"}],"wp:attachment":[{"href":"http:\/\/www.straightforex.com\/es\/wp-json\/wp\/v2\/media?parent=448"}],"curies":[{"name":"wp","href":"https:\/\/api.w.org\/{rel}","templated":true}]}}