{"id":442,"date":"2016-07-25T16:39:09","date_gmt":"2016-07-25T16:39:09","guid":{"rendered":"http:\/\/www.straightforex.com\/es\/?page_id=442"},"modified":"2016-07-26T16:25:52","modified_gmt":"2016-07-26T16:25:52","slug":"momentum-mom","status":"publish","type":"page","link":"http:\/\/www.straightforex.com\/es\/curso-basico-de-forex\/analisis-tecnico-parte-3\/momentum-mom\/","title":{"rendered":"Momentum (MOM)"},"content":{"rendered":"<p>El indicador de momento o Momentum compara el precio de cualquier divisa con el precio de n-periodos seleccionados (anteriores). Esto representa la tasa de cambio del precio de n-periodos seleccionados. En otras palabras, nos permite ver donde se encuentra el precio en la actualidad  en relaci\u00f3n a un n\u00famero de periodos seleccionados. <\/p>\n<h3>Usos del Momento<\/h3>\n<h5>Uso No. 1 \u2013 Momento como indicador de Tendencia<\/h5>\n<p> Cuando la lectura del momentum se encuentra por encima de 100 y subiendo, indica que hay un buen movimiento alcista. Cuando la lectura se encuentra por de bajo de 100 y bajando, indica que hay fuertes movimientos bajistas.<\/p>\n<p><img loading=\"lazy\" decoding=\"async\" src=\"http:\/\/www.straightforex.com\/es\/wp-content\/uploads\/chart21-1.gif\" alt=\"chart21\" width=\"800\" height=\"600\" class=\"alignnone size-full wp-image-445\" \/><\/p>\n<p>[Gr\u00e1fica 21]<\/p>\n<p>Es importante recordar que cuanto tratamos de medir la tendencia necesitamos usar m\u00e1s periodos de lo normal. En este gr\u00e1fico utilizamos el indicador de momento con 40 periodos \u2013 MOM(40). <\/p>\n<h5>Uso No. 2 \u2013 Momento como un oscilador<\/h5>\n<p> Cuando el indicador alcanza valores extremos y regresa a territorio neutral se da una se\u00f1al de compra\/venta.<\/p>\n<p><img loading=\"lazy\" decoding=\"async\" src=\"http:\/\/www.straightforex.com\/es\/wp-content\/uploads\/chart22-1.gif\" alt=\"chart22\" width=\"800\" height=\"600\" class=\"alignnone size-full wp-image-444\" \/><\/p>\n<p>[Gr\u00e1fica 22]<\/p>\n<p>El problema al usar el momentum como un oscilador es que no hay valores predeterminados para \u201csobrecompra\u201d o \u201csobreventa\u201d. Estos valores son relativos a lecturas anteriores del indicador. <\/p>\n<h5>Uso No. 3 \u2013 Momento para operar divergencias<\/h5>\n<p> Este indicador tambi\u00e9n es usado para determinar puntos de divergencia entre el indicador y la acci\u00f3n del mercado.<\/p>\n<p><img loading=\"lazy\" decoding=\"async\" src=\"http:\/\/www.straightforex.com\/es\/wp-content\/uploads\/chart23-1.gif\" alt=\"chart23\" width=\"800\" height=\"600\" class=\"alignnone size-full wp-image-443\" \/><\/p>\n<p>[Gr\u00e1fica 23]<\/p>\n<p>Aqu\u00ed tenemos una vez m\u00e1s la gr\u00e1fica utilizada para las divergencias del RSI y el estoc\u00e1stico,  que tambi\u00e9n esta presente en el momentum. De los tres indicadores, el RSI y el MOM son los que generan la se\u00f1al m\u00e1s clara. <\/p>\n","protected":false},"excerpt":{"rendered":"<p>El indicador de momento o Momentum compara el precio de cualquier divisa con el precio de n-periodos seleccionados (anteriores). Esto representa la tasa de cambio del precio de n-periodos seleccionados. En otras palabras, nos permite ver donde se encuentra el precio en la actualidad en relaci\u00f3n a un n\u00famero de periodos seleccionados. Usos del Momento [&hellip;]<\/p>\n","protected":false},"author":1,"featured_media":0,"parent":405,"menu_order":6,"comment_status":"open","ping_status":"closed","template":"","meta":{"footnotes":""},"class_list":["post-442","page","type-page","status-publish","hentry"],"_links":{"self":[{"href":"http:\/\/www.straightforex.com\/es\/wp-json\/wp\/v2\/pages\/442","targetHints":{"allow":["GET"]}}],"collection":[{"href":"http:\/\/www.straightforex.com\/es\/wp-json\/wp\/v2\/pages"}],"about":[{"href":"http:\/\/www.straightforex.com\/es\/wp-json\/wp\/v2\/types\/page"}],"author":[{"embeddable":true,"href":"http:\/\/www.straightforex.com\/es\/wp-json\/wp\/v2\/users\/1"}],"replies":[{"embeddable":true,"href":"http:\/\/www.straightforex.com\/es\/wp-json\/wp\/v2\/comments?post=442"}],"version-history":[{"count":2,"href":"http:\/\/www.straightforex.com\/es\/wp-json\/wp\/v2\/pages\/442\/revisions"}],"predecessor-version":[{"id":447,"href":"http:\/\/www.straightforex.com\/es\/wp-json\/wp\/v2\/pages\/442\/revisions\/447"}],"up":[{"embeddable":true,"href":"http:\/\/www.straightforex.com\/es\/wp-json\/wp\/v2\/pages\/405"}],"wp:attachment":[{"href":"http:\/\/www.straightforex.com\/es\/wp-json\/wp\/v2\/media?parent=442"}],"curies":[{"name":"wp","href":"https:\/\/api.w.org\/{rel}","templated":true}]}}