{"id":438,"date":"2016-07-25T16:33:37","date_gmt":"2016-07-25T16:33:37","guid":{"rendered":"http:\/\/www.straightforex.com\/es\/?page_id=438"},"modified":"2016-07-26T16:25:52","modified_gmt":"2016-07-26T16:25:52","slug":"estocastico","status":"publish","type":"page","link":"http:\/\/www.straightforex.com\/es\/curso-basico-de-forex\/analisis-tecnico-parte-3\/estocastico\/","title":{"rendered":"Estoc\u00e1stico"},"content":{"rendered":"<p>Los estoc\u00e1sticos fueron desarrollados por George Lane en los a\u00f1os cincuenta. Los estoc\u00e1sticos comparan el \u00faltimo precio de cierre en relaci\u00f3n con el rango de precios seleccionado.  Los valores del estoc\u00e1stico oscilan entre 0 y 1, \u00f3 mas preciso entre 0% y 100%.<\/p>\n<p>Cuando la lectura de los estoc\u00e1sticos est\u00e1n cerca de 0%, indica que el precio de cierre del \u00faltimo periodo cerr\u00f3 cerca del suelo del rango de los \u00faltimos n-periodos. Una lectura cerca del 100% indica que el precio de cierre del \u00faltimo periodo cerr\u00f3 cerca del techo del rango de los \u00faltimos n-periodos.<\/p>\n<p>Un estoc\u00e1stico de 9 periodos mide la relaci\u00f3n del precio de cierre del \u00faltimo periodo con el rango de los \u00faltimos 9 periodos.<\/p>\n<p>Existen tres tipos de estoc\u00e1sticos: el r\u00e1pido, el lento y el completo. El estoc\u00e1stico lento es simplemente una versi\u00f3n mas limpia (menos sensible al movimiento del precio) del estoc\u00e1stico r\u00e1pido. Mientras que el estoc\u00e1stico complete a\u00f1ade un par\u00e1metro que hace que sea mas limpio aun que el estoc\u00e1stico lento.<\/p>\n<h3>Usos del Estoc\u00e1stico<\/h3>\n<h5>Uso No. 1 \u2013 Estoc\u00e1sticos como un oscilador<\/h5>\n<p> Los estoc\u00e1sticos son probablemente el indicador mas usado para este prop\u00f3sito. Una se\u00f1al de compra de da cuando la lectura del estoc\u00e1stica esta por debajo de 20% y cruza por encima de este nivel (se\u00f1al de compra en territorio de sobre-venta). Una se\u00f1al de venta se da cuando la lectura del estoc\u00e1stico esta por encima del 80% y cruza hacia abajo este nivel (se\u00f1al de venta en territorio de sobre-compra). Cuando el mercado se encuentra en tendencia es recomendable tomar \u00fanicamente las se\u00f1ales que se den en direcci\u00f3n de la tendencia.<\/p>\n<p><img loading=\"lazy\" decoding=\"async\" src=\"http:\/\/www.straightforex.com\/es\/wp-content\/uploads\/chart19-1.gif\" alt=\"chart19\" width=\"800\" height=\"600\" class=\"alignnone size-full wp-image-440\" \/><\/p>\n<p>[Gr\u00e1fica 19]<\/p>\n<p>Como ya le hemos discutido, los estoc\u00e1sticos son los indicadores que generan se\u00f1ales m\u00e1s exactas de sobrecompra y sobreventa. Las se\u00f1ales tienen su gatillo cuando el indicador regresa al territorio neutral proveniente de un territorio de sobrecompra o sobreventa. <\/p>\n<h5>Uso No. 2 \u2013 Estoc\u00e1sticos para operar divergencias<\/h5>\n<p> Como otros indicadores, los estoc\u00e1sticos tambi\u00e9n dan se\u00f1ales de divergencia.<\/p>\n<p><img loading=\"lazy\" decoding=\"async\" src=\"http:\/\/www.straightforex.com\/es\/wp-content\/uploads\/chart20-1.gif\" alt=\"chart20\" width=\"800\" height=\"600\" class=\"alignnone size-full wp-image-439\" \/><\/p>\n<p>[Gr\u00e1fica 20]<\/p>\n<p>Esta es la misma gr\u00e1fica que usamos para la divergencia del RSI. Como usted puede ver, el RSI genera mejores se\u00f1ales (m\u00e1s claras). De cualquier manera, la divergencia tambi\u00e9n esta presente en el estoc\u00e1stico. <\/p>\n","protected":false},"excerpt":{"rendered":"<p>Los estoc\u00e1sticos fueron desarrollados por George Lane en los a\u00f1os cincuenta. Los estoc\u00e1sticos comparan el \u00faltimo precio de cierre en relaci\u00f3n con el rango de precios seleccionado. Los valores del estoc\u00e1stico oscilan entre 0 y 1, \u00f3 mas preciso entre 0% y 100%. Cuando la lectura de los estoc\u00e1sticos est\u00e1n cerca de 0%, indica que [&hellip;]<\/p>\n","protected":false},"author":1,"featured_media":0,"parent":405,"menu_order":5,"comment_status":"open","ping_status":"closed","template":"","meta":{"footnotes":""},"class_list":["post-438","page","type-page","status-publish","hentry"],"_links":{"self":[{"href":"http:\/\/www.straightforex.com\/es\/wp-json\/wp\/v2\/pages\/438","targetHints":{"allow":["GET"]}}],"collection":[{"href":"http:\/\/www.straightforex.com\/es\/wp-json\/wp\/v2\/pages"}],"about":[{"href":"http:\/\/www.straightforex.com\/es\/wp-json\/wp\/v2\/types\/page"}],"author":[{"embeddable":true,"href":"http:\/\/www.straightforex.com\/es\/wp-json\/wp\/v2\/users\/1"}],"replies":[{"embeddable":true,"href":"http:\/\/www.straightforex.com\/es\/wp-json\/wp\/v2\/comments?post=438"}],"version-history":[{"count":1,"href":"http:\/\/www.straightforex.com\/es\/wp-json\/wp\/v2\/pages\/438\/revisions"}],"predecessor-version":[{"id":441,"href":"http:\/\/www.straightforex.com\/es\/wp-json\/wp\/v2\/pages\/438\/revisions\/441"}],"up":[{"embeddable":true,"href":"http:\/\/www.straightforex.com\/es\/wp-json\/wp\/v2\/pages\/405"}],"wp:attachment":[{"href":"http:\/\/www.straightforex.com\/es\/wp-json\/wp\/v2\/media?parent=438"}],"curies":[{"name":"wp","href":"https:\/\/api.w.org\/{rel}","templated":true}]}}