{"id":431,"date":"2016-07-25T16:29:28","date_gmt":"2016-07-25T16:29:28","guid":{"rendered":"http:\/\/www.straightforex.com\/es\/?page_id=431"},"modified":"2016-07-26T16:25:52","modified_gmt":"2016-07-26T16:25:52","slug":"rsi-relative-strength-index","status":"publish","type":"page","link":"http:\/\/www.straightforex.com\/es\/curso-basico-de-forex\/analisis-tecnico-parte-3\/rsi-relative-strength-index\/","title":{"rendered":"RSI (Relative Strength Index)"},"content":{"rendered":"<p>El RSI es un oscilador muy popular desarrollado por Welles Wilder en 1978. Este indicador mide la fuerza de la tendencia del mercado (la raz\u00f3n de velas alcistas y bajistas en un periodo de tiempo especificado). Los valores del RSI oscilan entre 0 y 100. Un valor cerca de 100 indica que la tendencia alcista del mercado es fuerte mientras que valores cercanos a 0 indican que la tendencia bajista del mercado es fuerte.<\/p>\n<p>Mientras el RSI se acerque a valores extremos, el indicador se vuelve menos sensible a los cambios en el precio, haciendo que el indicador se regrese a territorio neutral.<\/p>\n<h3>Usos del RSI<\/h3>\n<h5>Uso No. 1 \u2013 RSI como un oscilador<\/h5>\n<p> Valores por encima de 80 son considerados en territorio de sobrecompra y valores por debajo de 20 son considerados en territorio de sobreventa. Mientras el mercado alcanza valores m\u00e1s altos, existe la posibilidad de que todos los compradores interesados en la divisa ya hayan tomado una posici\u00f3n (esto hace que las lecturas del RSI se vaya por encima de 80). En este momento algunos compradores empiezan a tomar ganancias parciales y otros cierran sus posiciones. Esto le da oportunidad al mercado de hacer un retroceso haciendo que el RSI regrese a territorio neutral rompiendo el nivel de 80 hacia abajo. Lo mismo sucede en movimientos bajistas, cuando la lectura del RSI alcanza valores de sobre-venta (por debajo de 20) los vendedores empiezan a tomar ganancias parciales y otros cierran sus posiciones, esto le da fuerza al RSI de cruzar el valor 20 hacia arriba a territorio neutral.<\/p>\n<p><img loading=\"lazy\" decoding=\"async\" src=\"http:\/\/www.straightforex.com\/es\/wp-content\/uploads\/chart16-1.gif\" alt=\"chart16\" width=\"800\" height=\"600\" class=\"alignnone size-full wp-image-436\" \/><\/p>\n<p>[Gr\u00e1fica 16]<\/p>\n<p>Recuerde que las se\u00f1ales de sobrecompra y sobreventa se generan cuando el indicador regresa a territorio neutral de una condici\u00f3n de sobrecompra o sobreventa. Este tipo de se\u00f1ales tienden a funcionar mejor cuando el mercado esta en rangos. <\/p>\n<h5>Uso No. 2 \u2013 RSI para operar divergencias<\/h5>\n<p> Como otros indicadores, el RSI tambi\u00e9n es usado para hacer operaciones basados en divergencias. Cuando el precio alcanza nuevos m\u00e1ximos y el indicador falla en hacerlo o cuando el indicador alcanza nuevos m\u00e1ximos y los precios fallan en hacerlo, existe una divergencia.<\/p>\n<p><img loading=\"lazy\" decoding=\"async\" src=\"http:\/\/www.straightforex.com\/es\/wp-content\/uploads\/chart17-1.gif\" alt=\"chart17\" width=\"800\" height=\"600\" class=\"alignnone size-full wp-image-433\" \/><\/p>\n<p>[Gr\u00e1fica 17]<\/p>\n<p>En esta gr\u00e1fica claramente vemos que el mercado alcanza suelos m\u00e1s bajos, y que el indicador falla en alcanzarlos, y en lugar hace suelos m\u00e1s altos. Esto indica que fuerza bajista ya no es tan fuerte como en alg\u00fan momento lo fue. Como las otras se\u00f1ales, cuando el indicador se\u00f1ala una divergencia el mercado puede cambiar de direcci\u00f3n, entrar a un periodo de consolidaci\u00f3n o tener una peque\u00f1a correcci\u00f3n. <\/p>\n<h5>Uso No. 3 \u2013 RSI como indicador de Tendencia<\/h5>\n<p> Cuando los valores del RSI est\u00e1n por encima de 50 indica que el promedio de las ganancias es mayor que el promedio de las p\u00e9rdidas del mercado (tendencia alcista). Lecturas por debajo de 50 indican que las p\u00e9rdidas promedio son m\u00e1s grandes que las ganancias promedio (tendencia bajista).<\/p>\n<p><img loading=\"lazy\" decoding=\"async\" src=\"http:\/\/www.straightforex.com\/es\/wp-content\/uploads\/chart18-2.gif\" alt=\"chart18\" width=\"800\" height=\"600\" class=\"alignnone size-full wp-image-432\" \/><\/p>\n<p>[Gr\u00e1fica 18]<\/p>\n<p>Aqu\u00ed la regla ser\u00eda: cuando el RSI esta por encima de 50, el mercado se considera en una tendencia alcista, y cuando el RSI esta por debajo de 50, se considera una tendencia bajista. <\/p>\n<p>Es importante mencionar que cuando utilizamos el RSI para medir la tendencia, es recomendable utilizar m\u00e1s periodos, como un RSI(40) o un RSI(50). <\/p>\n","protected":false},"excerpt":{"rendered":"<p>El RSI es un oscilador muy popular desarrollado por Welles Wilder en 1978. Este indicador mide la fuerza de la tendencia del mercado (la raz\u00f3n de velas alcistas y bajistas en un periodo de tiempo especificado). Los valores del RSI oscilan entre 0 y 100. Un valor cerca de 100 indica que la tendencia alcista [&hellip;]<\/p>\n","protected":false},"author":1,"featured_media":0,"parent":405,"menu_order":4,"comment_status":"open","ping_status":"closed","template":"","meta":{"footnotes":""},"class_list":["post-431","page","type-page","status-publish","hentry"],"_links":{"self":[{"href":"http:\/\/www.straightforex.com\/es\/wp-json\/wp\/v2\/pages\/431","targetHints":{"allow":["GET"]}}],"collection":[{"href":"http:\/\/www.straightforex.com\/es\/wp-json\/wp\/v2\/pages"}],"about":[{"href":"http:\/\/www.straightforex.com\/es\/wp-json\/wp\/v2\/types\/page"}],"author":[{"embeddable":true,"href":"http:\/\/www.straightforex.com\/es\/wp-json\/wp\/v2\/users\/1"}],"replies":[{"embeddable":true,"href":"http:\/\/www.straightforex.com\/es\/wp-json\/wp\/v2\/comments?post=431"}],"version-history":[{"count":2,"href":"http:\/\/www.straightforex.com\/es\/wp-json\/wp\/v2\/pages\/431\/revisions"}],"predecessor-version":[{"id":437,"href":"http:\/\/www.straightforex.com\/es\/wp-json\/wp\/v2\/pages\/431\/revisions\/437"}],"up":[{"embeddable":true,"href":"http:\/\/www.straightforex.com\/es\/wp-json\/wp\/v2\/pages\/405"}],"wp:attachment":[{"href":"http:\/\/www.straightforex.com\/es\/wp-json\/wp\/v2\/media?parent=431"}],"curies":[{"name":"wp","href":"https:\/\/api.w.org\/{rel}","templated":true}]}}