{"id":405,"date":"2016-07-25T15:58:38","date_gmt":"2016-07-25T15:58:38","guid":{"rendered":"http:\/\/www.straightforex.com\/es\/?page_id=405"},"modified":"2016-07-26T16:25:52","modified_gmt":"2016-07-26T16:25:52","slug":"analisis-tecnico-parte-3","status":"publish","type":"page","link":"http:\/\/www.straightforex.com\/es\/curso-basico-de-forex\/analisis-tecnico-parte-3\/","title":{"rendered":"An\u00e1lisis T\u00e9cnico Parte 3"},"content":{"rendered":"<p>En esta lecci\u00f3n, vamos a analizar los indicadores t\u00e9cnicos m\u00e1s utilizados para operar el mercado forex. <\/p>\n<p>Los indicadores t\u00e9cnicos no son mas que una serie de puntos visibles en una gr\u00e1fica, sonde los puntos son obtenidos al aplicarle una formula al precio de cualquier divisa. En otras palabras, los indicadores son solamente una manera alternativa de representar los movimientos de los mercados en una temporalidad especifica (nos muestran los movimientos del precio desde otra perspectiva).<\/p>\n<p>Algunos indicadores son usados para confirmar la acci\u00f3n del precio (lagging indicators), otros son usados para predecir la acci\u00f3n del precio (leading indicators), mientras otros son usados como una alerta o se\u00f1al para entrar o salir del mercado.<\/p>\n<h5>Indicadores Lagging<\/h5>\n<p> Este tipo de indicadores siguen la acci\u00f3n del precio, en otras palabras, confirman el comportamiento pasado del mercado. Las se\u00f1ales que salen de este tipo de indicadores usualmente suceden despu\u00e9s de que el cambio en el precio a comenzado. A estos indicadores tambi\u00e9n se les llama: seguidores de tendencia y dan se\u00f1ales mas exactas cuando el mercado se encuentra en tendencia, donde se\u00f1alan con exactitud la mayor parte de la tendencia. Sin embargo, cuando el mercado se encuentra en rangos o sin tendencia, este tipo de indicadores dan muchas se\u00f1ales falsas.<\/p>\n<h5>Indicadores Leading<\/h5>\n<p> Este tipo de indicadores tratan de predecir la acci\u00f3n del precio. Nos tratan de dar se\u00f1ales antes de que se produzca la acci\u00f3n del precio. Este tipo de indicadores trabajan mejor en periodos de consolidaci\u00f3n o mercados sin tendencia. Cuando los mercados siguen una tendencia, solamente debemos considerar aquellas se\u00f1ales que se den en direcci\u00f3n de la tendencia. Cuando hay tendencia alcista, este tipo de indicadores nos ayudan a identificar periodos de sobre-venta (cuando el precio ha bajado lo suficiente y esta listo para seguir su camino hacia arriba). Cuando hay tendencia bajista, nos ayudan a identificar periodos de sobre-compra (cuando el precio ha subido lo suficiente como para que vuelva a su tendencia original: bajista). Cuando usamos indicadores leading es recomendable esperar a que la acci\u00f3n del precio nos confirme la direcci\u00f3n del mercado antes de tomar las se\u00f1ales. <\/p>\n<p><strong>Indicadores Lagging importantes<\/strong>: Promedios M\u00f3viles y MACD<\/p>\n<p><strong>Indicadores Leading importantes<\/strong>: RSI, Estoc\u00e1sticos, CCI y Momento.<\/p>\n<p>Algunos de estos indicadores pueden ser usados como indicadores lagging o como indicadores leading. <\/p>\n<h3>Sensibilidad vs. Consistencia<\/h3>\n<p>Antes de empezar a ver los indicadores individuales es importante saber que significan estos dos conceptos. Todos los indicadores representan el movimiento del precio en un periodo especificado. Cada indicador te da la opci\u00f3n de decidir cuantos periodos quieres ir atr\u00e1s para hacer el c\u00e1lculo.  Si escogemos periodos peque\u00f1os, las se\u00f1ales van a ser mas y se\u00f1alizadas mas r\u00e1pidas, pero a la vez van a ser menos precisas y consistentes (el porcentaje de se\u00f1ales falsas se va a incrementar). Por el otro lado si decidimos escoger periodos largos, nuestras se\u00f1ales van a ser mas consistentes y precisas (el porcentaje de se\u00f1ales falsas va a decrecer) pero a la vez vamos a tener menos se\u00f1ales y menos r\u00e1pidas.<\/p>\n<p>Debemos decidir aquel enfoque en el que nos sintamos m\u00e1s a gusto. <\/p>\n<p>Esta lecci\u00f3n est\u00e1 estructurada de la siguiente manera: <\/p>\n<h3><a href=\"http:\/\/www.straightforex.com\/es\/curso-basico-de-forex\/analisis-tecnico-parte-3\/medias-moviles-ma\/\">Secci\u00f3n II: Medias M\u00f3viles<\/a><\/h3>\n<p> En esta secci\u00f3n veremos los tipos de medias m\u00f3viles, lo que nos dicen y como usarlas correctamente. <\/p>\n<h3><a href=\"http:\/\/www.straightforex.com\/es\/curso-basico-de-forex\/analisis-tecnico-parte-3\/macd-moving-average-convergente-divergence\/\">Secci\u00f3n III: MACD (Moving Average Convergente-Divergence)<\/a><\/h3>\n<p> El MACD es uno de los indicadores m\u00e1s utilizados, explicaremos los usos m\u00e1s comunes. <\/p>\n<h3><a href=\"http:\/\/www.straightforex.com\/es\/curso-basico-de-forex\/analisis-tecnico-parte-3\/cci-commodity-channel-index\/\">Secci\u00f3n IV: CCI (Commodity Channel Index)<\/a><\/h3>\n<p> El CCI es un indicador que reacciona r\u00e1pidamente a los cambios del mercado.   <\/p>\n<h3><a href=\"http:\/\/www.straightforex.com\/es\/curso-basico-de-forex\/analisis-tecnico-parte-3\/rsi-relative-strength-index\/\">Secci\u00f3n V: RSI (Relative Strength Index)<\/a><\/h3>\n<p> Este indicador mide la raz\u00f3n de velas alcistas contra la raz\u00f3n de velas bajistas. <\/p>\n<h3><a href=\"http:\/\/www.straightforex.com\/es\/curso-basico-de-forex\/analisis-tecnico-parte-3\/estocastico\/\">Secci\u00f3n VI: Estoc\u00e1sticos<\/a><\/h3>\n<p> Revisaremos el indicador que da mejores se\u00f1ales de sobrecompra\/sobreventa. <\/p>\n<h3><a href=\"http:\/\/www.straightforex.com\/es\/curso-basico-de-forex\/analisis-tecnico-parte-3\/momentum-mom\/\">Secci\u00f3n VII: Momentum<\/a><\/h3>\n<p> Medir la fuerza del mercado nos puede ayudar a tomar mejores decisiones de operaci\u00f3n. <\/p>\n<h3><a href=\"http:\/\/www.straightforex.com\/es\/curso-basico-de-forex\/analisis-tecnico-parte-3\/bandas-bollinger-bb\/\">Secci\u00f3n VIII: Bandas Bollinger<\/a><\/h3>\n<p> Indicador desarrollado por John Bollinger que nos ayuda a ver hasta donde puede moverse el mercado. <\/p>\n<h3><a href=\"http:\/\/www.straightforex.com\/es\/curso-basico-de-forex\/analisis-tecnico-parte-3\/adx-average-direccional-index\/\">Secci\u00f3n IX: ADX (Average Direccional Index)<\/a><\/h3>\n<p> Indicador que sirve para medir la fuerza de la tendencia. <\/p>\n<h3><a href=\"http:\/\/www.straightforex.com\/es\/curso-basico-de-forex\/analisis-tecnico-parte-3\/retrocesos-de-fibonacci\/\">Secci\u00f3n X: Retrocesos de Fibonacci<\/a><\/h3>\n<p> Una vez que el mercado entra en un retroceso, Fibonacci nos puede ayudar a determinar los posibles niveles donde el mercado puede dejar de retroceder. <\/p>\n<h3><a href=\"http:\/\/www.straightforex.com\/es\/curso-basico-de-forex\/analisis-tecnico-parte-3\/puntos-pivote\/\">Secci\u00f3n XI: Punto Pivote<\/a><\/h3>\n<p> T\u00e9cnica muy popular que nos ayuda a determinar el sentimiento del mercado y posibles niveles de soporte y resistencia.  <\/p>\n<h3><a href=\"http:\/\/www.straightforex.com\/es\/curso-basico-de-forex\/analisis-tecnico-parte-3\/consideraciones-acerca-de-indicadores-tecnicos\/\">Secci\u00f3n XII: Consideraciones Importantes Acerca de Indicadores T\u00e9cnicos<\/a><\/h3>\n<p> \u00bfQu\u00e9 hay dentro de los indicadores? \u00bfComo debemos usarlos? \u00bfGeneran se\u00f1ales efectivas? <\/p>\n<h3><a href=\"http:\/\/www.straightforex.com\/es\/curso-basico-de-forex\/analisis-tecnico-parte-3\/temporalidades\/\">Secci\u00f3n XIII: Temporalidades<\/a><\/h3>\n<p> La combinaci\u00f3n de temporalidades es siempre cr\u00edtico para la generaci\u00f3n de buenos resultados. <\/p>\n<h3><a href=\"http:\/\/www.straightforex.com\/es\/curso-basico-de-forex\/analisis-tecnico-parte-3\/resumen-analisis-tecnico-parte-3\/\">Resumen<\/a><\/h3>\n<p> Breve resumen de toda la lecci\u00f3n<\/p>\n","protected":false},"excerpt":{"rendered":"<p>En esta lecci\u00f3n, vamos a analizar los indicadores t\u00e9cnicos m\u00e1s utilizados para operar el mercado forex. Los indicadores t\u00e9cnicos no son mas que una serie de puntos visibles en una gr\u00e1fica, sonde los puntos son obtenidos al aplicarle una formula al precio de cualquier divisa. En otras palabras, los indicadores son solamente una manera alternativa [&hellip;]<\/p>\n","protected":false},"author":1,"featured_media":0,"parent":139,"menu_order":6,"comment_status":"open","ping_status":"closed","template":"","meta":{"footnotes":""},"class_list":["post-405","page","type-page","status-publish","hentry"],"_links":{"self":[{"href":"http:\/\/www.straightforex.com\/es\/wp-json\/wp\/v2\/pages\/405","targetHints":{"allow":["GET"]}}],"collection":[{"href":"http:\/\/www.straightforex.com\/es\/wp-json\/wp\/v2\/pages"}],"about":[{"href":"http:\/\/www.straightforex.com\/es\/wp-json\/wp\/v2\/types\/page"}],"author":[{"embeddable":true,"href":"http:\/\/www.straightforex.com\/es\/wp-json\/wp\/v2\/users\/1"}],"replies":[{"embeddable":true,"href":"http:\/\/www.straightforex.com\/es\/wp-json\/wp\/v2\/comments?post=405"}],"version-history":[{"count":4,"href":"http:\/\/www.straightforex.com\/es\/wp-json\/wp\/v2\/pages\/405\/revisions"}],"predecessor-version":[{"id":560,"href":"http:\/\/www.straightforex.com\/es\/wp-json\/wp\/v2\/pages\/405\/revisions\/560"}],"up":[{"embeddable":true,"href":"http:\/\/www.straightforex.com\/es\/wp-json\/wp\/v2\/pages\/139"}],"wp:attachment":[{"href":"http:\/\/www.straightforex.com\/es\/wp-json\/wp\/v2\/media?parent=405"}],"curies":[{"name":"wp","href":"https:\/\/api.w.org\/{rel}","templated":true}]}}