{"id":394,"date":"2016-07-22T23:15:39","date_gmt":"2016-07-22T23:15:39","guid":{"rendered":"http:\/\/www.straightforex.com\/es\/?page_id=394"},"modified":"2016-08-03T02:37:47","modified_gmt":"2016-08-03T02:37:47","slug":"resumen-analisis-tecnico-parte-2","status":"publish","type":"page","link":"http:\/\/www.straightforex.com\/es\/curso-basico-de-forex\/analisis-tecnico-parte-2\/resumen-analisis-tecnico-parte-2\/","title":{"rendered":"Resumen: An\u00e1lisis T\u00e9cnico Parte 2"},"content":{"rendered":"<p>Bien, ahora que ya le\u00edste el material de la lecci\u00f3n, por favor aseg\u00farate de comprender lo siguiente: <\/p>\n<p>Esta es una lecci\u00f3n muy importante, en esta lecci\u00f3n revisamos los aspectos b\u00e1sicos del comportamiento del precio y patrones del mercado. Para los dos, operadores principiantes y avanzados, creo que es pertinente darle otra revisada a esta lecci\u00f3n, especialmente a las secciones 2 y 3. <\/p>\n<p><strong>Aseg\u00farate de comprender lo siguiente: <\/strong><\/p>\n<p><i class=\"uk-theme-icon-check uk-margin-small-top\"><\/i>   Lo que cada patr\u00f3n de vela sugiere<br \/>\n<i class=\"uk-theme-icon-check uk-margin-small-top\"><\/i>   La combinaci\u00f3n de las velas y sus limitaciones<br \/>\n<i class=\"uk-theme-icon-check uk-margin-small-top\"><\/i>   Lo que cada patr\u00f3n gr\u00e1fico sugiere y sus consideraciones<br \/>\n<i class=\"uk-theme-icon-check uk-margin-small-top\"><\/i>   preg\u00fantese, \u00bfCu\u00e1l de estas herramientas parece m\u00e1s efectivo para usted? Esto lo va a ayudar a crear su sistema de operaci\u00f3n en un futuro.  <\/p>\n<p>Practique con estas herramientas en condiciones de tiempo real, y vea cual se ajusta m\u00e1s a lo que usted esta buscando. Esto le va a ayudar a saber mas o menos que tipo de sistema va a estar usando para operar. <\/p>\n<p>De nuevo, esta lecci\u00f3n es muy importante, te sugiero que volver a leerla. <\/p>\n<p>Ahora, pasemos a las secciones de Para Pensar. <\/p>\n<h3>Para Pensar 1<\/h3>\n<p> Aguarde un segundo (se puede usted preguntar), \u00bflo que est\u00e1n diciendo es que los hammers y los hanging man son exactamente el mismo patr\u00f3n? Si, es correcto, por ahora enf\u00f3quese en las diferencias de los dos patrones, pero hay otras conclusiones que se pueden tomar a partir de esto. Analice esta situaci\u00f3n y trate de llegar a sus propias conclusiones.<\/p>\n<p>Si, hammers y hanging man son exactamente el mismo patr\u00f3n, la \u00fanica diferencia es donde se forma el patr\u00f3n. Los hammers se forman en tendencias bajistas o en movimientos bajistas mientras los hanging man se forman despu\u00e9s de movimientos alcistas o en tendencias alcistas. \u00bfQu\u00e9 podemos sacar como conclusi\u00f3n aqu\u00ed? Bueno, los vamos a dejar pensar un poco en esto y en un futuro retomaremos esta discusi\u00f3n. Por cierto, los mismo pasa con los shooting star y los hammers invertidos. <\/p>\n<h3>Para Pensar 2<\/h3>\n<p> \u00bfCu\u00e1l es la diferencia entre los patrones Harami y Engulfing? <\/p>\n<p>La diferencia principal es que la segunda vela (la que va en direcci\u00f3n de la tendencia, en los dos casos) es m\u00e1s peque\u00f1a en los harami que en los patrones engulfing. Esto le puede dar informaci\u00f3n valiosa acerca de que patr\u00f3n es m\u00e1s efectivo que otro y acerca del movimiento futuro del mercado. <\/p>\n<h3>Para Pensar 3<\/h3>\n<p> \u00bfCu\u00e1l es la diferencia principal entre las cu\u00f1as y los tri\u00e1ngulos sim\u00e9tricos?<\/p>\n<p>Creo que esta la contest\u00f3 correctamente, la diferencia principal es que las cu\u00f1as tienen una pendiente (positiva o negativa), mientras que los tri\u00e1ngulos sim\u00e9tricos no tienen pendiente. <\/p>\n<p>Buena Suerte<\/p>\n","protected":false},"excerpt":{"rendered":"<p>Bien, ahora que ya le\u00edste el material de la lecci\u00f3n, por favor aseg\u00farate de comprender lo siguiente: Esta es una lecci\u00f3n muy importante, en esta lecci\u00f3n revisamos los aspectos b\u00e1sicos del comportamiento del precio y patrones del mercado. Para los dos, operadores principiantes y avanzados, creo que es pertinente darle otra revisada a esta lecci\u00f3n, [&hellip;]<\/p>\n","protected":false},"author":1,"featured_media":0,"parent":314,"menu_order":8,"comment_status":"open","ping_status":"closed","template":"","meta":{"footnotes":""},"class_list":["post-394","page","type-page","status-publish","hentry"],"_links":{"self":[{"href":"http:\/\/www.straightforex.com\/es\/wp-json\/wp\/v2\/pages\/394","targetHints":{"allow":["GET"]}}],"collection":[{"href":"http:\/\/www.straightforex.com\/es\/wp-json\/wp\/v2\/pages"}],"about":[{"href":"http:\/\/www.straightforex.com\/es\/wp-json\/wp\/v2\/types\/page"}],"author":[{"embeddable":true,"href":"http:\/\/www.straightforex.com\/es\/wp-json\/wp\/v2\/users\/1"}],"replies":[{"embeddable":true,"href":"http:\/\/www.straightforex.com\/es\/wp-json\/wp\/v2\/comments?post=394"}],"version-history":[{"count":2,"href":"http:\/\/www.straightforex.com\/es\/wp-json\/wp\/v2\/pages\/394\/revisions"}],"predecessor-version":[{"id":925,"href":"http:\/\/www.straightforex.com\/es\/wp-json\/wp\/v2\/pages\/394\/revisions\/925"}],"up":[{"embeddable":true,"href":"http:\/\/www.straightforex.com\/es\/wp-json\/wp\/v2\/pages\/314"}],"wp:attachment":[{"href":"http:\/\/www.straightforex.com\/es\/wp-json\/wp\/v2\/media?parent=394"}],"curies":[{"name":"wp","href":"https:\/\/api.w.org\/{rel}","templated":true}]}}