{"id":392,"date":"2016-07-22T23:14:12","date_gmt":"2016-07-22T23:14:12","guid":{"rendered":"http:\/\/www.straightforex.com\/es\/?page_id=392"},"modified":"2016-07-26T16:25:52","modified_gmt":"2016-07-26T16:25:52","slug":"consideraciones-importantes-de-todos-los-patrones-graficos","status":"publish","type":"page","link":"http:\/\/www.straightforex.com\/es\/curso-basico-de-forex\/analisis-tecnico-parte-2\/consideraciones-importantes-de-todos-los-patrones-graficos\/","title":{"rendered":"Consideraciones Importantes de todos los patrones gr\u00e1ficos"},"content":{"rendered":"<p>Por favor tome en cuenta las siguientes consideraciones: <\/p>\n<p>1. La mayor\u00eda de los patrones gr\u00e1ficos necesitan confirmaci\u00f3n para que el patr\u00f3n sea v\u00e1lido. <\/p>\n<p>2. Los patrones gr\u00e1ficos est\u00e1n presentes en todas las temporalidades, desde los gr\u00e1ficos mensuales hasta los gr\u00e1ficos de un minuto. <strong>Pero recuerde, mientras m\u00e1s grande sea la temporalidad, m\u00e1s significativo es el patr\u00f3n<\/strong>. Por ejemplo, un rect\u00e1ngulo se puede estar formando en el gr\u00e1fico de 5 minutos, y otro rect\u00e1ngulo se puede estar formando en el gr\u00e1fico de una hora, en este caso el rect\u00e1ngulo m\u00e1s importante es el que se esta formando en el gr\u00e1fico de una hora. Esto no significa que el patr\u00f3n de 5 minutos no sirve, sino que es m\u00e1s importante el patr\u00f3n que se forma en el gr\u00e1fico de una hora. Los patrones explican el mismo balance de oferta y demanda, solo que en distintas temporalidades. <\/p>\n<p>3. Siempre es recomendable utilizar otras t\u00e9cnicas en combinaci\u00f3n con los patrones gr\u00e1ficos, como patrones de velas, indicadores t\u00e9cnicos, etc. De esta manera incrementaremos la efectividad de cada se\u00f1al. <\/p>\n","protected":false},"excerpt":{"rendered":"<p>Por favor tome en cuenta las siguientes consideraciones: 1. La mayor\u00eda de los patrones gr\u00e1ficos necesitan confirmaci\u00f3n para que el patr\u00f3n sea v\u00e1lido. 2. Los patrones gr\u00e1ficos est\u00e1n presentes en todas las temporalidades, desde los gr\u00e1ficos mensuales hasta los gr\u00e1ficos de un minuto. Pero recuerde, mientras m\u00e1s grande sea la temporalidad, m\u00e1s significativo es el [&hellip;]<\/p>\n","protected":false},"author":1,"featured_media":0,"parent":314,"menu_order":7,"comment_status":"open","ping_status":"closed","template":"","meta":{"footnotes":""},"class_list":["post-392","page","type-page","status-publish","hentry"],"_links":{"self":[{"href":"http:\/\/www.straightforex.com\/es\/wp-json\/wp\/v2\/pages\/392","targetHints":{"allow":["GET"]}}],"collection":[{"href":"http:\/\/www.straightforex.com\/es\/wp-json\/wp\/v2\/pages"}],"about":[{"href":"http:\/\/www.straightforex.com\/es\/wp-json\/wp\/v2\/types\/page"}],"author":[{"embeddable":true,"href":"http:\/\/www.straightforex.com\/es\/wp-json\/wp\/v2\/users\/1"}],"replies":[{"embeddable":true,"href":"http:\/\/www.straightforex.com\/es\/wp-json\/wp\/v2\/comments?post=392"}],"version-history":[{"count":1,"href":"http:\/\/www.straightforex.com\/es\/wp-json\/wp\/v2\/pages\/392\/revisions"}],"predecessor-version":[{"id":393,"href":"http:\/\/www.straightforex.com\/es\/wp-json\/wp\/v2\/pages\/392\/revisions\/393"}],"up":[{"embeddable":true,"href":"http:\/\/www.straightforex.com\/es\/wp-json\/wp\/v2\/pages\/314"}],"wp:attachment":[{"href":"http:\/\/www.straightforex.com\/es\/wp-json\/wp\/v2\/media?parent=392"}],"curies":[{"name":"wp","href":"https:\/\/api.w.org\/{rel}","templated":true}]}}