{"id":364,"date":"2016-07-22T23:01:22","date_gmt":"2016-07-22T23:01:22","guid":{"rendered":"http:\/\/www.straightforex.com\/es\/?page_id=364"},"modified":"2016-07-26T16:25:52","modified_gmt":"2016-07-26T16:25:52","slug":"patrones-de-continuacion","status":"publish","type":"page","link":"http:\/\/www.straightforex.com\/es\/curso-basico-de-forex\/analisis-tecnico-parte-2\/patrones-de-continuacion\/","title":{"rendered":"Patrones de Continuaci\u00f3n"},"content":{"rendered":"<p>Todos los patrones que hemos revisado hasta ahora han sido de cambio de tendencia. Pero tambi\u00e9n existen patrones que se\u00f1alan una continuaci\u00f3n de la tendencia. Estos patrones son importantes porque generan se\u00f1ales en direcci\u00f3n de la tendencia actual (con mayor probabilidad de \u00e9xito). <\/p>\n<h3>Tri\u00e1ngulos Sim\u00e9tricos<\/h3>\n<p>Este tipo de tri\u00e1ngulos son formados por dos l\u00edneas de tendencia en convergencia. <\/p>\n<p><img loading=\"lazy\" decoding=\"async\" src=\"http:\/\/www.straightforex.com\/es\/wp-content\/uploads\/triangulos.jpg\" alt=\"triangulos\" width=\"615\" height=\"273\" class=\"alignnone size-full wp-image-375\" \/><\/p>\n<p>[Imagen 1]<\/p>\n<p>Los tri\u00e1ngulos sim\u00e9tricos indican un consenso de inversionistas y operadores, nuevos m\u00e1ximos y m\u00ednimos son alcanzados, el mercado hace una serie de techos m\u00e1s bajos y suelos m\u00e1s altos, estos puntos conectados forman dos l\u00edneas de tendencia que convergen al v\u00e9rtice. Cuando el mercado se va a cercando al v\u00e9rtice logra tener un equilibrio temporal. El patr\u00f3n se completa cuando se rompe ya sea la l\u00ednea de tendencia alcista o l\u00ednea de tendencia bajista. <\/p>\n<h5>Tri\u00e1ngulo Sim\u00e9trico Alcista en Acci\u00f3n<\/h5>\n<p><img loading=\"lazy\" decoding=\"async\" src=\"http:\/\/www.straightforex.com\/es\/wp-content\/uploads\/chart20.gif\" alt=\"chart20\" width=\"800\" height=\"600\" class=\"alignnone size-full wp-image-374\" \/><\/p>\n<p>[Gr\u00e1fica 1]<\/p>\n<p>En el gr\u00e1fico del EURUSD de 4 horas, el tri\u00e1ngulo alcista se forma en una tendencia alcista. Eventualmente el mercado rompe la l\u00ednea de tendencia de resistencia y el nivel de toma de ganancia es alcanzado. (Refi\u00e9rase abajo para ver los niveles de toma de ganancia de todos los tri\u00e1ngulos). <\/p>\n<h5>Tri\u00e1ngulo Sim\u00e9trico Bajista en Acci\u00f3n<\/h5>\n<p><img loading=\"lazy\" decoding=\"async\" src=\"http:\/\/www.straightforex.com\/es\/wp-content\/uploads\/chart21.gif\" alt=\"chart21\" width=\"800\" height=\"600\" class=\"alignnone size-full wp-image-373\" \/><\/p>\n<p>[Gr\u00e1fica 2]<\/p>\n<p>En este tri\u00e1ngulo bajista del EURUSD 5 minutos, el mercado rompe la l\u00ednea de tendencia de soporte para completar el patr\u00f3n. <\/p>\n<p>Toma de ganancias utilizada para los tri\u00e1ngulos sim\u00e9tricos<\/p>\n<p>Mida la altura del tri\u00e1ngulo en pips, esa cantidad a\u00f1\u00e1dala (en tri\u00e1ngulos ascendentes) o reste esa cantidad (en tri\u00e1ngulos descendentes) para obtener el nivel de toma de ganancia. <\/p>\n<h3>Tri\u00e1ngulos Ascendentes<\/h3>\n<p>Los tri\u00e1ngulos ascendentes son formados en tendencias alcistas, despu\u00e9s de que el mercado alcanz\u00f3 nuevos m\u00e1ximos. <\/p>\n<p><img loading=\"lazy\" decoding=\"async\" src=\"http:\/\/www.straightforex.com\/es\/wp-content\/uploads\/ascending.jpg\" alt=\"ascending\" width=\"417\" height=\"249\" class=\"alignnone size-full wp-image-372\" \/><\/p>\n<p>[Imagen 2]<\/p>\n<p>En este punto los vendedores son atra\u00eddos por los precios altos e intentan vender haciendo que el mercado baje un poco, sin embargo, el sentimiento alcista sigue fuerte y toman el control r\u00e1pidamente del mercado, ingresan de nuevo y hacen que el mercado suba de nuevo a los niveles m\u00e1ximos anteriores. Un segundo declive forma la l\u00ednea de tendencia alcista (suelos m\u00e1s altos). En este punto los vendedores se dan cuenta de que no hay suficiente sentimiento bajista para hacer que el mercado alcance niveles inferiores. Mientras cierran sus operaciones, los compradores vuelven a tomar sus operaciones de compra haciendo que el mercado alcance nuevos m\u00e1ximos. El patr\u00f3n se cumple cuando la l\u00ednea de resistencia se rompe. <\/p>\n<h5>Tri\u00e1ngulo Ascendente en Acci\u00f3n<\/h5>\n<p><img loading=\"lazy\" decoding=\"async\" src=\"http:\/\/www.straightforex.com\/es\/wp-content\/uploads\/chart22.gif\" alt=\"chart22\" width=\"800\" height=\"600\" class=\"alignnone size-full wp-image-371\" \/><\/p>\n<p>[Gr\u00e1fico 3]<\/p>\n<p>Toma de ganancias utilizada para los tri\u00e1ngulos ascendentes<\/p>\n<p>Mida la altura del tri\u00e1ngulo en t\u00e9rminos de pips y a\u00f1ada la misma cantidad de pips al nivel eventual de rompimiento. <\/p>\n<h3>Tri\u00e1ngulos Descendentes<\/h3>\n<p>Los tri\u00e1ngulos descendentes son formados en tendencias bajistas despu\u00e9s de que nuevos m\u00ednimos han sido alcanzados. <\/p>\n<p><img loading=\"lazy\" decoding=\"async\" src=\"http:\/\/www.straightforex.com\/es\/wp-content\/uploads\/descending.jpg\" alt=\"descending\" width=\"402\" height=\"239\" class=\"alignnone size-full wp-image-370\" \/><\/p>\n<p>[Imagen 3]<\/p>\n<p>En este punto, los compradores entran en el juego, atra\u00eddos por los precios bajos y empiezan a comprar en dichos m\u00ednimos. Una vez que llega el mercado a la l\u00ednea de tendencia de resistencia, los vendedores vuelven a entrar en juego, y agresivamente abren sus operaciones haciendo que el mercado baje de nuevo. En este punto los compradores se dan cuenta que el sentimiento alcista no es tan fuerte, y cierran sus operaciones. Esto, junto con la apertura de nuevas operaciones de venta hace que el mercado rompa el soporte, validando al tri\u00e1ngulo descendente. <\/p>\n<h5>Tri\u00e1ngulo Descendente en Acci\u00f3n<\/h5>\n<p><img loading=\"lazy\" decoding=\"async\" src=\"http:\/\/www.straightforex.com\/es\/wp-content\/uploads\/chart23.gif\" alt=\"chart23\" width=\"800\" height=\"600\" class=\"alignnone size-full wp-image-369\" \/><\/p>\n<p>[Gr\u00e1fico 4]<\/p>\n<p>Los tri\u00e1ngulos est\u00e1n entre los patrones de continuaci\u00f3n m\u00e1s efectivos, ya que los cambios en la oferta y demanda son muy evidentes. <\/p>\n<p>Toma de ganancias utilizada para los tri\u00e1ngulos descendentes<\/p>\n<p>Mida la altura del tri\u00e1ngulo en pips, reste esa cantidad al nivel de soporte para obtener el nivel de toma de ganancia. <\/p>\n<h3>Rect\u00e1ngulos Alcistas<\/h3>\n<p>Los rect\u00e1ngulos ascendentes son periodos de consolidaci\u00f3n que aparecen despu\u00e9s de movimientos fuertes:<\/p>\n<p><img loading=\"lazy\" decoding=\"async\" src=\"http:\/\/www.straightforex.com\/es\/wp-content\/uploads\/rectangleup.jpg\" alt=\"rectangleup\" width=\"481\" height=\"261\" class=\"alignnone size-full wp-image-368\" \/><\/p>\n<p>[Imagen 4]<\/p>\n<p>Este tipo de rect\u00e1ngulos o canales son periodos de consolidaci\u00f3n, donde la oferta de un par de divisa coincide con su demanda. En este periodo de indecisi\u00f3n, operadores e inversionistas tratan de digerir el movimiento alcista que hubo recientemente. En un rect\u00e1ngulo alcista, los compradores prefieren tomar ganancias parciales y esperar a retrocesos para tomar de nuevo sus operaciones de compra. El patr\u00f3n se completa cuando la resistencia principal es penetrada. <\/p>\n<h5>Rect\u00e1ngulo Alcista en Acci\u00f3n<\/h5>\n<p><img loading=\"lazy\" decoding=\"async\" src=\"http:\/\/www.straightforex.com\/es\/wp-content\/uploads\/chart24.gif\" alt=\"chart24\" width=\"800\" height=\"600\" class=\"alignnone size-full wp-image-367\" \/><\/p>\n<p>[Gr\u00e1fico 5]<\/p>\n<h3>Rect\u00e1ngulos Bajistas<\/h3>\n<p>Los rect\u00e1ngulos bajistas son tambi\u00e9n periodos de consolidaci\u00f3n y aparecen despu\u00e9s de una fuerte ca\u00edda: <\/p>\n<p><img loading=\"lazy\" decoding=\"async\" src=\"http:\/\/www.straightforex.com\/es\/wp-content\/uploads\/rectangledown.jpg\" alt=\"rectangledown\" width=\"463\" height=\"263\" class=\"alignnone size-full wp-image-366\" \/><\/p>\n<p>[Imagen 5]<\/p>\n<p>En un rect\u00e1ngulo bajista, los vendedores cierran la mayor parte de sus operaciones y esperan correcciones para abrir de nuevo sus operaciones de venta. Aunque el sentimiento aun es fuerte en direcci\u00f3n de la tendencia reinante, operadores e inversionistas prefieren tomar un descanso y esperar a que el mercado muestre fuerza (cuando el patr\u00f3n se hace v\u00e1lido) antes de abrir m\u00e1s operaciones. El patr\u00f3n se completa cuando el soporte principal es penetrado. <\/p>\n<h5>Rect\u00e1ngulo Bajista en Acci\u00f3n<\/h5>\n<p><img loading=\"lazy\" decoding=\"async\" src=\"http:\/\/www.straightforex.com\/es\/wp-content\/uploads\/chart25.gif\" alt=\"chart25\" width=\"800\" height=\"600\" class=\"alignnone size-full wp-image-365\" \/><\/p>\n<p>[Gr\u00e1fico 6]<\/p>\n<p>En el gr\u00e1fico de arriba, los vendedores toman un descanso despu\u00e9s de la ca\u00edda del mercado. Cuando el mercado rompe el soporte principal, compradores cierran operaciones y vendedores abren nuevas operaciones, ayudando a que el mercado caiga m\u00e1s r\u00e1pido. <\/p>\n<p>Recuerde de nuevo, una vez que el mercado rompe una zona importante de soporte o resistencia, puede convertirse en zona de resistencia o soporte respectivamente. Como en el gr\u00e1fico de arriba, el soporte se convierte en una resistencia, y hace que el precio deje de subir, para despu\u00e9s alcanzar nuevos m\u00ednimos. <\/p>\n<h5>Toma de ganancias utilizada para los rect\u00e1ngulos<\/h5>\n<p>Mida la altura del rect\u00e1ngulo en pips, y a\u00f1ada o reste esa cantidad al eventual nivel de rompimiento. <\/p>\n","protected":false},"excerpt":{"rendered":"<p>Todos los patrones que hemos revisado hasta ahora han sido de cambio de tendencia. Pero tambi\u00e9n existen patrones que se\u00f1alan una continuaci\u00f3n de la tendencia. Estos patrones son importantes porque generan se\u00f1ales en direcci\u00f3n de la tendencia actual (con mayor probabilidad de \u00e9xito). Tri\u00e1ngulos Sim\u00e9tricos Este tipo de tri\u00e1ngulos son formados por dos l\u00edneas de [&hellip;]<\/p>\n","protected":false},"author":1,"featured_media":0,"parent":314,"menu_order":5,"comment_status":"open","ping_status":"closed","template":"","meta":{"footnotes":""},"class_list":["post-364","page","type-page","status-publish","hentry"],"_links":{"self":[{"href":"http:\/\/www.straightforex.com\/es\/wp-json\/wp\/v2\/pages\/364","targetHints":{"allow":["GET"]}}],"collection":[{"href":"http:\/\/www.straightforex.com\/es\/wp-json\/wp\/v2\/pages"}],"about":[{"href":"http:\/\/www.straightforex.com\/es\/wp-json\/wp\/v2\/types\/page"}],"author":[{"embeddable":true,"href":"http:\/\/www.straightforex.com\/es\/wp-json\/wp\/v2\/users\/1"}],"replies":[{"embeddable":true,"href":"http:\/\/www.straightforex.com\/es\/wp-json\/wp\/v2\/comments?post=364"}],"version-history":[{"count":3,"href":"http:\/\/www.straightforex.com\/es\/wp-json\/wp\/v2\/pages\/364\/revisions"}],"predecessor-version":[{"id":378,"href":"http:\/\/www.straightforex.com\/es\/wp-json\/wp\/v2\/pages\/364\/revisions\/378"}],"up":[{"embeddable":true,"href":"http:\/\/www.straightforex.com\/es\/wp-json\/wp\/v2\/pages\/314"}],"wp:attachment":[{"href":"http:\/\/www.straightforex.com\/es\/wp-json\/wp\/v2\/media?parent=364"}],"curies":[{"name":"wp","href":"https:\/\/api.w.org\/{rel}","templated":true}]}}