{"id":349,"date":"2016-07-22T22:45:50","date_gmt":"2016-07-22T22:45:50","guid":{"rendered":"http:\/\/www.straightforex.com\/es\/?page_id=349"},"modified":"2016-08-03T02:35:40","modified_gmt":"2016-08-03T02:35:40","slug":"patrones-reversales","status":"publish","type":"page","link":"http:\/\/www.straightforex.com\/es\/curso-basico-de-forex\/analisis-tecnico-parte-2\/patrones-reversales\/","title":{"rendered":"Patrones Reversales"},"content":{"rendered":"<h3>Doble Techo<\/h3>\n<p>El patr\u00f3n doble techo esta formado por dos picos extremos, como en la imagen de abajo: <\/p>\n<p><img loading=\"lazy\" decoding=\"async\" src=\"http:\/\/www.straightforex.com\/es\/wp-content\/uploads\/doubletop.jpg\" alt=\"doubletop\" width=\"301\" height=\"216\" class=\"alignnone size-full wp-image-361\" \/><\/p>\n<p>[Imagen 1]<\/p>\n<p>Despu\u00e9s del primer pico, tiene que haber una correcci\u00f3n de no mas del 25% del primer movimiento alcista, este retroceso o correcci\u00f3n crea el nivel de soporte principal, el cual tiene que ser penetrado para que el patr\u00f3n sea v\u00e1lido. Luego el mercado tiene un nuevo empuje alcista hacia la resistencia formada por el primer pico. Los m\u00e1ximos del primer y el segundo pico deben ser similares. Luego el mercado cae desde la zona de resistencia hasta el soporte, el cual penetra para que el patr\u00f3n termine de formarse (caja amarilla). <\/p>\n<p>Este tipo de patrones puede ser usado en tendencias alcistas donde se\u00f1ala un posible cambio de tendencia o en periodos de consolidaci\u00f3n se\u00f1alando un posible cambio de direcci\u00f3n del mercado. <\/p>\n<h5>Doble Techo en Acci\u00f3n <\/h5>\n<p><img loading=\"lazy\" decoding=\"async\" src=\"http:\/\/www.straightforex.com\/es\/wp-content\/uploads\/chart14-1.gif\" alt=\"chart14\" width=\"800\" height=\"600\" class=\"alignnone size-full wp-image-360\" \/><\/p>\n<p>[Gr\u00e1fica 1]<\/p>\n<p>Note como el pico #1 y #2 tienen un nivel similar. El patr\u00f3n no es v\u00e1lido sino hasta que el mercado rompe el soporte principal (caja amarilla). Note tambi\u00e9n como la zona de soporte principal se convierte en una resistencia, previniendo que el mercado alcance niveles superiores. <\/p>\n<h5>Nivel de toma de ganancia para el Doble Techo<\/h5>\n<p>Mida la cantidad de pips que hay del primer pico (desde donde retrocedi\u00f3 para formar la resistencia) al nivel de soporte (hasta donde lleg\u00f3 el retroceso para despu\u00e9s formar el segundo pico). Esa cantidad de pips, r\u00e9stela al nivel de soporte principal, esa \u00faltima cotizaci\u00f3n le va a dar el nivel de toma de ganancia. <\/p>\n<h3>Doble Suelo<\/h3>\n<p>El patr\u00f3n doble techo esta formado por dos suelos consecutivos como la ilustraci\u00f3n de abajo: <\/p>\n<p><img loading=\"lazy\" decoding=\"async\" src=\"http:\/\/www.straightforex.com\/es\/wp-content\/uploads\/doublebottom.jpg\" alt=\"doublebottom\" width=\"309\" height=\"215\" class=\"alignnone size-full wp-image-359\" \/><\/p>\n<p>[Imagen 2]<\/p>\n<p>Despu\u00e9s del primer suelo, debe haber una correcci\u00f3n alcista de no m\u00e1s del 25% del movimiento bajista inicial (este movimiento alcista forma la resistencia principal, que tiene que ser penetrada para que el patr\u00f3n sea v\u00e1lido). Luego el mercado baja de nuevo al nivel de soporte formado por el primer suelo. Los suelos deben estar en niveles similares. Luego el mercado sube de nuevo hacia el nivel de resistencia principal, una vez que la penetra, el patr\u00f3n se hace v\u00e1lido (caja amarilla). <\/p>\n<p>Este tipo de patrones puede ser usado en tendencias bajistas donde se\u00f1ala un posible cambio de tendencia (hacia arriba) o en periodos de consolidaci\u00f3n se\u00f1alando un posible cambio de direcci\u00f3n del mercado. <\/p>\n<h5>Doble Suelo en Acci\u00f3n<\/h5>\n<p><img loading=\"lazy\" decoding=\"async\" src=\"http:\/\/www.straightforex.com\/es\/wp-content\/uploads\/chart15.gif\" alt=\"chart15\" width=\"800\" height=\"600\" class=\"alignnone size-full wp-image-358\" \/><\/p>\n<p>[Gr\u00e1fica 2]<\/p>\n<p>Los suelos #1 y #2 est\u00e1n en niveles similares. El patr\u00f3n no es considerado v\u00e1lido sino hasta que los precios rompen el nivel de resistencia principal. Note como el nivel de resistencia principal despu\u00e9s se convierte en un nivel de soporte importante, no dejando bajar m\u00e1s al mercado. <\/p>\n<h5>Nivel de toma de ganancia para el Doble Suelo<\/h5>\n<p>Mida la cantidad de pips que hay desde el suelo m\u00e1s bajo hasta el nivel de la resistencia principal, a\u00f1ada la misma cantidad de pips al nivel de resistencia y esta \u00faltima cotizaci\u00f3n le va a dar el nivel de toma de ganancia. <\/p>\n<p>Los dos patrones, el doble techo y doble suelo reflejan cambios en la oferta y demanda. En un doble techo, refleja la inhabilidad de los compradores de llevar al mercado a nuevos m\u00e1ximos y operar por encima de ellos. Un doble suelo refleja el intento fallido de los vendedores de llevar al mercado a nuevos m\u00ednimos y operar por debajo de ellos. <\/p>\n<p><em>Recuerde: el soporte principal o resistencia principal que se hicieron despu\u00e9s del retroceso del primer pico o suelo pueden actuar como una resistencia o soporte respectivamente, despu\u00e9s del rompimiento eventual del nivel. <\/em><\/p>\n<h3>Triple Techo<\/h3>\n<p>El triple techo es similar al doble techo, la \u00fanica diferencia es que el mercado tiene tres picos (en lugar de dos). <\/p>\n<p><img loading=\"lazy\" decoding=\"async\" src=\"http:\/\/www.straightforex.com\/es\/wp-content\/uploads\/tripletecho.jpg\" alt=\"tripletecho\" width=\"393\" height=\"223\" class=\"alignnone size-full wp-image-357\" \/><\/p>\n<p>[Imagen 3]<\/p>\n<p>Aqu\u00ed se sigue la misma mec\u00e1nica, tiene que haber una tendencia o direcci\u00f3n del mercado (para poder cambiarla), hay tres picos con m\u00e1ximos similares, y un nivel de soporte principal que tiene que ser penetrado para que el patr\u00f3n sea v\u00e1lido. En este patr\u00f3n los cambios  de la oferta y demanda toman un poco m\u00e1s de tiempo en cambiar las perspectivas de los inversionistas y operadores del mercado. <\/p>\n<h5>Triple Techo en Acci\u00f3n<\/h5>\n<p><img loading=\"lazy\" decoding=\"async\" src=\"http:\/\/www.straightforex.com\/es\/wp-content\/uploads\/chart16.gif\" alt=\"chart16\" width=\"800\" height=\"600\" class=\"alignnone size-full wp-image-356\" \/><\/p>\n<p>[Gr\u00e1fica 3]<\/p>\n<p>Note que los tres picos en este triple techo no son iguales, no tienen que ser iguales, pero si deben estar cerca uno de otro. El patr\u00f3n se hace v\u00e1lido cuando el mercado rompe el nivel de soporte principal. Note tambi\u00e9n como el mercado regresa al nivel del soporte principal, que ahora es una resistencia importante. El mercado casi siempre regresa al lugar del crimen. <\/p>\n<p>La mec\u00e1nica para obtener los niveles de toma de ganancia es similar a aquella utilizada en el doble techo.<\/p>\n<h3>Triple Suelo<\/h3>\n<p>El Triple suelo es similar al doble suelo solo que tiene tres suelos (en lugar de 2). <\/p>\n<p><img loading=\"lazy\" decoding=\"async\" src=\"http:\/\/www.straightforex.com\/es\/wp-content\/uploads\/tripletsuelo.jpg\" alt=\"tripletsuelo\" width=\"393\" height=\"223\" class=\"alignnone size-full wp-image-355\" \/><\/p>\n<p>[Imagen 4]<\/p>\n<p>La misma mec\u00e1nica se sigue aqu\u00ed, tiene que haber una tendencia o direcci\u00f3n del mercado para que haya un cambio, tres suelos con m\u00ednimos similares (no exactamente en el mismo lugar) y un nivel de resistencia importante que tiene que ser penetrado para que el patr\u00f3n se haga v\u00e1lido. En este patr\u00f3n el balance de la oferta y demanda tarda en cambiar un poco m\u00e1s que en los doble suelos, pero al final, hace que los inversionistas y operadores cambien su perspectiva del mercado. <\/p>\n<h5>Triple Suelo en Acci\u00f3n<\/h5>\n<p><img loading=\"lazy\" decoding=\"async\" src=\"http:\/\/www.straightforex.com\/es\/wp-content\/uploads\/chart17.gif\" alt=\"chart17\" width=\"800\" height=\"600\" class=\"alignnone size-full wp-image-354\" \/><\/p>\n<p>[Gr\u00e1fica 4]<\/p>\n<p>El triple suelo se hace v\u00e1lido cuando el mercado penetra el nivel de resistencia principal (caja amarilla). <\/p>\n<p>La mec\u00e1nica para obtener el nivel de toma de ganancias es exactamente la misma que con el doble suelo. <\/p>\n<h3>Cabeza &#038; Hombros Techo (Head &#038; Shoulders)<\/h3>\n<p>Este patr\u00f3n esta formado por tres picos seguidos: <\/p>\n<p><img loading=\"lazy\" decoding=\"async\" src=\"http:\/\/www.straightforex.com\/es\/wp-content\/uploads\/headshouldrestop.jpg\" alt=\"headshouldrestop\" width=\"392\" height=\"250\" class=\"alignnone size-full wp-image-353\" \/><\/p>\n<p>[Imagen 5]<\/p>\n<p>El segundo pico o la \u201ccabeza\u201d debe ser el pico m\u00e1s alto, los otros dos picos o los \u201chombros\u201d tienen que tener m\u00e1ximos similares. El soporte es formado por el retroceso del primer hombro y el retroceso de la cabeza; a esto se le conoce como l\u00ednea de cuello. El patr\u00f3n se considera completo cuando la l\u00ednea al cuello es penetrada y el precio opera por debajo de esos niveles. La l\u00ednea al cuello se convierte en una resistencia importante una vez que el mercado lo rompe. <\/p>\n<h5>Cabeza y Hombros Techo en Acci\u00f3n<\/h5>\n<p><img loading=\"lazy\" decoding=\"async\" src=\"http:\/\/www.straightforex.com\/es\/wp-content\/uploads\/chart18-1.gif\" alt=\"chart18\" width=\"800\" height=\"600\" class=\"alignnone size-full wp-image-352\" \/><\/p>\n<p>[Gr\u00e1fica 5]<\/p>\n<p>En la gr\u00e1fica de arriba podemos apreciar un patr\u00f3n cabeza y hombros, en ese momento el mercado todav\u00eda no romp\u00eda la l\u00ednea de cuello. \u00bfPor qu\u00e9 usamos entonces este patr\u00f3n? Porque es importante tambi\u00e9n detectarlos antes de que se formen para que podamos tomar una decisi\u00f3n de compra. Esta es la gr\u00e1fica semanal del GBPJPY, si el patr\u00f3n se hace v\u00e1lido, tiene la posibilidad de moverse hacia abajo alrededor de 2,000 pips. Le sugiero que ahora (que ya pas\u00f3 algo de tiempo) busque el gr\u00e1fico y vea el resultado del patr\u00f3n. <\/p>\n<h5>Toma de ganancias utilizada para el cabeza y hombros techo<\/h5>\n<p>Mida la cantidad de pips del pico m\u00e1s alto (cabeza) hasta la l\u00ednea al cuello, reste esa cantidad de pips al rompimiento eventual de la l\u00ednea de cuello, esta \u00faltima cotizaci\u00f3n le va a dar el nivel de toma de ganancia. <\/p>\n<h3>Cabeza &#038; Hombros Suelo<\/h3>\n<p>Este patr\u00f3n esta formado por tres m\u00ednimos consecutivos: <\/p>\n<p><img loading=\"lazy\" decoding=\"async\" src=\"http:\/\/www.straightforex.com\/es\/wp-content\/uploads\/headshouldrestbottom.jpg\" alt=\"headshouldrestbottom\" width=\"384\" height=\"242\" class=\"alignnone size-full wp-image-351\" \/><\/p>\n<p>[Imagen 6]<\/p>\n<p>El segundo suelo es el m\u00e1s bajo de todos (cabeza), los otros dos (hombros) tienen un m\u00ednimo similar. El patr\u00f3n se considera v\u00e1lido cuando penetra la l\u00ednea de cuello. <\/p>\n<h5>Cabeza y Hombros Suelo en Acci\u00f3n<\/h5>\n<p><img loading=\"lazy\" decoding=\"async\" src=\"http:\/\/www.straightforex.com\/es\/wp-content\/uploads\/chart19.gif\" alt=\"chart19\" width=\"800\" height=\"600\" class=\"alignnone size-full wp-image-350\" \/><\/p>\n<p>[Gr\u00e1fica 6]<\/p>\n<p>Note como la l\u00ednea al cuello no necesariamente tiene que se totalmente horizontal. En este caso tiene una pendiente y es similar a una l\u00ednea de tendencia. El patr\u00f3n se considera v\u00e1lido hasta que el mercado penetra la l\u00ednea de cuello hacia arriba. <\/p>\n<h5>Toma de ganancias utilizada para el cabeza y hombros suelo<\/h5>\n<p>Mida la cantidad de pips que hay desde la cabeza hasta la l\u00ednea al cuello, sume la misma cantidad de pips a la l\u00ednea de cuello, y si hay rompimiento, esta \u00faltima cotizaci\u00f3n nos da el nivel de toma de ganancias. <\/p>\n","protected":false},"excerpt":{"rendered":"<p>Doble Techo El patr\u00f3n doble techo esta formado por dos picos extremos, como en la imagen de abajo: [Imagen 1] Despu\u00e9s del primer pico, tiene que haber una correcci\u00f3n de no mas del 25% del primer movimiento alcista, este retroceso o correcci\u00f3n crea el nivel de soporte principal, el cual tiene que ser penetrado para [&hellip;]<\/p>\n","protected":false},"author":1,"featured_media":0,"parent":314,"menu_order":4,"comment_status":"open","ping_status":"closed","template":"","meta":{"footnotes":""},"class_list":["post-349","page","type-page","status-publish","hentry"],"_links":{"self":[{"href":"http:\/\/www.straightforex.com\/es\/wp-json\/wp\/v2\/pages\/349","targetHints":{"allow":["GET"]}}],"collection":[{"href":"http:\/\/www.straightforex.com\/es\/wp-json\/wp\/v2\/pages"}],"about":[{"href":"http:\/\/www.straightforex.com\/es\/wp-json\/wp\/v2\/types\/page"}],"author":[{"embeddable":true,"href":"http:\/\/www.straightforex.com\/es\/wp-json\/wp\/v2\/users\/1"}],"replies":[{"embeddable":true,"href":"http:\/\/www.straightforex.com\/es\/wp-json\/wp\/v2\/comments?post=349"}],"version-history":[{"count":3,"href":"http:\/\/www.straightforex.com\/es\/wp-json\/wp\/v2\/pages\/349\/revisions"}],"predecessor-version":[{"id":924,"href":"http:\/\/www.straightforex.com\/es\/wp-json\/wp\/v2\/pages\/349\/revisions\/924"}],"up":[{"embeddable":true,"href":"http:\/\/www.straightforex.com\/es\/wp-json\/wp\/v2\/pages\/314"}],"wp:attachment":[{"href":"http:\/\/www.straightforex.com\/es\/wp-json\/wp\/v2\/media?parent=349"}],"curies":[{"name":"wp","href":"https:\/\/api.w.org\/{rel}","templated":true}]}}