{"id":347,"date":"2016-07-22T22:37:36","date_gmt":"2016-07-22T22:37:36","guid":{"rendered":"http:\/\/www.straightforex.com\/es\/?page_id=347"},"modified":"2016-08-03T02:34:36","modified_gmt":"2016-08-03T02:34:36","slug":"patrones-graficos","status":"publish","type":"page","link":"http:\/\/www.straightforex.com\/es\/curso-basico-de-forex\/analisis-tecnico-parte-2\/patrones-graficos\/","title":{"rendered":"Patrones Gr\u00e1ficos"},"content":{"rendered":"<p>La misma psicolog\u00eda aplicada a los patrones de velas aplica para los patrones gr\u00e1ficos. <\/p>\n<p>Inversionistas y operadores hacen transacciones por una gran variedad de razones. La gran mayor\u00eda de esas decisiones son por influencia emocional: cerrar operaciones por miedo a perder m\u00e1s, agregar m\u00e1s posiciones con la esperanza de ganar m\u00e1s y otras m\u00e1s. Todo esto resulta en un desbalance de la oferta y demanda y esto se descubre por los movimientos del  precio. <\/p>\n<p>Estos movimientos tienden a repetirse, pues los operadores siguen abriendo y cerrando operaciones, agregando o disminuyendo los tama\u00f1os de operaci\u00f3n por las mismas razones. <\/p>\n<p>Debemos de recordad que las preguntas que nos debemos de responder \u00bfD\u00f3nde esta el precio? \u00bfHacia donde es m\u00e1s probable que se dirija? El \u201cpor que\u201d no es importante (al menos para los analistas t\u00e9cnicos). <\/p>\n<p>Existen dos tipos de patrones gr\u00e1ficos: los patrones de continuaci\u00f3n y los patrones reversales. <\/p>\n<h3>Patrones Reversales<\/h3>\n<p> Este tipo de patrones llevan al mercado a un cambio de tendencia una vez que el patr\u00f3n se confirma. Entre los patrones m\u00e1s importantes tenemos: <\/p>\n<p><i class=\"uk-theme-icon-check uk-margin-small-top\"><\/i>   Doble Techo y Suelo<br \/>\n<i class=\"uk-theme-icon-check uk-margin-small-top\"><\/i>   Triple Techo y Suelo<br \/>\n<i class=\"uk-theme-icon-check uk-margin-small-top\"><\/i>   Cabeza y Hombros (Head &#038; Shoulders) <\/p>\n<h3>Patrones de Continuaci\u00f3n<\/h3>\n<p> Son peque\u00f1o periodos de consolidaci\u00f3n, y hacen que cuando se confirmen el mercado contin\u00fae en direcci\u00f3n de la tendencia actual. Entre los patrones m\u00e1s importantes tenemos: <\/p>\n<p><i class=\"uk-theme-icon-check uk-margin-small-top\"><\/i>   Cu\u00f1as (wedges) \u2013 Cu\u00f1as alcistas y bajistas<br \/>\n<i class=\"uk-theme-icon-check uk-margin-small-top\"><\/i>   Tri\u00e1ngulos \u2013 tri\u00e1ngulos sim\u00e9tricos, ascendentes y descendentes<br \/>\n<i class=\"uk-theme-icon-check uk-margin-small-top\"><\/i>   Rect\u00e1ngulos \u2013 periodos de consolidaci\u00f3n*<\/p>\n<p><em>*Cuando los rect\u00e1ngulos tienen una pendiente, tambi\u00e9n se les llama canales alcistas o bajistas. <\/em><\/p>\n<h3>Cu\u00f1as Alcistas y Bajistas<\/h3>\n<p> Las cu\u00f1as pueden ser patrones tanto de continuaci\u00f3n como reversales.<\/p>\n<p>Revisemos algunos de los m\u00e1s importantes<\/p>\n","protected":false},"excerpt":{"rendered":"<p>La misma psicolog\u00eda aplicada a los patrones de velas aplica para los patrones gr\u00e1ficos. Inversionistas y operadores hacen transacciones por una gran variedad de razones. La gran mayor\u00eda de esas decisiones son por influencia emocional: cerrar operaciones por miedo a perder m\u00e1s, agregar m\u00e1s posiciones con la esperanza de ganar m\u00e1s y otras m\u00e1s. Todo [&hellip;]<\/p>\n","protected":false},"author":1,"featured_media":0,"parent":314,"menu_order":3,"comment_status":"open","ping_status":"closed","template":"","meta":{"footnotes":""},"class_list":["post-347","page","type-page","status-publish","hentry"],"_links":{"self":[{"href":"http:\/\/www.straightforex.com\/es\/wp-json\/wp\/v2\/pages\/347","targetHints":{"allow":["GET"]}}],"collection":[{"href":"http:\/\/www.straightforex.com\/es\/wp-json\/wp\/v2\/pages"}],"about":[{"href":"http:\/\/www.straightforex.com\/es\/wp-json\/wp\/v2\/types\/page"}],"author":[{"embeddable":true,"href":"http:\/\/www.straightforex.com\/es\/wp-json\/wp\/v2\/users\/1"}],"replies":[{"embeddable":true,"href":"http:\/\/www.straightforex.com\/es\/wp-json\/wp\/v2\/comments?post=347"}],"version-history":[{"count":3,"href":"http:\/\/www.straightforex.com\/es\/wp-json\/wp\/v2\/pages\/347\/revisions"}],"predecessor-version":[{"id":923,"href":"http:\/\/www.straightforex.com\/es\/wp-json\/wp\/v2\/pages\/347\/revisions\/923"}],"up":[{"embeddable":true,"href":"http:\/\/www.straightforex.com\/es\/wp-json\/wp\/v2\/pages\/314"}],"wp:attachment":[{"href":"http:\/\/www.straightforex.com\/es\/wp-json\/wp\/v2\/media?parent=347"}],"curies":[{"name":"wp","href":"https:\/\/api.w.org\/{rel}","templated":true}]}}