{"id":343,"date":"2016-07-22T22:31:36","date_gmt":"2016-07-22T22:31:36","guid":{"rendered":"http:\/\/www.straightforex.com\/es\/?page_id=343"},"modified":"2016-08-03T02:33:48","modified_gmt":"2016-08-03T02:33:48","slug":"consideraciones-importantes-de-los-patrones-de-vela","status":"publish","type":"page","link":"http:\/\/www.straightforex.com\/es\/curso-basico-de-forex\/analisis-tecnico-parte-2\/consideraciones-importantes-de-los-patrones-de-vela\/","title":{"rendered":"Consideraciones Importantes de los Patrones de Vela"},"content":{"rendered":"<p>Cuando tomamos en consideraci\u00f3n las velas que forman los patrones piercing, engulfing y las estrellas, usted podr\u00e1 ver que forman un patr\u00f3n ya conocido. Si tomamos el precio de apertura de la primera vela, el precio de cierre de la \u00faltima vela y el m\u00ednimo\/m\u00e1ximo del patr\u00f3n completo, podemos llegar a una conclusi\u00f3n interesante. <\/p>\n<h3>Combinaci\u00f3n de Velas<\/h3>\n<p><img loading=\"lazy\" decoding=\"async\" src=\"http:\/\/www.straightforex.com\/es\/wp-content\/uploads\/39.jpg\" alt=\"39\" width=\"792\" height=\"593\" class=\"alignnone size-full wp-image-345\" \/><\/p>\n<p>[Imagen 1]<\/p>\n<p><strong>Todas ellas forman ya sea un hammer o un shooting star.<\/strong> El punto aqu\u00ed es que lo que nosotros en realidad estamos buscando es el comportamiento del precio, y no al patr\u00f3n mismo. Cuando nos referimos al comportamiento del precio vemos como los compradores y vendedores reaccionan en niveles importantes y cuando se sienten m\u00e1s c\u00f3modos incorpor\u00e1ndose al mercado. Y- esto es exactamente lo que los patrones nos muestran, la psicolog\u00eda detr\u00e1s de cada movimiento del mercado, quien va ganando, quien va perdiendo, y m\u00e1s importante, quien es m\u00e1s probable que gane la batalla, y de esta manera podemos tomar parte operando en el mercado. <\/p>\n<p>Los patrones mostrados en el curso figuran entre los m\u00e1s efectivos patrones conocidos. Estos patrones tambi\u00e9n son muy importantes en el sistema que usamos para operar el mercado. Por supuesto que existen otros patrones, pero la mayor\u00eda siguen la misma mec\u00e1nica del precio mostrada aqu\u00ed. <\/p>\n<p>Como en cualquier herramienta t\u00e9cnica de operaci\u00f3n, tambi\u00e9n existen ciertas limitaciones: <\/p>\n<h3>Limitaciones de los patrones de vela<\/h3>\n<p>1 \u2013 <strong>Las velas no nos muestra la secuencia del precio<\/strong>, primero fue a los niveles m\u00e1ximos, y luego a los m\u00ednimos, o paso varias veces todos los niveles, etc. <\/p>\n<p><img loading=\"lazy\" decoding=\"async\" src=\"http:\/\/www.straightforex.com\/es\/wp-content\/uploads\/40.jpg\" alt=\"40\" width=\"655\" height=\"254\" class=\"alignnone size-full wp-image-344\" \/><\/p>\n<p>[Imagen 2]<\/p>\n<p>2 \u2013 <strong>La mayor\u00eda de los patrones de vela necesitan una tendencia o direcci\u00f3n anterior y confirmaci\u00f3n para que el patr\u00f3n se complete<\/strong>. Necesitan una direcci\u00f3n o tendencia para reversarla o para contin\u00fae en esa direcci\u00f3n. La confirmaci\u00f3n, que normalmente se genera cuando el grupo perdedor (compradores o vendedores) cierran sus operaciones y se crea un movimiento fuerte (al darse cuenta que el otro grupo tom\u00f3 el control del mercado). <\/p>\n<p>3 \u2013 <strong>En ocasiones se necesita la interpretaci\u00f3n humana<\/strong>, y como humanos, todos cometemos errores. Pero tambi\u00e9n aprendemos, entonces conforme vayamos adquiriendo experiencia, aprenderemos a ver cuales patrones funcionan mejor. <\/p>\n<p>Tambi\u00e9n cabe destacar que en el mercado forex hay muy pocos gaps, de hecho, la mayor\u00eda de los brokers no muestran los gaps, por esta raz\u00f3n tambi\u00e9n necesitamos flexibilizar un poco las reglas al interpretar y reconocer los patrones. <\/p>\n<p>Recuerda, lo que en realidad nos importa es el comportamiento del precio, no el patr\u00f3n  en s\u00ed mismo. <\/p>\n<p>Comprender los patrones de vela es muy importante porque los podemos combinar con otras herramientas t\u00e9cnicas, como lo veremos en lecciones m\u00e1s adelante.  <\/p>\n","protected":false},"excerpt":{"rendered":"<p>Cuando tomamos en consideraci\u00f3n las velas que forman los patrones piercing, engulfing y las estrellas, usted podr\u00e1 ver que forman un patr\u00f3n ya conocido. Si tomamos el precio de apertura de la primera vela, el precio de cierre de la \u00faltima vela y el m\u00ednimo\/m\u00e1ximo del patr\u00f3n completo, podemos llegar a una conclusi\u00f3n interesante. Combinaci\u00f3n [&hellip;]<\/p>\n","protected":false},"author":1,"featured_media":0,"parent":314,"menu_order":2,"comment_status":"open","ping_status":"closed","template":"","meta":{"footnotes":""},"class_list":["post-343","page","type-page","status-publish","hentry"],"_links":{"self":[{"href":"http:\/\/www.straightforex.com\/es\/wp-json\/wp\/v2\/pages\/343","targetHints":{"allow":["GET"]}}],"collection":[{"href":"http:\/\/www.straightforex.com\/es\/wp-json\/wp\/v2\/pages"}],"about":[{"href":"http:\/\/www.straightforex.com\/es\/wp-json\/wp\/v2\/types\/page"}],"author":[{"embeddable":true,"href":"http:\/\/www.straightforex.com\/es\/wp-json\/wp\/v2\/users\/1"}],"replies":[{"embeddable":true,"href":"http:\/\/www.straightforex.com\/es\/wp-json\/wp\/v2\/comments?post=343"}],"version-history":[{"count":2,"href":"http:\/\/www.straightforex.com\/es\/wp-json\/wp\/v2\/pages\/343\/revisions"}],"predecessor-version":[{"id":921,"href":"http:\/\/www.straightforex.com\/es\/wp-json\/wp\/v2\/pages\/343\/revisions\/921"}],"up":[{"embeddable":true,"href":"http:\/\/www.straightforex.com\/es\/wp-json\/wp\/v2\/pages\/314"}],"wp:attachment":[{"href":"http:\/\/www.straightforex.com\/es\/wp-json\/wp\/v2\/media?parent=343"}],"curies":[{"name":"wp","href":"https:\/\/api.w.org\/{rel}","templated":true}]}}