{"id":316,"date":"2016-07-22T22:08:39","date_gmt":"2016-07-22T22:08:39","guid":{"rendered":"http:\/\/www.straightforex.com\/es\/?page_id=316"},"modified":"2016-08-03T02:30:36","modified_gmt":"2016-08-03T02:30:36","slug":"patrones-de-velas-reversales","status":"publish","type":"page","link":"http:\/\/www.straightforex.com\/es\/curso-basico-de-forex\/analisis-tecnico-parte-2\/patrones-de-velas-reversales\/","title":{"rendered":"Patrones de Velas Reversales"},"content":{"rendered":"<h3>Hammer<\/h3>\n<p>En la imagen de abajo, el hammer esta representado \u00fanicamente por la \u00faltima vela. <\/p>\n<p><img loading=\"lazy\" decoding=\"async\" src=\"http:\/\/www.straightforex.com\/es\/wp-content\/uploads\/hammer.jpg\" alt=\"hammer\" width=\"339\" height=\"288\" class=\"alignnone size-full wp-image-339\" \/><\/p>\n<p>[Imagen 1]<\/p>\n<h5>Acerca del Patr\u00f3n<\/h5>\n<p>Los hammers tienen cuerpos peque\u00f1os y sombra inferior grande. Puede tener peque\u00f1a sombra superior o no tener nada de sombra superior. El tama\u00f1o de la sombra inferior debe ser al menos del doble del tama\u00f1o del cuerpo de la vela. El color del cuerpo no es importante, aunque un cuerpo blanco es ligeramente m\u00e1s alcista que un hammer con cuerpo negro. Lo hammers son formados despu\u00e9s de movimientos bajistas o en la parte inferior del rango. <\/p>\n<h5>Psicolog\u00eda detr\u00e1s de un hammer y ejemplo<\/h5>\n<p>En una tendencia bajista o despu\u00e9s de un movimiento alcista (donde los operadores \u201cbajistas\u201d tienen el control del mercado), un hammer indica que en cierto punto los compradores tomaron de nuevo el control del mercado, atra\u00eddos por los precios bajos. La compra agresiva de los \u201calcistas\u201d, m\u00e1s la toma de ganancias de los \u201cbajistas\u201d reducen el sentimiento bajista del mercado, se\u00f1alando un posible cambio de tendencia o direcci\u00f3n del mercado. Las siguientes velas tienen que ser usadas para confirmar el movimiento. <\/p>\n<p>Los hammers son se\u00f1ales de compra. <\/p>\n<h5>Hammer en Acci\u00f3n<\/h5>\n<p><img loading=\"lazy\" decoding=\"async\" src=\"http:\/\/www.straightforex.com\/es\/wp-content\/uploads\/chart01.gif\" alt=\"chart01\" width=\"800\" height=\"600\" class=\"alignnone size-full wp-image-338\" \/><\/p>\n<p>[Gr\u00e1fica 1]<\/p>\n<p>En esta gr\u00e1fica de hora de USD\/CHF, los operadores \u201calcistas\u201d entran agresivamente al mercado creando la presi\u00f3n necesaria para que el mercado cambie de direcci\u00f3n (caja amarilla). <\/p>\n<h3>Hanging Man<\/h3>\n<p>En la imagen de abajo, el hanging man esta representado por la \u00faltima vela. <\/p>\n<p><img loading=\"lazy\" decoding=\"async\" src=\"http:\/\/www.straightforex.com\/es\/wp-content\/uploads\/hangingman.jpg\" alt=\"hangingman\" width=\"395\" height=\"232\" class=\"alignnone size-full wp-image-337\" \/><\/p>\n<p>[Imagen 2]<\/p>\n<h5>Acerca del Patr\u00f3n<\/h5>\n<p>Los Hanging Man (como los martillos) tienen cuerpos peque\u00f1os una sombra inferior grande (esta debe ser al menos del doble del tama\u00f1o del cuerpo). Puede tener peque\u00f1a sombra superior o no tener sombra superior. El color de la vela no es relevante, sin embargo, un hanging man con cuerpo negro es considerado ligeramente m\u00e1s bajista que uno con cuerpo blanco. Los hanging man son formados en tendencias alcistas o despu\u00e9s de movimientos alcistas (que es la diferencia principal con respecto a los hammers, que son formados despu\u00e9s de movimientos bajistas). <\/p>\n<h5>Psicolog\u00eda detr\u00e1s de un Hanging Man y ejemplo<\/h5>\n<p>En una tendencia alcista o movimiento alcista (donde los \u201ccompradores\u201d tienen el control del mercado), un hanging man indica que a precios tan altos los \u201cvendedores\u201d se empiezan a sentir c\u00f3modos tomando posiciones de venta. Aunque los compradores finalmente toman el control del mercado, se sabe ya de antemano que en esos niveles puede haber un cambio de direcci\u00f3n o tendencia, una correcci\u00f3n o un periodo de consolidaci\u00f3n. <\/p>\n<p>Los Hanging Man son se\u00f1ales de venta<\/p>\n<h5>Hanging Man en acci\u00f3n<\/h5>\n<p><img loading=\"lazy\" decoding=\"async\" src=\"http:\/\/www.straightforex.com\/es\/wp-content\/uploads\/chart02.gif\" alt=\"chart02\" width=\"800\" height=\"600\" class=\"alignnone size-full wp-image-336\" \/><\/p>\n<p>[Gr\u00e1fico 2]<\/p>\n<p>En este gr\u00e1fico diario del EURUSD, el hanging man aparece en la parte de arriba del movimiento, indicando que los vendedores empiezan a sentirse c\u00f3modos tomando operaciones de venta a precios tan altos. El patr\u00f3n tiene una sombra superior peque\u00f1a y una sombra inferior grande, entrando dentro del criterio de formaci\u00f3n de un hanging man. Aunque el mercado no se ha movido mucho despu\u00e9s del hanging man, ahora tiene un sentimiento un poco m\u00e1s bajista y puede producir un cambio de tendencia, una correcci\u00f3n o un periodo de consolidaci\u00f3n. <\/p>\n<div class=\"tm-content-boxed uk-text-center\">\n<h3 class=\"uk-h2 uk-margin-bottom-remove\">Para Pensar 1<\/h3>\n<p class=\"uk-margin-small-top uk-margin-bottom-remove\">Aguarde un segundo (se puede usted preguntar), \u00bflo que est\u00e1n diciendo es que los hammers y los hanging man son exactamente el mismo patr\u00f3n? Si, es correcto, por ahora enf\u00f3quese en las diferencias de los dos patrones, pero hay otras conclusiones que se pueden tomar a partir de esto. Analice esta situaci\u00f3n y trate de llegar a sus propias conclusiones. <\/p>\n<\/div>\n<h3>Hammer Invertido<\/h3>\n<p>En la imagen de abajo, el hammer invertido esta representado solo por la \u00faltima vela. <\/p>\n<p><img loading=\"lazy\" decoding=\"async\" src=\"http:\/\/www.straightforex.com\/es\/wp-content\/uploads\/invertedhammer.jpg\" alt=\"invertedhammer\" width=\"400\" height=\"226\" class=\"alignnone size-full wp-image-335\" \/><\/p>\n<p>[Imagen 3]<\/p>\n<h5>Acerca del Patr\u00f3n<\/h5>\n<p>Los Hammers Invertidos usualmente tienen cuerpos peque\u00f1os y una gran sombra superior (al menos del doble del tama\u00f1o que el cuerpo) y poca o sin sombra inferior. El color del cuerpo no es relevante, aunque un hammer invertido con cuerpo blanco suele ser ligeramente m\u00e1s alcista que uno con cuerpo negro. Los hammers invertidos se forman en tendencias bajistas o en movimientos bajistas. <\/p>\n<h5>Psicolog\u00eda detr\u00e1s de los Hammers Invertidos y ejemplo<\/h5>\n<p>En tendencias bajistas o movimientos bajistas (donde los \u201cvendedores\u201d tienen el control del mercado), un hammer invertido indica que mientras los precios siguen bajando, los \u201ccompradores\u201d cada vez se sienten m\u00e1s c\u00f3modos abriendo operaciones en eses niveles tan bajos (est\u00e1n tratando de comprar bajo para vender despu\u00e9s m\u00e1s caro). Aunque los \u201cvendedores\u201d finalmente ganan la batalla, ya se nota que los compradores est\u00e1n dispuestos a abrir operaciones en esos niveles, y esto nos puede llevar a un cambio de tendencia, una correcci\u00f3n o un periodo de consolidaci\u00f3n. <\/p>\n<p>Los Hammers Invertidos son se\u00f1ales de compra<\/p>\n<h5>Hammer Invertido en Acci\u00f3n<\/h5>\n<p><img loading=\"lazy\" decoding=\"async\" src=\"http:\/\/www.straightforex.com\/es\/wp-content\/uploads\/chart03.gif\" alt=\"chart03\" width=\"800\" height=\"600\" class=\"alignnone size-full wp-image-334\" \/><\/p>\n<p>[Gr\u00e1fica 3]<\/p>\n<p>En la gr\u00e1fica del USDCHF, el hammer invertido se puede identificar dentro de la caja amarilla. Tiene una gran sombra superior y no tiene sombra inferior, fue formado de un movimiento bajista. En este patr\u00f3n, los vendedores notan que los compradores se van sintiendo c\u00f3modos en los niveles actuales. <\/p>\n<h3>Shooting Star<\/h3>\n<p>En la imagen de abajo, el shooting star esta representado por la \u00faltima vela. <\/p>\n<p><img loading=\"lazy\" decoding=\"async\" src=\"http:\/\/www.straightforex.com\/es\/wp-content\/uploads\/shootingstar.jpg\" alt=\"shootingstar\" width=\"415\" height=\"267\" class=\"alignnone size-full wp-image-333\" \/><\/p>\n<p>[Imagen 4]<\/p>\n<h5>Acerca del Patr\u00f3n<\/h5>\n<p>Los shooting star tienen peque\u00f1os cuerpos y gran sombra superior. Puede no tener o tener una peque\u00f1a sombra inferior. El tama\u00f1o de la sombra superior debe ser al menos del doble del tama\u00f1o que el cuerpo. El color del cuerpo no es importante, sin embargo, in shooting star con cuerpo negro es considerado un poco m\u00e1s bajista que un shooting star con cuerpo blanco. Estos patrones se forman en tendencias alcistas o movimientos alcistas. <\/p>\n<h5>Psicolog\u00eda detr\u00e1s del patr\u00f3n y ejemplo<\/h5>\n<p>En una tendencia alcista o movimiento alcista (donde los compradores tienen el control del mercado), un shooting star indica que en cierto punto los vendedores tomaron el control del mercado atra\u00eddos por los precios altos. La incursi\u00f3n agresiva de los vendedores m\u00e1s el cierre de operaciones de los compradores (tomando ganancias) reducen el sentimiento alcista, se\u00f1alando un posible cambio de tendencia, correcci\u00f3n o periodo de consolidaci\u00f3n. <\/p>\n<p>Los shooting star son se\u00f1ales de venta<\/p>\n<h5>Shooting Star en acci\u00f3n <\/h5>\n<p><img loading=\"lazy\" decoding=\"async\" src=\"http:\/\/www.straightforex.com\/es\/wp-content\/uploads\/chart04.gif\" alt=\"chart04\" width=\"800\" height=\"600\" class=\"alignnone size-full wp-image-332\" \/><\/p>\n<p>[Gr\u00e1fica 4]<\/p>\n<p>El la gr\u00e1fica de arriba el shooting star aparece despu\u00e9s de un movimiento alcista, en ese punto se nota que los vendedores se van sintiendo c\u00f3modos para abrir sus operaciones. Despu\u00e9s el mercado empieza a bajar producto de la presi\u00f3n bajista. Esto crea un \u201cambiente\u201d bajista, asustando a los compradores. Esto hace que cierren sus operaciones (venta para tomar ganancias) y por esto el mercado cae r\u00e1pidamente. <\/p>\n<h3>Patr\u00f3n Engulfing<\/h3>\n<p>En la imagen de abajo, el patr\u00f3n engulfing est\u00e1 representado por las \u00faltimas dos velas. <\/p>\n<p>Patr\u00f3n Engulfing<\/p>\n<p><img loading=\"lazy\" decoding=\"async\" src=\"http:\/\/www.straightforex.com\/es\/wp-content\/uploads\/engulfing.jpg\" alt=\"engulfing\" width=\"431\" height=\"260\" class=\"alignnone size-full wp-image-331\" \/><\/p>\n<p>[Imagen 5]<\/p>\n<h5>Acerca del Patr\u00f3n Engulfing<\/h5>\n<p>El patr\u00f3n engulfing esta formado por dos velas. La primera, normalmente peque\u00f1a y en direcci\u00f3n de la tendencia actual o direcci\u00f3n del movimiento (en movimientos alcistas la vela tiene que ser blanca y en movimientos bajistas la vela tiene que ser negra), la segunda vela tiene que cerrar en contra de la tendencia actual y tiene que ser una vela grande. Las dos velas no deben tener sombras, o si las tienen, tienen que ser peque\u00f1as (en comparaci\u00f3n del tama\u00f1o del cuerpo). El cuerpo de la segunda vela tiene que cubrir por completo el cuerpo de la primera (las sombras no son tomadas en cuenta). <\/p>\n<h5>Psicolog\u00eda detr\u00e1s del Patr\u00f3n Engulfing<\/h5>\n<p>En tendencias bajistas o movimientos bajistas, donde los vendedores tienen el control del mercado, un patr\u00f3n engulfing alcista indica que los compradores finalmente toman el control sobre el mercado, son atra\u00eddos por los precios bajos (e intentan cerrar sus operaciones a precios m\u00e1s altos), e empujan a los precios a valores por encima del precio de apertura. Esto puede se\u00f1alar un cambio de tendencia, una correcci\u00f3n o un periodo de consolidaci\u00f3n. <\/p>\n<p>En una tendencia alcista o movimiento alcista donde los compradores tienen control sobre el mercado, un patr\u00f3n engulfing bajista indica que al fin los vendedores est\u00e1n tomando el control sobre el mercado, atra\u00eddos por los precios altos (intentan comprar despu\u00e9s a precios m\u00e1s bajos) y empujaron al mercado a valores por debajo de su precio de apertura. Esto puede se\u00f1alizar un cambio de tendencia, una correcci\u00f3n o la entrada a un periodo de consolidaci\u00f3n. <\/p>\n<p>Los patrones engulfing alcista son se\u00f1ales de compra<\/p>\n<p>Los patrones engulfing bajista son se\u00f1ales de venta<\/p>\n<h5>Patr\u00f3n Engulfing Alcista en acci\u00f3n<\/h5>\n<p><img loading=\"lazy\" decoding=\"async\" src=\"http:\/\/www.straightforex.com\/es\/wp-content\/uploads\/chart05.gif\" alt=\"chart05\" width=\"800\" height=\"600\" class=\"alignnone size-full wp-image-330\" \/><\/p>\n<p>[Gr\u00e1fica 5]<\/p>\n<p>En esta gr\u00e1fica del EURJPY de 5 minutos, el engulfing alcista aparece en la parte inferior del rango se\u00f1alando un posible cambio de direcci\u00f3n. El mercado va hacia arriba porque el sentimiento alcista en precios bajos es muy fuerte. Lo vendedores notan que los compradores se sienten c\u00f3modos y pueden cerrar algunas de sus operaciones. <\/p>\n<h5>Patr\u00f3n Engulfing Bajista en acci\u00f3n<\/h5>\n<p><img loading=\"lazy\" decoding=\"async\" src=\"http:\/\/www.straightforex.com\/es\/wp-content\/uploads\/chart06-1.gif\" alt=\"chart06\" width=\"800\" height=\"600\" class=\"alignnone size-full wp-image-329\" \/><\/p>\n<p>[Gr\u00e1fica 6]<\/p>\n<p>En este gr\u00e1fico de 5 minutos, el engulfing bajista aparece en la parte superior del rango, esto puede se\u00f1alar un cambio de tendencia, posible correcci\u00f3n o entrada a un periodo de consolidaci\u00f3n. <\/p>\n<h3>Patr\u00f3n Piercing<\/h3>\n<p>En la imagen de abajo, el patr\u00f3n piercing esta representado por las \u00faltimas dos velas. <\/p>\n<p><img loading=\"lazy\" decoding=\"async\" src=\"http:\/\/www.straightforex.com\/es\/wp-content\/uploads\/piercing.jpg\" alt=\"piercing\" width=\"500\" height=\"343\" class=\"alignnone size-full wp-image-327\" \/><\/p>\n<p>[Imagen 6]<\/p>\n<p>* El Patr\u00f3n piercing bajista tambi\u00e9n se le llama \u201cDark Cloud Cover\u201d o \u201ccubierta de nube oscura\u201d, pero para efectos de simplicidad aqu\u00ed la vamos a llamar patr\u00f3n piercing bajista. <\/p>\n<h5>Acerca del Patr\u00f3n Piercing<\/h5>\n<p>Los patrones piercing, as\u00ed como los patrones engulfing, tambi\u00e9n est\u00e1n formados por dos velas. Las dos velas tienen que ser grandes y tener sombra peque\u00f1a o no tener sombra. La primera vela tiene que cerrar en direcci\u00f3n de la tendencia actual (o direcci\u00f3n del movimiento actual), mientras que la segunda debe cerrar en direcci\u00f3n contraria al movimiento actual. Mientras m\u00e1s lejos cierre la segunda vela en contra de la tendencia, el patr\u00f3n se hace m\u00e1s significativo.  <\/p>\n<p>Para los piercing alcistas, el precio de cierre de la segunda vela tiene que cerrar por encima del punto medio de la primera vela. Para los piercing bajistas, el precio de la segunda vela tiene que cerrar por debajo del punto medio de la primera vela.  <\/p>\n<h5>Psicolog\u00eda detr\u00e1s de los patrones piercing<\/h5>\n<p>En una tendencia bajista, donde los vendedores tienen el control del mercado, un patr\u00f3n piercing alcista indica que al fin los compradores est\u00e1n toando el control del mercado, fueron atra\u00eddos por niveles inferiores del mercado y empujan el mercado hacia arriba. Esto puede se\u00f1alar un cambio a tendencia alcista, una correcci\u00f3n alcista o entrada a un periodo de consolidaci\u00f3n. <\/p>\n<p>Un patr\u00f3n piercing bajista indica que los vendedores se sienten muy c\u00f3modos abriendo sus operaciones en esos niveles, ganando el control temporal del mercado. Si el movimiento es lo suficientemente fuerte, har\u00e1n que los compradores cierren sus operaciones, haciendo que el mercado baje con mucha m\u00e1s fuerza. <\/p>\n<p>El patr\u00f3n piercing alcista es una se\u00f1al de compra<\/p>\n<p>El patr\u00f3n piercing bajista es una se\u00f1al de venta<\/p>\n<h5>Patr\u00f3n piercing alcista en acci\u00f3n<\/h5>\n<p><img loading=\"lazy\" decoding=\"async\" src=\"http:\/\/www.straightforex.com\/es\/wp-content\/uploads\/chart09-1.gif\" alt=\"chart09\" width=\"800\" height=\"600\" class=\"alignnone size-full wp-image-326\" \/><\/p>\n<p>[Gr\u00e1fica 7]<\/p>\n<p>Hey, olv\u00eddese de la caja roja, ya hablaremos de ella\u2026 el patr\u00f3n piercing alcista de la caja amarilla nos muestra el balance de la oferta y demanda en este escenario: los vendedores hacen un \u00faltimo intento de empujar al mercado hacia abajo, pero los compradores toman el control del mercado empuj\u00e1ndolo hacia arriba. <\/p>\n<p>Ahora si, \u00bfQu\u00e9 es lo que pas\u00f3 en la caja roja?<\/p>\n<p>Fue el resultado del anuncio fundamental de la tasa de inter\u00e9s de Canad\u00e1. Lo que todo mundo esperaba era que el Banco de Canad\u00e1 dejara sin cambio la tasa, pero decidi\u00f3 bajar la tasa en 0,25%, esa vela es de 5 minutos, y el movimiento fue de m\u00e1s de 100 pips. <\/p>\n<h5>Patr\u00f3n Piercing Bajista en acci\u00f3n<\/h5>\n<p><img loading=\"lazy\" decoding=\"async\" src=\"http:\/\/www.straightforex.com\/es\/wp-content\/uploads\/chart08.gif\" alt=\"chart08\" width=\"800\" height=\"600\" class=\"alignnone size-full wp-image-325\" \/><\/p>\n<p>[Gr\u00e1fica 8]<\/p>\n<p>Este es un patr\u00f3n engulfing bajista v\u00e1lido, ocurri\u00f3 en la GBPUSD de 30 minutos. Tiene sombras peque\u00f1as, la primera vela es direcci\u00f3n del movimiento actual, la segunda vela en contra del movimiento. El patr\u00f3n marca el fin de la correcci\u00f3n. <\/p>\n<h3>Evening Star y Morning Star<\/h3>\n<p>En la imagen de abajo, el morning star y el evening star est\u00e1n representados por las \u00faltimas tres velas del patr\u00f3n. <\/p>\n<p><img loading=\"lazy\" decoding=\"async\" src=\"http:\/\/www.straightforex.com\/es\/wp-content\/uploads\/eveningmorning.jpg\" alt=\"eveningmorning\" width=\"484\" height=\"322\" class=\"alignnone size-full wp-image-323\" \/><\/p>\n<p>[Imagen 7]<\/p>\n<h5>Acerca de los patrones Evening Star y Morning Star<\/h5>\n<p>Los patrones evening y morning star est\u00e1n formados por tres velas. La primera vela siempre cierra en direcci\u00f3n de la tendencia o movimiento actual, la segunda puede cerrar a favor o en contra (no hay distinci\u00f3n), y la tercera debe cerrar en contra de la tendencia o movimiento actual. Normalmente las velas deben tener peque\u00f1a sombra o no tener ninguna sombra. La primera y tercera vela son usualmente velas grandes. <\/p>\n<h5>Psicolog\u00eda detr\u00e1s del morning e evening star<\/h5>\n<p>El patr\u00f3n morning star (estrella de la ma\u00f1ana) empieza con una vela grande bajista (fuertes ventas en direcci\u00f3n del movimiento actual). En el segundo periodo (segunda vela), los vendedores ya no est\u00e1n tan seguros de que el movimiento bajista pueda prosperar (indecisi\u00f3n). En este punto los compradores se sienten un poco m\u00e1s fuertes que antes. En la tercera vela los compradores toman el control total de del mercado haciendo que el mercado suba r\u00e1pidamente. Mientras m\u00e1s cerca cierre la \u00faltima vela del precio de apertura (o m\u00e1s arriba) el patr\u00f3n se hace m\u00e1s fuerte. <\/p>\n<p>Los evening star (estrella de la noche) empiezan con una gran vela blanca en direcci\u00f3n del movimiento actual. En este punto, los compradores siguen confiados acerca del movimiento alcista. En la segunda vela o periodo, los vendedores entran, habiendo una pelea entre compradores o vendedores (indecisi\u00f3n). En el tercer periodo, los vendedores toman total control del mercado, sinti\u00e9ndose c\u00f3modos vendiendo en esos niveles, formando una gran vela bajista. <\/p>\n<p>Los Morning Star son se\u00f1ales de compra<\/p>\n<p>Los evening star son se\u00f1ales de venta<\/p>\n<h5>Morning star en acci\u00f3n<\/h5>\n<p><img loading=\"lazy\" decoding=\"async\" src=\"http:\/\/www.straightforex.com\/es\/wp-content\/uploads\/chart10-1.gif\" alt=\"chart10\" width=\"800\" height=\"600\" class=\"alignnone size-full wp-image-322\" \/><\/p>\n<p>[Gr\u00e1fico 9]<\/p>\n<p>En este gr\u00e1fico del USDCHF, podemos observar dos morning star que fueron el fin del movimiento bajista. Aunque no inicio la tendencia alcista despu\u00e9s de los patrones, se sabe que hay buena indicaci\u00f3n de un soporte y presi\u00f3n alcista en esos niveles. <\/p>\n<h5>Evening Star en Acci\u00f3n<\/h5>\n<p><img loading=\"lazy\" decoding=\"async\" src=\"http:\/\/www.straightforex.com\/es\/wp-content\/uploads\/chart11-1.gif\" alt=\"chart11\" width=\"796\" height=\"600\" class=\"alignnone size-full wp-image-321\" \/><\/p>\n<p>[Gr\u00e1fico 10]<\/p>\n<p>En la GBPJPY de un minuto, podemos observar el evening star al comienzo del movimiento bajista, la presi\u00f3n bajista es fue muy fuerte en esos niveles, haciendo que muchos compradores cerraran sus operaciones y nuevos vendedores entraran a la venta, esto hace un movimiento muy violento bajista. <\/p>\n<h2>Patrones Harami <\/h3>\n<p>En la imagen de abajo, los patrones harami est\u00e1n representados por las \u00faltimas dos velas. <\/p>\n<p><img loading=\"lazy\" decoding=\"async\" src=\"http:\/\/www.straightforex.com\/es\/wp-content\/uploads\/harami.jpg\" alt=\"harami\" width=\"426\" height=\"279\" class=\"alignnone size-full wp-image-320\" \/> <\/p>\n<p>[Imagen 7]<\/p>\n<h5>Acerca de los harami alcista y bajista<\/h5>\n<p>En los dos casos, harami alcista y harami bajista, el patr\u00f3n est\u00e1 formado por dos velas. La primera es una vela grande en direcci\u00f3n del movimiento o tendencia actual. La segunda vela es en contra. Las velas pueden tener peque\u00f1a sombra o no tener nada de sombra. El cuerpo de la segunda vela debe estar dentro del cuerpo de la primera vela. <\/p>\n<p>Aunque el cuerpo de la segunda vela es m\u00e1s peque\u00f1o que el cuerpo de la primera, su tama\u00f1o debe ser \u201cm\u00e1s grande\u201d de lo normal para que el harami tenga buena fuerza. <\/p>\n<h5>Psicolog\u00eda detr\u00e1s del Harami<\/h5>\n<p>En un <strong>harami alcista<\/strong>, los compradores paran el dominio de los vendedores tomando el control del mercado. En la primera vela se interpreta como el \u00faltimo empuje de los vendedores en su intento de seguir bajando el precio, aunque los compradores entran r\u00e1pidamente frustrando las intenciones de los vendedores. <\/p>\n<p>En un <strong>harami bajista<\/strong>, los vendedores toman acci\u00f3n en el mercado despu\u00e9s de un gran movimiento alcista, pero los precios son lo suficientemente altos como para atraer a gran cantidad de vendedores. Mientras mas cerca cierre la segunda vela del precio de apertura de la primera, m\u00e1s fuerte es el sentimiento bajista. <\/p>\n<p>Los harami alcista son se\u00f1ales de compra<\/p>\n<p>Los harami bajista son se\u00f1ales de venta<\/p>\n<h5>Harami Alcista en acci\u00f3n<\/h5>\n<p><img loading=\"lazy\" decoding=\"async\" src=\"http:\/\/www.straightforex.com\/es\/wp-content\/uploads\/chart13-1.gif\" alt=\"chart13\" width=\"800\" height=\"600\" class=\"alignnone size-full wp-image-318\" \/> <\/p>\n<p>[Gr\u00e1fica 12]<\/p>\n<p>En este gr\u00e1fico el USDJPY tiene un peque\u00f1o retroceso (en una tendencia alcista), aparece un patr\u00f3n harami alcista justo al finalizar el retroceso.<\/p>\n<h5>Harami Bajista en Acci\u00f3n<\/h5>\n<p><img loading=\"lazy\" decoding=\"async\" src=\"http:\/\/www.straightforex.com\/es\/wp-content\/uploads\/chart12-1.gif\" alt=\"chart12\" width=\"800\" height=\"600\" class=\"alignnone size-full wp-image-319\" \/><\/p>\n<p>[Gr\u00e1fica 13]<\/p>\n<p>En este gr\u00e1fico del USDCHF de 4 horas, un harami bajista hace que el mercado retroceda un poco, despu\u00e9s del movimiento alcista que hab\u00eda tenido el mercado. <\/p>\n<div class=\"tm-content-boxed uk-text-center\">\n<h3 class=\"uk-h2 uk-margin-bottom-remove\">Para Pensar 2<\/h3>\n<p class=\"uk-margin-small-top uk-margin-bottom-remove\">\u00bfCu\u00e1l es la diferencia entre un patr\u00f3n Harami y un patr\u00f3n Engulfing?<\/p>\n<\/div>\n","protected":false},"excerpt":{"rendered":"<p>Hammer En la imagen de abajo, el hammer esta representado \u00fanicamente por la \u00faltima vela. [Imagen 1] Acerca del Patr\u00f3n Los hammers tienen cuerpos peque\u00f1os y sombra inferior grande. Puede tener peque\u00f1a sombra superior o no tener nada de sombra superior. El tama\u00f1o de la sombra inferior debe ser al menos del doble del tama\u00f1o [&hellip;]<\/p>\n","protected":false},"author":1,"featured_media":0,"parent":314,"menu_order":1,"comment_status":"open","ping_status":"closed","template":"","meta":{"footnotes":""},"class_list":["post-316","page","type-page","status-publish","hentry"],"_links":{"self":[{"href":"http:\/\/www.straightforex.com\/es\/wp-json\/wp\/v2\/pages\/316","targetHints":{"allow":["GET"]}}],"collection":[{"href":"http:\/\/www.straightforex.com\/es\/wp-json\/wp\/v2\/pages"}],"about":[{"href":"http:\/\/www.straightforex.com\/es\/wp-json\/wp\/v2\/types\/page"}],"author":[{"embeddable":true,"href":"http:\/\/www.straightforex.com\/es\/wp-json\/wp\/v2\/users\/1"}],"replies":[{"embeddable":true,"href":"http:\/\/www.straightforex.com\/es\/wp-json\/wp\/v2\/comments?post=316"}],"version-history":[{"count":4,"href":"http:\/\/www.straightforex.com\/es\/wp-json\/wp\/v2\/pages\/316\/revisions"}],"predecessor-version":[{"id":920,"href":"http:\/\/www.straightforex.com\/es\/wp-json\/wp\/v2\/pages\/316\/revisions\/920"}],"up":[{"embeddable":true,"href":"http:\/\/www.straightforex.com\/es\/wp-json\/wp\/v2\/pages\/314"}],"wp:attachment":[{"href":"http:\/\/www.straightforex.com\/es\/wp-json\/wp\/v2\/media?parent=316"}],"curies":[{"name":"wp","href":"https:\/\/api.w.org\/{rel}","templated":true}]}}