{"id":314,"date":"2016-07-22T21:48:05","date_gmt":"2016-07-22T21:48:05","guid":{"rendered":"http:\/\/www.straightforex.com\/es\/?page_id=314"},"modified":"2016-07-26T16:25:52","modified_gmt":"2016-07-26T16:25:52","slug":"analisis-tecnico-parte-2","status":"publish","type":"page","link":"http:\/\/www.straightforex.com\/es\/curso-basico-de-forex\/analisis-tecnico-parte-2\/","title":{"rendered":"An\u00e1lisis T\u00e9cnico Parte 2"},"content":{"rendered":"<p>En esta lecci\u00f3n, vamos a revisar los patrones gr\u00e1ficos m\u00e1s importantes, as\u00ed como los patrones reversales de velas y su aplicaci\u00f3n al mercado de divisas. <\/p>\n<p>En cada uno de los patrones estudiaremos la psicolog\u00eda detr\u00e1s de cada uno de ellos y el balance de la oferta y demanda. <\/p>\n<p>Es muy importante que estudie y practique con cada uno de ellos, cuando aprenda un patr\u00f3n, trate de encontrarlo r\u00e1pidamente en sus gr\u00e1ficos en tiempo real. De esta manera usted va a aprender a identificarlos m\u00e1s r\u00e1pidamente y con mayor facilidad. Al principio va a parecerle un poco complicado encontrar los patrones, pero mientras vaya adquiriendo experiencia, va a encontrarlos m\u00e1s f\u00e1cilmente y va a saber que hacer con sus operaciones. <\/p>\n<p>M\u00e1s adelante en el curso, vamos a ver como combinar estos patrones con otras herramientas del an\u00e1lisis t\u00e9cnico para generar operaciones con alta probabilidad de \u00e9xito. En esta lecci\u00f3n solo enf\u00f3quese en aprender cada patr\u00f3n y so probable resultado, de esta manera en futuras lecciones va a ser m\u00e1s sencillo digerir la combinaci\u00f3n con otras herramientas t\u00e9cnicas. <\/p>\n<p><strong>Esta lecci\u00f3n esta estructurada de la siguiente manera: <\/strong><\/p>\n<h3><a href=\"http:\/\/www.straightforex.com\/es\/curso-basico-de-forex\/analisis-tecnico-parte-2\/patrones-de-velas-reversales\/\">Secci\u00f3n II: Patrones de Velas Reversales<\/a><\/h3>\n<p> En esta secci\u00f3n revisaremos los patrones de velas m\u00e1s importantes y como podemos utilizarlos en el mercado Forex. <\/p>\n<h3><a href=\"http:\/\/www.straightforex.com\/es\/curso-basico-de-forex\/analisis-tecnico-parte-2\/consideraciones-importantes-de-los-patrones-de-vela\/\">Secci\u00f3n III: Consideraciones acerca de Patrones de Velas<\/a><\/h3>\n<p> No podemos olvidarnos de estas consideraciones, nos ayudar\u00e1n a generar mejores resultados. <\/p>\n<h3><a href=\"http:\/\/www.straightforex.com\/es\/curso-basico-de-forex\/analisis-tecnico-parte-2\/patrones-graficos\/\">Secci\u00f3n III: Patrones Gr\u00e1ficos<\/a><\/h3>\n<p> Algunos operadores utilizan \u00fanicamente estos patrones para operar el mercado forex. <\/p>\n<h3><a href=\"http:\/\/www.straightforex.com\/es\/curso-basico-de-forex\/analisis-tecnico-parte-2\/patrones-reversales\/\">Secci\u00f3n IV: Patrones Gr\u00e1ficos Reversales<\/a><\/h3>\n<p> Veremos tres patrones reversales que est\u00e1n entre los m\u00e1s efectivos para operar cualquier mercado. <\/p>\n<h3><a href=\"http:\/\/www.straightforex.com\/es\/curso-basico-de-forex\/analisis-tecnico-parte-2\/patrones-de-continuacion\/\">Secci\u00f3n V: Patrones Gr\u00e1ficos de Continuaci\u00f3n<\/a><\/h3>\n<p> En esta secci\u00f3n revisaremos algunos patrones que concluyen en la continuaci\u00f3n de una tendencia. <\/p>\n<h3><a href=\"http:\/\/www.straightforex.com\/es\/curso-basico-de-forex\/analisis-tecnico-parte-2\/cunas-en-subida-y-bajada\/\">Secci\u00f3n VI: Cu\u00f1as en Subida y Bajada<\/a><\/h3>\n<p> En esta secci\u00f3n veremos las cu\u00f1as en bajada y en subida, y cuando son patrones reversales y cuando de continuaci\u00f3n. <\/p>\n<h3><a href=\"http:\/\/www.straightforex.com\/es\/curso-basico-de-forex\/analisis-tecnico-parte-2\/consideraciones-importantes-de-todos-los-patrones-graficos\/\">Secci\u00f3n VII: Consideraciones Importantes de Patrones Gr\u00e1ficos<\/a><\/h3>\n<p> No debemos olvidarnos de estas consideraciones importantes acerca de los patrones gr\u00e1ficos. <\/p>\n<h3><a href=\"http:\/\/www.straightforex.com\/es\/curso-basico-de-forex\/analisis-tecnico-parte-2\/resumen-analisis-tecnico-parte-2\/\">Resumen<\/a><\/h3>\n<p> Breve resumen de toda la lecci\u00f3n<\/p>\n","protected":false},"excerpt":{"rendered":"<p>En esta lecci\u00f3n, vamos a revisar los patrones gr\u00e1ficos m\u00e1s importantes, as\u00ed como los patrones reversales de velas y su aplicaci\u00f3n al mercado de divisas. En cada uno de los patrones estudiaremos la psicolog\u00eda detr\u00e1s de cada uno de ellos y el balance de la oferta y demanda. Es muy importante que estudie y practique [&hellip;]<\/p>\n","protected":false},"author":1,"featured_media":0,"parent":139,"menu_order":5,"comment_status":"open","ping_status":"closed","template":"","meta":{"footnotes":""},"class_list":["post-314","page","type-page","status-publish","hentry"],"_links":{"self":[{"href":"http:\/\/www.straightforex.com\/es\/wp-json\/wp\/v2\/pages\/314","targetHints":{"allow":["GET"]}}],"collection":[{"href":"http:\/\/www.straightforex.com\/es\/wp-json\/wp\/v2\/pages"}],"about":[{"href":"http:\/\/www.straightforex.com\/es\/wp-json\/wp\/v2\/types\/page"}],"author":[{"embeddable":true,"href":"http:\/\/www.straightforex.com\/es\/wp-json\/wp\/v2\/users\/1"}],"replies":[{"embeddable":true,"href":"http:\/\/www.straightforex.com\/es\/wp-json\/wp\/v2\/comments?post=314"}],"version-history":[{"count":2,"href":"http:\/\/www.straightforex.com\/es\/wp-json\/wp\/v2\/pages\/314\/revisions"}],"predecessor-version":[{"id":558,"href":"http:\/\/www.straightforex.com\/es\/wp-json\/wp\/v2\/pages\/314\/revisions\/558"}],"up":[{"embeddable":true,"href":"http:\/\/www.straightforex.com\/es\/wp-json\/wp\/v2\/pages\/139"}],"wp:attachment":[{"href":"http:\/\/www.straightforex.com\/es\/wp-json\/wp\/v2\/media?parent=314"}],"curies":[{"name":"wp","href":"https:\/\/api.w.org\/{rel}","templated":true}]}}