{"id":303,"date":"2016-07-22T19:22:45","date_gmt":"2016-07-22T19:22:45","guid":{"rendered":"http:\/\/www.straightforex.com\/es\/?page_id=303"},"modified":"2016-08-03T02:27:33","modified_gmt":"2016-08-03T02:27:33","slug":"resumen-analisis-tecnico-parte-1","status":"publish","type":"page","link":"http:\/\/www.straightforex.com\/es\/curso-basico-de-forex\/analisis-tecnico-parte-1\/resumen-analisis-tecnico-parte-1\/","title":{"rendered":"Resumen: An\u00e1lisis T\u00e9cnico Parte 1"},"content":{"rendered":"<p>Bien, ahora que ya ha le\u00eddo el material del curso y tomado el examen de esta lecci\u00f3n, aseg\u00farese de entender lo siguiente: <\/p>\n<p>Este cap\u00edtulo es una simple introducci\u00f3n al an\u00e1lisis t\u00e9cnico, para los operadores avanzados no debi\u00f3 de tomarles mucho tiempo, pero a los principiantes si les recomendamos leer de nuevo el material, ya que esto es la base de lo que vamos a ver en las siguientes lecciones. <\/p>\n<p><strong>Lo m\u00e1s importante de esta lecci\u00f3n es:<\/strong><\/p>\n<p><i class=\"uk-theme-icon-check uk-margin-small-top\"><\/i>   Soportes y resistencias, estos dos conceptos est\u00e1n entre los m\u00e1s importantes de la operaci\u00f3n del mercado, por esto debe poner especial atenci\u00f3n en las secciones 3 y 4. \u00bfQu\u00e9 pasa con la oferta y demanda en estos niveles?<\/p>\n<p><i class=\"uk-theme-icon-check uk-margin-small-top\"><\/i>   Aseg\u00farese de entender lo que cada vela por si sola significa o sugiere. <\/p>\n<p>Bien, tenemos las siguientes secciones \u201cpara pensar\u201d<\/p>\n<h3>Para Pensar 1<\/h3>\n<p> Nos preguntaron: \u00bfC\u00f3mo pensamos que el mercado se comporta cuando la oferta y la demanda se juntan por un periodo de tiempo considerable? <\/p>\n<p>La respuesta es: el mercado simplemente se mantiene en rangos. As\u00ed es, el mercado no va hacia arriba, tampoco hacia abajo, se mover\u00eda en una l\u00ednea recta pues no hay incentivos para vender m\u00e1s abajo o comprar m\u00e1s arriba. <\/p>\n<h3>Para Pensar 2<\/h3>\n<p> Nos preguntaban que pasar\u00eda con la curva de demanda si el mercado rompiera una zona de soporte\u2026 <\/p>\n<p>Hay un cambio en la demanda hacia la izquierda, as\u00ed es como se ver\u00eda la curva: <\/p>\n<p><img loading=\"lazy\" decoding=\"async\" src=\"http:\/\/www.straightforex.com\/es\/wp-content\/uploads\/image12.jpg\" alt=\"image12\" width=\"350\" height=\"350\" class=\"alignnone size-full wp-image-304\" \/><\/p>\n<p>[Imagen 12]<\/p>\n<p>Lo que antes se consideraba bajo, ahora es alto\u2026 <\/p>\n<p>Buena suerte! <\/p>\n","protected":false},"excerpt":{"rendered":"<p>Bien, ahora que ya ha le\u00eddo el material del curso y tomado el examen de esta lecci\u00f3n, aseg\u00farese de entender lo siguiente: Este cap\u00edtulo es una simple introducci\u00f3n al an\u00e1lisis t\u00e9cnico, para los operadores avanzados no debi\u00f3 de tomarles mucho tiempo, pero a los principiantes si les recomendamos leer de nuevo el material, ya que [&hellip;]<\/p>\n","protected":false},"author":1,"featured_media":0,"parent":262,"menu_order":6,"comment_status":"open","ping_status":"closed","template":"","meta":{"footnotes":""},"class_list":["post-303","page","type-page","status-publish","hentry"],"_links":{"self":[{"href":"http:\/\/www.straightforex.com\/es\/wp-json\/wp\/v2\/pages\/303","targetHints":{"allow":["GET"]}}],"collection":[{"href":"http:\/\/www.straightforex.com\/es\/wp-json\/wp\/v2\/pages"}],"about":[{"href":"http:\/\/www.straightforex.com\/es\/wp-json\/wp\/v2\/types\/page"}],"author":[{"embeddable":true,"href":"http:\/\/www.straightforex.com\/es\/wp-json\/wp\/v2\/users\/1"}],"replies":[{"embeddable":true,"href":"http:\/\/www.straightforex.com\/es\/wp-json\/wp\/v2\/comments?post=303"}],"version-history":[{"count":3,"href":"http:\/\/www.straightforex.com\/es\/wp-json\/wp\/v2\/pages\/303\/revisions"}],"predecessor-version":[{"id":918,"href":"http:\/\/www.straightforex.com\/es\/wp-json\/wp\/v2\/pages\/303\/revisions\/918"}],"up":[{"embeddable":true,"href":"http:\/\/www.straightforex.com\/es\/wp-json\/wp\/v2\/pages\/262"}],"wp:attachment":[{"href":"http:\/\/www.straightforex.com\/es\/wp-json\/wp\/v2\/media?parent=303"}],"curies":[{"name":"wp","href":"https:\/\/api.w.org\/{rel}","templated":true}]}}