{"id":292,"date":"2016-07-22T19:18:29","date_gmt":"2016-07-22T19:18:29","guid":{"rendered":"http:\/\/www.straightforex.com\/es\/?page_id=292"},"modified":"2016-08-03T02:26:58","modified_gmt":"2016-08-03T02:26:58","slug":"introduccion-a-las-velas-japonesas","status":"publish","type":"page","link":"http:\/\/www.straightforex.com\/es\/curso-basico-de-forex\/analisis-tecnico-parte-1\/introduccion-a-las-velas-japonesas\/","title":{"rendered":"Introducci\u00f3n a las Velas Japonesas"},"content":{"rendered":"<p>Las velas japonesas nos ofrecen un mejor entendimiento del valor de la divisa, o mas preciso, la interpretaci\u00f3n del valor de las divisas de los operadores e inversionistas en cualquier momento. Tambi\u00e9n nos ayudan a tener un mejor entendimiento de la psicolog\u00eda de los inversionistas y operadores que se dejan llevar por sus emociones (miedo, avaricia, esperanza, etc.) ya que estas caracter\u00edsticas son representadas en movimientos de los precios.<\/p>\n<p>Antes de tratar de entender los patrones de velas, es necesario entender primero lo que cada vela representa por si sola.<\/p>\n<h3>Velas Grandes<\/h3>\n<p>Las velas grandes describen una fuerte presi\u00f3n de compra o venta. El precio tuvo un gran avance o declive con respecto al precio de apertura (los operadores fueron agresivos en la compra o venta).<\/p>\n<p>Cuando hablamos de velas \u201cgrandes\u201d nos referimos al cuerpo de cada vela.<\/p>\n<p><img loading=\"lazy\" decoding=\"async\" src=\"http:\/\/www.straightforex.com\/es\/wp-content\/uploads\/velas-1.jpg\" alt=\"velas\" width=\"326\" height=\"343\" class=\"alignnone size-full wp-image-299\" \/><\/p>\n<p>[Imagen 1]<\/p>\n<p>Pero, \u00bfGrande con respecto a que?<\/p>\n<p>Sabemos que una vela es grande cuando la comparamos la longitud de una vela con las longitudes de velas anteriores. Una vela grande se alcanza a distinguir claramente, si existe duda de si es grande o no, seguramente no es lo suficientemente grande. <\/p>\n<h3>Velas Peque\u00f1as<\/h3>\n<p>Las velas peque\u00f1as pueden representar dos cosas: un periodo con poco volumen (pocas transacciones) o periodos de indecisi\u00f3n (cuando la demanda es igual a la oferta).<\/p>\n<p><img loading=\"lazy\" decoding=\"async\" src=\"http:\/\/www.straightforex.com\/es\/wp-content\/uploads\/velaspequenas.jpg\" alt=\"velaspequenas\" width=\"326\" height=\"343\" class=\"alignnone size-full wp-image-298\" \/><\/p>\n<p>[Imagen 2]<\/p>\n<p>Las velas chicas son tambi\u00e9n comparadas con la longitud de velas anteriores para determinar la validez de estas velas.<\/p>\n<h3>Marubozu<\/h3>\n<p>Las velas marubozu son velas \u201cfuertes\u201d. Ellas no tienen sombra, esto significa que el precio de apertura es igual al m\u00e1ximo\/m\u00ednimo de un periodo determinado y el precio de cierre es igual al m\u00ednimo\/m\u00e1ximo del mismo periodo.<\/p>\n<p><img loading=\"lazy\" decoding=\"async\" src=\"http:\/\/www.straightforex.com\/es\/wp-content\/uploads\/marubozu.jpg\" alt=\"marubozu\" width=\"326\" height=\"343\" class=\"alignnone size-full wp-image-297\" \/><\/p>\n<p>[Imagen 3]<\/p>\n<p>La interpretaci\u00f3n de estas velas depende del lugar en que fueron formadas. Si una vela Marubozu alcista aparece en una tendencia bajista, puede se\u00f1alizar un cambio de tendencia de corto plazo (los compradores tomaron el control de los precios desde el primer minuto hasta el \u00faltimo). Si una vela marubozu aparece en el techo de un rango, puede se\u00f1alizar un \u00faltimo empuje. Todo depende de las siguientes velas. Lo mismo es aplicable en tendencias bajistas.<\/p>\n<p>Si la vela marubozu rompe un nivel importante (p.e. soporte o resistencia), se puede esperar que el mercado contin\u00fae en la direcci\u00f3n del rompimiento. <\/p>\n<h3>Velas Doji<\/h3>\n<p>Las velas doji representan periodos de indecisi\u00f3n o una batalla f\u00e9rrea entre compradores y vendedores. <\/p>\n<p><img loading=\"lazy\" decoding=\"async\" src=\"http:\/\/www.straightforex.com\/es\/wp-content\/uploads\/dojis.jpg\" alt=\"dojis\" width=\"509\" height=\"343\" class=\"alignnone size-full wp-image-296\" \/><\/p>\n<p>[Imagen 4]<\/p>\n<p>Las velas doji son formadas cuando el precio de apertura y el precio de cierre es igual o muy similar. Idealmente, el precio de apertura y cierre debe ser igual, pero recuerda, al analizar las velas, el elemento mas importante es la esencia de la vela. <\/p>\n<p>Por ejemplo, cuando el precio de apertura y cierre son similares, nos dice que el precio pude haber ido para arriba al principio pero los vendedores luego tomaron el control de los precios y empujaron los valores hacia abajo, lleg\u00f3 un momento en el que lo compradores volvieron a tomar control y empujaron el precio hacia arriba.<\/p>\n<p>Las velas doji por si mismas son consideradas neutrales, pero puede ser una se\u00f1al de alerta. Si por ejemplo, en una tendencia bajista una vela es formada antes de una vela grande alcista, puede se\u00f1alizar un posible cambio de tendencia.<\/p>\n<h3>Spinning Techos y Suelos<\/h3>\n<p>Los spinning techos y suelos tienen cuerpos peque\u00f1os y sombras que son usualmente mas grandes que el mismo cuerpo.<\/p>\n<p><img loading=\"lazy\" decoding=\"async\" src=\"http:\/\/www.straightforex.com\/es\/wp-content\/uploads\/spinningtop.jpg\" alt=\"spinningtop\" width=\"326\" height=\"343\" class=\"alignnone size-full wp-image-295\" \/><\/p>\n<p>[Imagen 5]<\/p>\n<p>Los Spinning techos y suelos, al igual que las dojis, representan periodos de indecisi\u00f3n y una lucha f\u00e9rrea entre compradores y vendedores sin un dominante claro. <\/p>\n<p>Estas velas son consideradas neutrales a menos que una vela grande alcista o bajista se forme despu\u00e9s del spinning techo o suelo.<\/p>\n<h3>Doji\u2019s con pierna larga<\/h3>\n<p>Este tipo de dojis tienen una gran sombra de un solo lado y el precio de cierre y apertura debe ser igual o muy similar.<\/p>\n<p>Estas velas tambi\u00e9n representan actividad intensiva entre compradores y vendedores, ninguno de ellos pudo tomar el control de los precios.<\/p>\n<p>Dragonfly y gravestone son dojis con pierna larga.<\/p>\n<h5>Dragonfly Doji<\/h5>\n<p><img loading=\"lazy\" decoding=\"async\" src=\"http:\/\/www.straightforex.com\/es\/wp-content\/uploads\/dragonfly.jpg\" alt=\"dragonfly\" width=\"165\" height=\"261\" class=\"alignnone size-full wp-image-294\" \/><\/p>\n<p>[Imagen 6]<\/p>\n<p>Tienen sombra inferior grande con precios de cierre y apertura en el techo del rango. Los vendedores tomaron el control de los precios al principio del periodo, pero luego los compradores fueron atra\u00eddos por los precios bajos y tomaron el control de los precios llev\u00e1ndolos empujando los precios hacia arriba.<\/p>\n<h5>Gravestone Doji<\/h5>\n<p><img loading=\"lazy\" decoding=\"async\" src=\"http:\/\/www.straightforex.com\/es\/wp-content\/uploads\/gravestone.jpg\" alt=\"gravestone\" width=\"165\" height=\"261\" class=\"alignnone size-full wp-image-293\" \/><\/p>\n<p>[Imagen 7]<\/p>\n<p>Estas velas tienen una sombra superior grande y los precios de apertura y cierre son virtualmente el mismo. Los compradores tomaron el control de los precio al principio, pero luego los vendedores fueron atra\u00eddos por los precios altos, empezaron a vender y empujaron los precios de nuevo a donde iniciaron.<\/p>\n","protected":false},"excerpt":{"rendered":"<p>Las velas japonesas nos ofrecen un mejor entendimiento del valor de la divisa, o mas preciso, la interpretaci\u00f3n del valor de las divisas de los operadores e inversionistas en cualquier momento. Tambi\u00e9n nos ayudan a tener un mejor entendimiento de la psicolog\u00eda de los inversionistas y operadores que se dejan llevar por sus emociones (miedo, [&hellip;]<\/p>\n","protected":false},"author":1,"featured_media":0,"parent":262,"menu_order":5,"comment_status":"open","ping_status":"closed","template":"","meta":{"footnotes":""},"class_list":["post-292","page","type-page","status-publish","hentry"],"_links":{"self":[{"href":"http:\/\/www.straightforex.com\/es\/wp-json\/wp\/v2\/pages\/292","targetHints":{"allow":["GET"]}}],"collection":[{"href":"http:\/\/www.straightforex.com\/es\/wp-json\/wp\/v2\/pages"}],"about":[{"href":"http:\/\/www.straightforex.com\/es\/wp-json\/wp\/v2\/types\/page"}],"author":[{"embeddable":true,"href":"http:\/\/www.straightforex.com\/es\/wp-json\/wp\/v2\/users\/1"}],"replies":[{"embeddable":true,"href":"http:\/\/www.straightforex.com\/es\/wp-json\/wp\/v2\/comments?post=292"}],"version-history":[{"count":5,"href":"http:\/\/www.straightforex.com\/es\/wp-json\/wp\/v2\/pages\/292\/revisions"}],"predecessor-version":[{"id":917,"href":"http:\/\/www.straightforex.com\/es\/wp-json\/wp\/v2\/pages\/292\/revisions\/917"}],"up":[{"embeddable":true,"href":"http:\/\/www.straightforex.com\/es\/wp-json\/wp\/v2\/pages\/262"}],"wp:attachment":[{"href":"http:\/\/www.straightforex.com\/es\/wp-json\/wp\/v2\/media?parent=292"}],"curies":[{"name":"wp","href":"https:\/\/api.w.org\/{rel}","templated":true}]}}