{"id":281,"date":"2016-07-22T19:03:27","date_gmt":"2016-07-22T19:03:27","guid":{"rendered":"http:\/\/www.straightforex.com\/es\/?page_id=281"},"modified":"2016-08-03T02:22:14","modified_gmt":"2016-08-03T02:22:14","slug":"preguntas-y-respuestas-de-sr","status":"publish","type":"page","link":"http:\/\/www.straightforex.com\/es\/curso-basico-de-forex\/analisis-tecnico-parte-1\/preguntas-y-respuestas-de-sr\/","title":{"rendered":"Preguntas y Respuestas de S&#038;R"},"content":{"rendered":"<p>Establecer correctamente y claramente los niveles de soporte y resistencia, es un elemento clave que nos puede ayudar a tener mejores resultados. Aqu\u00ed tenemos algunas preguntas y respuestas que le van a ayudar a tener una mejor comprensi\u00f3n de las zonas de soportes y resistencias. <\/p>\n<h3>\u00bfPara hay un nivel exacto donde deben ser fijados los niveles de soporte y resistencia?<\/h3>\n<p>No, como ya lo hemos visto, soportes y resistencias son \u201czonas\u201d no \u201cniveles\u201d. De todas maneras es com\u00fan fijar los niveles de resistencia justo por encima de la acci\u00f3n del mercado y los niveles de soporte justo por debajo de la acci\u00f3n del mercado, sin embargo otros operadores las fijan justo en la acci\u00f3n del mercado. En ocasiones, es muy dif\u00edcil encontrar donde fijar el nivel de soporte o resistencia, en estos casos es v\u00e1lido fijarlos solamente cerca de la acci\u00f3n del mercado. <\/p>\n<h3>\u00bfQu\u00e9 m\u00e9todos existen para definir los soportes y resistencias? <\/h3>\n<h5>Basados en m\u00e1ximos y m\u00ednimos anteriores<\/h5>\n<p> Cuando el mercado se acerca a m\u00e1ximos o m\u00ednimos anteriores, estos tienen siempre la posibilidad de convertirse en niveles de soporte o resistencia (esto lo veremos en la siguiente lecci\u00f3n). <\/p>\n<h5>N\u00fameros Cerrados<\/h5>\n<p> Muchos expertos y operadores bancarios fijan sus \u00f3rdenes alrededor de n\u00fameros cerrados (\u00f3rdenes de compra y de stop loss), la raz\u00f3n de esto es porque por estas zonas hay mucho \u201ctr\u00e1fico\u201d de operaciones y muchas veces el mercado tiene dificultad para pasar a trav\u00e9s de estos niveles. De igual manera, estos niveles tienden a tener un factor emocional. Lo n\u00fameros cerrados son 1.4500 \u00f3 1.0000. <\/p>\n<h5>Basados en Medias M\u00f3viles<\/h5>\n<p> Una media m\u00f3vil es un indicador t\u00e9cnico que puede ser usado como \u00e1reas de soporte y resistencia (ya veremos este punto un poco m\u00e1s adelante). <\/p>\n<h5>Basados en otros indicadores t\u00e9cnicos<\/h5>\n<p> Otros indicadores t\u00e9cnicos tambi\u00e9n pueden ser utilizados como soporte y resistencia, un ejemplo puede ser los retrocesos de Fibonacci. <\/p>\n<p>Y por supuesto, los soportes y resistencias regulares. <\/p>\n<p>De los m\u00e9todos de arriba, \u00bfCu\u00e1l es m\u00e1s efectivo?<\/p>\n<p>No hay una respuesta correcta a esa pregunta. Muchas veces una metodolog\u00eda pronostica mejor los niveles que otras, y otras veces otras metodolog\u00edas lo hacen. Lo que le recomiendo hacer es ver cual esta funcionando mejor cada uno de los d\u00edas (no tiene caso usar una metodolog\u00eda que no esta funcionando un d\u00eda en particular). <\/p>\n<h3>\u00bfQu\u00e9 son los rompimientos falsos?<\/h3>\n<p>Veamos el siguiente gr\u00e1fico:<\/p>\n<p><img loading=\"lazy\" decoding=\"async\" src=\"http:\/\/www.straightforex.com\/es\/wp-content\/uploads\/chart8.gif\" alt=\"chart8\" width=\"800\" height=\"600\" class=\"alignnone size-full wp-image-282\" \/><\/p>\n<p>[Gr\u00e1fico 8]<\/p>\n<p>Esta es la misma gr\u00e1fica que usamos en la gr\u00e1fica 2. Vea de cerca lo que pas\u00f3 en el c\u00edrculo rojo, en un momento, el mercado estaba operando por encima del nivel de resistencia, pero se regres\u00f3, a esto le llamamos un rompimiento falso: el mercado falla en operar consistentemente por encima o por debajo de niveles importantes de resistencia o soporte. <\/p>\n<h3>\u00bfQu\u00e9 es lo que debemos hacer cada vez que el mercado se acerque a estos niveles de soporte o resistencia? <\/h3>\n<p>Eso depende de la circunstancia en la que se encuentre, aqu\u00ed est\u00e1n algunos escenarios: <\/p>\n<p><i class=\"uk-theme-icon-check uk-margin-small-top\"><\/i>   Si no tienes operaciones abiertas y estas buscando una oportunidad de compra, si el mercado se acerca a un nivel de soporte, trata de encontrar una se\u00f1al de compra.<br \/>\n<i class=\"uk-theme-icon-check uk-margin-small-top\"><\/i>   Si no tienes operaciones abiertas y estas buscando una oportunidad de venta, si el mercado se acerca a un nivel de resistencia, trata de encontrar una se\u00f1al de venta.<br \/>\n<i class=\"uk-theme-icon-check uk-margin-small-top\"><\/i>   Si tienes una operaci\u00f3n de compra abierta, y el mercado se acerca a un nivel de resistencia, busca un punto de salida.<br \/>\n<i class=\"uk-theme-icon-check uk-margin-small-top\"><\/i>   Si tienes una operaci\u00f3n de venta, y el mercado se acerca a un nivel de soporte, busca un punto de salida. <\/p>\n<p>Estas son solo unos de los posibles escenarios que se pueden dar. <\/p>\n","protected":false},"excerpt":{"rendered":"<p>Establecer correctamente y claramente los niveles de soporte y resistencia, es un elemento clave que nos puede ayudar a tener mejores resultados. Aqu\u00ed tenemos algunas preguntas y respuestas que le van a ayudar a tener una mejor comprensi\u00f3n de las zonas de soportes y resistencias. \u00bfPara hay un nivel exacto donde deben ser fijados los [&hellip;]<\/p>\n","protected":false},"author":1,"featured_media":0,"parent":262,"menu_order":3,"comment_status":"open","ping_status":"closed","template":"","meta":{"footnotes":""},"class_list":["post-281","page","type-page","status-publish","hentry"],"_links":{"self":[{"href":"http:\/\/www.straightforex.com\/es\/wp-json\/wp\/v2\/pages\/281","targetHints":{"allow":["GET"]}}],"collection":[{"href":"http:\/\/www.straightforex.com\/es\/wp-json\/wp\/v2\/pages"}],"about":[{"href":"http:\/\/www.straightforex.com\/es\/wp-json\/wp\/v2\/types\/page"}],"author":[{"embeddable":true,"href":"http:\/\/www.straightforex.com\/es\/wp-json\/wp\/v2\/users\/1"}],"replies":[{"embeddable":true,"href":"http:\/\/www.straightforex.com\/es\/wp-json\/wp\/v2\/comments?post=281"}],"version-history":[{"count":2,"href":"http:\/\/www.straightforex.com\/es\/wp-json\/wp\/v2\/pages\/281\/revisions"}],"predecessor-version":[{"id":912,"href":"http:\/\/www.straightforex.com\/es\/wp-json\/wp\/v2\/pages\/281\/revisions\/912"}],"up":[{"embeddable":true,"href":"http:\/\/www.straightforex.com\/es\/wp-json\/wp\/v2\/pages\/262"}],"wp:attachment":[{"href":"http:\/\/www.straightforex.com\/es\/wp-json\/wp\/v2\/media?parent=281"}],"curies":[{"name":"wp","href":"https:\/\/api.w.org\/{rel}","templated":true}]}}