{"id":273,"date":"2016-07-22T18:57:59","date_gmt":"2016-07-22T18:57:59","guid":{"rendered":"http:\/\/www.straightforex.com\/es\/?page_id=273"},"modified":"2016-08-03T02:19:58","modified_gmt":"2016-08-03T02:19:58","slug":"soportes-y-resistencias","status":"publish","type":"page","link":"http:\/\/www.straightforex.com\/es\/curso-basico-de-forex\/analisis-tecnico-parte-1\/soportes-y-resistencias\/","title":{"rendered":"Soportes y Resistencias"},"content":{"rendered":"<p>Estos dos conceptos son probablemente los m\u00e1s importantes en lo que se refiere al an\u00e1lisis t\u00e9cnico. Soportes y resistencia son niveles en los que la oferta y demanda de un instrumento financiero se encuentran.<\/p>\n<p>Cuando los precio bajan, la demanda de una divisa tiende a incrementarse, porque atrae a compradores interesados en precios \u201cbaratos\u201d. En alg\u00fan punto, la demanda de la divisa se hace m\u00e1s grande que la oferta haciendo que el precio suba de cierto nivel o zona de soporte. Al subir el precio, hay un nivel determinado en el que el precio tan alto atrae a vendedores interesados en vender a precios altos. En alg\u00fan punto determinado, la oferta de la divisa va a ser m\u00e1s grande que la demanda de \u00e9sta, haciendo que los precios bajen de nuevo, a este nivel o zona se le llama resistencia.<\/p>\n<p>Todos nosotros (al menos la mayor\u00eda) hemos visto curvas de oferta y demanda en nuestros d\u00edas de escuela. Probablemente sea buena idea tratar de representar estos dos conceptos con la famosa curva. <\/p>\n<p><strong>Veamos la siguiente imagen: <\/strong><\/p>\n<p><img loading=\"lazy\" decoding=\"async\" src=\"http:\/\/www.straightforex.com\/es\/wp-content\/uploads\/image3.gif\" alt=\"image3\" width=\"350\" height=\"347\" class=\"alignnone size-full wp-image-274\" \/><\/p>\n<p>[Imagen 3]<\/p>\n<p>Imagine que la curva es la curva de demanda del EUR\/USD, mientras el precio se mueva hacia abajo, va a atraer:<\/p>\n<p><i class=\"uk-theme-icon-check uk-margin-small-top\"><\/i>   Compradores interesados en precios bajos (comprar bajo para vender alto), y<br \/>\n<i class=\"uk-theme-icon-check uk-margin-small-top\"><\/i>   Operadores que ya estaban a la venta y quieren cerrar sus operaciones. <\/p>\n<p>Estas dos fuerzas van a hacer que el mercado regrese hacia arriba, porque la demanda por el EUR\/USD se va a incrementar, a esta zona se le conoce como \u201csoporte\u201d. <\/p>\n<p><strong>Mientras los precios sigan subiendo, va a atraer: <\/strong><\/p>\n<p><i class=\"uk-theme-icon-check uk-margin-small-top\"><\/i>   M\u00e1s vendedores interesados en vender caro (para cerrar la operaci\u00f3n a precios m\u00e1s bajos), y<br \/>\n<i class=\"uk-theme-icon-check uk-margin-small-top\"><\/i>   Operadores que ya estaban a la compra buscando tomar ganancias. <\/p>\n<p>Estas dos fuerzas van a evitar que el mercado siga subiendo, y que cambie de direcci\u00f3n hacia abajo. A esta zona se le llama \u201cResistencia\u201d. <\/p>\n<p>\u00bfY que es lo que pasa cuando el mercado rompe un nivel de soporte o resistencia? Ahhh buena observaci\u00f3n&#8230; ya explicaremos ese caso, por ahora, aqu\u00ed tenemos otra secci\u00f3n para pensar: <\/p>\n<div class=\"tm-content-boxed uk-text-center\">\n<h3 class=\"uk-h2 uk-margin-bottom-remove\">Para Pensar 1<\/h3>\n<p class=\"uk-margin-small-top uk-margin-bottom-remove\">\u00bfC\u00f3mo cree que el mercado se comporte cuando la demanda por una moneda se encuentra con el soporte de la misma moneda por un periodo considerable de tiempo?<\/p>\n<\/div>\n<p>Recuerda, <strong>soportes y resistencias son zonas m\u00e1s que niveles.<\/strong> De aqu\u00ed en adelante, aunque nos refiramos a \u201cniveles de soportes y resistencias\u201d, en realidad nos referimos a \u201czonas de soporte y resistencia\u201d. <\/p>\n<p>Bien, veamos algunos ejemplos de la vida real&#8230; <\/p>\n<h3>Zona de Soporte<\/h3>\n<p>Un soporte es un nivel de precio o zona en la que la demanda de una divisa es m\u00e1s grande que la oferta y hace que el mercado no baje m\u00e1s de ese mismo nivel. \u201cSoporta al precio para que no baje mas\u201d<\/p>\n<p><img loading=\"lazy\" decoding=\"async\" src=\"http:\/\/www.straightforex.com\/es\/wp-content\/uploads\/chart4.gif\" alt=\"chart4\" width=\"800\" height=\"600\" class=\"alignnone size-full wp-image-275\" \/><\/p>\n<p>[Gr\u00e1fica 4]<\/p>\n<h3>Zona de Resistencia<\/h3>\n<p>Una resistencia es un nivel de precio en la que la oferta de una divisa es m\u00e1s grande que su demanda. Esto previene que los precios suban m\u00e1s que el nivel de resistencia. \u201cLos precios se resisten a alcanzar niveles mas altos\u201d.<\/p>\n<p><img loading=\"lazy\" decoding=\"async\" src=\"http:\/\/www.straightforex.com\/es\/wp-content\/uploads\/chart5.gif\" alt=\"chart5\" width=\"800\" height=\"600\" class=\"alignnone size-full wp-image-276\" \/><\/p>\n<p>[Gr\u00e1fica 5]<\/p>\n<p>En la gr\u00e1fica de arriba, el nivel en el que los vendedores son m\u00e1s que los compradores se ve claramente en la zona de resistencia marcada. En este nivel, las ventas (producto de que los operadores son atra\u00eddos por los precios altos ya sea a la venta u operadores ya compraron y quieren cerrar sus operaciones) sin tan fuertes que previene que el mercado siga alcanzando niveles superiores. En esta zona se dice entonces que los vendedores ganan la batalla a los compradores. <\/p>\n<p><strong>NOTA<\/strong>: Soportes y resistencias son consideradas \u201cpenetradas\u201d cuando existe un rompimiento sostenido, de otra manera el rompimiento se considera inv\u00e1lido. Entonces, cuando el mercado rompa a un nivel importante y se regrese (como el tercer pico en la gr\u00e1fica 2), el nivel importante es considerado todav\u00eda v\u00e1lido. <\/p>\n<p>Esto nos lleva a nuestro siguiente concepto&#8230;<\/p>\n<h3>Rompimientos Sostenidos<\/h3>\n<p>Un rompimiento sostenido ocurre cuando los precios operan sostenidamente arriba de la resistencia o debajo del soporte por varios periodos. Si esto ocurre, la vieja resistencia se convierte en un soporte importante (en el caso de un rompimiento hacia arriba) o el viejo soporte se convierte en una importante resistencia (en el caso de un rompimiento hacia abajo).<\/p>\n<p>Veamos dos ejemplos clarificando estos escenarios.<\/p>\n<p><strong>Zona de soporte se convierte en resistencia<\/strong><\/p>\n<p><img loading=\"lazy\" decoding=\"async\" src=\"http:\/\/www.straightforex.com\/es\/wp-content\/uploads\/chart6.gif\" alt=\"chart6\" width=\"800\" height=\"600\" class=\"alignnone size-full wp-image-277\" \/><\/p>\n<p>[Gr\u00e1fico 6]<\/p>\n<p>Aqu\u00ed podemos ver claramente la zona de soporte en la parte izquierda de la gr\u00e1fica, el precio es rechazado de este nivel dos veces por lo menos. Una vez que el mercado rompe el soporte, y contin\u00faa operando por debajo del soporte, se considera que hubo un rompimiento sostenido. Despu\u00e9s el mercado baja y tiene un retroceso al nivel de soporte, que ahora es un nivel de resistencia. Aqu\u00ed el mercado es rechazado una vez, y en la \u00faltima parte de la gr\u00e1fica el mercado se vuelve a acercar a la resistencia, de donde debe ser rechazado de nuevo. <\/p>\n<p>En la pr\u00f3xima gr\u00e1fica, <strong>la resistencia se convierte en soporte.<\/strong> <\/p>\n<p><img loading=\"lazy\" decoding=\"async\" src=\"http:\/\/www.straightforex.com\/es\/wp-content\/uploads\/chart7.gif\" alt=\"chart7\" width=\"800\" height=\"600\" class=\"alignnone size-full wp-image-278\" \/><\/p>\n<p>[Gr\u00e1fica 7]<\/p>\n<p>Aqu\u00ed el rompimiento sostenido ocurre cuando el mercado contin\u00faa operando por encima de la zona de resistencia, como podemos ver la zona de resistencia se convierte en zona de soporte, evitando que el mercado baje m\u00e1s de ese nivel. Esto crea una posible oportunidad de compra. <\/p>\n<p>Cuando el mercado rompe un nivel de soporte o resistencia, el balance de la oferta y demanda cambia. Cuando rompe el soporte importante, lo que los inversionistas pensaban que era un precio \u201cbajo\u201d se convierte en un precio \u201calto\u201d. Cuando el mercado rompe un nivel de resistencia importante, lo que antes era considerado \u201calto\u201d se convierte en \u201cbajo\u201d. <\/p>\n<p>En t\u00e9rminos de la curva de la demanda, esto es lo que sucede cuando existe un rompimiento de una zona de resistencia. <\/p>\n<p><img loading=\"lazy\" decoding=\"async\" src=\"http:\/\/www.straightforex.com\/es\/wp-content\/uploads\/image4.jpg\" alt=\"image4\" width=\"350\" height=\"347\" class=\"alignnone size-full wp-image-279\" \/><\/p>\n<p>[Imagen 4]<\/p>\n<p>Hay un cambio hacia la derecha de la curva de demanda cuando hay un rompimiento de un nivel importante: \u201cel balance de la oferta y demanda cambia, lo que antes era considerado alto, se considera ahora bajo\u201d. <\/p>\n<div class=\"tm-content-boxed uk-text-center\">\n<h3 class=\"uk-h2 uk-margin-bottom-remove\">Para Pensar 2<\/h3>\n<p class=\"uk-margin-small-top uk-margin-bottom-remove\">Acabamos de ver lo que le pasa a la curva de la demanda cuando hay un rompimiento de la resistencia, \u00bfQu\u00e9 le pasar\u00eda a la curva si hubiera un rompimiento del soporte?<\/p>\n<\/div>\n","protected":false},"excerpt":{"rendered":"<p>Estos dos conceptos son probablemente los m\u00e1s importantes en lo que se refiere al an\u00e1lisis t\u00e9cnico. Soportes y resistencia son niveles en los que la oferta y demanda de un instrumento financiero se encuentran. Cuando los precio bajan, la demanda de una divisa tiende a incrementarse, porque atrae a compradores interesados en precios \u201cbaratos\u201d. En [&hellip;]<\/p>\n","protected":false},"author":1,"featured_media":0,"parent":262,"menu_order":2,"comment_status":"open","ping_status":"closed","template":"","meta":{"footnotes":""},"class_list":["post-273","page","type-page","status-publish","hentry"],"_links":{"self":[{"href":"http:\/\/www.straightforex.com\/es\/wp-json\/wp\/v2\/pages\/273","targetHints":{"allow":["GET"]}}],"collection":[{"href":"http:\/\/www.straightforex.com\/es\/wp-json\/wp\/v2\/pages"}],"about":[{"href":"http:\/\/www.straightforex.com\/es\/wp-json\/wp\/v2\/types\/page"}],"author":[{"embeddable":true,"href":"http:\/\/www.straightforex.com\/es\/wp-json\/wp\/v2\/users\/1"}],"replies":[{"embeddable":true,"href":"http:\/\/www.straightforex.com\/es\/wp-json\/wp\/v2\/comments?post=273"}],"version-history":[{"count":3,"href":"http:\/\/www.straightforex.com\/es\/wp-json\/wp\/v2\/pages\/273\/revisions"}],"predecessor-version":[{"id":911,"href":"http:\/\/www.straightforex.com\/es\/wp-json\/wp\/v2\/pages\/273\/revisions\/911"}],"up":[{"embeddable":true,"href":"http:\/\/www.straightforex.com\/es\/wp-json\/wp\/v2\/pages\/262"}],"wp:attachment":[{"href":"http:\/\/www.straightforex.com\/es\/wp-json\/wp\/v2\/media?parent=273"}],"curies":[{"name":"wp","href":"https:\/\/api.w.org\/{rel}","templated":true}]}}