{"id":265,"date":"2016-07-22T18:44:12","date_gmt":"2016-07-22T18:44:12","guid":{"rendered":"http:\/\/www.straightforex.com\/es\/?page_id=265"},"modified":"2016-08-03T02:16:45","modified_gmt":"2016-08-03T02:16:45","slug":"tipos-de-graficos","status":"publish","type":"page","link":"http:\/\/www.straightforex.com\/es\/curso-basico-de-forex\/analisis-tecnico-parte-1\/tipos-de-graficos\/","title":{"rendered":"Tipos de Gr\u00e1ficos"},"content":{"rendered":"<p>Los gr\u00e1ficos nos muestran los precios de determinado instrumento en un periodo especificado. El eje vertical representa los precios de los instrumentos mientras el eje horizontal nos muestra el tiempo elegido para ver el comportamiento del precio.<\/p>\n<p>Los tipos de gr\u00e1ficos mas usados por los analistas t\u00e9cnicos son: <\/p>\n<p><i class=\"uk-theme-icon-check uk-margin-small-top\"><\/i>   Gr\u00e1ficos de l\u00edneas<br \/>\n<i class=\"uk-theme-icon-check uk-margin-small-top\"><\/i>   Gr\u00e1ficos de barras<br \/>\n<i class=\"uk-theme-icon-check uk-margin-small-top\"><\/i>   Gr\u00e1ficos de velas<\/p>\n<h3>Gr\u00e1ficos de L\u00edneas<\/h3>\n<p>Estos gr\u00e1ficos consisten en puntos unidos por una l\u00ednea. Usualmente estos puntos representan el precio de cierre de las divisas en una temporalidad espec\u00edfica.<\/p>\n<p><img loading=\"lazy\" decoding=\"async\" src=\"http:\/\/www.straightforex.com\/es\/wp-content\/uploads\/chart1.gif\" alt=\"chart1\" width=\"800\" height=\"600\" class=\"alignnone size-full wp-image-266\" \/><\/p>\n<p>[Gr\u00e1fica 1]<\/p>\n<p>El uso de este tipo de gr\u00e1ficos es usado com\u00fanmente por los operadores que se enfocan \u00fanicamente en los precios de cierre de las divisas.<\/p>\n<h3>Gr\u00e1ficos de Barras<\/h3>\n<p>Los gr\u00e1ficos de barras nos dan m\u00e1s informaci\u00f3n acerca del precio que los gr\u00e1ficos anteriores. Nos muestra el precio de cierre, el precio de apertura, el m\u00e1ximo y el m\u00ednimo de un periodo determinado. <\/p>\n<p><img loading=\"lazy\" decoding=\"async\" src=\"http:\/\/www.straightforex.com\/es\/wp-content\/uploads\/image1.jpg\" alt=\"image1\" width=\"605\" height=\"343\" class=\"alignnone size-full wp-image-267\" \/><\/p>\n<p>[Imagen 1]<\/p>\n<p>Los m\u00e1ximos y m\u00ednimos est\u00e1n representados por los puntos m\u00e1s altos (m\u00e1ximo) y bajos (m\u00ednimo) de la l\u00ednea vertical. El precio de apertura esta representado por la peque\u00f1a l\u00ednea horizontal a la izquierda. El precio de cierre esta representado por la peque\u00f1a l\u00ednea horizontal a la derecha de la l\u00ednea horizontal.<\/p>\n<p><img loading=\"lazy\" decoding=\"async\" src=\"http:\/\/www.straightforex.com\/es\/wp-content\/uploads\/chart2.gif\" alt=\"chart2\" width=\"800\" height=\"600\" class=\"alignnone size-full wp-image-268\" \/><\/p>\n<p>[Gr\u00e1fica 2]<\/p>\n<h3>Gr\u00e1ficos de Velas<\/h3>\n<p>Los gr\u00e1ficos de velas (o candlesticks) son similares a los de barras, tambi\u00e9n nos muestran el precio de apertura, precio de cierre, el m\u00e1ximo y m\u00ednimo de cada periodo. La \u00fanica diferencia es que los gr\u00e1ficos de velas tienen un cuerpo en cada barra.<\/p>\n<p><img loading=\"lazy\" decoding=\"async\" src=\"http:\/\/www.straightforex.com\/es\/wp-content\/uploads\/image2.jpg\" alt=\"image2\" width=\"605\" height=\"343\" class=\"alignnone size-full wp-image-270\" \/><\/p>\n<p>[Imagen 2]<\/p>\n<p>Cada vela \u201cblanca\u201d indica que el precio a cerrado mas arriba que el precio en el que abri\u00f3, entonces el precio de apertura es el punto m\u00ednimo del cuerpo de la vela y el precio de cierre esta en el punto m\u00e1ximo del cuerpo. Por el otro lado, cada vela \u201cnegra\u201d indica que el precio de cierre esta mas abajo que el precio de apertura, entonces el precio de apertura es el punto m\u00e1ximo del cuerpo y el precio de cierre esta en el punto m\u00ednimo del cuerpo. <\/p>\n<p>Las l\u00edneas verticales por encima y por debajo de los cuerpos se les llaman sombras. Esta representan los puntos m\u00e1ximos (arriba) y m\u00ednimos (abajo) impresos en cierto periodo. <\/p>\n<p><img loading=\"lazy\" decoding=\"async\" src=\"http:\/\/www.straightforex.com\/es\/wp-content\/uploads\/chart3.gif\" alt=\"chart3\" width=\"800\" height=\"600\" class=\"alignnone size-full wp-image-271\" \/><\/p>\n<p>[Gr\u00e1fica 3]<\/p>\n<p>Este tipo de gr\u00e1ficos es probablemente el m\u00e1s popular entre los operadores e inversionistas. La raz\u00f3n principal de esto es porque es mas f\u00e1cil leer y estudiar la relaci\u00f3n de precios (y psicolog\u00eda de los inversionistas) usando este tipo de gr\u00e1ficos.<\/p>\n<p>Despu\u00e9s en el curso veremos m\u00e1s a fondo los gr\u00e1ficos de velas, vamos a aprender que representa cada una de ellas, veremos los patrones que forman y como nos pueden ayudar a tomar una mejor decisi\u00f3n de operaci\u00f3n. <\/p>\n","protected":false},"excerpt":{"rendered":"<p>Los gr\u00e1ficos nos muestran los precios de determinado instrumento en un periodo especificado. El eje vertical representa los precios de los instrumentos mientras el eje horizontal nos muestra el tiempo elegido para ver el comportamiento del precio. Los tipos de gr\u00e1ficos mas usados por los analistas t\u00e9cnicos son: Gr\u00e1ficos de l\u00edneas Gr\u00e1ficos de barras Gr\u00e1ficos [&hellip;]<\/p>\n","protected":false},"author":1,"featured_media":0,"parent":262,"menu_order":1,"comment_status":"open","ping_status":"closed","template":"","meta":{"footnotes":""},"class_list":["post-265","page","type-page","status-publish","hentry"],"_links":{"self":[{"href":"http:\/\/www.straightforex.com\/es\/wp-json\/wp\/v2\/pages\/265","targetHints":{"allow":["GET"]}}],"collection":[{"href":"http:\/\/www.straightforex.com\/es\/wp-json\/wp\/v2\/pages"}],"about":[{"href":"http:\/\/www.straightforex.com\/es\/wp-json\/wp\/v2\/types\/page"}],"author":[{"embeddable":true,"href":"http:\/\/www.straightforex.com\/es\/wp-json\/wp\/v2\/users\/1"}],"replies":[{"embeddable":true,"href":"http:\/\/www.straightforex.com\/es\/wp-json\/wp\/v2\/comments?post=265"}],"version-history":[{"count":2,"href":"http:\/\/www.straightforex.com\/es\/wp-json\/wp\/v2\/pages\/265\/revisions"}],"predecessor-version":[{"id":909,"href":"http:\/\/www.straightforex.com\/es\/wp-json\/wp\/v2\/pages\/265\/revisions\/909"}],"up":[{"embeddable":true,"href":"http:\/\/www.straightforex.com\/es\/wp-json\/wp\/v2\/pages\/262"}],"wp:attachment":[{"href":"http:\/\/www.straightforex.com\/es\/wp-json\/wp\/v2\/media?parent=265"}],"curies":[{"name":"wp","href":"https:\/\/api.w.org\/{rel}","templated":true}]}}