{"id":262,"date":"2016-07-22T18:39:59","date_gmt":"2016-07-22T18:39:59","guid":{"rendered":"http:\/\/www.straightforex.com\/es\/?page_id=262"},"modified":"2016-08-03T02:15:27","modified_gmt":"2016-08-03T02:15:27","slug":"analisis-tecnico-parte-1","status":"publish","type":"page","link":"http:\/\/www.straightforex.com\/es\/curso-basico-de-forex\/analisis-tecnico-parte-1\/","title":{"rendered":"An\u00e1lisis T\u00e9cnico Parte 1"},"content":{"rendered":"<p>Como ya lo hemos hablado, el an\u00e1lisis t\u00e9cnico estudia el comportamiento del precio en la historia de cualquier instrumento para intentar determinar o predecir su comportamiento futuro.<\/p>\n<p>Al estudiar el comportamiento del precio y el an\u00e1lisis t\u00e9cnico, en realidad estamos estudiando el comportamiento de todos los operadores en cierto mercado. Todos los inversionistas y operadores est\u00e1n de tras de cada movimiento del precio, despu\u00e9s de todo, ellos fueron los que llevaron el precio a cierto nivel (a trav\u00e9s de compras y ventas del instrumento). El precio se mueve basado en las expectaciones que tienen los operadores e inversionistas de lo que el valor futuro de los instrumentos debe ser.<\/p>\n<p>La mayor\u00eda de las veces los inversionistas y operadores son manejados por sus emociones (miedo, avaricia, etc.) Estas emociones son visibles en las graficas a trav\u00e9s de patrones de comportamiento repetitivo. El resultado o comportamiento futuro de estros patrones es lo que el an\u00e1lisis t\u00e9cnico intenta predecir.<\/p>\n<p>El an\u00e1lisis t\u00e9cnico esta basado en la <strong>Teor\u00eda Dow (Dow Theory)<\/strong> que tiene tres principios:<\/p>\n<h5>1 &#8211; El precio descuenta todo<\/h5>\n<p> Esto quiere decir que toda la informaci\u00f3n que los inversionistas y operadores tienen sobre el instrumento se refleja en el precio. Refleja todo el conocimiento de todos los involucrados (incluyendo el de los fundamentalistas). <\/p>\n<h5>2 &#8211; El comportamiento del precio no es aleatorio<\/h5>\n<p> Los precios se mueven en tendencias, aunque hay ciertos periodos donde no se puede distinguir o act\u00faan de manera casi aleatorio. El trabajo de los analistas t\u00e9cnicos es determinar los periodos en los que hay tendencia y obtener ganancias de ello.<\/p>\n<h5>3 &#8211; La pregunta \u201cque\u201d es m\u00e1s importante que \u201cpor que\u201d<\/h5>\n<p> \u201cQue\u201d se refiere a cual es su comportamiento hist\u00f3rico y donde se encuentra el precio. La pregunta \u00bf\u201cPor que\u201d esta el precio en donde esta o \u201cpor que\u201d va a tener cierto comportamiento? No es de inter\u00e9s para los analistas t\u00e9cnicos, esta es el \u00e1rea de los analistas fundamentales: buscar razones por las que el precio esta en determinado nivel.<\/p>\n<p>Y as\u00ed empezamos con el an\u00e1lisis t\u00e9cnico&#8230;<\/p>\n<p><strong>Esta lecci\u00f3n esta estructurada de la siguiente manera: <\/strong><\/p>\n<h3><a href=\"http:\/\/www.straightforex.com\/es\/curso-basico-de-forex\/analisis-tecnico-parte-1\/tipos-de-graficos\/\">Secci\u00f3n II: Tipos de Gr\u00e1ficos<\/a><\/h3>\n<p> Revisaremos los tipos de gr\u00e1ficos m\u00e1s comunes usados por los analistas t\u00e9cnicos. <\/p>\n<h3><a href=\"http:\/\/www.straightforex.com\/es\/curso-basico-de-forex\/analisis-tecnico-parte-1\/soportes-y-resistencias\/\">Secci\u00f3n III: Soportes y Resistencias<\/a><\/h3>\n<p> Revisaremos dos de los conceptos m\u00e1s importantes de la operaci\u00f3n de cualquier mercado; veremos que hace un soporte y una resistencia y analizaremos como identificarlos. <\/p>\n<h3><a href=\"http:\/\/www.straightforex.com\/es\/curso-basico-de-forex\/analisis-tecnico-parte-1\/preguntas-y-respuestas-de-sr\/\">Secci\u00f3n IV: Preguntas y Respuestas de S&#038;R<\/a><\/h3>\n<p> Aqu\u00ed encontrar\u00e1 preguntas frecuentes acerca de soportes y resistencias. <\/p>\n<h3><a href=\"http:\/\/www.straightforex.com\/es\/curso-basico-de-forex\/analisis-tecnico-parte-1\/tendencias-y-rangos\/\">Secci\u00f3n V: Tendencias y Rangos<\/a><\/h3>\n<p> Como identificar mercados en rangos y mercados en tendencias. Tambi\u00e9n mediremos la intensidad de la tendencia a trav\u00e9s de las l\u00edneas de tendencia. <\/p>\n<h3><a href=\"http:\/\/www.straightforex.com\/es\/curso-basico-de-forex\/analisis-tecnico-parte-1\/introduccion-a-las-velas-japonesas\/\">Secci\u00f3n VI: Introducci\u00f3n a las Velas<\/a><\/h3>\n<p> Daremos una peque\u00f1a introducci\u00f3n del tipo de gr\u00e1fico m\u00e1s utilizado entre los operadores.<\/p>\n<h3><a href=\"http:\/\/www.straightforex.com\/es\/curso-basico-de-forex\/analisis-tecnico-parte-1\/resumen-analisis-tecnico-parte-1\/\">Resumen<\/a><\/h3>\n<p> Breve resumen de toda la lecci\u00f3n<\/p>\n","protected":false},"excerpt":{"rendered":"<p>Como ya lo hemos hablado, el an\u00e1lisis t\u00e9cnico estudia el comportamiento del precio en la historia de cualquier instrumento para intentar determinar o predecir su comportamiento futuro. Al estudiar el comportamiento del precio y el an\u00e1lisis t\u00e9cnico, en realidad estamos estudiando el comportamiento de todos los operadores en cierto mercado. Todos los inversionistas y operadores [&hellip;]<\/p>\n","protected":false},"author":1,"featured_media":0,"parent":139,"menu_order":4,"comment_status":"open","ping_status":"closed","template":"","meta":{"footnotes":""},"class_list":["post-262","page","type-page","status-publish","hentry"],"_links":{"self":[{"href":"http:\/\/www.straightforex.com\/es\/wp-json\/wp\/v2\/pages\/262","targetHints":{"allow":["GET"]}}],"collection":[{"href":"http:\/\/www.straightforex.com\/es\/wp-json\/wp\/v2\/pages"}],"about":[{"href":"http:\/\/www.straightforex.com\/es\/wp-json\/wp\/v2\/types\/page"}],"author":[{"embeddable":true,"href":"http:\/\/www.straightforex.com\/es\/wp-json\/wp\/v2\/users\/1"}],"replies":[{"embeddable":true,"href":"http:\/\/www.straightforex.com\/es\/wp-json\/wp\/v2\/comments?post=262"}],"version-history":[{"count":4,"href":"http:\/\/www.straightforex.com\/es\/wp-json\/wp\/v2\/pages\/262\/revisions"}],"predecessor-version":[{"id":908,"href":"http:\/\/www.straightforex.com\/es\/wp-json\/wp\/v2\/pages\/262\/revisions\/908"}],"up":[{"embeddable":true,"href":"http:\/\/www.straightforex.com\/es\/wp-json\/wp\/v2\/pages\/139"}],"wp:attachment":[{"href":"http:\/\/www.straightforex.com\/es\/wp-json\/wp\/v2\/media?parent=262"}],"curies":[{"name":"wp","href":"https:\/\/api.w.org\/{rel}","templated":true}]}}