{"id":250,"date":"2016-07-22T18:21:49","date_gmt":"2016-07-22T18:21:49","guid":{"rendered":"http:\/\/www.straightforex.com\/es\/?page_id=250"},"modified":"2016-08-03T02:12:17","modified_gmt":"2016-08-03T02:12:17","slug":"resumen-analisis-fundamental","status":"publish","type":"page","link":"http:\/\/www.straightforex.com\/es\/curso-basico-de-forex\/analisis-fundamental\/resumen-analisis-fundamental\/","title":{"rendered":"Resumen: An\u00e1lisis Fundamental"},"content":{"rendered":"<p>Bien, ahora que ya ley\u00f3 el material de la lecci\u00f3n, aseg\u00farese de comprender lo siguiente: <\/p>\n<p>Aun cuando nosotros no operemos los anuncios fundamentales, siempre somos cuestionados acerca de los aspectos econ\u00f3micos mundiales, por lo tanto, debemos estar preparados para contestar esas preguntas correctamente. Pero esta no es la raz\u00f3n por la cual debemos estudiar los fundamentales, lo debemos hacer para saber que tipo de indicadores influyen en el mercado y que magnitud puede tener en un par de divisa si estamos en alguna operaci\u00f3n. Tambi\u00e9n es pertinente conocer la relaci\u00f3n que hay entre los commodities del oro y el petr\u00f3leo con el forex. <\/p>\n<p>Esta lecci\u00f3n es importante tanto para los operadores principiantes como los avanzados con poco conocimiento \u201cecon\u00f3mico\u201d. O para los que ya lo tienen, sirve para recordar estos aspectos. <\/p>\n<h5>Puntos importantes de la lecci\u00f3n:<\/h5>\n<p><i class=\"uk-theme-icon-check uk-margin-small-top\"><\/i>   Que mide cada indicador econ\u00f3mico importante y que impacto puede tener en el mercado<br \/>\n<i class=\"uk-theme-icon-check uk-margin-small-top\"><\/i>   Diferencias entre desacuerdos pol\u00edticos, crisis pol\u00edticas, como tambi\u00e9n el impacto que pueden tener en el mercado de divisas. Tambi\u00e9n son importantes los aspectos sociales y los anuncios de personalidades relacionadas.<br \/>\n<i class=\"uk-theme-icon-check uk-margin-small-top\"><\/i>   En estos d\u00edas el precio del petr\u00f3leo se ha convertido en un factor importante para los operadores del mercado, \u00bfC\u00f3mo afectan sus cambios al mercado forex?<br \/>\n<i class=\"uk-theme-icon-check uk-margin-small-top\"><\/i>   Riesgos involucrados en la operaci\u00f3n de noticias.<br \/>\n<i class=\"uk-theme-icon-check uk-margin-small-top\"><\/i>   Conocer las t\u00e9cnicas utilizadas por los operadores fundamentales (operadores de noticias).<\/p>\n<p>Aqu\u00ed tenemos las respuestas a las secciones \u201cPara Pensar\u201d de esta lecci\u00f3n: <\/p>\n<h3>Para Pensar 1<\/h3>\n<p> Nos preguntan que es una buen o mal n\u00famero de anuncio fundamental. A lo que nos referimos cuando hablamos de un \u201cbuen\u201d o \u201cmal\u201d n\u00famero nos referimos a la desviaci\u00f3n que hay entre el n\u00famero esperado y el n\u00famero real. Por ejemplo, si esperamos que la econom\u00eda estadounidense cree 50,000 empleos en Noviembre, y el n\u00famero real es de 45,000, es un \u201cmal\u201d n\u00famero porque fue peor de lo que se esperaba, aun cuando el n\u00famero es positivo y en realidad se hayan creado empleos durante en Noviembre. Por el otro lado, si el n\u00famero real es 60,000, tenemos un buen n\u00famero porque sali\u00f3 mejor de lo que se esperaba. <\/p>\n<h3>Para Pensar 2<\/h3>\n<p> La segunda pregunta era de la diferencia entre el HCPI (europeo) contra lo que la mayor\u00eda de los otros pa\u00edses miden la inflaci\u00f3n, con el  CPI. <\/p>\n<p>Lo s\u00e9, esta pregunta no tiene nada que ver con pensar, es m\u00e1s de investigaci\u00f3n, bueno, de cualquier manera aqu\u00ed esta la respuesta: <\/p>\n<p>Seg\u00fan Wikipedia, el HCPI difiere del CPI en dos aspectos: <\/p>\n<p><i class=\"uk-theme-icon-check uk-margin-small-top\"><\/i>   El HCPI incorpora consumidores rurales (como tambi\u00e9n los urbanos), mientras el CPI se enfoca primordialmente a los consumidores urbanos.<br \/>\n<i class=\"uk-theme-icon-check uk-margin-small-top\"><\/i>   El HCPI excluye a los \u201cauto-empleados\u201d de sus mediciones, mientras que el CPI los incluye. <\/p>\n<p>\u00bfCu\u00e1l es mejor medici\u00f3n? Mmm&#8230;. la verdad quien sabe&#8230; <\/p>\n<h3>Para Pensar 3<\/h3>\n<p> <strong>\u00bfExiste un buen n\u00famero de inflaci\u00f3n para todos los pa\u00edses? <\/strong><\/p>\n<p>No, el efecto de la inflaci\u00f3n var\u00eda en cada pa\u00eds de acuerdo a las circunstancias de cada uno de ellos. En general, cuando un pa\u00eds sufre de alta inflaci\u00f3n, un alto n\u00famero de CPI va a tener un impacto negativo en su moneda. Por el otro lado, cuando un pa\u00eds sufre de deflaci\u00f3n (niveles de inflaci\u00f3n muy bajos, atribuidos al bajo consumo domestico) como Jap\u00f3n, un bajo n\u00famero de CPI puede tener un impacto negativo en su moneda. Los valores extremos no son buenos para ning\u00fan pa\u00eds, lo que la mayor\u00eda de los pa\u00edses buscan es un equilibrio. <\/p>\n<h3>Para Pensar 4<\/h3>\n<p> Nos preguntaban que pens\u00e1bamos que le pod\u00eda pasar al USD si los grandes productores de petr\u00f3leo en el mundo fijaban el precio del barril en Euros en lugar de USD. Creo que esta si la tuvo correcta, La demanda de d\u00f3lares caer\u00eda, y por lo tanto su valor pudiera bajar mucho. <\/p>\n<p>Suerte!<\/p>\n","protected":false},"excerpt":{"rendered":"<p>Bien, ahora que ya ley\u00f3 el material de la lecci\u00f3n, aseg\u00farese de comprender lo siguiente: Aun cuando nosotros no operemos los anuncios fundamentales, siempre somos cuestionados acerca de los aspectos econ\u00f3micos mundiales, por lo tanto, debemos estar preparados para contestar esas preguntas correctamente. Pero esta no es la raz\u00f3n por la cual debemos estudiar los [&hellip;]<\/p>\n","protected":false},"author":1,"featured_media":0,"parent":216,"menu_order":8,"comment_status":"open","ping_status":"closed","template":"","meta":{"footnotes":""},"class_list":["post-250","page","type-page","status-publish","hentry"],"_links":{"self":[{"href":"http:\/\/www.straightforex.com\/es\/wp-json\/wp\/v2\/pages\/250","targetHints":{"allow":["GET"]}}],"collection":[{"href":"http:\/\/www.straightforex.com\/es\/wp-json\/wp\/v2\/pages"}],"about":[{"href":"http:\/\/www.straightforex.com\/es\/wp-json\/wp\/v2\/types\/page"}],"author":[{"embeddable":true,"href":"http:\/\/www.straightforex.com\/es\/wp-json\/wp\/v2\/users\/1"}],"replies":[{"embeddable":true,"href":"http:\/\/www.straightforex.com\/es\/wp-json\/wp\/v2\/comments?post=250"}],"version-history":[{"count":2,"href":"http:\/\/www.straightforex.com\/es\/wp-json\/wp\/v2\/pages\/250\/revisions"}],"predecessor-version":[{"id":907,"href":"http:\/\/www.straightforex.com\/es\/wp-json\/wp\/v2\/pages\/250\/revisions\/907"}],"up":[{"embeddable":true,"href":"http:\/\/www.straightforex.com\/es\/wp-json\/wp\/v2\/pages\/216"}],"wp:attachment":[{"href":"http:\/\/www.straightforex.com\/es\/wp-json\/wp\/v2\/media?parent=250"}],"curies":[{"name":"wp","href":"https:\/\/api.w.org\/{rel}","templated":true}]}}