{"id":248,"date":"2016-07-22T18:19:33","date_gmt":"2016-07-22T18:19:33","guid":{"rendered":"http:\/\/www.straightforex.com\/es\/?page_id=248"},"modified":"2016-08-03T02:10:48","modified_gmt":"2016-08-03T02:10:48","slug":"reflexiones-acerca-de-la-operacion-en-noticias","status":"publish","type":"page","link":"http:\/\/www.straightforex.com\/es\/curso-basico-de-forex\/analisis-fundamental\/reflexiones-acerca-de-la-operacion-en-noticias\/","title":{"rendered":"Reflexiones Acerca de la Operaci\u00f3n en Noticias"},"content":{"rendered":"<p>Hoy en d\u00eda operar el mercado de divisas justo cuando los reportes econ\u00f3micos son anunciados se ha vuelto muy popular. La raz\u00f3n detr\u00e1s de esto es que estas actividades ofrecen grandes ganancias en pocos minutos con muy poco esfuerzo.<\/p>\n<p>Toma por ejemplo el primer viernes de cada mes, cuando el reporte del empleo de los EU es anunciado. El precio del EUR\/USD se puede mover m\u00e1s de 150 pips en menos de 10 minutos. Si hici\u00e9ramos transacciones est\u00e1ndar, esto ser\u00eda igual a US$1,500 en menos de 10 minutos. \u00bfNo esta mal, no? <\/p>\n<p>Lo que los operadores no ven es el riesgo que implica hacer dichas operaciones. \u00bfQu\u00e9 pasar\u00eda si esos 150 pips ocurren en su contra? Aun con un stop loss order (orden de paro), algunas veces los brokers no pueden honorar el nivel que escogi\u00f3 el operador porque el precio brinca o hace gaps (los valores o niveles de la divisa no son impresos). Si esto sucede, el broker no va a tomar las perdidas, las va a traspasar al operador. El broker te va a dar el valor impreso m\u00e1s cercano que puede ser 70, 100 o incluso 150 pips en tu contra. Esta cantidad de perdidas puede significar una llamada en margen o perdidas gigantescas, \u00bfen cuanto tiempo? Solo 10 minutos.<\/p>\n<p>Lo que es importante recalcar es que nuestro trabajo como operadores es asegurarnos de que vamos a poder operar ma\u00f1ana, la siguiente semana y los pr\u00f3ximos a\u00f1os. Pero si hacemos estas practicas, reducimos nuestras probabilidades de \u00e9xito a largo plazo. A este tipo de riesgos se le llama riesgos no calculados, porque no sabemos cuanto vamos a perder.<\/p>\n<p>Otros operadores lo que hacen en lugar de entrar con \u00f3rdenes de mercado, utilizas \u00f3rdenes de paro y l\u00edmite. Pero lo mismo pasa, es demasiado arriesgado, el mercado puede hacer saltos o \u201cgaps\u201d y su broker no va a honrar su nivel de stop loss. Este tipo de operadores tambi\u00e9n est\u00e1n tomando riesgos no calculados, riesgos que puede costarles su cuenta entera, y probablemente su carrera de operadores. <\/p>\n<p>Lo que pasa a los operadores que operan con \u00f3rdenes es que el mercado casi nunca se mueve en una sola direcci\u00f3n, puede ir hacia arriba y activar la orden de compra, y luego regresarse hacia abajo para activar la orden de venta, y finalmente el mercado se regresa a donde estaba antes del anuncio, y el operador termina con dos operaciones en p\u00e9rdida. <\/p>\n<p>La verdad es que, no hay manera de pronosticar el comportamiento del precio bajo estas circunstancias. Como ya lo sabemos, el precio se mueve basado en las expectativas de los inversionistas y operadores, la combinaci\u00f3n de todas las percepciones individuales de los operadores e inversionistas de donde debe estar el precio de cierta divisa. Para saber con exactitud a donde se va a dirigir el precio es necesario preguntar a cada operador e inversionista de todo el mundo cuales son sus intenciones durante el anuncio (algo imposible de hacer.) A dem\u00e1s, a veces no pasa nada una vez que el reporte fundamental es anunciado o pero aun, el precio del mercado puede ir en contra de la l\u00f3gica fundamentalista.<\/p>\n<p>Tome por ejemplo un d\u00eda de anuncio de tasas de inter\u00e9s. Se rumora que va a haber un corte en las tasas de inter\u00e9s. En este caso, los operadores van a tomar posiciones de venta antes del anuncio. Una vez que el reporte es anunciado es posible que estos inversionistas compren de nuevo para cerrar sus transacciones porque no hay m\u00e1s inversionistas que quieran vender esta divisa en particular porque han estado cortos desde hace semanas. En este caso, el precio de la divisa puede subir y comportarse en contra de la l\u00f3gica fundamentalista.<\/p>\n<p>El punto que quiero hacer es, operar ya es riesgoso, hay riesgos que no podemos evitar como la posibilidad de perder una transacci\u00f3n. Pero hay otro tipo de riesgos que se pueden evitar como operar durante los anuncios fundamentales. Lo m\u00e1s que aprendamos a controlar nuestros riesgos, los mejores resultados vamos a tener. Muchos operadores exitosos tienen un dicho famoso \u201ccontrola tus riesgos y deja que las ganancias se controlen solas\u201d.<\/p>\n<p>Nosotros consideramos operar bajo anuncios fundamentales como un volado. Tus posibilidades de ganar posiblemente sean 50%, pero las posibilidades de perder tu cuenta est\u00e1n presentes, entonces no creo que valga la pena tomar este tipo de riesgos.<\/p>\n<h5>\u00bfPuede que haya un sistema basado en operar anuncios fundamentales? <\/h5>\n<p>Posiblemente, pero como todo sistema, tiene que tener reglas que tienen que estar presentes para ingresar al mercado, como tambi\u00e9n t\u00e9cnicas de administraciones de dinero, riesgo y posiciones, etc. Tambi\u00e9n se debe probar la estrategia por un tiempo antes de usarla en cuentas reales.<\/p>\n","protected":false},"excerpt":{"rendered":"<p>Hoy en d\u00eda operar el mercado de divisas justo cuando los reportes econ\u00f3micos son anunciados se ha vuelto muy popular. La raz\u00f3n detr\u00e1s de esto es que estas actividades ofrecen grandes ganancias en pocos minutos con muy poco esfuerzo. Toma por ejemplo el primer viernes de cada mes, cuando el reporte del empleo de los [&hellip;]<\/p>\n","protected":false},"author":1,"featured_media":0,"parent":216,"menu_order":7,"comment_status":"open","ping_status":"closed","template":"","meta":{"footnotes":""},"class_list":["post-248","page","type-page","status-publish","hentry"],"_links":{"self":[{"href":"http:\/\/www.straightforex.com\/es\/wp-json\/wp\/v2\/pages\/248","targetHints":{"allow":["GET"]}}],"collection":[{"href":"http:\/\/www.straightforex.com\/es\/wp-json\/wp\/v2\/pages"}],"about":[{"href":"http:\/\/www.straightforex.com\/es\/wp-json\/wp\/v2\/types\/page"}],"author":[{"embeddable":true,"href":"http:\/\/www.straightforex.com\/es\/wp-json\/wp\/v2\/users\/1"}],"replies":[{"embeddable":true,"href":"http:\/\/www.straightforex.com\/es\/wp-json\/wp\/v2\/comments?post=248"}],"version-history":[{"count":2,"href":"http:\/\/www.straightforex.com\/es\/wp-json\/wp\/v2\/pages\/248\/revisions"}],"predecessor-version":[{"id":906,"href":"http:\/\/www.straightforex.com\/es\/wp-json\/wp\/v2\/pages\/248\/revisions\/906"}],"up":[{"embeddable":true,"href":"http:\/\/www.straightforex.com\/es\/wp-json\/wp\/v2\/pages\/216"}],"wp:attachment":[{"href":"http:\/\/www.straightforex.com\/es\/wp-json\/wp\/v2\/media?parent=248"}],"curies":[{"name":"wp","href":"https:\/\/api.w.org\/{rel}","templated":true}]}}