{"id":245,"date":"2016-07-22T18:18:25","date_gmt":"2016-07-22T18:18:25","guid":{"rendered":"http:\/\/www.straightforex.com\/es\/?page_id=245"},"modified":"2016-07-26T16:25:51","modified_gmt":"2016-07-26T16:25:51","slug":"practicas-utilizadas-por-fundamentalistas","status":"publish","type":"page","link":"http:\/\/www.straightforex.com\/es\/curso-basico-de-forex\/analisis-fundamental\/practicas-utilizadas-por-fundamentalistas\/","title":{"rendered":"Pr\u00e1cticas Utilizadas por Fundamentalistas"},"content":{"rendered":"<p><strong>Nota importante<\/strong>: Esta secci\u00f3n no intenta promover sistemas basados en el an\u00e1lisis fundamental, sino una parte de ellos.<\/p>\n<h3>Desviaci\u00f3n de Informaci\u00f3n Fundamental<\/h3>\n<p>Una de las pr\u00e1cticas m\u00e1s comunes entre fundamentalistas (de corto plazo), es operar en base a la desviaci\u00f3n de anuncios fundamentales: <\/p>\n<p>Cuando los anuncios econ\u00f3micos est\u00e1n por ser anunciados nos muestran tres n\u00fameros: <\/p>\n<p><strong>N\u00famero Anterior<\/strong>: Es el valor del dato del periodo anterior, usualmente el mes anterior. <\/p>\n<p><strong>N\u00famero Esperado<\/strong>: Lo que expertos en el tema piensan que la figura va a salir. Usualmente se hace una encuesta a 20 expertos en el tema y toman el promedio de todos. <\/p>\n<p><strong>N\u00famero real<\/strong>: El valor que tiene el anuncio. <\/p>\n<p>Lo que hacen operadores de noticias es enfocarse en los \u00faltimos dos n\u00fameros: lo esperado y el valor real. Mientras m\u00e1s desviaci\u00f3n haya entre estos dos n\u00fameros, mayor va a ser el impacto en el mercado de divisas. <\/p>\n<p>Vamos a hablar m\u00e1s de este tipo de operaciones en la siguiente secci\u00f3n. <\/p>\n<h3>Rolling Over (cobrar inter\u00e9s \u2013 Carry Trade)<\/h3>\n<p>Muchos fundamentalistas operan el mercado Forex para generar ganancias en el largo plazo, esto porque los cambios en la oferta y demanda, la mayor\u00eda de las veces, toma mucho tiempo para que se reflejen en los gr\u00e1ficos.<\/p>\n<p>Rolling over es una practica com\u00fan entre los fundamentalistas donde los operadores tratan de tomar ventaja de los diferenciales de inter\u00e9s. La mayor\u00eda de estas transacciones tienen como objetivo generar inter\u00e9s en el largo plazo, esto a dem\u00e1s de tomar ganancias de los movimientos en los tipos de cambio. Los operadores tratan de comprar la moneda con mas alto inter\u00e9s y vender la de mas bajo inter\u00e9s. Cuando esto ocurre, se les paga a los operadores el inter\u00e9s. <\/p>\n<p>En esta tabla puedes saber qu\u00e9 pares te pagan inter\u00e9s:<\/p>\n<p><img loading=\"lazy\" decoding=\"async\" src=\"http:\/\/www.straightforex.com\/es\/wp-content\/uploads\/table4.gif\" alt=\"table4\" width=\"499\" height=\"213\" class=\"alignnone size-full wp-image-200\" \/><\/p>\n<p>[Tabla 3]<\/p>\n<p>Por ejemplo, cuando compra GBP\/JPY como esta comprando la moneda con mayor inter\u00e9s y vendiendo la que tiene menor inter\u00e9s, genera un inter\u00e9s al operador al comprar esta divisa. Si, por el contrario, vende la divisa GBP\/JPY, el operador tuviera que pagar un inter\u00e9s al broker. <\/p>\n<h3>Correlaci\u00f3n con el Mercado Accionario<\/h3>\n<p>Cuando un mercado accionario ofrece mejores tasas de retorno que el mercado accionario de otros pa\u00edses, es com\u00fan que los fundamentalistas compren la moneda en el cual el mercado accionario tiene mejores rendimientos. <\/p>\n<p>Esto es porque los inversionistas alrededor del mundo van a comprar esa moneda para invertir en el mercado accionario, esto hace que la moneda suba de precio o se aprecie. <\/p>\n","protected":false},"excerpt":{"rendered":"<p>Nota importante: Esta secci\u00f3n no intenta promover sistemas basados en el an\u00e1lisis fundamental, sino una parte de ellos. Desviaci\u00f3n de Informaci\u00f3n Fundamental Una de las pr\u00e1cticas m\u00e1s comunes entre fundamentalistas (de corto plazo), es operar en base a la desviaci\u00f3n de anuncios fundamentales: Cuando los anuncios econ\u00f3micos est\u00e1n por ser anunciados nos muestran tres n\u00fameros: [&hellip;]<\/p>\n","protected":false},"author":1,"featured_media":0,"parent":216,"menu_order":6,"comment_status":"open","ping_status":"closed","template":"","meta":{"footnotes":""},"class_list":["post-245","page","type-page","status-publish","hentry"],"_links":{"self":[{"href":"http:\/\/www.straightforex.com\/es\/wp-json\/wp\/v2\/pages\/245","targetHints":{"allow":["GET"]}}],"collection":[{"href":"http:\/\/www.straightforex.com\/es\/wp-json\/wp\/v2\/pages"}],"about":[{"href":"http:\/\/www.straightforex.com\/es\/wp-json\/wp\/v2\/types\/page"}],"author":[{"embeddable":true,"href":"http:\/\/www.straightforex.com\/es\/wp-json\/wp\/v2\/users\/1"}],"replies":[{"embeddable":true,"href":"http:\/\/www.straightforex.com\/es\/wp-json\/wp\/v2\/comments?post=245"}],"version-history":[{"count":2,"href":"http:\/\/www.straightforex.com\/es\/wp-json\/wp\/v2\/pages\/245\/revisions"}],"predecessor-version":[{"id":247,"href":"http:\/\/www.straightforex.com\/es\/wp-json\/wp\/v2\/pages\/245\/revisions\/247"}],"up":[{"embeddable":true,"href":"http:\/\/www.straightforex.com\/es\/wp-json\/wp\/v2\/pages\/216"}],"wp:attachment":[{"href":"http:\/\/www.straightforex.com\/es\/wp-json\/wp\/v2\/media?parent=245"}],"curies":[{"name":"wp","href":"https:\/\/api.w.org\/{rel}","templated":true}]}}