{"id":240,"date":"2016-07-22T18:10:15","date_gmt":"2016-07-22T18:10:15","guid":{"rendered":"http:\/\/www.straightforex.com\/es\/?page_id=240"},"modified":"2016-08-03T02:09:17","modified_gmt":"2016-08-03T02:09:17","slug":"oro-y-petroleo","status":"publish","type":"page","link":"http:\/\/www.straightforex.com\/es\/curso-basico-de-forex\/analisis-fundamental\/oro-y-petroleo\/","title":{"rendered":"Oro y Petr\u00f3leo"},"content":{"rendered":"<p>El oro y el petr\u00f3leo tienen una relaci\u00f3n importante con el mercado Forex. Muchas veces estas dos commodities son usadas como un indicador \u201cLeading\u201d para tomar decisiones en el mercado Forex.<\/p>\n<h3>Oro<\/h3>\n<p>Antes de hacer un an\u00e1lisis de la relaci\u00f3n del oro con el forex, veamos algunos n\u00fameros. <\/p>\n<h5>Producci\u00f3n de Oro por Pa\u00eds<\/h5>\n<p><img loading=\"lazy\" decoding=\"async\" src=\"http:\/\/www.straightforex.com\/es\/wp-content\/uploads\/table2-2.gif\" alt=\"table2\" width=\"332\" height=\"227\" class=\"alignnone size-full wp-image-242\" \/><\/p>\n<p>[Tabla 2]<\/p>\n<p><em>Fuente: <a href=\"http:\/\/www.goldsheetlinks.com\/\">http:\/\/www.goldsheetlinks.com<\/a><\/em><\/p>\n<p><strong>\u00bfPor qu\u00e9 el oro tiene una relaci\u00f3n inversa con el USD, si Estados Unidos es el segundo productor de petr\u00f3leo en el Mundo (desbanc\u00f3 a Australia en 2006)? <\/strong><\/p>\n<p>La respuesta es simple (o talvez no&#8230;) <\/p>\n<p>Las razones obvias son que siempre el oro est\u00e1 cotizado en USD: naturalmente un d\u00f3lar fuerte va a comprar m\u00e1s onzas de oro (y un d\u00f3lar d\u00e9bil, va a comprar menos onzas de oro). <\/p>\n<p>Pero existe una raz\u00f3n de esta relaci\u00f3n inversa que no es tan obvia: hace d\u00e9cadas, cuando hab\u00eda periodos de incertidumbre, <strong>inversionistas tend\u00edan a migrar su capital de USD al oro mientras existiera la incertidumbre.<\/strong> <\/p>\n<p>Para revisar algunos n\u00fameros, el USD ha ca\u00eddo a sus m\u00ednimos hist\u00f3ricos contra algunas divisas como el EUR, CHF, CAD, mientras el oro ha alcanzado sus m\u00e1ximos hist\u00f3ricos. Este dato no miente de la relaci\u00f3n inversa que existe entre el oro y el USD. <\/p>\n<p>Algunos de los pares que tienen una relaci\u00f3n positiva con el oro son el d\u00f3lar canadiense y el d\u00f3lar australiano. <\/p>\n<p><strong>AUD<\/strong> \u2013 Australia es el tercer productor de oro en el mundo, esto hace que tengan una correlaci\u00f3n positiva (cerca del 80%). Entonces, siempre que hay un buen desempe\u00f1o del oro, tambi\u00e9n lo tiene el AUD. <\/p>\n<p><strong>CAD<\/strong> \u2013 Canad\u00e1 es el tercer exportador m\u00e1s grande del mundo de oro, haciendo que el CAD y el oro se muevan en la misma direcci\u00f3n, aunque el factor de correlaci\u00f3n es mucho menor que con el AUD. <\/p>\n<p>\u00bfQu\u00e9 pasar\u00e1 con otros pares que no tienen una relaci\u00f3n directa con el oro (al menos una no tan clara)?<\/p>\n<p>Tienen cierta relaci\u00f3n porque al fin y al cabo est\u00e1n cotizadas en USD (al menos las 7 monedas grandes). <\/p>\n<h3>Petr\u00f3leo<\/h3>\n<p>Generalmente hablando, un incremento en el precio del petr\u00f3leo, va a resultar un incremento en los costos de transportaci\u00f3n, calefacci\u00f3n, producci\u00f3n, como tambi\u00e9n va a tener un impacto en pr\u00e1cticamente todos los productos terminados (el impacto es mayor en econom\u00edas petr\u00f3leo-dependientes como Estados Unidos, China, y otros pa\u00edses desarrollados). <\/p>\n<p>Argumentos a favor de una relaci\u00f3n inversa el petr\u00f3leo con el USD:<\/p>\n<p>&#8211; Estados Unidos tiene solo el 5% de la poblaci\u00f3n mundial de petr\u00f3leo pero consume aproximadamente el 25% de la producci\u00f3n del mismo. <\/p>\n<p>&#8211; Estados unidos importa el 75% de su petr\u00f3leo y es due\u00f1o \u00fanicamente del 2% de las reservas mundiales de petr\u00f3leo. <\/p>\n<p>Por esta dependencia tan puntualizada, cualquier incremento en el precio del petr\u00f3leo va a afectar negativamente la econom\u00eda estadounidense (y por lo tanto al USD), m\u00e1s que a cualquier otra naci\u00f3n en el mundo. <\/p>\n<p>Canad\u00e1 es uno de los \u00fanicos pa\u00edses desarrollados que son exportadores netos de energ\u00eda (p.e. petr\u00f3leo). Canad\u00e1 es el segundo pa\u00eds en el mundo con las reservas m\u00e1s grandes (solo despu\u00e9s de Arabia Saudita). Por esta raz\u00f3n, el CAD tiene una relaci\u00f3n positiva con los precios del petr\u00f3leo. <\/p>\n<p><strong>\u00bfA d\u00f3nde se dirige el precio del petr\u00f3leo?<\/strong><\/p>\n<p>Expertos en la el petr\u00f3leo han adoptado la curva de Hubbert para tratar de predecir la producci\u00f3n de petr\u00f3leo en el mundo para las pr\u00f3ximas d\u00e9cadas. <\/p>\n<p><img loading=\"lazy\" decoding=\"async\" src=\"http:\/\/www.straightforex.com\/es\/wp-content\/uploads\/oilforecast.jpg\" alt=\"oilforecast\" width=\"750\" height=\"338\" class=\"alignnone size-full wp-image-241\" \/><\/p>\n<p>[Imagen 8]<\/p>\n<p>Fuente: <a href=\"http:\/\/www.thehfa.org\/articles\/Gold%20Oil%20US%20Dollar%20Relationship.pdf\">Nick Barisheff<\/a><\/p>\n<p>Seg\u00fan sus predicciones, la producci\u00f3n del mundo de petr\u00f3leo tiene que tener si pico absoluto alrededor de la segunda mita de entre el 2000 y el 2010 (\u00bfC\u00f3mo ahora?). Justo ahora, el barril de petr\u00f3leo cuesta m\u00e1s de US$100, cuando se supone que la producci\u00f3n mundial est\u00e1 en su pico, imagine hasta donde llegar\u00eda su precio cuando la producci\u00f3n mundial est\u00e9 bajando&#8230; probablemente llegue a tener varios cientos de valor. <\/p>\n<div class=\"tm-content-boxed uk-text-center\">\n<h3 class=\"uk-h2 uk-margin-bottom-remove\">Para Pensar 4<\/h3>\n<p class=\"uk-margin-small-top uk-margin-bottom-remove\">Recientemente algunos pa\u00edses productores de petr\u00f3leo han externado su preocupaci\u00f3n acerca del d\u00f3lar d\u00e9bil, y han declarado p\u00fablicamente que pensar\u00edan en cambiar la cotizaci\u00f3n de los barriles de USD a Euros. \u00bfQu\u00e9 le pudiera pasar al USD, si hacen el cambio, y cotizan sus barriles en Euros en lugar de USD?<\/p>\n<\/div>\n","protected":false},"excerpt":{"rendered":"<p>El oro y el petr\u00f3leo tienen una relaci\u00f3n importante con el mercado Forex. Muchas veces estas dos commodities son usadas como un indicador \u201cLeading\u201d para tomar decisiones en el mercado Forex. Oro Antes de hacer un an\u00e1lisis de la relaci\u00f3n del oro con el forex, veamos algunos n\u00fameros. Producci\u00f3n de Oro por Pa\u00eds [Tabla 2] [&hellip;]<\/p>\n","protected":false},"author":1,"featured_media":0,"parent":216,"menu_order":5,"comment_status":"open","ping_status":"closed","template":"","meta":{"footnotes":""},"class_list":["post-240","page","type-page","status-publish","hentry"],"_links":{"self":[{"href":"http:\/\/www.straightforex.com\/es\/wp-json\/wp\/v2\/pages\/240","targetHints":{"allow":["GET"]}}],"collection":[{"href":"http:\/\/www.straightforex.com\/es\/wp-json\/wp\/v2\/pages"}],"about":[{"href":"http:\/\/www.straightforex.com\/es\/wp-json\/wp\/v2\/types\/page"}],"author":[{"embeddable":true,"href":"http:\/\/www.straightforex.com\/es\/wp-json\/wp\/v2\/users\/1"}],"replies":[{"embeddable":true,"href":"http:\/\/www.straightforex.com\/es\/wp-json\/wp\/v2\/comments?post=240"}],"version-history":[{"count":4,"href":"http:\/\/www.straightforex.com\/es\/wp-json\/wp\/v2\/pages\/240\/revisions"}],"predecessor-version":[{"id":905,"href":"http:\/\/www.straightforex.com\/es\/wp-json\/wp\/v2\/pages\/240\/revisions\/905"}],"up":[{"embeddable":true,"href":"http:\/\/www.straightforex.com\/es\/wp-json\/wp\/v2\/pages\/216"}],"wp:attachment":[{"href":"http:\/\/www.straightforex.com\/es\/wp-json\/wp\/v2\/media?parent=240"}],"curies":[{"name":"wp","href":"https:\/\/api.w.org\/{rel}","templated":true}]}}