{"id":238,"date":"2016-07-22T17:37:01","date_gmt":"2016-07-22T17:37:01","guid":{"rendered":"http:\/\/www.straightforex.com\/es\/?page_id=238"},"modified":"2016-08-03T02:05:46","modified_gmt":"2016-08-03T02:05:46","slug":"otros-factores-que-influyen-en-el-mercado","status":"publish","type":"page","link":"http:\/\/www.straightforex.com\/es\/curso-basico-de-forex\/analisis-fundamental\/otros-factores-que-influyen-en-el-mercado\/","title":{"rendered":"Otros Factores que Influyen en el Mercado"},"content":{"rendered":"<p>Existen otros factores importantes que tienen un impacto mayor en el mercado de divisas. Estos incluyen: desacuerdos pol\u00edticos, crisis pol\u00edticas, factores sociales y anuncios de personas importantes.<\/p>\n<p><strong>Desacuerdos pol\u00edticos<\/strong> \u2013 son descontados en el mercado Forex como pasa el tiempo. Esto significa que la naturaleza de estos problemas son conocidos por todos, entonces poco a poco los inversionistas y operadores toman las decisiones apropiadas. (por ejemplo, vendiendo sus posiciones conforme el problema se hace mas grande). Los impactos en el mercado de este tipo no son tan violentos.<\/p>\n<p><strong>Crisis pol\u00edticas<\/strong> \u2013 no son conocidos hasta el momento en que suceden. Las crisis pol\u00edticas pueden tener un impacto violento en los tipos de cambio.<\/p>\n<p><strong>Factores sociales<\/strong> \u2013 pueden tener un efecto importante en el mercado Forex, especialmente si son inesperados. Huelgas y ataques de terrorismo son ejemplo de factores sociales.<\/p>\n<p><strong>Anuncios de personalidades importantes<\/strong> \u2013 anuncios de oficiales de bancos centrales o presidentes tambi\u00e9n son importantes, pueden tener un impacto significante en el tipo de cambio de varias divisas.<\/p>\n<h5>Entre las personalidades m\u00e1s influyentes se encuentran:<\/h5>\n\n\n<div id=\"wk-grid97e\" class=\"uk-grid-width-1-1 uk-grid-width-small-1-2 uk-grid-width-medium-1-3 uk-grid uk-grid-match uk-text-center \" data-uk-grid-match=\"{target:'> div > .uk-panel', row:true}\" data-uk-grid-margin >\n\n\n    <div>\n        <div class=\"uk-panel uk-panel-header\">\n\n            \n            \n                        <div class=\"uk-text-center uk-panel-teaser\"><img loading=\"lazy\" decoding=\"async\" src=\"\/es\/wp-content\/uploads\/Janet_Yellen_official_Federal_Reserve_portrait.jpg\" class=\" uk-overlay-scale\" alt=\"Janet Yellen\" width=\"220\" height=\"275\"><\/div>\n            \n            \n                        <h3 class=\"uk-panel-title\">\n\n                                    Janet Yellen                \n                \n            <\/h3>\n            \n            \n            \n                        <div class=\"uk-margin\"><p>Presidenta de la Reserva Federal<\/p>\n<\/div>\n            \n            \n            \n            \n        <\/div>\n    <\/div>\n\n\n    <div>\n        <div class=\"uk-panel uk-panel-header\">\n\n            \n            \n                        <div class=\"uk-text-center uk-panel-teaser\"><img loading=\"lazy\" decoding=\"async\" src=\"\/es\/wp-content\/uploads\/Mario_Draghi_World_Economic_Forum_2013_crop.jpg\" class=\" uk-overlay-scale\" alt=\"Mario Draghi\" width=\"220\" height=\"275\"><\/div>\n            \n            \n                        <h3 class=\"uk-panel-title\">\n\n                                    Mario Draghi                \n                \n            <\/h3>\n            \n            \n            \n                        <div class=\"uk-margin\"><p>Presidente del ECB<\/p>\n<\/div>\n            \n            \n            \n            \n        <\/div>\n    <\/div>\n\n\n    <div>\n        <div class=\"uk-panel uk-panel-header\">\n\n            \n            \n                        <div class=\"uk-text-center uk-panel-teaser\"><img loading=\"lazy\" decoding=\"async\" src=\"\/es\/wp-content\/uploads\/220px-Jacob_Lew_official_portrait.jpg\" class=\" uk-overlay-scale\" alt=\"Jack Law\" width=\"220\" height=\"275\"><\/div>\n            \n            \n                        <h3 class=\"uk-panel-title\">\n\n                                    Jack Law                \n                \n            <\/h3>\n            \n            \n            \n                        <div class=\"uk-margin\"><p>Secretario del Tesoro de US<\/p>\n<\/div>\n            \n            \n            \n            \n        <\/div>\n    <\/div>\n\n\n    <div>\n        <div class=\"uk-panel uk-panel-header\">\n\n            \n            \n                        <div class=\"uk-text-center uk-panel-teaser\"><img loading=\"lazy\" decoding=\"async\" src=\"\/es\/wp-content\/uploads\/Haruhiko_Kuroda_at_ADB_Philippines_crop.jpg\" class=\" uk-overlay-scale\" alt=\"Harukiko Kuroda\" width=\"220\" height=\"275\"><\/div>\n            \n            \n                        <h3 class=\"uk-panel-title\">\n\n                                    Harukiko Kuroda                \n                \n            <\/h3>\n            \n            \n            \n                        <div class=\"uk-margin\"><p>Gobernador del BOJ<\/p>\n<\/div>\n            \n            \n            \n            \n        <\/div>\n    <\/div>\n\n\n    <div>\n        <div class=\"uk-panel uk-panel-header\">\n\n            \n            \n                        <div class=\"uk-text-center uk-panel-teaser\"><img loading=\"lazy\" decoding=\"async\" src=\"\/es\/wp-content\/uploads\/220px-WSchaeuble.jpg\" class=\" uk-overlay-scale\" alt=\"Wolfgang Sch\u00e4uble\" width=\"220\" height=\"275\"><\/div>\n            \n            \n                        <h3 class=\"uk-panel-title\">\n\n                                    Wolfgang Sch\u00e4uble                \n                \n            <\/h3>\n            \n            \n            \n                        <div class=\"uk-margin\"><p>Ministro de Finanzas de GER<\/p>\n<\/div>\n            \n            \n            \n            \n        <\/div>\n    <\/div>\n\n\n    <div>\n        <div class=\"uk-panel uk-panel-header\">\n\n            \n            \n                        <div class=\"uk-text-center uk-panel-teaser\"><img loading=\"lazy\" decoding=\"async\" src=\"\/es\/wp-content\/uploads\/carney.jpg\" class=\" uk-overlay-scale\" alt=\"Mark Carney\" width=\"220\" height=\"275\"><\/div>\n            \n            \n                        <h3 class=\"uk-panel-title\">\n\n                                    Mark Carney                \n                \n            <\/h3>\n            \n            \n            \n                        <div class=\"uk-margin\"><p>Gobernador del BOE<\/p>\n<\/div>\n            \n            \n            \n            \n        <\/div>\n    <\/div>\n\n\n<\/div>\n\n<script>\n(function($){\n\n    \/\/ get the images of the gallery and replace it by a canvas of the same size to fix the problem with overlapping images on load.\n    $('img[width][height]:not(.uk-overlay-panel)', $('#wk-grid97e')).each(function() {\n\n        var $img = $(this);\n\n        if (this.width == 'auto' || this.height == 'auto' || !$img.is(':visible')) {\n            return;\n        }\n\n        var $canvas = $('<canvas class=\"uk-responsive-width\"><\/canvas>').attr({width:$img.attr('width'), height:$img.attr('height')}),\n            img = new Image,\n            release = function() {\n                $canvas.remove();\n                $img.css('display', '');\n                release = function(){};\n            };\n\n        $img.css('display', 'none').after($canvas);\n\n        $(img).on('load', function(){ release(); });\n        setTimeout(function(){ release(); }, 1000);\n\n        img.src = this.src;\n\n    });\n\n})(jQuery);\n<\/script>\n\n","protected":false},"excerpt":{"rendered":"<p>Existen otros factores importantes que tienen un impacto mayor en el mercado de divisas. Estos incluyen: desacuerdos pol\u00edticos, crisis pol\u00edticas, factores sociales y anuncios de personas importantes. Desacuerdos pol\u00edticos \u2013 son descontados en el mercado Forex como pasa el tiempo. Esto significa que la naturaleza de estos problemas son conocidos por todos, entonces poco a [&hellip;]<\/p>\n","protected":false},"author":1,"featured_media":0,"parent":216,"menu_order":4,"comment_status":"open","ping_status":"closed","template":"","meta":{"footnotes":""},"class_list":["post-238","page","type-page","status-publish","hentry"],"_links":{"self":[{"href":"http:\/\/www.straightforex.com\/es\/wp-json\/wp\/v2\/pages\/238","targetHints":{"allow":["GET"]}}],"collection":[{"href":"http:\/\/www.straightforex.com\/es\/wp-json\/wp\/v2\/pages"}],"about":[{"href":"http:\/\/www.straightforex.com\/es\/wp-json\/wp\/v2\/types\/page"}],"author":[{"embeddable":true,"href":"http:\/\/www.straightforex.com\/es\/wp-json\/wp\/v2\/users\/1"}],"replies":[{"embeddable":true,"href":"http:\/\/www.straightforex.com\/es\/wp-json\/wp\/v2\/comments?post=238"}],"version-history":[{"count":4,"href":"http:\/\/www.straightforex.com\/es\/wp-json\/wp\/v2\/pages\/238\/revisions"}],"predecessor-version":[{"id":903,"href":"http:\/\/www.straightforex.com\/es\/wp-json\/wp\/v2\/pages\/238\/revisions\/903"}],"up":[{"embeddable":true,"href":"http:\/\/www.straightforex.com\/es\/wp-json\/wp\/v2\/pages\/216"}],"wp:attachment":[{"href":"http:\/\/www.straightforex.com\/es\/wp-json\/wp\/v2\/media?parent=238"}],"curies":[{"name":"wp","href":"https:\/\/api.w.org\/{rel}","templated":true}]}}