{"id":230,"date":"2016-07-22T17:28:29","date_gmt":"2016-07-22T17:28:29","guid":{"rendered":"http:\/\/www.straightforex.com\/es\/?page_id=230"},"modified":"2016-07-26T16:25:51","modified_gmt":"2016-07-26T16:25:51","slug":"otros-indicadores-economicos","status":"publish","type":"page","link":"http:\/\/www.straightforex.com\/es\/curso-basico-de-forex\/analisis-fundamental\/otros-indicadores-economicos\/","title":{"rendered":"Otros Indicadores Econ\u00f3micos"},"content":{"rendered":"<p>Esta es una lista de indicadores econ\u00f3micos y eventos que normalmente no tienen un impacto importante en el mercado forex, pero que bajo ciertas circunstancias, el mercado puede tener una reacci\u00f3n importante a ellos. <\/p>\n<p>Por ejemplo, en Estados Unidos, con la reciente crisis del mercado hipotecario (tercer trimestre del 2007), los indicadores relacionados con el mercado de la construcci\u00f3n suelen tener un alto impacto en el mercado forex. <\/p>\n<p>Otro ejemplo reciente son los precios del petr\u00f3leo, que ha llegado a m\u00e1ximos hist\u00f3ricos, y ha estado haciendo nuevos m\u00e1ximos muy seguido. Esto ocasiona que los anuncios relacionados con el crudo tengan tambi\u00e9n un alto impacto en el mercado. <\/p>\n<h3>Datos Econ\u00f3micos<\/h3>\n<p><strong>Producci\u00f3n Industrial (mundo)<\/strong> &#8211; este reporte consiste en el total (y cambio) de la producci\u00f3n de plantas de producci\u00f3n, minas y utilidades de una naci\u00f3n. Este indicador es com\u00fanmente usado como una variable proxy del crecimiento de una econom\u00eda.<\/p>\n<p><strong>\u00cdndice de Precios del Productor &#8211; PPI (mundo)<\/strong> \u2013 \u00edndice que mide el cambio en precio de las materias primas, bienes y servicios que los productores usan para la producci\u00f3n.<\/p>\n<p><strong>Capacidad Utilizada (mundo)<\/strong> \u2013 se refiere a la producci\u00f3n industrial total dividido entre la capacidad de producci\u00f3n total. Mide el grado en el que las plantas de producci\u00f3n son utilizadas.<\/p>\n<p><strong>Inventario de Negocios (mundo)<\/strong> \u2013 este reporte consiste en todos los art\u00edculos producidos en periodo de tiempo pero no pudieron ser vendidos y son retenidos para ventas futuras.<\/p>\n<p><strong>Indicador de Consumo UBS (Suiza)<\/strong> \u2013 Este \u00edndice mide la demanda dom\u00e9stica en Suiza. Este \u00edndice se calcula usando otros datos econ\u00f3micos como: venta de carros nuevos, ocupaci\u00f3n hotelera, transacciones en tarjeta de cr\u00e9dito, y otros.  <\/p>\n<p><strong>Bienes Durables (US)<\/strong> \u2013 la venta de bienes que tienen una vida \u00fatil de m\u00e1s de 3 a\u00f1os. Este indicador mide la confianza de los consumidores a comprar en un periodo de tiempo.<\/p>\n<p><strong>Productividad (mundo)<\/strong> \u2013 mide el cambio de bienes y servicios producidos por unidad de producci\u00f3n. Este anuncio es un importante componente del crecimiento de un pa\u00eds.<\/p>\n<p><strong>\u00d3rdenes a F\u00e1bricas (US)<\/strong> \u2013 este reporte se refiere al total de bienes durables y no-durables. Este reporte muestra el ritmo de las plantas para los meses que vienen.<\/p>\n<p><strong>\u00cdndice del Costo del Empleo (US)<\/strong> \u2013 mide los cambios en salarios e inflaci\u00f3n.<\/p>\n<p><strong>Indicadores de Construcci\u00f3n (mundo)<\/strong> \u2013 todos los indicadores que se refieren al \u00e1rea de construcci\u00f3n. Estos indicadores son vistos como importantes catalizadores de la econom\u00eda:<\/p>\n<p>&#8211; Housing starts and building permits<br \/>\n&#8211; Construction spending<br \/>\n&#8211; New home sales<\/p>\n<p><strong>Leading economic indicators<\/strong> \u2013 \u00e9ste \u00edndice consiste en 10 diferentes indicadores incluyendo: vendor performance, change in sensitive material prices, average work week, weekly jobless claims, new orders for consumer goods and materials, business permits y otros. Todos los indicadores tienen el mismo peso porque todos son relevantes para una econom\u00eda.<\/p>\n<p><strong>Reclamos de Desempleo (EU)<\/strong> \u2013 indicador que muestra los reclamos de desempleo de cada semana. Este indicador se anuncia todos los jueves.<\/p>\n<p><strong>\u00cdndice Industrial Terciario (Jap\u00f3n)<\/strong> \u2013 Mide el desempe\u00f1o del sector servicio en la econom\u00eda de Jap\u00f3n. El sector servicio es m\u00e1s significativo en la econom\u00eda dom\u00e9stica nipona que el sector manufacturero, ya que el segundo son b\u00e1sicamente exportaciones. <\/p>\n<p><strong>TIC Data (EU)<\/strong> \u2013 Cantidad de instrumentos denominados en USD que tienen los extranjeros.<\/p>\n<p><strong>Juntas G7 (mundo)<\/strong> \u2013 junta de las 7 naciones m\u00e1s importantes del mundo para discutir problemas globales.<\/p>\n<p><strong>Precios del Petr\u00f3leo (mundo)<\/strong> \u2013 este indicador tiene una fuerte correlaci\u00f3n negativa con el USD y se ha convertido en un indicador importante para el mercado Forex. <\/p>\n<h3>Encuestas<\/h3>\n<p><strong>Empire State Manufacturing Survey (US)<\/strong> \u2013 Esta es una encuesta hecha a ejecutivos manufactureros de Nueva York. Aunque NY es una muestra peque\u00f1a, muestra buena correlaci\u00f3n con el desempe\u00f1o general del sector en Estados Unidos. <\/p>\n<p><strong>Philadelphia FED Survey (EU)<\/strong> \u2013 \u00edndice regional que mide los cambios en el crecimiento de los negocios de la industria manufacturera. Cuando el \u00edndice es mayor a cero indica expansi\u00f3n, cuando es menor a cero indica contracci\u00f3n. <\/p>\n<p><strong>Michigan consumer sentiment index (EU)<\/strong> \u2013 encuesta de la Universidad de Michigan hecha a consumidores. Da una idea a los inversionistas y operadores del sentimiento general de los consumidores.<\/p>\n<p><strong>GFK Consumer Confidence (Alemania y UK)<\/strong> \u2013 encuesta realizada a consumidores acerca de c\u00f3mo perciben las condiciones de mercado actuales.<\/p>\n","protected":false},"excerpt":{"rendered":"<p>Esta es una lista de indicadores econ\u00f3micos y eventos que normalmente no tienen un impacto importante en el mercado forex, pero que bajo ciertas circunstancias, el mercado puede tener una reacci\u00f3n importante a ellos. Por ejemplo, en Estados Unidos, con la reciente crisis del mercado hipotecario (tercer trimestre del 2007), los indicadores relacionados con el [&hellip;]<\/p>\n","protected":false},"author":1,"featured_media":0,"parent":216,"menu_order":3,"comment_status":"open","ping_status":"closed","template":"","meta":{"footnotes":""},"class_list":["post-230","page","type-page","status-publish","hentry"],"_links":{"self":[{"href":"http:\/\/www.straightforex.com\/es\/wp-json\/wp\/v2\/pages\/230","targetHints":{"allow":["GET"]}}],"collection":[{"href":"http:\/\/www.straightforex.com\/es\/wp-json\/wp\/v2\/pages"}],"about":[{"href":"http:\/\/www.straightforex.com\/es\/wp-json\/wp\/v2\/types\/page"}],"author":[{"embeddable":true,"href":"http:\/\/www.straightforex.com\/es\/wp-json\/wp\/v2\/users\/1"}],"replies":[{"embeddable":true,"href":"http:\/\/www.straightforex.com\/es\/wp-json\/wp\/v2\/comments?post=230"}],"version-history":[{"count":1,"href":"http:\/\/www.straightforex.com\/es\/wp-json\/wp\/v2\/pages\/230\/revisions"}],"predecessor-version":[{"id":231,"href":"http:\/\/www.straightforex.com\/es\/wp-json\/wp\/v2\/pages\/230\/revisions\/231"}],"up":[{"embeddable":true,"href":"http:\/\/www.straightforex.com\/es\/wp-json\/wp\/v2\/pages\/216"}],"wp:attachment":[{"href":"http:\/\/www.straightforex.com\/es\/wp-json\/wp\/v2\/media?parent=230"}],"curies":[{"name":"wp","href":"https:\/\/api.w.org\/{rel}","templated":true}]}}