{"id":218,"date":"2016-07-22T16:47:37","date_gmt":"2016-07-22T16:47:37","guid":{"rendered":"http:\/\/www.straightforex.com\/es\/?page_id=218"},"modified":"2016-07-26T16:25:51","modified_gmt":"2016-07-26T16:25:51","slug":"que-mueve-al-mercado-forex","status":"publish","type":"page","link":"http:\/\/www.straightforex.com\/es\/curso-basico-de-forex\/analisis-fundamental\/que-mueve-al-mercado-forex\/","title":{"rendered":"\u00bfQu\u00e9 Mueve al Mercado Forex?"},"content":{"rendered":"<p>Los movimientos de las divisas, como cualquier otro mercado financiero, son dirigidos por dos fuerzas principales: la oferta y la demanda. <\/p>\n<p>Pensemos de nuevo en nuestro ejemplo de carros usados en una peque\u00f1a poblaci\u00f3n. Al principio solamente va a haber unos cuantos vendedores. Cuando la poblaci\u00f3n crezca, mas y mas personas vana necesitar carros para satisfacer sus necesidades, empujando para arriba la demanda de carros. En este punto la demanda de carros es mas grande que la cantidad de carros ofertada, empujando a la alza los precios. En este momento la gente se va a dar cuenta que es un buen negocio vender carros usados insert\u00e1ndose al mercado para vender carros. En este punto mas y mas carros van a estar disponibles a la venta empujando la oferta de carros para arriba. En alg\u00fan punto, la oferta de carros va a ser mas grande que la demanda por carros, si las agencias de carros no bajan sus precios, no van a poder vender todo su inventario, entonces bajan los precios.<\/p>\n<p>Los mismo pasa con las divisas, cuando una moneda aumenta en valor, la demanda esta siendo mas grande que la oferta. Cuando una moneda disminuye en valor, la oferta esta siendo m\u00e1s grande que su demanda.<\/p>\n<p><strong>\u00bfQu\u00e9 factores influyen la oferta y demanda de una divisa? <\/strong><\/p>\n<p>Los dos factores m\u00e1s importantes que influencian el precio de una divisa son:<\/p>\n<p><strong>1. Flujo de capitales <\/strong><\/p>\n<p><strong>2. Flujo comercial<\/strong><\/p>\n<p>Estos dos componentes constituyen lo que llamamos como balanza de pagos. El prop\u00f3sito principal de la balanza de pagos es cuantificar la demanda y oferta de una moneda de un pa\u00eds por en un determinado periodo.<\/p>\n<p>Balanza de pagos = Flujo de capitales + flujo comercial<\/p>\n<p>Una balanza de pagos negativa indica que el capital saliendo del pa\u00eds es mayor que el capital que entra al pa\u00eds (la demanda es peque\u00f1a).<\/p>\n<p>Una balanza de pagos positiva significa que el capital entrando a la econom\u00eda es mayor que el capital que esta saliendo (incremento de la demanda domestica de una divisa).<\/p>\n<p>Te\u00f3ricamente, una balanza de pagos igual a cero indica el valor \u201cverdadero\u201d de una divisa.<\/p>\n<h3>Flujo de Capitales<\/h3>\n<p>El flujo de capitales es la cantidad neta de moneda (compras y ventas) a trav\u00e9s de inversiones de capital.<\/p>\n<p>El flujo de capitales puede ser dividido en: flujo f\u00edsico y flujo de inversi\u00f3n<\/p>\n<p><strong>Flujo f\u00edsico<\/strong>. Este flujo sucede cuando entidades extranjeras venden su moneda local y compran moneda extranjera para hacer inversi\u00f3n extranjera directa (para hacer adquisiciones, etc.) cuando el valor de este tipo de inversiones aumenta, refleja un buen estado de la econom\u00eda donde se invirtieron los capitales.<\/p>\n<p><strong>Flujo de inversi\u00f3n<\/strong>. Estas son inversiones en los mercados globales, en renta fija y variable (Forex, acciones, notas de gobierno, etc.) <\/p>\n<h3>Flujo Comercial<\/h3>\n<p>El flujo comercial mide las exportaciones e importaciones netas de un pa\u00eds. Estos dos componentes constituyen lo que llamamos Cuenta Corriente.<\/p>\n<p>Pa\u00edses que tienen una cuenta corriente positiva (exportaciones mayores que importaciones) es mas propenso a devaluar su moneda. De esta manera los consumidores extranjeros perciben mas barata la moneda con la que compran bienes o servicios extranjeros (pueden comprar mas bienes y servicios). Un buen ejemplo de este caso es Jap\u00f3n.<\/p>\n<p>Pa\u00edses que tienen una cuenta corriente negativa (importaciones mayores que exportaciones) son mas propensos a apreciar su moneda porque necesitan vender la moneda local mas cara para poder comprar bienes y servicios extranjeros a un menor costo. Un ejemplo de este caso es el de Estados Unidos.<\/p>\n<h3>Poder de Paridad de Compra (PPP \u2013 Purchasing Power Parity)<\/h3>\n<p>Esta teor\u00eda explica que los cambios de los tipos de cambio son determinados por los precios relativos de una canasta de bienes similares entre diferentes pa\u00edses. En otras palabras, la raz\u00f3n de precios de lasa canastas con bienes similares debe ser igual o similar al tipo de cambio.<\/p>\n<p>Por ejemplo, si una computadora en Australia cuesta AU$1,500 y la misma computadora en Estados Unidos cuesta US$1,200, de acuerdo con la PPP, el tipo de cambio AUD\/USD ser\u00eda 1.2500 (1,500\/1,200 = 1.2500).<\/p>\n<p>Si el tipo de cambio AUD\/USD fuera 1.3000 (o arriba de 1.2500, de acuerdo a esta teor\u00eda el valor del tipo de cambio debe depreciarse hasta alcanzar 1.2500. por el otro lado, si el tipo de cambio fuera 1.0500, este tender\u00eda a apreciarse hasta alcanzar 1.2500.<\/p>\n<p>Estos ejemplos son meramente ilustrativos, en el mundo real se aplica a una canasta de bienes y no a solo un bien.<\/p>\n<p>La mayor debilidad de esta teor\u00eda es que no asume costos de transacci\u00f3n relacionados al comercio de estos bienes (impuestos, tarifas, etc.) otra desventaja es que no consideran otros factores que pueden influenciar al tipo de cambio (como la tasa de inter\u00e9s).<\/p>\n<p>Las teor\u00edas monetarias modernas incluyen el mercado de capitales a la teor\u00eda de PPP pensando que estas transacciones tienen menos costos de transacci\u00f3n.<\/p>\n<h3>Teor\u00eda de la Tasa de Inter\u00e9s<\/h3>\n<p>Esta teor\u00eda establece que los diferenciales en las tasas de inter\u00e9s neutralizan los cambios positivos y negativos de una moneda contra cualquier otra, de tal manera que no pueda haber arbitraje (oportunidades sin riesgo).<\/p>\n<p>Por ejemplo si la tasa de inter\u00e9s de Australia es 5.5% y la tasa de inter\u00e9s de Estados Unidos es 3.5%, entonces el AUD debe apreciarse para que de esta manera no haya oportunidades de arbitraje. <\/p>\n<p>Existen otras teor\u00edas que tratan de explicar el valor de un par de divisa. Pero como todas las teor\u00edas, se basan en supuestos que pueden estar o no en la vida real. <\/p>\n","protected":false},"excerpt":{"rendered":"<p>Los movimientos de las divisas, como cualquier otro mercado financiero, son dirigidos por dos fuerzas principales: la oferta y la demanda. Pensemos de nuevo en nuestro ejemplo de carros usados en una peque\u00f1a poblaci\u00f3n. Al principio solamente va a haber unos cuantos vendedores. Cuando la poblaci\u00f3n crezca, mas y mas personas vana necesitar carros para [&hellip;]<\/p>\n","protected":false},"author":1,"featured_media":0,"parent":216,"menu_order":1,"comment_status":"open","ping_status":"closed","template":"","meta":{"footnotes":""},"class_list":["post-218","page","type-page","status-publish","hentry"],"_links":{"self":[{"href":"http:\/\/www.straightforex.com\/es\/wp-json\/wp\/v2\/pages\/218","targetHints":{"allow":["GET"]}}],"collection":[{"href":"http:\/\/www.straightforex.com\/es\/wp-json\/wp\/v2\/pages"}],"about":[{"href":"http:\/\/www.straightforex.com\/es\/wp-json\/wp\/v2\/types\/page"}],"author":[{"embeddable":true,"href":"http:\/\/www.straightforex.com\/es\/wp-json\/wp\/v2\/users\/1"}],"replies":[{"embeddable":true,"href":"http:\/\/www.straightforex.com\/es\/wp-json\/wp\/v2\/comments?post=218"}],"version-history":[{"count":2,"href":"http:\/\/www.straightforex.com\/es\/wp-json\/wp\/v2\/pages\/218\/revisions"}],"predecessor-version":[{"id":220,"href":"http:\/\/www.straightforex.com\/es\/wp-json\/wp\/v2\/pages\/218\/revisions\/220"}],"up":[{"embeddable":true,"href":"http:\/\/www.straightforex.com\/es\/wp-json\/wp\/v2\/pages\/216"}],"wp:attachment":[{"href":"http:\/\/www.straightforex.com\/es\/wp-json\/wp\/v2\/media?parent=218"}],"curies":[{"name":"wp","href":"https:\/\/api.w.org\/{rel}","templated":true}]}}