{"id":216,"date":"2016-07-22T16:44:50","date_gmt":"2016-07-22T16:44:50","guid":{"rendered":"http:\/\/www.straightforex.com\/es\/?page_id=216"},"modified":"2016-07-26T16:25:51","modified_gmt":"2016-07-26T16:25:51","slug":"analisis-fundamental","status":"publish","type":"page","link":"http:\/\/www.straightforex.com\/es\/curso-basico-de-forex\/analisis-fundamental\/","title":{"rendered":"An\u00e1lisis Fundamental"},"content":{"rendered":"<p>B\u00e1sicamente hay dos enfoques para operar el mercado Forex: An\u00e1lisis t\u00e9cnico o An\u00e1lisis fundamental<\/p>\n<p><strong>An\u00e1lisis T\u00e9cnico<\/strong>: estudia el comportamiento de precios e indicadores para intentar predecir el comportamiento futuro del precio.<\/p>\n<p><strong>An\u00e1lisis Fundamental<\/strong>: Estudia las variables econ\u00f3micas, sociales y pol\u00edticas que mueven la oferta y demanda de instrumentos.<\/p>\n<h3>\u00bfCu\u00e1l es el mejor enfoque? <\/h3>\n<p>Siempre ha habido un fuerte debate de cual enfoque es mejor, algunas veces los analistas t\u00e9cnicos predicen el comportamiento del precio con exactitud pero otras los analistas fundamentales tienen un mejor rendimiento. La verdad es que no hay una respuesta \u00fanica a esta pregunta. Me atrevo a decir que la respuesta tiene que ver mucho con cada operador, muchos se sienten mejor operando basados en el an\u00e1lisis t\u00e9cnico mientras otros se sienten mejor haciendo operaciones basados en el an\u00e1lisis fundamental.<\/p>\n<p>Si usted es un operador de corto plazo, entonces seguramente preferir\u00e1 el enfoque t\u00e9cnico, porque este enfoque se concentra en el an\u00e1lisis del precio de corto plazo. Mientras que los cambios fundamentales tardan m\u00e1s tiempo en estar reflejados en las graficas.<\/p>\n<p>Si usted es un operador de largo plazo, entonces probablemente el enfoque fundamental se ajuste m\u00e1s a sus necesidades porque los cambios en oferta y demanda tardan m\u00e1s en equilibrarse. <\/p>\n<p>Hoy d\u00eda, muchos operadores utilizan los dos enfoques para tener una mejor visi\u00f3n de todos los cambios en los instrumentos operados.<\/p>\n<p>Esta Lecci\u00f3n esta estructurada de la siguiente manera<\/p>\n<h3><a href=\"http:\/\/www.straightforex.com\/es\/curso-basico-de-forex\/analisis-fundamental\/que-mueve-al-mercado-forex\/\">Secci\u00f3n II: Que mueve al Mercado Forex<\/a><\/h3>\n<p> trataremos de explicar porque las divisas se mueven, conoceremos ciertas teor\u00edas al respecto.<\/p>\n<h3><a href=\"http:\/\/www.straightforex.com\/es\/curso-basico-de-forex\/analisis-fundamental\/anuncios-fundamentales-por-pais\/\">Secci\u00f3n III: Fundamentales por Pa\u00eds<\/a><\/h3>\n<p> Veremos una lista de los indicadores econ\u00f3micos m\u00e1s importantes para cada pa\u00eds (de los pares grandes), que tan importante son para el mercado y su efecto en el mercado. <\/p>\n<h3><a href=\"http:\/\/www.straightforex.com\/es\/curso-basico-de-forex\/analisis-fundamental\/otros-indicadores-economicos\/\">Secci\u00f3n IV: Otros Indicadores Econ\u00f3micos<\/a><\/h3>\n<p> En esta secci\u00f3n revisaremos algunos indicadores que no suelen tener tanto impacto en el mercado, pero que bajo ciertas circunstancias lo pueden tener.<\/p>\n<h3><a href=\"http:\/\/www.straightforex.com\/es\/curso-basico-de-forex\/analisis-fundamental\/otros-factores-que-influyen-en-el-mercado\/\">Secci\u00f3n V: Otros Factores Fundamentales que Influyen en el Mercado Forex<\/a><\/h3>\n<p> Vamos a explicar el rol de crisis pol\u00edticas y sociales, anuncios de gente importante y su influencia en el mercado Forex.<\/p>\n<h3><a href=\"http:\/\/www.straightforex.com\/es\/curso-basico-de-forex\/analisis-fundamental\/oro-y-petroleo\/\">Secci\u00f3n VI: Oro y Petr\u00f3leo<\/a><\/h3>\n<p> Conocer estos dos instrumentos y su relaci\u00f3n con el mercado forex nos va a dar ventajas en la operaci\u00f3n. <\/p>\n<h3><a href=\"http:\/\/www.straightforex.com\/es\/curso-basico-de-forex\/analisis-fundamental\/practicas-utilizadas-por-fundamentalistas\/\">Secci\u00f3n VII: Pr\u00e1cticas Utilizadas por Fundamentalistas<\/a><\/h3>\n<p> Describiremos algunas de las t\u00e9cnicas utilizadas por los operadores fundamentalistas. <\/p>\n<h3><a href=\"http:\/\/www.straightforex.com\/es\/curso-basico-de-forex\/analisis-fundamental\/reflexiones-acerca-de-la-operacion-en-noticias\/\">Secci\u00f3n IV: Reflexiones Acerca de la Operaci\u00f3n en Noticias<\/a><\/h3>\n<p> La operaci\u00f3n en noticias se ha convertido en una forma muy popular de operar el mercado forex, veremos algunas de sus ventajas y desventajas.<\/p>\n<h3><a href=\"http:\/\/www.straightforex.com\/es\/resumen-analisis-fundamental\/\">Resumen<\/a><\/h3>\n<p> Breve resumen de toda la lecci\u00f3n. <\/p>\n<p>Mucha suerte. <\/p>\n","protected":false},"excerpt":{"rendered":"<p>B\u00e1sicamente hay dos enfoques para operar el mercado Forex: An\u00e1lisis t\u00e9cnico o An\u00e1lisis fundamental An\u00e1lisis T\u00e9cnico: estudia el comportamiento de precios e indicadores para intentar predecir el comportamiento futuro del precio. An\u00e1lisis Fundamental: Estudia las variables econ\u00f3micas, sociales y pol\u00edticas que mueven la oferta y demanda de instrumentos. \u00bfCu\u00e1l es el mejor enfoque? Siempre ha [&hellip;]<\/p>\n","protected":false},"author":1,"featured_media":0,"parent":139,"menu_order":3,"comment_status":"open","ping_status":"closed","template":"","meta":{"footnotes":""},"class_list":["post-216","page","type-page","status-publish","hentry"],"_links":{"self":[{"href":"http:\/\/www.straightforex.com\/es\/wp-json\/wp\/v2\/pages\/216","targetHints":{"allow":["GET"]}}],"collection":[{"href":"http:\/\/www.straightforex.com\/es\/wp-json\/wp\/v2\/pages"}],"about":[{"href":"http:\/\/www.straightforex.com\/es\/wp-json\/wp\/v2\/types\/page"}],"author":[{"embeddable":true,"href":"http:\/\/www.straightforex.com\/es\/wp-json\/wp\/v2\/users\/1"}],"replies":[{"embeddable":true,"href":"http:\/\/www.straightforex.com\/es\/wp-json\/wp\/v2\/comments?post=216"}],"version-history":[{"count":3,"href":"http:\/\/www.straightforex.com\/es\/wp-json\/wp\/v2\/pages\/216\/revisions"}],"predecessor-version":[{"id":556,"href":"http:\/\/www.straightforex.com\/es\/wp-json\/wp\/v2\/pages\/216\/revisions\/556"}],"up":[{"embeddable":true,"href":"http:\/\/www.straightforex.com\/es\/wp-json\/wp\/v2\/pages\/139"}],"wp:attachment":[{"href":"http:\/\/www.straightforex.com\/es\/wp-json\/wp\/v2\/media?parent=216"}],"curies":[{"name":"wp","href":"https:\/\/api.w.org\/{rel}","templated":true}]}}