{"id":203,"date":"2016-07-22T16:11:42","date_gmt":"2016-07-22T16:11:42","guid":{"rendered":"http:\/\/www.straightforex.com\/es\/?page_id=203"},"modified":"2016-08-03T01:56:00","modified_gmt":"2016-08-03T01:56:00","slug":"tipo-de-ordenes","status":"publish","type":"page","link":"http:\/\/www.straightforex.com\/es\/curso-basico-de-forex\/conceptos-basicos-del-trading\/tipo-de-ordenes\/","title":{"rendered":"Tipo de \u00d3rdenes"},"content":{"rendered":"<h3>\u00d3rdenes<\/h3>\n<p>Hay varias maneras de entrar y salir de operaciones en el mercado. Diferentes tipos de estrategias requieren distintas maneras de entrar y salir del mercado.<\/p>\n<h4>\u00d3rdenes de entrada al mercado<\/h4>\n<h5>Orden de mercado (market order)<\/h5>\n<p> Una orden para entrar al mercado al valor actual del mercado. Si la cotizaci\u00f3n del EUR\/USD es 1.2538\/41, en una orden de mercado compra a 1.2541 y vende a 1.2538<\/p>\n<h5>Orden l\u00edmite (limit order)<\/h5>\n<p> Esta orden deja que podamos entrar al mercado por un precio por debajo del precio actual (si vamos a comprar) o arriba del precio actual si vamos a vender. Este tipo de \u00f3rdenes son usadas para estrategias de bandas o de retrasos (retracements)<\/p>\n<p><strong>Estrategias de banda:<\/strong> comprar en los m\u00ednimos de un canal y vender en los m\u00e1ximos de un canal.<\/p>\n<p><strong>Estrategias de retrocesos:<\/strong> Esperar que el precio este m\u00e1s bajo para comprar, o m\u00e1s alto para vender.<\/p>\n<h5>Orden de paro (stop entry order)<\/h5>\n<p>  En este tipo de orden compra a un precio m\u00e1s alto que el de mercado o vende a un precio m\u00e1s abajo que el de mercado. Este tipo de \u00f3rdenes son usadas para estrategias de rompimiento.<\/p>\n<p><strong>Estrategias de rompimiento:<\/strong> Esperar que el mercado alcance nuevos precios m\u00e1ximos o m\u00ednimos para entrar al mercado en direcci\u00f3n del rompimiento.<\/p>\n<h3>\u00d3rdenes de salida<\/h3>\n<h5>Orden limite o Toma de Ganancias (limit order o Take Profit Order)<\/h5>\n<p> Una orden de limite u orden de toma de ganancias (take profit order) especifica que nivel vamos a salir del mercado por el lado de las ganancias. Si un operador compra esta orden esta m\u00e1s alta que el precio de mercado. Si el operador vende, la orden debe estar mas baja que el precio del mercado.<\/p>\n<h5>Orden de Paro (Stop Loss &#8211; SL)<\/h5>\n<p> Especifica cual es la m\u00e1xima cantidad de pips que estamos arriesgando en una posici\u00f3n. Si compramos esta orden debe estar por debajo del precio de mercado, si vendemos esta orden debe estar por encima del precio de mercado.<\/p>\n<h3>Duraci\u00f3n de las \u00d3rdenes<\/h3>\n<p>V\u00e1lida hasta la Cancelaci\u00f3n (<strong>GTC<\/strong>, por sus siglas en ingl\u00e9s: \u201cgood till cancelled). <\/p>\n<p>Esta orden se mantiene activa o \u201cv\u00e1lida\u201d hasta que el mercado alcance cierto nivel o cancelada por el operador. <\/p>\n<p>V\u00e1lida hasta \u201cN\u201d, (GTN, por sus siglas en ingl\u00e9s: \u201cgood Hill N\u201d), donde N es un periodo de tiempo como: una hora, un d\u00eda, una semana, etc.)<\/p>\n<p>Esta orden permanece activa hasta que el mercado alcance cierto nivel o un tiempo determinado. <\/p>\n<p>Una cancela la otra (<strong>OCO<\/strong>, por sus siglas en ingl\u00e9s: \u201cOne cancells the other\u201d). <\/p>\n<p>Una orden OCO es una combinaci\u00f3n de dos \u00f3rdenes: una orden l\u00edmite y una de paro (SL). Una orden es situada por debajo del mercado, y otra es fijada por encima del mercado (no importa si son \u00f3rdenes de compra o venta), cuando el mercado alcanza una orden, la otra se cancela autom\u00e1ticamente. <\/p>\n","protected":false},"excerpt":{"rendered":"<p>\u00d3rdenes Hay varias maneras de entrar y salir de operaciones en el mercado. Diferentes tipos de estrategias requieren distintas maneras de entrar y salir del mercado. \u00d3rdenes de entrada al mercado Orden de mercado (market order) Una orden para entrar al mercado al valor actual del mercado. Si la cotizaci\u00f3n del EUR\/USD es 1.2538\/41, en [&hellip;]<\/p>\n","protected":false},"author":1,"featured_media":0,"parent":181,"menu_order":6,"comment_status":"open","ping_status":"closed","template":"","meta":{"footnotes":""},"class_list":["post-203","page","type-page","status-publish","hentry"],"_links":{"self":[{"href":"http:\/\/www.straightforex.com\/es\/wp-json\/wp\/v2\/pages\/203","targetHints":{"allow":["GET"]}}],"collection":[{"href":"http:\/\/www.straightforex.com\/es\/wp-json\/wp\/v2\/pages"}],"about":[{"href":"http:\/\/www.straightforex.com\/es\/wp-json\/wp\/v2\/types\/page"}],"author":[{"embeddable":true,"href":"http:\/\/www.straightforex.com\/es\/wp-json\/wp\/v2\/users\/1"}],"replies":[{"embeddable":true,"href":"http:\/\/www.straightforex.com\/es\/wp-json\/wp\/v2\/comments?post=203"}],"version-history":[{"count":7,"href":"http:\/\/www.straightforex.com\/es\/wp-json\/wp\/v2\/pages\/203\/revisions"}],"predecessor-version":[{"id":894,"href":"http:\/\/www.straightforex.com\/es\/wp-json\/wp\/v2\/pages\/203\/revisions\/894"}],"up":[{"embeddable":true,"href":"http:\/\/www.straightforex.com\/es\/wp-json\/wp\/v2\/pages\/181"}],"wp:attachment":[{"href":"http:\/\/www.straightforex.com\/es\/wp-json\/wp\/v2\/media?parent=203"}],"curies":[{"name":"wp","href":"https:\/\/api.w.org\/{rel}","templated":true}]}}