{"id":192,"date":"2016-07-22T16:01:59","date_gmt":"2016-07-22T16:01:59","guid":{"rendered":"http:\/\/www.straightforex.com\/es\/?page_id=192"},"modified":"2016-08-03T01:48:58","modified_gmt":"2016-08-03T01:48:58","slug":"apalancamiento-margen","status":"publish","type":"page","link":"http:\/\/www.straightforex.com\/es\/curso-basico-de-forex\/conceptos-basicos-del-trading\/apalancamiento-margen\/","title":{"rendered":"Apalancamiento (Margen)"},"content":{"rendered":"<p>Ok, si usted se siente cansado por el material visto hasta ahora, tome un descanso, lo va a necesitar en esta secci\u00f3n. <\/p>\n<h3>Operaciones en Margen<\/h3>\n<p>A diferencia de otros mercados financieros, donde usted requiere del total del dep\u00f3sito de la operaci\u00f3n realizada, en el mercado forex usted solo requiere de un dep\u00f3sito parcial. El resto se lo \u201cpresta\u201d su broker. A esto se le conoce como apalancamiento. <\/p>\n<p>El apalancamiento puede ser tan alto como hasta 400:1 (dependiendo de su perfil de riesgo y el broker elegido). 400:1 significa que usted solo necesita 1\/400 del valor total de la operaci\u00f3n en su cuenta, para abrir dicha operaci\u00f3n (m\u00e1s las p\u00e9rdidas flotantes, si es que las tiene). Bajo este esquema de apalancamiento, usted solo necesita el 0.25% del total de la operaci\u00f3n para abrirla. <\/p>\n<p>Por ejemplo, si usted fuera a operar con un lote est\u00e1ndar (100,000 unidades de la moneda base) usando un apalancamiento de 400:1, usted solo necesitar\u00eda US$250 para abrir la operaci\u00f3n ($100,000\/400 = $250). <\/p>\n<p>Pero, debe tener cuidado: <strong>ALTOS APANACAMIENTOS PUEDEN DARLE P\u00c9RDIDAS SUSTANCIALES AS\u00cd COMO GANANCIAS SUSTANCIALES.<\/strong> Hablaremos de esto un poco m\u00e1s adelante. <\/p>\n<h5>Comparaci\u00f3n de Apalancamiento<\/h5>\n<p><img loading=\"lazy\" decoding=\"async\" src=\"http:\/\/www.straightforex.com\/es\/wp-content\/uploads\/table3.gif\" alt=\"table3\" width=\"495\" height=\"169\" class=\"alignnone size-full wp-image-193\" \/><\/p>\n<p>[Tabla 3]<\/p>\n<p>Hay <strong>dos cosas que debemos considerar<\/strong> acerca de la operaci\u00f3n en margen (apalancamiento):<\/p>\n<p>1 \u2013 Las operaciones en margen nos permiten tener nuestro capital de riesgo al m\u00ednimo, esto porque una cantidad peque\u00f1a de capital nos permite abrir una operaci\u00f3n m\u00e1s grande. <\/p>\n<p>2 \u2013 Mientras m\u00e1s grande sea el apalancamiento, m\u00e1s capital de su cuenta va a estar en riesgo. Esto nos lleva al siguiente concepto&#8230; <\/p>\n<h3>Llamada en Margen<\/h3>\n<p>Una llamada en margen es el peor enemigo de un operador. Desafortunadamente, esto le ocurre a muchos operadores, algunos porque usaron t\u00e9cnicas pobres de administraci\u00f3n del capital (o sin usar ninguna t\u00e9cnica) y a otros operadores les ocurre porque ni siquiera saben lo que es una llamada en margen. <\/p>\n<p>Una llamada en margen ocurre cuando el capital de su cuenta, cae por debajo del margen de mantenimiento (que es igual al capital requerido para abrir una operaci\u00f3n, p.e. $250 si usa 400:1 \u00f3 $1,000 si usa 100:1 en operaciones est\u00e1ndar). Refi\u00e9rase a la tabla de arriba.  <\/p>\n<p>En una llamada en margen, el broker cierra todas sus operaciones. <\/p>\n<p>Vamos a ver un ejemplo para que todo esto quede un poco m\u00e1s claro. <\/p>\n<h5>Calculando el margen de mantenimiento<\/h5>\n<p>De nuevo, la mayor\u00eda de los brokers calculan este valor, pero sigue siendo bueno saber como calcularlo y darnos una idea de la cifra antes de abrir la operaci\u00f3n. <\/p>\n<p>Un operador compra EUR\/USD a 1.2318 en un lote est\u00e1ndar. Esta usando un apalancamiento de 100:1 (margen de 1%). <\/p>\n<p>Compr\u00f3 100,000 Euros a 123,180 USD, entonces el margen de mantenimiento en USD es de 1231.80 USD (123,180 x 1%). <\/p>\n<p>Si este operador hubiera estado usando 200:1 (o un margen de 0.5%), el margen de mantenimiento hubiera sido 615.9 USD (123,180 x 0.5%). <\/p>\n<p><strong>Para pares directos<\/strong> (o pares donde el USD es la moneda base) el c\u00e1lculo es un poco m\u00e1s simple: <\/p>\n<p>Como la transacci\u00f3n es en USD, solo necesitamos calcular el porcentaje de la siguiente manera: <\/p>\n<p>Si estamos largos en USD\/CHF en un lote est\u00e1ndar a 1.1445, y usamos un apalancamiento de 100:1<\/p>\n<p>Compramos 100,000 USD y pagamos 114,450 CHF por ellos, entonces el margen de mantenimiento en USD es de US$1,000 (100,000 x 1%). <\/p>\n<h5>Un ejemplo m\u00e1s concreto<\/h5>\n<p>Una operadora abre una cuenta para operar el mercado Forex. Ella hizo un dep\u00f3sito de US$4,000 a su cuenta. La siguiente ma\u00f1ana ella decide abrir una operaci\u00f3n de compra de EUR (EUR\/USD) a 1.2318 con dos lotes est\u00e1ndar (la operaci\u00f3n es de US$246,360 = 2 x US$123,180). <\/p>\n<p>Ella esta usando un apalancamiento de 100:1, entonces el margen de mantenimiento es de US$2,463.6 (US$246,360\/100 = US$2,463.6). <\/p>\n<p>La siguiente ma\u00f1ana, justo despu\u00e9s de levantarse abre sus gr\u00e1ficos y dang!!!! El EUR\/USD ha ca\u00eddo como una roca. Cuando abre su plataforma, el balance de su cuenta esta en US$2,463.6. El movimiento adverso del mercado hizo que tuviera una llamada en margen. <\/p>\n<p>Cuando nuestra operadora entr\u00f3 al mercado con dos lotes est\u00e1ndar, el margen de mantenimiento subi\u00f3 a US$2463.60; de esta manera solo le quedaban US$1,536 para soportar las p\u00e9rdidas flotantes (en caso de un movimiento adverso). Un movimiento de 100 pips en el EUR\/USD fueran equivalentes a US$2,000. Esa noche, el EUR\/USD cay\u00f3 113 pips, y todas las posiciones fueron cerradas por su broker, qued\u00e1ndose \u00fanicamente con su margen de mantenimiento. <\/p>\n<div class=\"tm-content-boxed uk-text-center\">\n<h3 class=\"uk-h2 uk-margin-bottom-remove\">Para Pensar<\/h3>\n<p class=\"uk-margin-small-top uk-margin-bottom-remove\">\u00bfQu\u00e9 le hubiera pasado a nuestra operadora con diferentes niveles de apalancamiento? <br \/>400:1 &#8211; ?<br \/>200:1 &#8211; ?<br \/>100:1 \u2013 Obtuvo Llamada en Margen<br \/>50:1 &#8211; ?<br \/>25:1 &#8211; ?<\/p>\n<\/div>\n<p>Este \u00faltimo ejemplo demuestra el peligro de no utilizar correctamente el apalancamiento. <\/p>\n","protected":false},"excerpt":{"rendered":"<p>Ok, si usted se siente cansado por el material visto hasta ahora, tome un descanso, lo va a necesitar en esta secci\u00f3n. Operaciones en Margen A diferencia de otros mercados financieros, donde usted requiere del total del dep\u00f3sito de la operaci\u00f3n realizada, en el mercado forex usted solo requiere de un dep\u00f3sito parcial. El resto [&hellip;]<\/p>\n","protected":false},"author":1,"featured_media":0,"parent":181,"menu_order":4,"comment_status":"open","ping_status":"closed","template":"","meta":{"footnotes":""},"class_list":["post-192","page","type-page","status-publish","hentry"],"_links":{"self":[{"href":"http:\/\/www.straightforex.com\/es\/wp-json\/wp\/v2\/pages\/192","targetHints":{"allow":["GET"]}}],"collection":[{"href":"http:\/\/www.straightforex.com\/es\/wp-json\/wp\/v2\/pages"}],"about":[{"href":"http:\/\/www.straightforex.com\/es\/wp-json\/wp\/v2\/types\/page"}],"author":[{"embeddable":true,"href":"http:\/\/www.straightforex.com\/es\/wp-json\/wp\/v2\/users\/1"}],"replies":[{"embeddable":true,"href":"http:\/\/www.straightforex.com\/es\/wp-json\/wp\/v2\/comments?post=192"}],"version-history":[{"count":3,"href":"http:\/\/www.straightforex.com\/es\/wp-json\/wp\/v2\/pages\/192\/revisions"}],"predecessor-version":[{"id":887,"href":"http:\/\/www.straightforex.com\/es\/wp-json\/wp\/v2\/pages\/192\/revisions\/887"}],"up":[{"embeddable":true,"href":"http:\/\/www.straightforex.com\/es\/wp-json\/wp\/v2\/pages\/181"}],"wp:attachment":[{"href":"http:\/\/www.straightforex.com\/es\/wp-json\/wp\/v2\/media?parent=192"}],"curies":[{"name":"wp","href":"https:\/\/api.w.org\/{rel}","templated":true}]}}