{"id":183,"date":"2016-07-22T15:46:24","date_gmt":"2016-07-22T15:46:24","guid":{"rendered":"http:\/\/www.straightforex.com\/es\/?page_id=183"},"modified":"2016-08-03T01:41:31","modified_gmt":"2016-08-03T01:41:31","slug":"principios-basicos","status":"publish","type":"page","link":"http:\/\/www.straightforex.com\/es\/curso-basico-de-forex\/conceptos-basicos-del-trading\/principios-basicos\/","title":{"rendered":"Principios B\u00e1sicos"},"content":{"rendered":"<h3>C\u00f3digos ISO<\/h3>\n<p>En las divisas, como otros instrumentos financieros, es m\u00e1s pr\u00e1ctico escribirlas en c\u00f3digos estandarizados. La <strong>Organizaci\u00f3n de Estandarizaci\u00f3n Internacional (ISO)<\/strong> desarroll\u00f3 lo que se conoce como los c\u00f3digos ISO para las divisas. Estos c\u00f3digos est\u00e1n formados por tres letras: <\/p>\n<p><i class=\"uk-theme-icon-check uk-margin-small-top\"><\/i>   Las primeras dos representan una abreviaci\u00f3n del pa\u00eds de la moneda.<br \/>\n<i class=\"uk-theme-icon-check uk-margin-small-top\"><\/i>   La \u00faltima letra representa la primera letra del nombre de la moneda. <\/p>\n<p>Los pares tambi\u00e9n pueden ser llamados por su &#8220;apodo&#8221; o &#8220;sobrenombre&#8221;. <\/p>\n<p><strong>C\u00f3digos ISO para las Divisas<\/strong><\/p>\n<p><img loading=\"lazy\" decoding=\"async\" src=\"http:\/\/www.straightforex.com\/es\/wp-content\/uploads\/table1-1.gif\" alt=\"table1\" width=\"499\" height=\"160\" class=\"alignnone size-full wp-image-185\" \/><\/p>\n<p>[Tabla 1]<\/p>\n<p><em>*CHF, CH significa Confederaci\u00f3n Helv\u00e9tica (la traducci\u00f3n en lat\u00edn). Esto elimina el tener que usar uno de los cuatro idiomas oficiales en Suiza. <\/em><\/p>\n<h3>Las Siete Divisas Grandes<\/h3>\n<p>De todas las transacciones echas en el mercado de divisas, el 85% de ellas son echas en los siete pares m\u00e1s importantes. <\/p>\n<p><strong>Volumen Generado por Divisa<\/strong><\/p>\n<p><img loading=\"lazy\" decoding=\"async\" src=\"http:\/\/www.straightforex.com\/es\/wp-content\/uploads\/table2-1.gif\" alt=\"table2\" width=\"253\" height=\"199\" class=\"alignnone size-full wp-image-184\" \/><\/p>\n<p>[Tabla 2]<\/p>\n<p><em>Fuente: Bank of International Settlements<\/em><\/p>\n<p><em>*Como cada par involucra 2 divisas el total es 200% <\/em><\/p>\n<h3>Manejando Pares como Instrumentos<\/h3>\n<p>Es mucho m\u00e1s pr\u00e1ctico considerar los pares como instrumentos. Por ejemplo, si usted espera que el Euro se aprecie, usted compra EUR (EUR\/USD). Lo que usted esta haciendo aqu\u00ed es comprar EUR y vender simult\u00e1neamente USD. Pero no es pr\u00e1ctico verlo desde ese punto de vista. Es mucho m\u00e1s simple considerar al \u201cEuro\u201d como el instrumento principal\u201d, de tal manera usted estar\u00e1 \u201clargo en Euros\u201d. <\/p>\n<p>Siguiendo con el ejemplo, si por el contrario usted espera que el USD sea el que se aprecie, usted vender\u00e1 EUR (EUR\/USD), aqu\u00ed usted esta vendiendo EUR y comprando simult\u00e1neamente USD. Aqu\u00ed usted esta \u201ccorto en Euros\u201d. <\/p>\n","protected":false},"excerpt":{"rendered":"<p>C\u00f3digos ISO En las divisas, como otros instrumentos financieros, es m\u00e1s pr\u00e1ctico escribirlas en c\u00f3digos estandarizados. La Organizaci\u00f3n de Estandarizaci\u00f3n Internacional (ISO) desarroll\u00f3 lo que se conoce como los c\u00f3digos ISO para las divisas. Estos c\u00f3digos est\u00e1n formados por tres letras: Las primeras dos representan una abreviaci\u00f3n del pa\u00eds de la moneda. La \u00faltima letra [&hellip;]<\/p>\n","protected":false},"author":1,"featured_media":0,"parent":181,"menu_order":1,"comment_status":"open","ping_status":"closed","template":"","meta":{"footnotes":""},"class_list":["post-183","page","type-page","status-publish","hentry"],"_links":{"self":[{"href":"http:\/\/www.straightforex.com\/es\/wp-json\/wp\/v2\/pages\/183","targetHints":{"allow":["GET"]}}],"collection":[{"href":"http:\/\/www.straightforex.com\/es\/wp-json\/wp\/v2\/pages"}],"about":[{"href":"http:\/\/www.straightforex.com\/es\/wp-json\/wp\/v2\/types\/page"}],"author":[{"embeddable":true,"href":"http:\/\/www.straightforex.com\/es\/wp-json\/wp\/v2\/users\/1"}],"replies":[{"embeddable":true,"href":"http:\/\/www.straightforex.com\/es\/wp-json\/wp\/v2\/comments?post=183"}],"version-history":[{"count":4,"href":"http:\/\/www.straightforex.com\/es\/wp-json\/wp\/v2\/pages\/183\/revisions"}],"predecessor-version":[{"id":880,"href":"http:\/\/www.straightforex.com\/es\/wp-json\/wp\/v2\/pages\/183\/revisions\/880"}],"up":[{"embeddable":true,"href":"http:\/\/www.straightforex.com\/es\/wp-json\/wp\/v2\/pages\/181"}],"wp:attachment":[{"href":"http:\/\/www.straightforex.com\/es\/wp-json\/wp\/v2\/media?parent=183"}],"curies":[{"name":"wp","href":"https:\/\/api.w.org\/{rel}","templated":true}]}}