{"id":171,"date":"2016-07-22T15:17:25","date_gmt":"2016-07-22T15:17:25","guid":{"rendered":"http:\/\/www.straightforex.com\/es\/?page_id=171"},"modified":"2016-07-26T16:25:51","modified_gmt":"2016-07-26T16:25:51","slug":"resumen-introduccion-al-mercado-forex","status":"publish","type":"page","link":"http:\/\/www.straightforex.com\/es\/curso-basico-de-forex\/introduccion-al-mercado-forex\/resumen-introduccion-al-mercado-forex\/","title":{"rendered":"Resumen: Introducci\u00f3n al Mercado Forex"},"content":{"rendered":"<p>Esta es una de esas lecciones que nadie quiere revisar, &#8220;solo blah blah&#8221; y la verdad se entiende, pero si llegaste a este punto y est\u00e1s leyendo esto, muchas felicidades, sabes c\u00f3mo se hacen las cosas! De nueva cuentas muchas felicidades y suerte en tu trading! <\/p>\n<p>En esta lecci\u00f3n hablamos de la teor\u00eda del mercado Forex, c\u00f3mo se form\u00f3, c\u00f3mo funciona, quienes participan, etc. No te voy a regresar a darle una nueva le\u00edda. Creo que lo m\u00e1s importante en esta lecci\u00f3n es la diferencia de los brokers (as\u00ed que si no lo le\u00edste, regresa a los participantes del mercado y revisa hasta abajo los tipos de brokers). <\/p>\n<p>Ahora, tenemos dos secciones &#8220;Para Pensar&#8221; en esta lecci\u00f3n. <\/p>\n<h3>Para Pensar 1<\/h3>\n<p>Acerca del volumen, Si tienes una repuesta muy compleja y una nueva teor\u00eda de c\u00f3mo el volumen puede ser calculado, borra todo. No se puede calcular! Porque los cambios no se dan en un lugar centralizado. Puede hacer estimaciones por el mercado de Futuros, datos de algunos brokers, etc. Pero solo son estimaciones! <\/p>\n<h3>Para Pensar 2<\/h3>\n<p>Acerca de las sesiones que se empalman, s\u00ed, lo tienes correcto&#8230;. Cuando las sesiones se empalman, tiende haber mayor liquidez en el mercado (en promedio), movimientos m\u00e1s grandes y eso es mejor para nosotros los traders (bueno, solo cuando esos movimientos se dan a nuestro favor). <\/p>\n<p>Espero que haya disfrutado esta lecci\u00f3n! Sigamos adelante! <\/p>\n","protected":false},"excerpt":{"rendered":"<p>Esta es una de esas lecciones que nadie quiere revisar, &#8220;solo blah blah&#8221; y la verdad se entiende, pero si llegaste a este punto y est\u00e1s leyendo esto, muchas felicidades, sabes c\u00f3mo se hacen las cosas! De nueva cuentas muchas felicidades y suerte en tu trading! En esta lecci\u00f3n hablamos de la teor\u00eda del mercado [&hellip;]<\/p>\n","protected":false},"author":1,"featured_media":0,"parent":142,"menu_order":4,"comment_status":"open","ping_status":"closed","template":"","meta":{"footnotes":""},"class_list":["post-171","page","type-page","status-publish","hentry"],"_links":{"self":[{"href":"http:\/\/www.straightforex.com\/es\/wp-json\/wp\/v2\/pages\/171","targetHints":{"allow":["GET"]}}],"collection":[{"href":"http:\/\/www.straightforex.com\/es\/wp-json\/wp\/v2\/pages"}],"about":[{"href":"http:\/\/www.straightforex.com\/es\/wp-json\/wp\/v2\/types\/page"}],"author":[{"embeddable":true,"href":"http:\/\/www.straightforex.com\/es\/wp-json\/wp\/v2\/users\/1"}],"replies":[{"embeddable":true,"href":"http:\/\/www.straightforex.com\/es\/wp-json\/wp\/v2\/comments?post=171"}],"version-history":[{"count":1,"href":"http:\/\/www.straightforex.com\/es\/wp-json\/wp\/v2\/pages\/171\/revisions"}],"predecessor-version":[{"id":172,"href":"http:\/\/www.straightforex.com\/es\/wp-json\/wp\/v2\/pages\/171\/revisions\/172"}],"up":[{"embeddable":true,"href":"http:\/\/www.straightforex.com\/es\/wp-json\/wp\/v2\/pages\/142"}],"wp:attachment":[{"href":"http:\/\/www.straightforex.com\/es\/wp-json\/wp\/v2\/media?parent=171"}],"curies":[{"name":"wp","href":"https:\/\/api.w.org\/{rel}","templated":true}]}}